{"id":15691,"date":"2021-07-29T20:59:37","date_gmt":"2021-07-29T18:59:37","guid":{"rendered":"https:\/\/madelinefashion.pl\/?post_type=product&#038;p=15691"},"modified":"2026-04-08T10:14:25","modified_gmt":"2026-04-08T08:14:25","slug":"sukienka-trapezowa-barbie-limonka","status":"publish","type":"product","link":"https:\/\/madelinefashion.pl\/sk\/sukienka-trapezowa-barbie-limonka\/","title":{"rendered":"\u0160aty Barbie Lime A-Line"},"content":{"rendered":"<h3 style=\"text-align: center;\">\u0160aty Barbie Lime A-Line<\/h3>\n<p style=\"text-align: center;\">\u0160aty \u00e1\u010dkov\u00e9ho strihu s\u00fa nad\u010dasov\u00e9 a ich dizajn charakterizuje tvar p\u00edsmena \u201eA\u201c. S\u00fa \u00fazke v hornej \u010dasti ramien a smerom nadol sa mierne roz\u0161iruj\u00fa, \u010d\u00edm vytv\u00e1raj\u00fa<strong> lichobe\u017en\u00edkov\u00fd tvar<\/strong>. V klasickej podobe nebude ma\u0165 priehlbinu v p\u00e1se a d\u013a\u017eka siaha do polovice stehien. Vyzna\u010duje sa vo\u013en\u00fdm strihom, funk\u010dn\u00fdm a hlavne ve\u013emi pohodln\u00fdm. Stretneme sa s n\u00edm v r\u00f4znych verzi\u00e1ch a vieme si ho prisp\u00f4sobi\u0165 vlastn\u00fdm potreb\u00e1m. To je ur\u010dite spo\u013eahliv\u00fd prvok \u0161atn\u00edka ka\u017edej \u017eeny. <strong>BARBIE \u0161aty s\u00fa elegantn\u00e9 trap\u00e9zov\u00e9<\/strong> je kr\u00e1sna ponuka pre d\u00e1my vo ve\u013ekosti od<strong> 36 a\u017e 50<\/strong>\u00a0 Model bol vytvoren\u00fd aj pre moletky. Tu sa rozhodne dost\u00e1va do popredia<strong> zadarmo<\/strong> lichobe\u017en\u00edkov\u00fd rez <strong>roz\u0161\u00edren\u00e9 od bokov<\/strong>vlastne ide\u00e1lne pre <strong>oblej\u0161ie a bacu\u013eatej\u0161ie \u017eeny<\/strong>. Bez probl\u00e9mov zamaskuje v\u0161etko, \u010do nechceme uk\u00e1za\u0165 a mimochodom \u00fa\u017easne <strong>zd\u00f4raz\u0148uje \u017eenskos\u0165 a kvality \u017eenskej postavy<\/strong>. Model s mal\u00fdm okr\u00fahlym v\u00fdstrihom a <strong>3\/4 ruk\u00e1vy<\/strong>, vreck\u00e1 skryt\u00e9 v bo\u010dn\u00fdch \u0161voch a o nie\u010do dlh\u0161\u00ed chrb\u00e1t. \u0160aty kr\u00e1sne sedia na postave a napriek svojej jednoduchosti a skromnosti dod\u00e1vaj\u00fa pocit pr\u00ed\u0165a\u017elivosti a sebavedomia. Mimoriadne pohodln\u00e9 na nosenie a super \u017eensk\u00e9, skvel\u00e9 na spolo\u010densk\u00e9 stretnutia, rodinn\u00e9 oslavy, svadby, na kom\u00edny alebo do kina, divadla a na mnoh\u00e9 in\u00e9 pr\u00edle\u017eitosti.<\/p>\n<h3 style=\"text-align: center;\">Rozmery:<\/h3>\n<table width=\"786\">\n<tbody>\n<tr>\n<td>VE\u013dKOS\u0164<\/td>\n<td>36<\/td>\n<td>38<\/td>\n<td>40<\/td>\n<td>42<\/td>\n<td>44<\/td>\n<td>\u00a0 46<\/td>\n<td>48<\/td>\n<td>50<\/td>\n<\/tr>\n<tr>\n<td>poprsia<\/td>\n<td>88<\/td>\n<td>92<\/td>\n<td>96<\/td>\n<td>100<\/td>\n<td>104<\/td>\n<td>108<\/td>\n<td>112<\/td>\n<td>114<\/td>\n<\/tr>\n<tr>\n<td>P\u00e1s<\/td>\n<td>88<\/td>\n<td>92<\/td>\n<td>96<\/td>\n<td>100<\/td>\n<td>104<\/td>\n<td>108<\/td>\n<td>114<\/td>\n<td>120<\/td>\n<\/tr>\n<tr>\n<td>Celkov\u00e1 d\u013a\u017eka<br \/>\nsp\u00e4\u0165<\/td>\n<td>\u00a094<\/td>\n<td>94<\/td>\n<td>95<\/td>\n<td>96<\/td>\n<td>97<\/td>\n<td>97<\/td>\n<td>97<\/td>\n<td>98<\/td>\n<\/tr>\n<\/tbody>\n<\/table>\n<h3 style=\"text-align: center;\">Vlastnosti produktu:<\/h3>\n<p style=\"text-align: center;\"><span style=\"font-size: 10pt;\">- elastick\u00fd materi\u00e1l<\/span><br \/>\n<span style=\"font-size: 10pt;\">\u2013 lichobe\u017en\u00edkov\u00fd<br \/>\n<\/span>\u2013 \u017eensk\u00fd<br \/>\n- po\u013esk\u00fd v\u00fdrobok<br \/>\n- klasick\u00fd \u0161t\u00fdl<br \/>\n\u2013 \u0160t\u00fdl<\/p>\n<p style=\"text-align: center;\"><span style=\"font-size: 10pt;\"><strong>\u00a0<\/strong>\u00a0<\/span><\/p>\n<p>&nbsp;<\/p>\n<table style=\"height: 166px;\" width=\"670\">\n<tbody>\n<tr>\n<td width=\"302\"><span style=\"font-size: 10pt;\">Meno modela<\/span><\/td>\n<td width=\"302\">\u0160aty Barbie A-Line<\/td>\n<\/tr>\n<tr>\n<td width=\"302\"><span style=\"font-size: 10pt;\">Farba<\/span><\/td>\n<td width=\"302\"><span style=\"font-size: 10pt;\">Limetka<\/span><\/td>\n<\/tr>\n<tr>\n<td width=\"302\"><span style=\"font-size: 10pt;\">M\u00f3da<\/span><\/td>\n<td width=\"302\"><span style=\"font-size: 10pt;\">Zhoda<\/span><\/td>\n<\/tr>\n<tr>\n<td width=\"302\"><span style=\"font-size: 10pt;\">Materi\u00e1l<\/span><\/td>\n<td width=\"302\"><span style=\"font-size: 10pt;\">97 %Polyester 3% Elastan<\/span><\/td>\n<\/tr>\n<tr>\n<td width=\"302\"><span style=\"font-size: 10pt;\">D\u013a\u017eka<\/span><\/td>\n<td width=\"302\"><span style=\"font-size: 13.3333px;\">Pred kolenom\u00a0<\/span><\/td>\n<\/tr>\n<\/tbody>\n<\/table>\n<p style=\"text-align: center;\">\u00a0Model m\u00e1 <strong>165<\/strong> cm vysok\u00fd, nos\u00ed ve\u013ekos\u0165 ka\u017ed\u00fd de\u0148\u00a0<strong>S<\/strong><\/p>\n<div class=\"additional-details\" style=\"text-align: center;\">\n<p style=\"text-align: center;\"><span style=\"font-size: 10pt;\">\u00a0<\/span><\/p>\n<\/div>","protected":false},"excerpt":{"rendered":"<p>Sukienka Trapezowa Barbie Limonka Sukienki trapezowe s\u0105 ponadczasowe, a ich fason odznacza si\u0119 kszta\u0142tem litery 'A&#8217;. S\u0105 one w\u0105skie u g\u00f3ry w ramionach i rozszerzaj\u0105 si\u0119 delikatnie ku do\u0142owi tworz\u0105c kszta\u0142t trapezu. W klasycznej formie nie b\u0119dzie posiada\u0142a wci\u0119cia w talii i d\u0142ugo\u015bci\u0105 si\u0119ga do po\u0142owy ud. Charakteryzuje j\u0105 lu\u017any kr\u00f3j, funkcjonalny i przede wszystkim<\/p>\n<div class=\"klb-readmore post-buttons\"><a class=\"button black outline size-sm\" href=\"https:\/\/madelinefashion.pl\/sk\/sukienka-trapezowa-barbie-limonka\/\">\u010c\u00edta\u0165 \u010falej <i class=\"klbth-icon-right-arrow\"><\/i><\/a><\/div>","protected":false},"featured_media":15622,"template":"","meta":[],"product_brand":[],"product_cat":[125,559],"product_tag":[],"class_list":{"0":"post-15691","1":"product","2":"type-product","3":"status-publish","4":"has-post-thumbnail","6":"product_cat-sukienki","7":"product_cat-noworoczna-sekcja-okazji","9":"first","10":"instock","11":"product-type-variable"},"_links":{"self":[{"href":"https:\/\/madelinefashion.pl\/sk\/wp-json\/wp\/v2\/product\/15691","targetHints":{"allow":["GET"]}}],"collection":[{"href":"https:\/\/madelinefashion.pl\/sk\/wp-json\/wp\/v2\/product"}],"about":[{"href":"https:\/\/madelinefashion.pl\/sk\/wp-json\/wp\/v2\/types\/product"}],"wp:featuredmedia":[{"embeddable":true,"href":"https:\/\/madelinefashion.pl\/sk\/wp-json\/wp\/v2\/media\/15622"}],"wp:attachment":[{"href":"https:\/\/madelinefashion.pl\/sk\/wp-json\/wp\/v2\/media?parent=15691"}],"wp:term":[{"taxonomy":"product_brand","embeddable":true,"href":"https:\/\/madelinefashion.pl\/sk\/wp-json\/wp\/v2\/product_brand?post=15691"},{"taxonomy":"product_cat","embeddable":true,"href":"https:\/\/madelinefashion.pl\/sk\/wp-json\/wp\/v2\/product_cat?post=15691"},{"taxonomy":"product_tag","embeddable":true,"href":"https:\/\/madelinefashion.pl\/sk\/wp-json\/wp\/v2\/product_tag?post=15691"}],"curies":[{"name":"pracovn\u00fd list","href":"https:\/\/api.w.org\/{rel}","templated":true}]}}