{"id":17197,"date":"2021-08-21T00:02:09","date_gmt":"2021-08-20T22:02:09","guid":{"rendered":"https:\/\/madelinefashion.pl\/?post_type=product&#038;p=17197"},"modified":"2026-04-18T11:51:19","modified_gmt":"2026-04-18T09:51:19","slug":"plaszcz-alpaka-next-ecru","status":"publish","type":"product","link":"https:\/\/madelinefashion.pl\/sk\/plaszcz-alpaka-next-ecru\/","title":{"rendered":"Kab\u00e1t Alpaca Next Ecru"},"content":{"rendered":"<h2 style=\"text-align: center;\">Kab\u00e1t Alpaca Next Ecru<\/h2>\n<p style=\"text-align: center;\"><strong>Kab\u00e1t Alpaca Next <\/strong>zap\u00ednanie na skryt\u00e9 patentky je to skuto\u010dn\u00e9 <strong>sez\u00f3nny hit<\/strong>. Tento b\u00e9\u017eov\u00fd kab\u00e1t, ktor\u00fd je zmesou elegancie, modernosti a funk\u010dnosti, dopln\u00ed ka\u017ed\u00fa siluetu a \u0161t\u00fdl. Je vyroben\u00fd z ve\u013emi m\u00f3dnej a neuverite\u013ene pohodlnej alpaky, je tepl\u00fd a ide\u00e1lny na jar a jese\u0148. Jeho nadrozmern\u00fd, vo\u013en\u00fd strih sa hod\u00ed k elegantn\u00fdm, le\u017e\u00e9rnym aj \u0161portov\u00fdm outfitom. Kab\u00e1t s kapuc\u0148ou m\u00e1 bo\u010dn\u00e9 vreck\u00e1. <strong>Perfektn\u00fd kab\u00e1t na ka\u017ed\u00fa pr\u00edle\u017eitos\u0165.<\/strong> Alpaka m\u00e1 na kapucni n\u00e1\u0161ivku NEXT. V na\u0161om internetovom obchode n\u00e1jdete ve\u013ek\u00fd v\u00fdber kab\u00e1tov za bezkonkuren\u010dn\u00e9 ceny <strong>n\u00edzka cena<\/strong>. Hod\u00ed sa ku ka\u017ed\u00e9mu \u0161t\u00fdlu, na ka\u017edodenn\u00e9 nosenie, no v\u010faka spr\u00e1vnym doplnkom vytvor\u00edte aj origin\u00e1lny ve\u010dern\u00fd outfit<strong>romantick\u00fa prech\u00e1dzku, ako aj pracovn\u00fd v\u00fdlet<\/strong>. Model vhodn\u00fd pre d\u00e1my nosiace ve\u013e <strong>SML XL<\/strong><strong> a XXL\u00a0<\/strong><\/p>\n<h2 style=\"text-align: center;\">rozmery kab\u00e1ta:<\/h2>\n<ul style=\"text-align: center;\">\n<li>Celkov\u00e1 predn\u00e1 d\u013a\u017eka: 82 cm<\/li>\n<li>Celkov\u00e1 d\u013a\u017eka chrbta: 84 cm<\/li>\n<li>\u0160\u00edrka od pazuchy po pazuchu: 64-69 cm<\/li>\n<li>Maxim\u00e1lny obvod hrudn\u00edka: 125 cm<\/li>\n<li>D\u013a\u017eka ruk\u00e1va od podpazu\u0161ia 45 cm<\/li>\n<li>D\u013a\u017eka ruk\u00e1va od ramena 60 cm<br \/>\n\u0160\u00edrka bokov: 65 cm<\/li>\n<\/ul>\n<p style=\"text-align: center;\">Rozmery sa m\u00f4\u017eu mierne l\u00ed\u0161i\u0165 od uveden\u00fdch +\/- 2cm. V\u0161etky uveden\u00e9 rozmery s\u00fa meran\u00e9 plo\u0161ne.<\/p>\n<p style=\"text-align: center;\"><strong>\u00a0<\/strong><\/p>\n<table width=\"499\">\n<tbody>\n<tr>\n<td width=\"302\">Meno modela<\/td>\n<td width=\"302\">Kab\u00e1t Alpaca Next<\/td>\n<\/tr>\n<tr>\n<td width=\"302\">Farba<\/td>\n<td width=\"302\">Ecru<\/td>\n<\/tr>\n<tr>\n<td width=\"302\">Zbierka<\/td>\n<td width=\"302\">jar\/jese\u0148\/zima<\/td>\n<\/tr>\n<tr>\n<td width=\"302\">ve\u013ekosti<\/td>\n<td width=\"302\">Univerz\u00e1lny<\/td>\n<\/tr>\n<tr>\n<td width=\"302\">M\u00f3da<\/td>\n<td width=\"302\">nadrozmern\u00e9<\/td>\n<\/tr>\n<tr>\n<td width=\"302\">Hood<\/td>\n<td width=\"302\">\u00c1no<\/td>\n<\/tr>\n<tr>\n<td width=\"302\">Zaspievanie<\/td>\n<td width=\"302\">Sn\u00edmky x3<\/td>\n<\/tr>\n<tr>\n<td width=\"302\">Materi\u00e1l<\/td>\n<td width=\"302\">Alpaka<\/td>\n<\/tr>\n<\/tbody>\n<\/table>\n<p style=\"text-align: center;\">\u00a0Model m\u00e1\u00a0<strong>169<\/strong>\u00a0cm vysok\u00fd, nos\u00ed ve\u013ekos\u0165 ka\u017ed\u00fd de\u0148\u00a0<strong>S<\/strong><\/p>\n<p style=\"text-align: center;\">\u0160\u00edrka cez prsia 92 cm<\/p>\n<p style=\"text-align: center;\">\u0160\u00edrka v p\u00e1se 62 cm<\/p>\n<p style=\"text-align: center;\">\u0160\u00edrka v bokoch 94 cm<\/p>","protected":false},"excerpt":{"rendered":"<p>P\u0142aszcz Alpaka Next Ecru P\u0142aszcz Alpaka Next zapinany na ukryte napy to prawdziwy hit sezonu. Jest to po\u0142\u0105czenie elegancji, nowoczesno\u015bci i funkcjonalno\u015bci \u2013 Be\u017cowy\u00a0 p\u0142aszczyk wpisuje si\u0119 w ka\u017cd\u0105 sylwetk\u0119 i stylizacj\u0119. Wykonany z bardzo modnego i niezwykle przyjemnego materia\u0142u &#8211; &#8222;alpaka&#8221; . Ciep\u0142y, idealny na wiosn\u0119 i jesie\u0144. Oversizeowy, lu\u017any kr\u00f3j pasuj\u0105cy do eleganckiej,<\/p>\n<div class=\"klb-readmore post-buttons\"><a class=\"button black outline size-sm\" href=\"https:\/\/madelinefashion.pl\/sk\/plaszcz-alpaka-next-ecru\/\">\u010c\u00edta\u0165 \u010falej <i class=\"klbth-icon-right-arrow\"><\/i><\/a><\/div>","protected":false},"featured_media":32772,"template":"","meta":[],"product_brand":[],"product_cat":[120,395,279],"product_tag":[284],"class_list":{"0":"post-17197","1":"product","2":"type-product","3":"status-publish","4":"has-post-thumbnail","6":"product_cat-plaszcze-dlugie","7":"product_cat-nowosci","8":"product_cat-plaszcze-wiosenne","9":"product_tag-alpaka","10":"pa_rozmiar-s","11":"pa_rozmiar-m","12":"pa_rozmiar-l","13":"pa_rozmiar-xl","15":"first","16":"instock","17":"sale","18":"purchasable","19":"product-type-simple"},"_links":{"self":[{"href":"https:\/\/madelinefashion.pl\/sk\/wp-json\/wp\/v2\/product\/17197","targetHints":{"allow":["GET"]}}],"collection":[{"href":"https:\/\/madelinefashion.pl\/sk\/wp-json\/wp\/v2\/product"}],"about":[{"href":"https:\/\/madelinefashion.pl\/sk\/wp-json\/wp\/v2\/types\/product"}],"wp:featuredmedia":[{"embeddable":true,"href":"https:\/\/madelinefashion.pl\/sk\/wp-json\/wp\/v2\/media\/32772"}],"wp:attachment":[{"href":"https:\/\/madelinefashion.pl\/sk\/wp-json\/wp\/v2\/media?parent=17197"}],"wp:term":[{"taxonomy":"product_brand","embeddable":true,"href":"https:\/\/madelinefashion.pl\/sk\/wp-json\/wp\/v2\/product_brand?post=17197"},{"taxonomy":"product_cat","embeddable":true,"href":"https:\/\/madelinefashion.pl\/sk\/wp-json\/wp\/v2\/product_cat?post=17197"},{"taxonomy":"product_tag","embeddable":true,"href":"https:\/\/madelinefashion.pl\/sk\/wp-json\/wp\/v2\/product_tag?post=17197"}],"curies":[{"name":"pracovn\u00fd list","href":"https:\/\/api.w.org\/{rel}","templated":true}]}}