{"id":18401,"date":"2021-09-08T19:41:16","date_gmt":"2021-09-08T17:41:16","guid":{"rendered":"https:\/\/madelinefashion.pl\/?post_type=product&#038;p=18401"},"modified":"2025-09-09T10:33:16","modified_gmt":"2025-09-09T08:33:16","slug":"sukienka-plisowana-bawelniana-powder-jeans","status":"publish","type":"product","link":"https:\/\/madelinefashion.pl\/sk\/sukienka-plisowana-bawelniana-powder-jeans\/","title":{"rendered":"P\u00fadrov\u00e9 d\u017e\u00ednsov\u00e9 bavlnen\u00e9 plisovan\u00e9 \u0161aty"},"content":{"rendered":"<h3 style=\"text-align: center;\">P\u00fadrov\u00e9 d\u017e\u00ednsov\u00e9 bavlnen\u00e9 plisovan\u00e9 \u0161aty<\/h3>\n<p style=\"text-align: center;\"><strong>Modr\u00e9 plisovan\u00e9 maxi \u0161aty s vol\u00e1nmi.<\/strong> Neuverite\u013ene \u017eensk\u00e9, elegantn\u00e9 skladan\u00e9 \u0161aty <strong>\u00a0s vol\u00e1nmi<\/strong> na ramen\u00e1ch. \u0160aty po kolen\u00e1 s ob\u00e1lkov\u00fdm v\u00fdstrihom. Vzdu\u0161n\u00fd strih je fantastick\u00fd pri pohybe. Ide\u00e1lna ponuka na svadby, svadobn\u00e9 hostiny, rodinn\u00e9 oslavy, bankety. <strong><span lang=\"pl-pl\" xml:lang=\"pl-pl\">\u0160aty s\u00fa vyroben\u00e9 z \u013eahk\u00e9ho materi\u00e1lu, tak\u017ee sa v nich budete c\u00edti\u0165 pohodlne.\u00a0<\/span><\/strong><span lang=\"pl-pl\" xml:lang=\"pl-pl\">Dostupn\u00e9 v na\u0161ej predajni vo viacer\u00fdch farebn\u00fdch variantoch. <strong>Elastick\u00e9 v p\u00e1se<\/strong> spolu s pripojen\u00fdm popruhom v\u00e1m to umo\u017en\u00ed<strong> perfektne sadne na postavu a jej pod\u010diarknutie. <\/strong>\u0160t\u00fdl bude <strong>skvel\u00e1 vo\u013eba pri vytv\u00e1ran\u00ed origin\u00e1lneho, elegantn\u00e9ho vzh\u013eadu, <\/strong>nepochybne budete<strong> In <\/strong>jej<strong> vyzera\u0165 fantasticky. Univerz\u00e1lna ve\u013ekos\u0165 - z<\/strong>odpor\u00fa\u010dame pre d\u00e1my vo ve\u013ekosti SML XL. Ide\u00e1lne <b>n\u00e1vrh na v\u0161etky druhy pr\u00edle\u017eitost\u00ed.\u00a0<\/b><\/span><\/p>\n<h3 style=\"text-align: center;\">Rozmery:<\/h3>\n<ul style=\"text-align: center;\">\n<li><span style=\"font-size: 10pt;\">\u00a0\u00a0\u00a0\u00a0\u00a0\u00a0\u00a0 celkov\u00e1 d\u013a\u017eka: 123 cm<\/span><\/li>\n<li><span style=\"font-size: 10pt;\">\u00a0\u00a0\u00a0\u00a0\u00a0\u00a0\u00a0 \u0161\u00edrka od pazuchy po pazuchu: 38 cm -54 cm x2<\/span><\/li>\n<li><span style=\"font-size: 10pt;\">\u00a0\u00a0\u00a0\u00a0\u00a0\u00a0\u00a0 \u0161\u00edrka p\u00e1sa 24-50cm x2<\/span><\/li>\n<li><span style=\"font-size: 10pt;\">\u00a0\u00a0\u00a0\u00a0\u00a0\u00a0\u00a0 odpor\u00fa\u010dan\u00fd maxim\u00e1lny obvod poprsia: 108 cm<\/span><\/li>\n<\/ul>\n<p style=\"text-align: center;\"><span style=\"vertical-align: inherit;\">Rozmery sa m\u00f4\u017eu l\u00ed\u0161i\u0165 od uveden\u00fdch +\/- 2cm. V\u0161etky uveden\u00e9 rozmery s\u00fa meran\u00e9 plo\u0161ne. rozmer x2<\/span><\/p>\n<h3 style=\"text-align: center;\">Vlastnosti produktu:<\/h3>\n<p style=\"text-align: center;\"><span style=\"font-size: 10pt;\">- elastick\u00fd materi\u00e1l<\/span><br \/>\n<span style=\"font-size: 10pt;\">\u2013 vzdu\u0161n\u00fd<br \/>\n<\/span>- ob\u00e1lkov\u00fd v\u00fdstrih<br \/>\n\u2013 zviazan\u00fd<br \/>\n- maxi \u0161aty<br \/>\n- plisovan\u00fd<\/p>\n<p style=\"text-align: center;\"><span style=\"font-size: 10pt;\"><strong>\u00a0<\/strong>\u00a0<\/span><\/p>\n<p>&nbsp;<\/p>\n<table style=\"height: 166px;\" width=\"670\">\n<tbody>\n<tr>\n<td width=\"302\"><span style=\"font-size: 10pt;\">Meno modela<\/span><\/td>\n<td width=\"302\">Skladan\u00e9 \u0161aty z pr\u00e1\u0161kovej bavlny<\/td>\n<\/tr>\n<tr>\n<td width=\"302\"><span style=\"font-size: 10pt;\">Farba<\/span><\/td>\n<td width=\"302\"><span style=\"font-size: 10pt;\">d\u017e\u00ednsy<\/span><\/td>\n<\/tr>\n<tr>\n<td width=\"302\"><span style=\"font-size: 10pt;\">M\u00f3da<\/span><\/td>\n<td width=\"302\"><span style=\"font-size: 10pt;\">Zhoda<\/span><\/td>\n<\/tr>\n<tr>\n<td width=\"302\"><span style=\"font-size: 10pt;\">Materi\u00e1l<\/span><\/td>\n<td width=\"302\"><span style=\"font-size: 10pt;\">100% bavlna\u00a0<\/span><\/td>\n<\/tr>\n<tr>\n<td width=\"302\"><span style=\"font-size: 10pt;\">D\u013a\u017eka<\/span><\/td>\n<td width=\"302\"><span style=\"font-size: 10pt;\">Cez koleno<\/span><\/td>\n<\/tr>\n<\/tbody>\n<\/table>\n<p>&nbsp;<\/p>\n<p style=\"text-align: center;\">\u00a0Model m\u00e1 <strong>165<\/strong> cm vysok\u00fd, nos\u00ed ve\u013ekos\u0165 ka\u017ed\u00fd de\u0148\u00a0<strong>S<\/strong><\/p>\n<div class=\"additional-details\" style=\"text-align: center;\">\n<p style=\"text-align: center;\"><span style=\"font-size: 10pt;\">\u00a0<\/span><\/p>\n<\/div>","protected":false},"excerpt":{"rendered":"<p>Sukienka Plisowana Bawe\u0142niana Powder Jeans Sukienka maxi plisowana z falbankami w kolorze niebieskim. Niesamowicie kobieca, elegancka sukienka plisowana \u00a0z falbankami przy ramionach. Sukienka za kolano z dekoltem kopertowym.\u00a0 Zwiewny fason fantastycznie uk\u0142ada si\u0119 podczas ruchu. Idealna propozycja na \u015blub, wesele, rodzinne uroczysto\u015bci, bankiety. Sukienka jest wykonana z lekkiego materia\u0142u dzi\u0119ki czemu poczujesz si\u0119 w niej<\/p>\n<div class=\"klb-readmore post-buttons\"><a class=\"button black outline size-sm\" href=\"https:\/\/madelinefashion.pl\/sk\/sukienka-plisowana-bawelniana-powder-jeans\/\">\u010c\u00edta\u0165 \u010falej <i class=\"klbth-icon-right-arrow\"><\/i><\/a><\/div>","protected":false},"featured_media":18137,"template":"","meta":[],"product_brand":[],"product_cat":[125,395],"product_tag":[261],"class_list":{"0":"post-18401","1":"product","2":"type-product","3":"status-publish","4":"has-post-thumbnail","6":"product_cat-sukienki","7":"product_cat-nowosci","8":"product_tag-sukienki-niebieskie","10":"first","11":"instock","12":"purchasable","13":"product-type-simple"},"_links":{"self":[{"href":"https:\/\/madelinefashion.pl\/sk\/wp-json\/wp\/v2\/product\/18401","targetHints":{"allow":["GET"]}}],"collection":[{"href":"https:\/\/madelinefashion.pl\/sk\/wp-json\/wp\/v2\/product"}],"about":[{"href":"https:\/\/madelinefashion.pl\/sk\/wp-json\/wp\/v2\/types\/product"}],"wp:featuredmedia":[{"embeddable":true,"href":"https:\/\/madelinefashion.pl\/sk\/wp-json\/wp\/v2\/media\/18137"}],"wp:attachment":[{"href":"https:\/\/madelinefashion.pl\/sk\/wp-json\/wp\/v2\/media?parent=18401"}],"wp:term":[{"taxonomy":"product_brand","embeddable":true,"href":"https:\/\/madelinefashion.pl\/sk\/wp-json\/wp\/v2\/product_brand?post=18401"},{"taxonomy":"product_cat","embeddable":true,"href":"https:\/\/madelinefashion.pl\/sk\/wp-json\/wp\/v2\/product_cat?post=18401"},{"taxonomy":"product_tag","embeddable":true,"href":"https:\/\/madelinefashion.pl\/sk\/wp-json\/wp\/v2\/product_tag?post=18401"}],"curies":[{"name":"pracovn\u00fd list","href":"https:\/\/api.w.org\/{rel}","templated":true}]}}