{"id":19252,"date":"2021-09-18T13:25:24","date_gmt":"2021-09-18T11:25:24","guid":{"rendered":"https:\/\/madelinefashion.pl\/?post_type=product&#038;p=19252"},"modified":"2026-01-15T12:43:25","modified_gmt":"2026-01-15T11:43:25","slug":"kurtka-bomberka-jeansowa-z-bezowymi-wstawkami","status":"publish","type":"product","link":"https:\/\/madelinefashion.pl\/sk\/kurtka-bomberka-jeansowa-z-bezowymi-wstawkami\/","title":{"rendered":"D\u017e\u00ednsov\u00e1 bomber bunda s b\u00e9\u017eov\u00fdmi vlo\u017ekami"},"content":{"rendered":"<h3 style=\"text-align: center;\">D\u017e\u00ednsov\u00e1 bomber bunda s b\u00e9\u017eov\u00fdmi vlo\u017ekami<\/h3>\n<p style=\"text-align: center;\"><strong>Dvojfarebn\u00e1 d\u017e\u00ednsov\u00e1 bunda, vyroben\u00e1 z d\u017e\u00ednsoviny a polyamidu <\/strong>zap\u00edna sa vpredu na zips a patentky. V p\u00e1se m\u00e1 gumi\u010dku, \u010do umo\u017e\u0148uje jej dodato\u010dn\u00e9 zv\u00fdraznenie. <b>Vo v\u00fd\u0161ke hrudn\u00edka s\u00fa ozdobn\u00e9 chlopne, ktor\u00e9 imituj\u00fa vreck\u00e1. <\/b>D\u00e1 sa pou\u017ei\u0165 v akomko\u013evek \u0161t\u00fdle, ako s klasick\u00fdmi d\u017e\u00ednsami, tak aj s bielym tri\u010dkom na ka\u017edodenn\u00e9 vych\u00e1dzky. Klasick\u00fd denim - v\u017edy m\u00f3dny bol kombinovan\u00fd s <strong>b\u00e9\u017eov\u00fd polyamid<\/strong>. Jednozna\u010dne ju mus\u00edte ma\u0165 v ka\u017edom \u0161atn\u00edku! Na\u0161a bunda je dokonal\u00fdm modelom pre \u017eeny, ktor\u00e9 sa rady hraj\u00fa s m\u00f3dou a chc\u00fa<b> vy\u010dnieva\u0165 z davu. <\/b>Bunda m\u00e1 vpredu dve vreck\u00e1. Dlh\u00e9 ruk\u00e1vy zakon\u010den\u00e9 lemom, v\u010faka ktor\u00e9mu je mo\u017en\u00e9 ruk\u00e1vy vyhrn\u00fa\u0165. k<strong>Ultra strihan\u00e1 d\u017e\u00ednsov\u00e1 bunda jednoduch\u00e9ho strihu perfektne dop\u013a\u0148a styling, kde prv\u00e9 husle hr\u00e1 efektn\u00fd z\u00e1klad.<\/strong>\u00a0V\u010faka vhodne zvolen\u00fdm doplnkom \u013eahko vytvor\u00edte jedine\u010dn\u00e9 \u0161tyliz\u00e1cie na spolo\u010densk\u00e9 udalosti \u010di oslavy. Vyst\u00fapte z davu s na\u0161ou d\u017e\u00ednsovou bundou. Odpor\u00fa\u010dame kombinova\u0165 <strong>s na\u0161im <a href=\"https:\/\/madelinefashion.pl\/sk\/bluzki-2\/\" target=\"_blank\" rel=\"noopener\">bl\u00fazky<\/a> a <a href=\"https:\/\/madelinefashion.pl\/sk\/casual-clothes\/t-shirty\/\">tri\u010dk\u00e1<\/a>\u00a0 a nad\u010dasov\u00e9 dvojfarebn\u00e9 nohavice!<\/strong> D\u017e\u00ednsovina m\u00e1 mnoho mien a spojenie d\u017e\u00ednsov\u00fdch prvkov oble\u010denia v jednej \u0161tyliz\u00e1cii u\u017e nie je prekvapuj\u00face.<strong> Ak sa v\u0161ak boj\u00edte jednotv\u00e1rnosti \u010di nudy, stavte na d\u017e\u00ednsy v kombin\u00e1cii s polyamidom v r\u00f4znych farb\u00e1ch. Pridajte k tomu biele tenisky a hladk\u00fd top s tenk\u00fdmi ramienkami. <\/strong>Bunda dostupn\u00e1 vo ve\u013ekosti <strong>\u00a0S, M, L,<br \/>\n<\/strong><\/p>\n<h2 style=\"text-align: center;\">Rozmery:<\/h2>\n<p style=\"text-align: center;\"><b>36\/sek<\/b><\/p>\n<p style=\"text-align: center;\">Celkov\u00e1 d\u013a\u017eka - 59 cm<\/p>\n<p style=\"text-align: center;\">\u0160\u00edrka od pazuchy po pazuchu - 53 cm<\/p>\n<p style=\"text-align: center;\">\u0160\u00edrka p\u00e1sa - 39-49 cm<\/p>\n<p style=\"text-align: center;\">D\u013a\u017eka ruk\u00e1va od ramena - 54 cm<\/p>\n<p style=\"text-align: center;\">D\u013a\u017eka ruk\u00e1va od podpazu\u0161ia - 48 cm<\/p>\n<p style=\"text-align: center;\"><b>38\/m<\/b><\/p>\n<p style=\"text-align: center;\">Celkov\u00e1 d\u013a\u017eka - 60 cm<\/p>\n<p style=\"text-align: center;\">\u0160\u00edrka od pazuchy po pazuchu - 55 cm<\/p>\n<p style=\"text-align: center;\">\u0160\u00edrka p\u00e1sa - 41-51 cm<\/p>\n<p style=\"text-align: center;\">D\u013a\u017eka ruk\u00e1va od ramena - 54 cm<\/p>\n<p style=\"text-align: center;\">D\u013a\u017eka ruk\u00e1va od podpazu\u0161ia - 49 cm<\/p>\n<p style=\"text-align: center;\"><b>40\/l<\/b><\/p>\n<p style=\"text-align: center;\">Celkov\u00e1 d\u013a\u017eka - 61 cm<\/p>\n<p style=\"text-align: center;\">\u0160\u00edrka od pazuchy po pazuchu - 57 cm<\/p>\n<p style=\"text-align: center;\">\u0160\u00edrka v p\u00e1se - 42-52 cm<\/p>\n<p style=\"text-align: center;\">D\u013a\u017eka ruk\u00e1va od ramena - 54 cm<\/p>\n<p style=\"text-align: center;\">D\u013a\u017eka ruk\u00e1va od podpazu\u0161ia - 49 cm<\/p>\n<p style=\"text-align: center;\">Rozmery sa m\u00f4\u017eu mierne l\u00ed\u0161i\u0165 od uveden\u00fdch +\/- 2cm. V\u0161etky uveden\u00e9 rozmery s\u00fa meran\u00e9 plo\u0161ne.<\/p>\n<p style=\"text-align: center;\"><span style=\"font-size: 10pt;\">\u00a0<\/span><\/p>\n<p style=\"text-align: center;\">\u00a0Model m\u00e1\u00a0<strong>165<\/strong>\u00a0cm vysok\u00fd, nos\u00ed ve\u013ekos\u0165 ka\u017ed\u00fd de\u0148\u00a0<strong>S<\/strong><\/p>\n<p style=\"text-align: center;\"><span style=\"font-size: 10pt;\">\u00a0<\/span><\/p>\n<p style=\"text-align: center;\">","protected":false},"excerpt":{"rendered":"<p>Rif\u013eov\u00e1 bomber bunda s b\u00e9\u017eov\u00fdmi vsadkami. T\u00e1to dvojfarebn\u00e1 rif\u013eov\u00e1 bunda vyroben\u00e1 z d\u017e\u00ednsoviny a nylonu sa zap\u00edna na zips a patentn\u00e9 cvoky vpredu. M\u00e1 elastick\u00fd p\u00e1s pre extra defin\u00edciu. Ozdobn\u00e9 chlopne na hrudi pripom\u00ednaj\u00fa vreck\u00e1. D\u00e1 sa kombinova\u0165 s ak\u00fdmko\u013evek outfitom, \u010di u\u017e s klasick\u00fdmi d\u017e\u00ednsami alebo bielym tri\u010dkom.<\/p>\n<div class=\"klb-readmore post-buttons\"><a class=\"button black outline size-sm\" href=\"https:\/\/madelinefashion.pl\/sk\/kurtka-bomberka-jeansowa-z-bezowymi-wstawkami\/\">\u010c\u00edta\u0165 \u010falej <i class=\"klbth-icon-right-arrow\"><\/i><\/a><\/div>","protected":false},"featured_media":109963,"template":"","meta":[],"product_brand":[],"product_cat":[117,395],"product_tag":[269,240,507],"class_list":{"0":"post-19252","1":"product","2":"type-product","3":"status-publish","4":"has-post-thumbnail","6":"product_cat-kurtki","7":"product_cat-nowosci","8":"product_tag-bomberka","9":"product_tag-jeans","10":"product_tag-kurtka-jeansowa","11":"pa_rozmiar-l","12":"pa_rozmiar-s","13":"pa_rozmiar-m","15":"first","16":"outofstock","17":"sale","18":"purchasable","19":"product-type-variable"},"_links":{"self":[{"href":"https:\/\/madelinefashion.pl\/sk\/wp-json\/wp\/v2\/product\/19252","targetHints":{"allow":["GET"]}}],"collection":[{"href":"https:\/\/madelinefashion.pl\/sk\/wp-json\/wp\/v2\/product"}],"about":[{"href":"https:\/\/madelinefashion.pl\/sk\/wp-json\/wp\/v2\/types\/product"}],"wp:featuredmedia":[{"embeddable":true,"href":"https:\/\/madelinefashion.pl\/sk\/wp-json\/wp\/v2\/media\/109963"}],"wp:attachment":[{"href":"https:\/\/madelinefashion.pl\/sk\/wp-json\/wp\/v2\/media?parent=19252"}],"wp:term":[{"taxonomy":"product_brand","embeddable":true,"href":"https:\/\/madelinefashion.pl\/sk\/wp-json\/wp\/v2\/product_brand?post=19252"},{"taxonomy":"product_cat","embeddable":true,"href":"https:\/\/madelinefashion.pl\/sk\/wp-json\/wp\/v2\/product_cat?post=19252"},{"taxonomy":"product_tag","embeddable":true,"href":"https:\/\/madelinefashion.pl\/sk\/wp-json\/wp\/v2\/product_tag?post=19252"}],"curies":[{"name":"pracovn\u00fd list","href":"https:\/\/api.w.org\/{rel}","templated":true}]}}