{"id":19301,"date":"2021-09-18T17:07:05","date_gmt":"2021-09-18T15:07:05","guid":{"rendered":"https:\/\/madelinefashion.pl\/?post_type=product&#038;p=19301"},"modified":"2026-01-15T12:43:25","modified_gmt":"2026-01-15T11:43:25","slug":"kurtka-parka-jeansowa-z-bialymi-wstawkami","status":"publish","type":"product","link":"https:\/\/madelinefashion.pl\/sk\/kurtka-parka-jeansowa-z-bialymi-wstawkami\/","title":{"rendered":"Denimov\u00e1 bunda Parka s bielymi vlo\u017ekami Rock &amp; Roll"},"content":{"rendered":"<h3 id=\"titlewrap\" style=\"text-align: center;\">Kurtka Parka Jeansowa z Bia\u0142ymi Wstawkami<\/h3>\n<p style=\"text-align: center;\"><strong>Dvojfarebn\u00e1 d\u017e\u00ednsov\u00e1 bunda, vyroben\u00e1 z d\u017e\u00ednsoviny a polyamidu <\/strong>zap\u00edna sa vpredu na zips a gomb\u00edky. V p\u00e1se m\u00e1 \u0161n\u00farku pre \u010fal\u0161ie prisp\u00f4sobenie. <b>Vo v\u00fd\u0161ke hrudn\u00edka s\u00fa ozdobn\u00e9 chlopne, ktor\u00e9 imituj\u00fa vreck\u00e1. <\/b>D\u00e1 sa pou\u017ei\u0165 v akomko\u013evek \u0161t\u00fdle, ako s klasick\u00fdmi d\u017e\u00ednsami, tak aj s bielym tri\u010dkom na ka\u017edodenn\u00e9 vych\u00e1dzky. Klasick\u00fd denim - v\u017edy m\u00f3dny bol kombinovan\u00fd s <strong>bia\u0142ym ortalionem<\/strong>. Jednozna\u010dne ju mus\u00edte ma\u0165 v ka\u017edom \u0161atn\u00edku! Na\u0161a bunda je dokonal\u00fdm modelom pre \u017eeny, ktor\u00e9 sa rady hraj\u00fa s m\u00f3dou a chc\u00fa<b> vy\u010dnieva\u0165 z davu. <\/b>Bunda m\u00e1 vpredu dve vreck\u00e1. Dlh\u00fd ruk\u00e1v zakon\u010den\u00fd lemom. Dlh\u00e1 bunda <strong>prechodn\u00fd m\u00e1<\/strong> ozdoba na golieri<strong> napis ROCK & ROLL.\u00a0<\/strong> k<strong>Ultra strihan\u00e1 d\u017e\u00ednsov\u00e1 bunda jednoduch\u00e9ho strihu perfektne dop\u013a\u0148a styling, kde prv\u00e9 husle hr\u00e1 efektn\u00fd z\u00e1klad.<\/strong>\u00a0V\u010faka vhodne zvolen\u00fdm doplnkom \u013eahko vytvor\u00edte jedine\u010dn\u00e9 \u0161tyliz\u00e1cie na spolo\u010densk\u00e9 udalosti \u010di oslavy. Vyst\u00fapte z davu s na\u0161ou d\u017e\u00ednsovou bundou. Odpor\u00fa\u010dame kombinova\u0165 <strong>s na\u0161im <a href=\"https:\/\/madelinefashion.pl\/sk\/bluzki-2\/\" target=\"_blank\" rel=\"noopener\">bl\u00fazky<\/a> a <a href=\"https:\/\/madelinefashion.pl\/sk\/casual-clothes\/t-shirty\/\">tri\u010dk\u00e1<\/a>\u00a0 a nad\u010dasov\u00e9 dvojfarebn\u00e9 <a href=\"https:\/\/madelinefashion.pl\/sk\/spodnie-dresowe-dwukolorowe-biale-jeans\/\">nohavice<\/a> !<\/strong> D\u017e\u00ednsovina m\u00e1 mnoho mien a spojenie d\u017e\u00ednsov\u00fdch prvkov oble\u010denia v jednej \u0161tyliz\u00e1cii u\u017e nie je prekvapuj\u00face.<strong> Ak sa v\u0161ak boj\u00edte jednotv\u00e1rnosti \u010di nudy, stavte na d\u017e\u00ednsy v kombin\u00e1cii s polyamidom v r\u00f4znych farb\u00e1ch. Pridajte tenisky a oby\u010dajn\u00e9 tielko s tenk\u00fdmi ramienkami.<\/strong><\/p>\n<p>\u00a0<\/p>\n<h3 style=\"text-align: center;\">Charakteristika<\/h3>\n<ul>\n<li style=\"text-align: center;\">M\u00f3dna d\u017e\u00ednsov\u00e1 bunda,<\/li>\n<li style=\"text-align: center;\">Vo\u013en\u00fd strih.<\/li>\n<li style=\"text-align: center;\">Na zips<\/li>\n<li style=\"text-align: center;\">M\u00e4kk\u00fd materi\u00e1l.<\/li>\n<li style=\"text-align: center;\">Ve\u013emi pohodln\u00e9.<\/li>\n<li style=\"text-align: center;\">Nevyhnutn\u00e9 pre mnoho \u0161t\u00fdlov.<br \/>\nDvojfarebn\u00fd<\/li>\n<\/ul>\n<p style=\"text-align: center;\"><strong>\u00a0<\/strong><\/p>\n<h2 style=\"text-align: center;\">Rozmery:<\/h2>\n<p style=\"text-align: center;\"><b>S\/M<\/b><\/p>\n<p style=\"text-align: center;\">Celkov\u00e1 predn\u00e1 d\u013a\u017eka - 75 cm<br \/>\nCelkov\u00e1 d\u013a\u017eka chrbta - 82 cm<br \/>\n\u0160\u00edrka od pazuchy po pazuchu - 51 cm<br \/>\n\u0160\u00edrka p\u00e1sa - 36-50 cm<br \/>\nD\u013a\u017eka ruk\u00e1va od ramena - 54 cm<br \/>\nD\u013a\u017eka ruk\u00e1va od podpazu\u0161ia - 41 cm<\/p>\n<p>\u00a0<\/p>\n<p style=\"text-align: center;\">Rozmery sa m\u00f4\u017eu mierne l\u00ed\u0161i\u0165 od uveden\u00fdch +\/- 2cm. V\u0161etky uveden\u00e9 rozmery s\u00fa meran\u00e9 plo\u0161ne.<\/p>\n<p style=\"text-align: center;\"><span style=\"font-size: 10pt;\">\u00a0<\/span><\/p>\n<p style=\"text-align: center;\">\u00a0Model m\u00e1\u00a0<strong>165<\/strong>\u00a0cm vysok\u00fd, nos\u00ed ve\u013ekos\u0165 ka\u017ed\u00fd de\u0148\u00a0<strong>S<\/strong><\/p>\n<p style=\"text-align: center;\"><span style=\"font-size: 10pt;\">\u00a0<\/span><\/p>\n<p style=\"text-align: center;\">","protected":false},"excerpt":{"rendered":"<p>Rif\u013eov\u00e1 parka s bielymi vsadkami. T\u00e1to dvojfarebn\u00e1 rif\u013eov\u00e1 bunda vyroben\u00e1 z d\u017e\u00ednsoviny a nylonu sa zap\u00edna na zips a gomb\u00edky vpredu. M\u00e1 s\u0165ahovaciu \u0161n\u00farku v p\u00e1se pre lep\u0161ie prisp\u00f4sobenie. Ozdobn\u00e9 chlopne na hrudi pripom\u00ednaj\u00fa vreck\u00e1. D\u00e1 sa nosi\u0165 s ak\u00fdmko\u013evek outfitom, \u010di u\u017e s klasick\u00fdmi d\u017e\u00ednsami alebo bielym tri\u010dkom.<\/p>\n<div class=\"klb-readmore post-buttons\"><a class=\"button black outline size-sm\" href=\"https:\/\/madelinefashion.pl\/sk\/kurtka-parka-jeansowa-z-bialymi-wstawkami\/\">\u010c\u00edta\u0165 \u010falej <i class=\"klbth-icon-right-arrow\"><\/i><\/a><\/div>","protected":false},"featured_media":19299,"template":"","meta":[],"product_brand":[],"product_cat":[117,395],"product_tag":[240,507],"class_list":{"0":"post-19301","1":"product","2":"type-product","3":"status-publish","4":"has-post-thumbnail","6":"product_cat-kurtki","7":"product_cat-nowosci","8":"product_tag-jeans","9":"product_tag-kurtka-jeansowa","10":"pa_rozmiar-l","11":"pa_rozmiar-m","12":"pa_rozmiar-s","14":"first","15":"outofstock","16":"sale","17":"purchasable","18":"product-type-simple"},"_links":{"self":[{"href":"https:\/\/madelinefashion.pl\/sk\/wp-json\/wp\/v2\/product\/19301","targetHints":{"allow":["GET"]}}],"collection":[{"href":"https:\/\/madelinefashion.pl\/sk\/wp-json\/wp\/v2\/product"}],"about":[{"href":"https:\/\/madelinefashion.pl\/sk\/wp-json\/wp\/v2\/types\/product"}],"wp:featuredmedia":[{"embeddable":true,"href":"https:\/\/madelinefashion.pl\/sk\/wp-json\/wp\/v2\/media\/19299"}],"wp:attachment":[{"href":"https:\/\/madelinefashion.pl\/sk\/wp-json\/wp\/v2\/media?parent=19301"}],"wp:term":[{"taxonomy":"product_brand","embeddable":true,"href":"https:\/\/madelinefashion.pl\/sk\/wp-json\/wp\/v2\/product_brand?post=19301"},{"taxonomy":"product_cat","embeddable":true,"href":"https:\/\/madelinefashion.pl\/sk\/wp-json\/wp\/v2\/product_cat?post=19301"},{"taxonomy":"product_tag","embeddable":true,"href":"https:\/\/madelinefashion.pl\/sk\/wp-json\/wp\/v2\/product_tag?post=19301"}],"curies":[{"name":"pracovn\u00fd list","href":"https:\/\/api.w.org\/{rel}","templated":true}]}}