{"id":19878,"date":"2021-09-25T15:05:04","date_gmt":"2021-09-25T13:05:04","guid":{"rendered":"https:\/\/madelinefashion.pl\/?post_type=product&#038;p=19878"},"modified":"2026-01-20T10:34:15","modified_gmt":"2026-01-20T09:34:15","slug":"bluza-z-kapturem-czarna-lisney","status":"publish","type":"product","link":"https:\/\/madelinefashion.pl\/sk\/bluza-z-kapturem-czarna-lisney\/","title":{"rendered":"\u010cierna mikina s kapuc\u0148ou Lisney"},"content":{"rendered":"<h3 style=\"text-align: center;\">\u010cierna mikina s kapuc\u0148ou Lisney<\/h3>\n<p style=\"text-align: center;\"><strong>\u010cierna mikina s kapuc\u0148ou Lisney<\/strong> je ide\u00e1lnym modelom na prech\u00e1dzky, von aj na dlh\u00e9 zimn\u00e9 ve\u010dery doma. \u00daspe\u0161ne ju m\u00f4\u017eete nosi\u0165 na ka\u017edodenn\u00e9 v\u00fdlety, do pr\u00e1ce, na rodinn\u00e9 stretnutia a stretnutia s priate\u013emi. N\u00e1\u0161 model s <b>kapuc\u0148a <\/b>a <strong>ozdobn\u00e1 p\u00e1ska <\/strong>jest bardzo kobiecy i uroczy. Z pewno\u015bci doda Twojej stylizacji ponadczasowego charakteru. Wygodny kaptur ochroni Ci\u0119 w wietrzne dni. Bluza wykonana jest z bardzo\u00a0 mi\u0119kkiej i przyjemnej w dotyku tkaniny . Funkcjonalny kr\u00f3j, zapinana na zamek z kieszonkami z przodu .Ciep\u0142a bluza \u2013 z pewno\u015bci\u0105 Ci\u0119 zachwyci. Bluza to<strong> podstatn\u00fd prvok<\/strong> d\u00e1msky \u0161atn\u00edk. N\u00e1\u0161 model perfektne sed\u00ed <a href=\"https:\/\/madelinefashion.pl\/sk\/spodnie\/\">d\u017e\u00ednsy <\/a>.\u00a0<strong>Najpred\u00e1vanej\u0161\u00ed model<\/strong> hod\u00ed sa k \u0161portov\u00e9mu aj le\u017e\u00e9rnemu outfitu a najnov\u0161\u00edm trendom je jednoducho kombin\u00e1cia oboch \u0161t\u00fdlov \u2013 \u0161portov\u00e9ho a elegantn\u00e9ho. In\u0161pirujte sa outfitmi blogeriek alebo celebr\u00edt \u2013 dopl\u0148te svoj \u0161atn\u00edk oversized mikinou. Ve\u013ekos\u0165 je univerz\u00e1lna a bude v\u00e1m sedie\u0165. <b>D\u00e1mske ve\u013ekosti S, M, L, XL, XXL\u00a0<\/b><\/p>\n<h3 style=\"text-align: center;\">Charakteristika:<\/h3>\n<p style=\"text-align: center;\">- mikina s kapuc\u0148ou<br \/>\n\u2013 tepl\u00e9 a m\u00e4kk\u00e9, ide\u00e1lne na chladn\u00e9 jarn\u00e9 a zimn\u00e9 dni<br \/>\n- zap\u00edna sa na zips<br \/>\n- predn\u00e9 vreck\u00e1<br \/>\n- dekorat\u00edvna p\u00e1ska<\/p>\n<h3 style=\"text-align: center;\">Rozmery:<\/h3>\n<ul style=\"text-align: center;\">\n<li>Celkov\u00e1 predn\u00e1 d\u013a\u017eka: 95 cm<\/li>\n<li>\u0160\u00edrka pod pazuchami: 52-54 cm x2<\/li>\n<li>D\u013a\u017eka ruk\u00e1va od ramena: 61 cm<\/li>\n<li>D\u013a\u017eka ruk\u00e1va od podpazu\u0161ia: 49 cm<br \/>\n\u0160\u00edrka v spodnej \u010dasti: 60 cm x 2<\/p>\n<ul>\n<li style=\"list-style-type: none;\"><\/li>\n<\/ul>\n<\/li>\n<\/ul>\n<p style=\"text-align: center;\">Rozmery sa m\u00f4\u017eu mierne l\u00ed\u0161i\u0165 od uveden\u00fdch +\/- 2cm. V\u0161etky uveden\u00e9 rozmery s\u00fa meran\u00e9 plo\u0161ne. rozmer x2<\/p>\n<p style=\"text-align: center;\"><span style=\"font-size: 10pt;\">\u00a0<\/span><\/p>\n<p style=\"text-align: center;\"><span style=\"font-size: 10pt;\">\u00a0<\/span><\/p>\n<table width=\"608\">\n<tbody>\n<tr>\n<td width=\"302\">Meno modela<\/td>\n<td width=\"302\">Mikina s kapuc\u0148ou Lisney<\/td>\n<\/tr>\n<tr>\n<td width=\"302\">Farba<\/td>\n<td width=\"302\">\u010dierna<\/td>\n<\/tr>\n<tr>\n<td width=\"302\">ve\u013ekosti<\/td>\n<td width=\"302\">Univerz\u00e1lny<\/td>\n<\/tr>\n<tr>\n<td width=\"302\">M\u00f3da<\/td>\n<td width=\"302\">nadrozmern\u00e9<\/td>\n<\/tr>\n<tr>\n<td width=\"302\">Materi\u00e1l<\/td>\n<td width=\"302\">Bavlna 95%, Elastan 5%<\/td>\n<\/tr>\n<\/tbody>\n<\/table>\n<p style=\"text-align: center;\"><span style=\"font-size: 10pt;\">\u00a0<\/span><\/p>\n<div class=\"tabs tabs-bb clear mb-80\">\n<div class=\"tab-content\">\n<div id=\"tab-description\" class=\"tab-pane fade in woocommerce-Tabs-panel--description active\">\n<p style=\"text-align: center;\">\u00a0Model m\u00e1\u00a0<strong>165<\/strong>\u00a0cm vysok\u00fd, nos\u00ed ve\u013ekos\u0165 ka\u017ed\u00fd de\u0148\u00a0<strong>S<\/strong><span style=\"font-size: 10pt;\">\u00a0<\/span><\/p>\n<\/div>\n<\/div>\n<\/div>","protected":false},"excerpt":{"rendered":"<p>Bluza Z Kapturem Czarna Lisney Bluza Z Kapturem Czarna Lisney to idealny model na spacery, wyj\u015bcia jak i d\u0142ugie zimowe wieczory w domu. Z powodzeniem mo\u017cesz j\u0105 ubra\u0107 na codzienne wyj\u015bcia, do pracy, spotkanie rodzinne i spotkania z przyjaci\u00f3\u0142mi.\u00a0 Nasz model z kapturem oraz ozdobn\u0105 ta\u015bm\u0105 jest bardzo kobiecy i uroczy. Z pewno\u015bci doda Twojej<\/p>\n<div class=\"klb-readmore post-buttons\"><a class=\"button black outline size-sm\" href=\"https:\/\/madelinefashion.pl\/sk\/bluza-z-kapturem-czarna-lisney\/\">\u010c\u00edta\u0165 \u010falej <i class=\"klbth-icon-right-arrow\"><\/i><\/a><\/div>","protected":false},"featured_media":0,"template":"","meta":[],"product_brand":[],"product_cat":[255],"product_tag":[],"class_list":{"0":"post-19878","1":"product","2":"type-product","3":"status-publish","5":"product_cat-bluzy","7":"first","8":"outofstock","9":"sale","10":"purchasable","11":"product-type-simple"},"_links":{"self":[{"href":"https:\/\/madelinefashion.pl\/sk\/wp-json\/wp\/v2\/product\/19878","targetHints":{"allow":["GET"]}}],"collection":[{"href":"https:\/\/madelinefashion.pl\/sk\/wp-json\/wp\/v2\/product"}],"about":[{"href":"https:\/\/madelinefashion.pl\/sk\/wp-json\/wp\/v2\/types\/product"}],"wp:attachment":[{"href":"https:\/\/madelinefashion.pl\/sk\/wp-json\/wp\/v2\/media?parent=19878"}],"wp:term":[{"taxonomy":"product_brand","embeddable":true,"href":"https:\/\/madelinefashion.pl\/sk\/wp-json\/wp\/v2\/product_brand?post=19878"},{"taxonomy":"product_cat","embeddable":true,"href":"https:\/\/madelinefashion.pl\/sk\/wp-json\/wp\/v2\/product_cat?post=19878"},{"taxonomy":"product_tag","embeddable":true,"href":"https:\/\/madelinefashion.pl\/sk\/wp-json\/wp\/v2\/product_tag?post=19878"}],"curies":[{"name":"pracovn\u00fd list","href":"https:\/\/api.w.org\/{rel}","templated":true}]}}