{"id":19937,"date":"2021-09-25T16:35:56","date_gmt":"2021-09-25T14:35:56","guid":{"rendered":"https:\/\/madelinefashion.pl\/?post_type=product&#038;p=19937"},"modified":"2026-02-20T14:58:29","modified_gmt":"2026-02-20T13:58:29","slug":"kardigan-alpaka-maxi-czarny-solerno","status":"publish","type":"product","link":"https:\/\/madelinefashion.pl\/sk\/kardigan-alpaka-maxi-czarny-solerno\/","title":{"rendered":"Kardigan Alpaka Maxi Czarny Solerno"},"content":{"rendered":"<h3 style=\"text-align: center;\">Kardigan Alpaka Maxi Czarny Solerno<\/h3>\n<p style=\"text-align: center;\"><strong>Alpaka Maxi Cardigan Solerno <\/strong>je spojen\u00edm elegancie, modernosti a funk\u010dnosti <strong>\u2013 Mimoriadne m\u00e4kk\u00fd, dlh\u00fd kardigan je MUST HAVE v ka\u017edom \u0161atn\u00edku! <\/strong>Tento nad\u010dasov\u00fd strih bude fenomen\u00e1lne fungova\u0165 v ka\u017edej ed\u00edcii! N\u00e1\u0161 dlh\u00fd sveter<strong> dopln\u00ed ka\u017edodenn\u00e9 aj elegantn\u00e9 \u0161tyliz\u00e1cie. Ide o univerz\u00e1lny model, ktor\u00fd o\u010dar\u00ed ka\u017ed\u00e9ho. <\/strong>Kardig\u00e1ny dok\u00e1\u017eu doda\u0165 \u0161arm ka\u017ed\u00e9mu outfitu. Mierne vo\u013en\u00fd strih v kombin\u00e1cii s d\u017e\u00ednsami a \u010di\u017emami v\u00e1m dod\u00e1 origin\u00e1lny charakter. Vyzer\u00e1 kr\u00e1sne v elegantn\u00fdch aj \u0161portov\u00fdch \u0161tyliz\u00e1ci\u00e1ch, vo\u013ene obop\u00ednaj\u00facich postavu.<strong> Tak\u00fdto sveter by mala ma\u0165 v \u0161atn\u00edku ka\u017ed\u00e1 z n\u00e1s.<\/strong> Klasick\u00fd strih, jedine\u010dn\u00fd v le\u017e\u00e9rnom \u0161t\u00fdle. \u00da\u017easn\u00e1 kvalita za najlep\u0161iu cenu! Eur\u00f3psky v\u00fdrobok, ve\u013emi kvalitn\u00fd materi\u00e1l. Dokonale sa prisp\u00f4sob\u00ed postave.<strong>\u00a0<\/strong>Ide\u00e1lne do \u0161koly, pr\u00e1ce, na rande alebo na stretnutie s priate\u013emi! Odpor\u00fa\u010dame pre d\u00e1my vo ve\u013ekosti SML XL, ak nos\u00edte v\u00e4\u010d\u0161iu ve\u013ekos\u0165, pozrite si tabu\u013eku ni\u017e\u0161ie.<\/p>\n<h3 style=\"text-align: center;\">Perfektn\u00fd kardigan na ka\u017ed\u00fa pr\u00edle\u017eitos\u0165<\/h3>\n<ul style=\"text-align: center;\">\n<li>Pru\u017en\u00fd materi\u00e1l<\/li>\n<li>Pr\u00edjemn\u00e9 na dotyk<\/li>\n<li>vreck\u00e1<\/li>\n<li>Man\u017eety na ruk\u00e1voch<\/li>\n<li>vreck\u00e1<\/li>\n<li>Ve\u013emi tepl\u00e9 a pr\u00edjemn\u00e9 na dotyk<\/li>\n<\/ul>\n<h3 style=\"text-align: center;\">Rozmery<\/h3>\n<ul style=\"text-align: center;\">\n<li>D\u013a\u017eka: 102 cm<\/li>\n<li>\u0160\u00edrka pod pazuchami: 52-60 cm x2<\/li>\n<li>\u0160\u00edrka p\u00e1sa: 50-62 cm x2<\/li>\n<li>D\u013a\u017eka ruk\u00e1va od podpazu\u0161ia: 46 cm<br \/>\nD\u013a\u017eka ruk\u00e1va od ramena: 60 cm<\/li>\n<\/ul>\n<p style=\"text-align: center;\">Rozmery sa m\u00f4\u017eu mierne l\u00ed\u0161i\u0165 od uveden\u00fdch +\/- 2cm. V\u0161etky uveden\u00e9 rozmery s\u00fa meran\u00e9 plo\u0161ne. <strong>rozmer x2<\/strong><\/p>\n<p style=\"text-align: center;\"><strong>\u00a0<\/strong><\/p>\n<p>&nbsp;<\/p>\n<table>\n<tbody>\n<tr>\n<td width=\"302\">Meno modela<\/td>\n<td width=\"302\">Alpaka Maxi Cardigan Solerno<\/td>\n<\/tr>\n<tr>\n<td width=\"302\">Farba<\/td>\n<td width=\"302\">\u010dierna<\/td>\n<\/tr>\n<tr>\n<td width=\"302\">ve\u013ekosti<\/td>\n<td width=\"302\">Univerz\u00e1lny<\/td>\n<\/tr>\n<tr>\n<td width=\"302\">M\u00f3da<\/td>\n<td width=\"302\">nadrozmern\u00e9<\/td>\n<\/tr>\n<tr>\n<td width=\"302\">Hood<\/td>\n<td width=\"302\">Nie<\/td>\n<\/tr>\n<tr>\n<td width=\"302\">izolovan\u00e9<\/td>\n<td width=\"302\">jednopl\u00e1\u0161\u0165ov\u00e9<\/td>\n<\/tr>\n<tr>\n<td width=\"302\">Materi\u00e1l<\/td>\n<td width=\"302\">100 % Polyester<\/td>\n<\/tr>\n<\/tbody>\n<\/table>\n<p>&nbsp;<\/p>\n<div class=\"tabs tabs-bb clear mb-80\">\n<div class=\"tab-content\">\n<div id=\"tab-description\" class=\"tab-pane fade in woocommerce-Tabs-panel--description active\">\n<p style=\"text-align: center;\">Model m\u00e1\u00a0<strong>165<\/strong>\u00a0cm vysok\u00fd, nos\u00ed ho ka\u017ed\u00fd de\u0148\u00a0<strong>ve\u013ekos\u0165 S<\/strong><\/p>\n<p>&nbsp;<\/p>\n<\/div>\n<\/div>\n<\/div>\n<section class=\"related products mb-80\"><\/section>","protected":false},"excerpt":{"rendered":"<p>Kardigan Alpaka Maxi Czarny Solerno Kardigan Alpaka Maxi\u00a0 Solerno to po\u0142\u0105czenie elegancji, nowoczesno\u015bci i funkcjonalno\u015bci \u2013 Niezwykle mi\u0119kki, d\u0142ugi kardigan to MUST HAVE w ka\u017cdej garderobie! Ten ponadczasowy fason sprawdzi si\u0119 fenomenalnie w ka\u017cdym wydaniu! Nasz d\u0142ugi sweter uzupe\u0142ni zar\u00f3wno stylizacje codzienne, jak i te eleganckie. Jest to uniwersalny model, kt\u00f3ry oczaruje ka\u017cdego. Kardigany mog\u0105<\/p>\n<div class=\"klb-readmore post-buttons\"><a class=\"button black outline size-sm\" href=\"https:\/\/madelinefashion.pl\/sk\/kardigan-alpaka-maxi-czarny-solerno\/\">\u010c\u00edta\u0165 \u010falej <i class=\"klbth-icon-right-arrow\"><\/i><\/a><\/div>","protected":false},"featured_media":0,"template":"","meta":[],"product_brand":[],"product_cat":[91,395],"product_tag":[],"class_list":{"0":"post-19937","1":"product","2":"type-product","3":"status-publish","5":"product_cat-kardigany-damskie","6":"product_cat-nowosci","8":"first","9":"outofstock","10":"purchasable","11":"product-type-simple"},"_links":{"self":[{"href":"https:\/\/madelinefashion.pl\/sk\/wp-json\/wp\/v2\/product\/19937","targetHints":{"allow":["GET"]}}],"collection":[{"href":"https:\/\/madelinefashion.pl\/sk\/wp-json\/wp\/v2\/product"}],"about":[{"href":"https:\/\/madelinefashion.pl\/sk\/wp-json\/wp\/v2\/types\/product"}],"wp:attachment":[{"href":"https:\/\/madelinefashion.pl\/sk\/wp-json\/wp\/v2\/media?parent=19937"}],"wp:term":[{"taxonomy":"product_brand","embeddable":true,"href":"https:\/\/madelinefashion.pl\/sk\/wp-json\/wp\/v2\/product_brand?post=19937"},{"taxonomy":"product_cat","embeddable":true,"href":"https:\/\/madelinefashion.pl\/sk\/wp-json\/wp\/v2\/product_cat?post=19937"},{"taxonomy":"product_tag","embeddable":true,"href":"https:\/\/madelinefashion.pl\/sk\/wp-json\/wp\/v2\/product_tag?post=19937"}],"curies":[{"name":"pracovn\u00fd list","href":"https:\/\/api.w.org\/{rel}","templated":true}]}}