{"id":20005,"date":"2021-09-25T19:34:49","date_gmt":"2021-09-25T17:34:49","guid":{"rendered":"https:\/\/madelinefashion.pl\/?post_type=product&#038;p=20005"},"modified":"2026-04-23T13:07:44","modified_gmt":"2026-04-23T11:07:44","slug":"sukienka-welurowa-ze-sciagaczami-brokatowa-jasno-szara","status":"publish","type":"product","link":"https:\/\/madelinefashion.pl\/sk\/sukienka-welurowa-ze-sciagaczami-brokatowa-jasno-szara\/","title":{"rendered":"Vel\u00farov\u00e9 \u0161aty s brok\u00e1tov\u00fdmi lemami svetlosiv\u00e9"},"content":{"rendered":"<h3 style=\"text-align: center;\">Vel\u00farov\u00e9 \u0161aty s brok\u00e1tov\u00fdmi lemami svetlosiv\u00e9<\/h3>\n<p style=\"text-align: center;\">Na\u0161\u00edm \u010fal\u0161\u00edm n\u00e1vrhom s\u00fa elegantn\u00e9 \u0161aty v najm\u00f3dnej\u0161om strihu. <strong>Perfektn\u00fd n\u00e1vrh<\/strong> na ve\u010dierky a elegantnej\u0161ie v\u00fdlety. \u0160aty z jemn\u00e9ho a pr\u00edjemn\u00e9ho materi\u00e1lu - <strong>semi\u0161<\/strong>. Vypasovan\u00e9 \u0161aty maj\u00fa m\u00f3dne vol\u00e1ny, ktor\u00e9 dodaj\u00fa \u0161arm a dokonale zd\u00f4raznia va\u0161u postavu. <strong>Ob\u00e1lkov\u00fd v\u00fdstrih<\/strong>\u00a0 dod\u00e1 stylingu \u010fal\u0161\u00ed charakter. D\u013a\u017eku \u0161iat je mo\u017en\u00e9 upravi\u0165 zdvihnut\u00edm alebo zn\u00ed\u017een\u00edm pomocou \u0161n\u00farok v\u0161it\u00fdch na bokoch. Vyberte si svoju dokonal\u00fa farbu a vytvorte si styling s na\u0161\u00edm modelom. <strong>Elegantn\u00e9 vel\u00farov\u00e9 \u0161aty<\/strong> mini dlh\u00fd ruk\u00e1v. Jedna ve\u013ekos\u0165 sadne v\u0161etk\u00fdm odpor\u00fa\u010dan\u00fdm od<strong> XS<\/strong> dole <strong>L\u00a0<\/strong><\/p>\n<h3 style=\"text-align: center;\"><strong><br \/>\n<\/strong>Charakteristika:<\/h3>\n<p style=\"text-align: center;\"><span style=\"font-size: 13.3333px;\">elastick\u00fd materi\u00e1l<\/span><br \/>\n<span style=\"font-size: 10pt;\">vybaven\u00e9<br \/>\n<\/span><span style=\"font-size: 13.3333px;\">mini<br \/>\nvel\u00far<br \/>\nob\u00e1lkov\u00fd v\u00fdstrih<br \/>\n\u017eensk\u00fd<br \/>\nlesk<\/span><\/p>\n<h3 style=\"text-align: center;\">\u00a0Rozmery:<\/h3>\n<ul style=\"text-align: center;\">\n<li><span style=\"font-size: 10pt;\">\u00a0\u00a0\u00a0\u00a0\u00a0\u00a0\u00a0 celkov\u00e1 d\u013a\u017eka: 85 cm<\/span><\/li>\n<li><span style=\"font-size: 10pt;\">\u00a0\u00a0\u00a0\u00a0\u00a0\u00a0\u00a0 \u0161\u00edrka od pazuchy po pazuchu: 42-52 cm\u00a0<\/span><\/li>\n<li><span style=\"font-size: 10pt;\">d\u013a\u017eka ruk\u00e1va od podpazu\u0161ia: 41 cm<\/span><\/li>\n<li><span style=\"font-size: 10pt;\">d\u013a\u017eka ruk\u00e1va od ramena: 62 cm<\/span><\/li>\n<li><span style=\"font-size: 10pt;\">\u00a0\u00a0\u00a0\u00a0\u00a0\u00a0\u00a0 \u0161\u00edrka v p\u00e1se 28-43 cm<\/span><\/li>\n<li><span style=\"font-size: 10pt;\">\u00a0\u00a0\u00a0\u00a0\u00a0\u00a0\u00a0 odpor\u00fa\u010dan\u00fd maxim\u00e1lny obvod poprsia: 106 cm<\/span><\/li>\n<\/ul>\n<p style=\"text-align: center;\"><span style=\"font-size: 10pt;\">\u00a0<\/span><\/p>\n<p style=\"text-align: center;\">Rozmery sa m\u00f4\u017eu l\u00ed\u0161i\u0165 od uveden\u00fdch +\/- 2cm. V\u0161etky uveden\u00e9 rozmery s\u00fa meran\u00e9 plo\u0161ne. rozmer x2<\/p>\n<p style=\"text-align: center;\"><span style=\"font-size: 10pt;\"><strong>\u00a0<\/strong>\u00a0<\/span><\/p>\n<p>&nbsp;<\/p>\n<table>\n<tbody>\n<tr>\n<td width=\"302\"><span style=\"font-size: 10pt;\">Meno modela<\/span><\/td>\n<td width=\"302\">Trblietav\u00e9 zamatov\u00e9 \u0161aty s lemom<\/td>\n<\/tr>\n<tr>\n<td width=\"302\"><span style=\"font-size: 10pt;\">Farba<\/span><\/td>\n<td width=\"302\"><span style=\"font-size: 10pt;\">Svetlo siv\u00e1<\/span><\/td>\n<\/tr>\n<tr>\n<td width=\"302\"><span style=\"font-size: 10pt;\">M\u00f3da<\/span><\/td>\n<td width=\"302\"><span style=\"font-size: 10pt;\">Na mieru<\/span><\/td>\n<\/tr>\n<tr>\n<td width=\"302\"><span style=\"font-size: 10pt;\">Materi\u00e1l<\/span><\/td>\n<td width=\"302\"><span style=\"font-size: 10pt;\">95% Bavlna 5% Elastan<\/span><\/td>\n<\/tr>\n<tr>\n<td width=\"302\"><span style=\"font-size: 10pt;\">D\u013a\u017eka<\/span><\/td>\n<td width=\"302\"><span style=\"font-size: 13.3333px;\">Mini<\/span><\/td>\n<\/tr>\n<\/tbody>\n<\/table>\n<p style=\"text-align: center;\">\u00a0Model m\u00e1\u00a0<strong>165<\/strong>\u00a0cm vysok\u00fd, nos\u00ed ve\u013ekos\u0165 ka\u017ed\u00fd de\u0148\u00a0<strong>S<\/strong><\/p>\n<div class=\"additional-details\" style=\"text-align: center;\">\n<p style=\"text-align: center;\">\n<\/div>","protected":false},"excerpt":{"rendered":"<p>Sukienka Welurowa ze \u015aci\u0105gaczami Brokatowa Jasno Szara Nasz\u0105 kolejn\u0105 propozycj\u0105 jest elegancka sukienka w najmodniejszym fasonie. Idealna propozycja na imprezy oraz bardziej eleganckie wyj\u015bcia. Sukienka wykonana z delikatnego oraz przyjemnego materia\u0142u- zamszu.\u00a0 Sukienka dopasowana posiada modne marszczenia, kt\u00f3re nadaj\u0105 uroku i\u00a0 doskonale podkre\u015bl\u0105 Twoj\u0105 figur\u0119. Kopertowy dekolt\u00a0 nada dodatkowego charakteru stylizacji. D\u0142ugo\u015b\u0107 sukienki mo\u017cna regulowa\u0107,<\/p>\n<div class=\"klb-readmore post-buttons\"><a class=\"button black outline size-sm\" href=\"https:\/\/madelinefashion.pl\/sk\/sukienka-welurowa-ze-sciagaczami-brokatowa-jasno-szara\/\">\u010c\u00edta\u0165 \u010falej <i class=\"klbth-icon-right-arrow\"><\/i><\/a><\/div>","protected":false},"featured_media":19982,"template":"","meta":[],"product_brand":[],"product_cat":[125,395,560],"product_tag":[],"class_list":{"0":"post-20005","1":"product","2":"type-product","3":"status-publish","4":"has-post-thumbnail","6":"product_cat-sukienki","7":"product_cat-nowosci","8":"product_cat-sukienki-brokatowe","10":"first","11":"instock","12":"purchasable","13":"product-type-simple"},"_links":{"self":[{"href":"https:\/\/madelinefashion.pl\/sk\/wp-json\/wp\/v2\/product\/20005","targetHints":{"allow":["GET"]}}],"collection":[{"href":"https:\/\/madelinefashion.pl\/sk\/wp-json\/wp\/v2\/product"}],"about":[{"href":"https:\/\/madelinefashion.pl\/sk\/wp-json\/wp\/v2\/types\/product"}],"wp:featuredmedia":[{"embeddable":true,"href":"https:\/\/madelinefashion.pl\/sk\/wp-json\/wp\/v2\/media\/19982"}],"wp:attachment":[{"href":"https:\/\/madelinefashion.pl\/sk\/wp-json\/wp\/v2\/media?parent=20005"}],"wp:term":[{"taxonomy":"product_brand","embeddable":true,"href":"https:\/\/madelinefashion.pl\/sk\/wp-json\/wp\/v2\/product_brand?post=20005"},{"taxonomy":"product_cat","embeddable":true,"href":"https:\/\/madelinefashion.pl\/sk\/wp-json\/wp\/v2\/product_cat?post=20005"},{"taxonomy":"product_tag","embeddable":true,"href":"https:\/\/madelinefashion.pl\/sk\/wp-json\/wp\/v2\/product_tag?post=20005"}],"curies":[{"name":"pracovn\u00fd list","href":"https:\/\/api.w.org\/{rel}","templated":true}]}}