{"id":20154,"date":"2021-09-26T12:16:10","date_gmt":"2021-09-26T10:16:10","guid":{"rendered":"https:\/\/madelinefashion.pl\/?post_type=product&#038;p=20154"},"modified":"2026-01-20T10:34:14","modified_gmt":"2026-01-20T09:34:14","slug":"bluza-dluga-z-kapturem-jasno-szara-sophia","status":"publish","type":"product","link":"https:\/\/madelinefashion.pl\/sk\/bluza-dluga-z-kapturem-jasno-szara-sophia\/","title":{"rendered":"Svetlosiv\u00e1 mikina s kapuc\u0148ou Sophia"},"content":{"rendered":"<h3 style=\"text-align: center;\">Svetlosiv\u00e1 mikina s kapuc\u0148ou Sophia<\/h3>\n<p style=\"text-align: center;\"><strong>Svetlosiv\u00e1 mikina s kapuc\u0148ou Sophia<\/strong> je ide\u00e1lnym modelom na prech\u00e1dzky, von aj na dlh\u00e9 zimn\u00e9 ve\u010dery doma. \u00daspe\u0161ne ju m\u00f4\u017eete nosi\u0165 na ka\u017edodenn\u00e9 v\u00fdlety, do pr\u00e1ce, na rodinn\u00e9 stretnutia a stretnutia s priate\u013emi. N\u00e1\u0161 model s <b>kapuc\u0148a <\/b>a ve\u013ek\u00e9 vreck\u00e1 <strong>\u00a0<\/strong>je to ve\u013emi \u017eensk\u00e9 a o\u010daruj\u00face. Ur\u010dite dod\u00e1 v\u00e1\u0161mu stylingu nad\u010dasov\u00fd charakter. Pohodln\u00e1 kapuc\u0148a v\u00e1s ochr\u00e1ni vo vetern\u00fdch d\u0148och. Mikina je vyroben\u00e1 z ve\u013emi jemnej a na dotyk pr\u00edjemnej l\u00e1tky. Funk\u010dn\u00fd strih, zap\u00ednanie na zips s vreckami na prednej strane.<strong>Tepl\u00e1 mikina<\/strong> \u2013 z pewno\u015bci\u0105 Ci\u0119 zachwyci. Bluza to<strong> podstatn\u00fd prvok<\/strong> d\u00e1msky \u0161atn\u00edk. Na\u0161u mikinu m\u00f4\u017eete nosi\u0165 aj ako prechodn\u00fd kab\u00e1t. Vo\u013enej\u0161ia mikina s kapuc\u0148ou je produkt, ktor\u00fd mus\u00edte ma\u0165 vo svojom \u0161atn\u00edku. Oversize mikina ide\u00e1lna pre \u017eeny, ktor\u00e9 si cenia pohodlie. Dlh\u00e1 mikina bude vyzera\u0165 skvele s teniskami. <strong>V tejto bl\u00fazke<\/strong> ur\u010dite bude\u0161 <strong>vynikn\u00fa\u0165 s<\/strong> <strong>dav.\u00a0<\/strong> Ide\u00e1lna ponuka na jesenn\u00e9 a zimn\u00e9 dni!! N\u00e1\u0161 model perfektne sed\u00ed <a href=\"https:\/\/madelinefashion.pl\/sk\/spodnie\/\">d\u017e\u00ednsy <\/a>.\u00a0<strong>Najpred\u00e1vanej\u0161\u00ed model<\/strong> pasuj\u0105cy zar\u00f3wno do sportowych, jak i casualowych stylizacji, a najnowszy trend to po prostu po\u0142\u0105czenie obu styl\u00f3w \u2013 sportowego i eleganckiego. Zainspiruj si\u0119 strojami blogerek lub celebryt\u00f3w \u2013 Uzupe\u0142nij Swoj\u0105 szaf\u0119 o Bluz\u0119 \u2013 Oversize. Rozmiar jest uniwersalny i b\u0119dzie odpowiedni dla <b>D\u00e1mske ve\u013ekosti S, M, L, XL, XXL\u00a0\u00a0<\/b><\/p>\n<h3 style=\"text-align: center;\">Charakteristika:<\/h3>\n<p style=\"text-align: center;\">- mikina s kapuc\u0148ou<br \/>\n\u2013 tepl\u00e9 a m\u00e4kk\u00e9, ide\u00e1lne na chladn\u00e9 jarn\u00e9 a zimn\u00e9 dni<br \/>\n- zap\u00edna sa na zips<br \/>\n- predn\u00e9 vreck\u00e1<br \/>\n- dlh\u00e1 bl\u00fazka<\/p>\n<h3 style=\"text-align: center;\">Rozmery:<\/h3>\n<ul style=\"text-align: center;\">\n<li>Celkov\u00e1 predn\u00e1 d\u013a\u017eka: 93 cm<\/li>\n<li>\u0160\u00edrka v podpazu\u0161\u00ed: 68 cm x2<\/li>\n<li>D\u013a\u017eka ruk\u00e1va od podpazu\u0161ia: 46 cm<br \/>\n\u0160\u00edrka v spodnej \u010dasti: 58 cm x 2<\/li>\n<li>Obvod hrudn\u00edka max 125 cm<\/li>\n<\/ul>\n<p style=\"text-align: center;\">Rozmery sa m\u00f4\u017eu mierne l\u00ed\u0161i\u0165 od uveden\u00fdch +\/- 2cm. V\u0161etky uveden\u00e9 rozmery s\u00fa meran\u00e9 plo\u0161ne. rozmer x2<\/p>\n<p style=\"text-align: center;\"><span style=\"font-size: 10pt;\">\u00a0<\/span><\/p>\n<p style=\"text-align: center;\"><span style=\"font-size: 10pt;\">\u00a0<\/span><\/p>\n<table width=\"608\">\n<tbody>\n<tr>\n<td width=\"302\">Meno modela<\/td>\n<td width=\"302\">Dlh\u00e1 mikina Sophia<\/td>\n<\/tr>\n<tr>\n<td width=\"302\">Farba<\/td>\n<td width=\"302\">Svetlo siv\u00e1<\/td>\n<\/tr>\n<tr>\n<td width=\"302\">ve\u013ekosti<\/td>\n<td width=\"302\">Univerz\u00e1lny<\/td>\n<\/tr>\n<tr>\n<td width=\"302\">M\u00f3da<\/td>\n<td width=\"302\">nadrozmern\u00e9<\/td>\n<\/tr>\n<tr>\n<td width=\"302\">Materi\u00e1l<\/td>\n<td width=\"302\">Bavlna 95%, Elastan 5%<\/td>\n<\/tr>\n<\/tbody>\n<\/table>\n<p style=\"text-align: center;\"><span style=\"font-size: 10pt;\">\u00a0<\/span><\/p>\n<div class=\"tabs tabs-bb clear mb-80\">\n<div class=\"tab-content\">\n<div id=\"tab-description\" class=\"tab-pane fade in woocommerce-Tabs-panel--description active\">\n<p style=\"text-align: center;\">\u00a0Model m\u00e1\u00a0<strong>165<\/strong>\u00a0cm vysok\u00fd, nos\u00ed ve\u013ekos\u0165 ka\u017ed\u00fd de\u0148\u00a0<strong>S<\/strong><span style=\"font-size: 10pt;\">\u00a0<\/span><\/p>\n<\/div>\n<\/div>\n<\/div>","protected":false},"excerpt":{"rendered":"<p>Bluza D\u0142uga Z Kapturem Jasno Szara Sophia Bluza D\u0142uga Z Kapturem Jasno Szara Sophia to idealny model na spacery, wyj\u015bcia jak i d\u0142ugie zimowe wieczory w domu. Z powodzeniem mo\u017cesz j\u0105 ubra\u0107 na codzienne wyj\u015bcia, do pracy, spotkanie rodzinne i spotkania z przyjaci\u00f3\u0142mi.\u00a0 Nasz model z kapturem oraz du\u017cymi kieszeniami \u00a0jest bardzo kobiecy i uroczy.<\/p>\n<div class=\"klb-readmore post-buttons\"><a class=\"button black outline size-sm\" href=\"https:\/\/madelinefashion.pl\/sk\/bluza-dluga-z-kapturem-jasno-szara-sophia\/\">\u010c\u00edta\u0165 \u010falej <i class=\"klbth-icon-right-arrow\"><\/i><\/a><\/div>","protected":false},"featured_media":20146,"template":"","meta":[],"product_brand":[],"product_cat":[255,395],"product_tag":[385],"class_list":{"0":"post-20154","1":"product","2":"type-product","3":"status-publish","4":"has-post-thumbnail","6":"product_cat-bluzy","7":"product_cat-nowosci","8":"product_tag-plus-size","10":"first","11":"outofstock","12":"sale","13":"purchasable","14":"product-type-simple"},"_links":{"self":[{"href":"https:\/\/madelinefashion.pl\/sk\/wp-json\/wp\/v2\/product\/20154","targetHints":{"allow":["GET"]}}],"collection":[{"href":"https:\/\/madelinefashion.pl\/sk\/wp-json\/wp\/v2\/product"}],"about":[{"href":"https:\/\/madelinefashion.pl\/sk\/wp-json\/wp\/v2\/types\/product"}],"wp:featuredmedia":[{"embeddable":true,"href":"https:\/\/madelinefashion.pl\/sk\/wp-json\/wp\/v2\/media\/20146"}],"wp:attachment":[{"href":"https:\/\/madelinefashion.pl\/sk\/wp-json\/wp\/v2\/media?parent=20154"}],"wp:term":[{"taxonomy":"product_brand","embeddable":true,"href":"https:\/\/madelinefashion.pl\/sk\/wp-json\/wp\/v2\/product_brand?post=20154"},{"taxonomy":"product_cat","embeddable":true,"href":"https:\/\/madelinefashion.pl\/sk\/wp-json\/wp\/v2\/product_cat?post=20154"},{"taxonomy":"product_tag","embeddable":true,"href":"https:\/\/madelinefashion.pl\/sk\/wp-json\/wp\/v2\/product_tag?post=20154"}],"curies":[{"name":"pracovn\u00fd list","href":"https:\/\/api.w.org\/{rel}","templated":true}]}}