{"id":2138,"date":"2020-05-15T15:11:52","date_gmt":"2020-05-15T15:11:52","guid":{"rendered":"http:\/\/serwer2078743.home.pl\/?post_type=product&#038;p=2138"},"modified":"2026-03-26T12:40:48","modified_gmt":"2026-03-26T11:40:48","slug":"komplet-dresowy-multi-mihos","status":"publish","type":"product","link":"https:\/\/madelinefashion.pl\/sk\/komplet-dresowy-multi-mihos\/","title":{"rendered":"Tepl\u00e1kov\u00e1 s\u00faprava Multi Pink Mihos"},"content":{"rendered":"<h3 style=\"text-align: center;\">Tepl\u00e1kov\u00e1 s\u00faprava Multi Pink Mihos<\/h3>\n<p style=\"text-align: center;\"><strong>Tepl\u00e1kov\u00e9 s\u00fapravy<\/strong> je vynikaj\u00facou vo\u013ebou pre \u017eeny, ktor\u00e9 h\u013eadaj\u00fa univerz\u00e1lne \u0161atn\u00edkov\u00e9 veci. V na\u0161ich setoch vytvor\u00edte <strong>ve\u013ea zauj\u00edmav\u00fdch<\/strong> styling a samotn\u00e9 d\u00e1mske tepl\u00e1ky sa daj\u00fa kombinova\u0165 s elegantn\u00fdmi aj menej form\u00e1lnymi topmi. Ide\u00e1lna s\u00faprava na jarn\u00e9 a letn\u00e9 v\u00fdlety. Tak\u017ee stoj\u00ed za to venova\u0165 pozornos\u0165 najm\u00f3dnej\u0161iemu modelu tejto sez\u00f3ny, a to <strong>ru\u010dne farben\u00e9<\/strong> <strong>MULTI SET<\/strong> . Ide o takzvan\u00fa DIY met\u00f3du, ktor\u00e1 v\u00e1m umo\u017en\u00ed z\u00edska\u0165 vlastn\u00fd a plne origin\u00e1lny efekt. V tomto pr\u00edpade bolo pou\u017eit\u00fdch viacero farieb, tak\u017ee m\u00f4\u017eete vidie\u0165 ru\u017eov\u00fa, modr\u00fa a bielu. S\u00fa to ve\u013emi diev\u010densk\u00e9 a vhodn\u00e9 farby<strong> charakter ka\u017ed\u00e9ho \u0161t\u00fdlu<\/strong>. Nohavice maj\u00fa \u0161peci\u00e1lny elastick\u00fd p\u00e1s, ktor\u00fd umo\u017e\u0148uje prisp\u00f4sobi\u0165 nohavice konkr\u00e9tnej postave. Okrem toho s\u00fa na oboch stran\u00e1ch \u00fah\u013eadne strihan\u00e9 vreck\u00e1. Vrch s\u00fapravy m\u00e1 v\u00fdstrih do V a jemn\u00fa \u010dipku na ruk\u00e1ve. Univerz\u00e1lna ve\u013ekos\u0165 odpor\u00fa\u010dan\u00e1 pre \u017eeny <strong>XS SML XL<\/strong><\/p>\n<h3 style=\"text-align: center;\">Rozmery<\/h3>\n<p style=\"text-align: center;\"><strong>\u00a0 \u00a0 \u00a0 Bl\u00fazka<\/strong><\/p>\n<ul style=\"text-align: center;\">\n<li>\u00a0\u00a0\u00a0\u00a0\u00a0\u00a0\u00a0 celkov\u00e1 predn\u00e1 d\u013a\u017eka: 57 cm<\/li>\n<li>celkov\u00e1 d\u013a\u017eka chrbta: 62 cm<\/li>\n<li>\u00a0\u00a0\u00a0\u00a0\u00a0\u00a0\u00a0 \u0161\u00edrka od pazuchy po pazuchu: 50-55 cm<\/li>\n<li>\u0161\u00edrka p\u00e1sa: 50 cm - 60 cm<\/li>\n<li>\u00a0\u00a0\u00a0\u00a0\u00a0\u00a0\u00a0 odpor\u00fa\u010dan\u00fd maxim\u00e1lny obvod poprsia: 110 cm<\/li>\n<\/ul>\n<p style=\"text-align: center;\"><strong>\u00a0 \u00a0 \u00a0 \u00a0Nohavice<\/strong><\/p>\n<ul>\n<li style=\"text-align: center;\">\u00a0 celkov\u00e1 d\u013a\u017eka: 92 cm<\/li>\n<li style=\"text-align: center;\">\u00a0\u00a0\u00a0\u00a0\u00a0\u00a0\u00a0 \u0161\u00edrka p\u00e1su (elastick\u00fd): 36-48cm<\/li>\n<li style=\"text-align: center;\">\u00a0 \u00a0 \u00a0 \u00a0 vn\u00fatorn\u00e1 d\u013a\u017eka nohav\u00edc 67 cm<\/li>\n<li style=\"text-align: center;\">p\u00e1s: 27 cm<\/li>\n<\/ul>\n<p>&nbsp;<\/p>\n<p style=\"text-align: center;\"><span style=\"font-size: 10pt;\">Rozmery sa m\u00f4\u017eu mierne l\u00ed\u0161i\u0165 od uveden\u00fdch +\/- 2cm. V\u0161etky uveden\u00e9 rozmery s\u00fa meran\u00e9 plo\u0161ne.<\/span><\/p>\n<table>\n<tbody>\n<tr>\n<td width=\"302\">Meno modela<\/td>\n<td width=\"302\">Multifunk\u010dn\u00e1 tepl\u00e1kov\u00e1 s\u00faprava<\/td>\n<\/tr>\n<tr>\n<td width=\"302\">Farba<\/td>\n<td width=\"302\">Ru\u017eov\u00e1<\/td>\n<\/tr>\n<tr>\n<td width=\"302\">ve\u013ekosti<\/td>\n<td width=\"302\">Univerz\u00e1lny<\/td>\n<\/tr>\n<tr>\n<td width=\"302\">M\u00f3da<\/td>\n<td width=\"302\">nadrozmern\u00e9<\/td>\n<\/tr>\n<tr>\n<td width=\"302\">Materi\u00e1l<\/td>\n<td width=\"302\">92 % Bavlna 8% Elastan<\/td>\n<\/tr>\n<\/tbody>\n<\/table>\n<p style=\"text-align: center;\"><span style=\"font-size: 10pt;\">\u00a0<\/span><\/p>\n<p style=\"text-align: center;\">\u00a0Model v\u00a0<strong>ve\u013ekos\u0165 S<\/strong>\u00a0 o v\u00fd\u0161ke\u00a0<strong>166<\/strong>\u00a0cm<\/p>","protected":false},"excerpt":{"rendered":"<p>Komplet Dresowy Multi R\u00f3\u017cowy Mihos Komplety dresowe to doskona\u0142y wyb\u00f3r dla pa\u0144, kt\u00f3re poszukuj\u0105 uniwersalnych element\u00f3w garderoby. W naszych kompletach stworzysz wiele ciekawych stylizacji, a same spodnie dresowe damskie mo\u017cna \u0142\u0105czy\u0107, zar\u00f3wno z eleganck\u0105, jak i mniej formaln\u0105 g\u00f3r\u0105. Jest to idealny komplet na wiosenne i letnie wypady.\u00a0 Warto wi\u0119c zwr\u00f3ci\u0107 uwag\u0119 na najmodniejszy model<\/p>\n<div class=\"klb-readmore post-buttons\"><a class=\"button black outline size-sm\" href=\"https:\/\/madelinefashion.pl\/sk\/komplet-dresowy-multi-mihos\/\">\u010c\u00edta\u0165 \u010falej <i class=\"klbth-icon-right-arrow\"><\/i><\/a><\/div>","protected":false},"featured_media":5591,"template":"","meta":[],"product_brand":[],"product_cat":[89,380],"product_tag":[],"class_list":{"0":"post-2138","1":"product","2":"type-product","3":"status-publish","4":"has-post-thumbnail","6":"product_cat-komplety","7":"product_cat-wyprzedaz","9":"first","10":"instock","11":"sale","12":"purchasable","13":"product-type-simple"},"_links":{"self":[{"href":"https:\/\/madelinefashion.pl\/sk\/wp-json\/wp\/v2\/product\/2138","targetHints":{"allow":["GET"]}}],"collection":[{"href":"https:\/\/madelinefashion.pl\/sk\/wp-json\/wp\/v2\/product"}],"about":[{"href":"https:\/\/madelinefashion.pl\/sk\/wp-json\/wp\/v2\/types\/product"}],"wp:featuredmedia":[{"embeddable":true,"href":"https:\/\/madelinefashion.pl\/sk\/wp-json\/wp\/v2\/media\/5591"}],"wp:attachment":[{"href":"https:\/\/madelinefashion.pl\/sk\/wp-json\/wp\/v2\/media?parent=2138"}],"wp:term":[{"taxonomy":"product_brand","embeddable":true,"href":"https:\/\/madelinefashion.pl\/sk\/wp-json\/wp\/v2\/product_brand?post=2138"},{"taxonomy":"product_cat","embeddable":true,"href":"https:\/\/madelinefashion.pl\/sk\/wp-json\/wp\/v2\/product_cat?post=2138"},{"taxonomy":"product_tag","embeddable":true,"href":"https:\/\/madelinefashion.pl\/sk\/wp-json\/wp\/v2\/product_tag?post=2138"}],"curies":[{"name":"pracovn\u00fd list","href":"https:\/\/api.w.org\/{rel}","templated":true}]}}