{"id":21835,"date":"2021-10-24T14:54:00","date_gmt":"2021-10-24T12:54:00","guid":{"rendered":"https:\/\/madelinefashion.pl\/?post_type=product&#038;p=21835"},"modified":"2026-01-20T10:34:09","modified_gmt":"2026-01-20T09:34:09","slug":"bluza-supelkowa-maxi-z-kapturem-beautiful-ciemno-szara","status":"publish","type":"product","link":"https:\/\/madelinefashion.pl\/sk\/bluza-supelkowa-maxi-z-kapturem-beautiful-ciemno-szara\/","title":{"rendered":"Kr\u00e1sna Maxi mikina s kapuc\u0148ou tmavosiv\u00e1 Knot"},"content":{"rendered":"<h3 style=\"text-align: center;\">Kr\u00e1sna Maxi mikina s kapuc\u0148ou tmavosiv\u00e1 Knot<\/h3>\n<p style=\"text-align: center;\"><strong>Kr\u00e1sna Maxi mikina s kapuc\u0148ou tmavosiv\u00e1 Knot<\/strong> je ide\u00e1lnym modelom na prech\u00e1dzky, von aj na dlh\u00e9 zimn\u00e9 ve\u010dery doma. \u00daspe\u0161ne ju m\u00f4\u017eete nosi\u0165 na ka\u017edodenn\u00e9 v\u00fdlety, do pr\u00e1ce, na rodinn\u00e9 stretnutia a stretnutia s priate\u013emi. n\u00e1\u0161 model <strong>ozdobn\u00e1 p\u00e1ska na zadnej strane <\/strong>je to ve\u013emi \u017eensk\u00e9 a o\u010daruj\u00face. Ur\u010dite dod\u00e1 v\u00e1\u0161mu stylingu nad\u010dasov\u00fd charakter. Pohodln\u00e1 kapuc\u0148a v\u00e1s ochr\u00e1ni vo vetern\u00fdch d\u0148och. Mikina je vyroben\u00e1 z ve\u013emi jemnej a na dotyk pr\u00edjemnej l\u00e1tky - <strong>f\u013ea\u0161a<\/strong>. Funk\u010dn\u00fd strih, vpredu na zips s vreckami Tepl\u00e1 mikina - ur\u010dite pote\u0161\u00ed. Mikina to<strong> podstatn\u00fd prvok<\/strong> d\u00e1msky \u0161atn\u00edk. N\u00e1\u0161 model perfektne sed\u00ed <a href=\"https:\/\/madelinefashion.pl\/sk\/spodnie\/\">d\u017e\u00ednsy <\/a>.<strong>Najpred\u00e1vanej\u0161\u00ed model<\/strong> hodia sa k \u0161portov\u00e9mu aj le\u017e\u00e9rnemu \u0161t\u00fdlu a najnov\u0161\u00edm trendom je jednoducho kombin\u00e1cia oboch \u0161t\u00fdlov \u2013 \u0161portov\u00e9ho a elegantn\u00e9ho. In\u0161pirujte sa outfitmi blogeriek \u010di celebr\u00edt - Dopl\u0148te svoj \u0161atn\u00edk o Mikinu - Oversize. Ve\u013ekos\u0165 je univerz\u00e1lna a bude vhodn\u00e1 pre <b>D\u00e1mske ve\u013ekosti S, M, L, XL, XXL\u00a0<\/b><\/p>\n<h3 style=\"text-align: center;\">Charakteristika:<\/h3>\n<p style=\"text-align: center;\">- mikina<br \/>\n\u2013 tepl\u00e9 a m\u00e4kk\u00e9, ide\u00e1lne na chladn\u00e9 jarn\u00e9 a zimn\u00e9 dni<br \/>\n- zap\u00edna sa na zips<br \/>\n- ozdobn\u00e9 stuhy<br \/>\n- uzol<\/p>\n<h3 style=\"text-align: center;\">Rozmery:<\/h3>\n<ul>\n<li style=\"list-style-type: none;\">\n<ul>\n<li style=\"text-align: center;\">Celkov\u00e1 predn\u00e1 d\u013a\u017eka: 90 cm<\/li>\n<li style=\"text-align: center;\">Celkov\u00e1 d\u013a\u017eka chrbta: 90 cm<\/li>\n<li style=\"text-align: center;\">\u0160\u00edrka v podpazu\u0161\u00ed: 73 cm x2<\/li>\n<li style=\"text-align: center;\">D\u013a\u017eka ruk\u00e1va od podpazu\u0161ia: 42 cm<\/li>\n<li style=\"text-align: center;\">D\u013a\u017eka ruk\u00e1va od ramena: 52 cm<\/li>\n<li style=\"text-align: center;\">\u0160\u00edrka v spodnej \u010dasti: 70 cm x 2<\/li>\n<li style=\"text-align: center;\">Odpor\u00fa\u010dan\u00fd maxim\u00e1lny obvod poprsia: 120 cm<\/li>\n<li style=\"list-style-type: none;\"><\/li>\n<\/ul>\n<\/li>\n<\/ul>\n<p style=\"text-align: center;\">Rozmery sa m\u00f4\u017eu mierne l\u00ed\u0161i\u0165 od uveden\u00fdch +\/- 2cm. V\u0161etky uveden\u00e9 rozmery s\u00fa meran\u00e9 plo\u0161ne. rozmer x2<\/p>\n<p style=\"text-align: center;\"><span style=\"font-size: 10pt;\">\u00a0<\/span><\/p>\n<p style=\"text-align: center;\"><span style=\"font-size: 10pt;\">\u00a0<\/span><\/p>\n<table width=\"608\">\n<tbody>\n<tr>\n<td width=\"302\">Meno modela<\/td>\n<td width=\"302\">Kr\u00e1sna mikina s kapuc\u0148ou Maxi Knot<\/td>\n<\/tr>\n<tr>\n<td width=\"302\">Farba<\/td>\n<td width=\"302\">\u0160ed\u00e1<\/td>\n<\/tr>\n<tr>\n<td width=\"302\">ve\u013ekosti<\/td>\n<td width=\"302\">Univerz\u00e1lny<\/td>\n<\/tr>\n<tr>\n<td width=\"302\">M\u00f3da<\/td>\n<td width=\"302\">nadrozmern\u00e9<\/td>\n<\/tr>\n<tr>\n<td width=\"302\">Materi\u00e1l<\/td>\n<td width=\"302\">100 % Polyester<\/td>\n<\/tr>\n<\/tbody>\n<\/table>\n<p style=\"text-align: center;\"><span style=\"font-size: 10pt;\">\u00a0<\/span><\/p>\n<div class=\"tabs tabs-bb clear mb-80\">\n<div class=\"tab-content\">\n<div id=\"tab-description\" class=\"tab-pane fade in woocommerce-Tabs-panel--description active\">\n<p style=\"text-align: center;\">\u00a0Model m\u00e1\u00a0<strong>165<\/strong>\u00a0cm vysok\u00fd, nos\u00ed ve\u013ekos\u0165 ka\u017ed\u00fd de\u0148\u00a0<strong>S<\/strong><span style=\"font-size: 10pt;\">\u00a0<\/span><\/p>\n<\/div>\n<\/div>\n<\/div>","protected":false},"excerpt":{"rendered":"<p>Bluza Supe\u0142kowa Maxi z Kapturem Beautiful Ciemno Szara Bluza Supe\u0142kowa Maxi z Kapturem Beautiful Ciemno Szara to idealny model na spacery, wyj\u015bcia jak i d\u0142ugie zimowe wieczory w domu. Z powodzeniem mo\u017cesz j\u0105 ubra\u0107 na codzienne wyj\u015bcia, do pracy, spotkanie rodzinne i spotkania z przyjaci\u00f3\u0142mi.\u00a0 Nasz model ozdobn\u0105 ta\u015bm\u0105 na plecach jest bardzo kobiecy i<\/p>\n<div class=\"klb-readmore post-buttons\"><a class=\"button black outline size-sm\" href=\"https:\/\/madelinefashion.pl\/sk\/bluza-supelkowa-maxi-z-kapturem-beautiful-ciemno-szara\/\">\u010c\u00edta\u0165 \u010falej <i class=\"klbth-icon-right-arrow\"><\/i><\/a><\/div>","protected":false},"featured_media":21817,"template":"","meta":[],"product_brand":[],"product_cat":[255,395],"product_tag":[385],"class_list":{"0":"post-21835","1":"product","2":"type-product","3":"status-publish","4":"has-post-thumbnail","6":"product_cat-bluzy","7":"product_cat-nowosci","8":"product_tag-plus-size","10":"first","11":"instock","12":"sale","13":"purchasable","14":"product-type-simple"},"_links":{"self":[{"href":"https:\/\/madelinefashion.pl\/sk\/wp-json\/wp\/v2\/product\/21835","targetHints":{"allow":["GET"]}}],"collection":[{"href":"https:\/\/madelinefashion.pl\/sk\/wp-json\/wp\/v2\/product"}],"about":[{"href":"https:\/\/madelinefashion.pl\/sk\/wp-json\/wp\/v2\/types\/product"}],"wp:featuredmedia":[{"embeddable":true,"href":"https:\/\/madelinefashion.pl\/sk\/wp-json\/wp\/v2\/media\/21817"}],"wp:attachment":[{"href":"https:\/\/madelinefashion.pl\/sk\/wp-json\/wp\/v2\/media?parent=21835"}],"wp:term":[{"taxonomy":"product_brand","embeddable":true,"href":"https:\/\/madelinefashion.pl\/sk\/wp-json\/wp\/v2\/product_brand?post=21835"},{"taxonomy":"product_cat","embeddable":true,"href":"https:\/\/madelinefashion.pl\/sk\/wp-json\/wp\/v2\/product_cat?post=21835"},{"taxonomy":"product_tag","embeddable":true,"href":"https:\/\/madelinefashion.pl\/sk\/wp-json\/wp\/v2\/product_tag?post=21835"}],"curies":[{"name":"pracovn\u00fd list","href":"https:\/\/api.w.org\/{rel}","templated":true}]}}