{"id":21860,"date":"2021-10-24T15:25:02","date_gmt":"2021-10-24T13:25:02","guid":{"rendered":"https:\/\/madelinefashion.pl\/?post_type=product&#038;p=21860"},"modified":"2026-01-15T12:43:20","modified_gmt":"2026-01-15T11:43:20","slug":"plaszczyk-futerko-zapinane-honey-ecru","status":"publish","type":"product","link":"https:\/\/madelinefashion.pl\/sk\/plaszczyk-futerko-zapinane-honey-ecru\/","title":{"rendered":"Ko\u017euch na zips Honey Ecru"},"content":{"rendered":"<h3 style=\"text-align: center;\">Ko\u017euch na zips Honey Ecru<\/h3>\n<div style=\"text-align: center;\">\n<p>Chcete sa c\u00edti\u0165 \u0161t\u00fdlovo a m\u00f3dne? Tento produkt je pre v\u00e1s. <span lang=\"en-us\" xml:lang=\"en-us\"><b>Fenomen\u00e1lny ko\u017euch je nie\u010do pre \u017eeny, ktor\u00e9 miluj\u00fa odv\u00e1\u017ene \u0161tyliz\u00e1cie a eleganciu v jednom. <\/b><\/span><span lang=\"en-us\" xml:lang=\"en-us\">Dokonal\u00fd strih <\/span><strong><span lang=\"en-us\" xml:lang=\"en-us\">aj na jese\u0148 a zimu. <\/span><\/strong><span lang=\"en-us\" xml:lang=\"en-us\">Ko\u017eu\u0161ina zap\u00ednan\u00e1 na patentky. <\/span><strong>Ko\u017eu\u0161ina<\/strong> pasuje na obe<strong> ka\u017edodenn\u00e9 a elegantnej\u0161ie \u0161t\u00fdly<\/strong>,. Zap\u00edna sa na dva skryt\u00e9 patentky, m\u00e1 dve predn\u00e9 vreck\u00e1. Kab\u00e1t s dlh\u00fdmi ruk\u00e1vmi <span style=\"text-align: center;\">je to ur\u010den\u00e9 <\/span><strong style=\"text-align: center;\">musie\u0165 ma\u0165<\/strong><span style=\"text-align: center;\"> v ka\u017edom \u0161atn\u00edku! <\/span><span style=\"text-align: center;\">Vyst\u00fapte z davu s na\u0161imi <strong>srs\u0165 <\/strong>. Fant\u00e1zii sa medze neklad\u00fa, tak nev\u00e1hajte a<\/span><strong style=\"text-align: center;\"> vytvorte si svoj vlastn\u00fd \u0161t\u00fdl<\/strong><span style=\"text-align: center;\">. <strong>Ko\u017eu\u0161ina <\/strong><\/span><span style=\"text-align: center;\">\u00a0prich\u00e1dza vo ve\u013ekosti<\/span><strong style=\"text-align: center;\"> SML . Tento model je ide\u00e1lny pre <strong>jar, jese\u0148.<\/strong> <\/strong><span style=\"text-align: center;\">Ak m\u00e1te nejak\u00e9 ot\u00e1zky, sme tu, aby sme v\u00e1m pomohli.<\/span><\/p>\n<\/div>\n<h3 style=\"text-align: center;\">Rozmery:<\/h3>\n<p style=\"text-align: center;\"><strong>Ve\u013ekos\u0165 S\/36<\/strong><\/p>\n<p style=\"text-align: center;\">D\u0139\u017dKA 80CM<\/p>\n<p style=\"text-align: center;\">\u0160\u00cdRKA OD AARM K AARM: 53-54 CM x2<\/p>\n<p style=\"text-align: center;\">D\u0139\u017dKA RUK\u00c1VU OD PAKU: 47 CM<\/p>\n<p style=\"text-align: center;\">D\u0139\u017dKA RUK\u00c1VU OD RAMENA: 62 CM<\/p>\n<p style=\"text-align: center;\">\u0160\u00cdRKA V DOLE: 57 CM<\/p>\n<p style=\"text-align: center;\"><strong>Ve\u013ekos\u0165 M\/38<\/strong><\/p>\n<p style=\"text-align: center;\">D\u0139\u017dKA 81CM<\/p>\n<p style=\"text-align: center;\">\u0160\u00cdRKA OD AARM K AARM: 54-56 CM x2<\/p>\n<p style=\"text-align: center;\">D\u0139\u017dKA RUK\u00c1VU OD PAKU: 47 CM<\/p>\n<p style=\"text-align: center;\">D\u0139\u017dKA RUK\u00c1VU OD RAMENA: 62 CM<\/p>\n<p style=\"text-align: center;\">\u0160\u00cdRKA V DOLE: 58 CM<\/p>\n<p style=\"text-align: center;\"><strong>Ve\u013ekos\u0165 L\/40<\/strong><\/p>\n<p style=\"text-align: center;\">D\u0139\u017dKA 82CM<\/p>\n<p style=\"text-align: center;\">\u0160\u00cdRKA OD AARM K AARM: 56-58 CM x2<\/p>\n<p style=\"text-align: center;\">D\u0139\u017dKA RUK\u00c1VU OD PAKU: 48 CM<\/p>\n<p style=\"text-align: center;\">D\u0139\u017dKA RUK\u00c1VU OD RAMENA: 63 CM<\/p>\n<p style=\"text-align: center;\">\u0160\u00cdRKA V DOLE: 60 CM<\/p>\n<p style=\"text-align: center;\">Rozmery sa m\u00f4\u017eu mierne l\u00ed\u0161i\u0165 od uveden\u00fdch +\/- 2cm. V\u0161etky uveden\u00e9 rozmery s\u00fa meran\u00e9 plo\u0161ne.<\/p>\n<p>&nbsp;<\/p>\n<p>&nbsp;<\/p>\n<p style=\"text-align: center;\">Model m\u00e1\u00a0<strong>169<\/strong>\u00a0cm vysok\u00fd, nos\u00ed ve\u013ekos\u0165 ka\u017ed\u00fd de\u0148\u00a0<strong>S<\/strong><\/p>\n<p style=\"text-align: center;\">\u0160\u00edrka cez prsia 92 cm<\/p>\n<p style=\"text-align: center;\">\u0160\u00edrka v p\u00e1se 62 cm<\/p>\n<p style=\"text-align: center;\">\u0160\u00edrka v bokoch 94 cm<strong>\u00a0<\/strong><\/p>\n<p style=\"text-align: center;\"><span style=\"font-size: 10pt;\">\u00a0<\/span><\/p>\n<p style=\"text-align: center;\">","protected":false},"excerpt":{"rendered":"<p>P\u0142aszczyk Futerko Zapinane Honey Ecru Chcesz poczu\u0107 si\u0119 stylowo i modnie?\u00a0 Ten produkt jest dla Ciebie. Fenomenalny ko\u017cuszek\u00a0typu futerko to co\u015b dla kobiet uwielbiaj\u0105cych odwa\u017cne stylizacje i elegancj\u0119 w jednym. Idealny fason na nadchodz\u0105c\u0105 jesie\u0144 ale te\u017c na zim\u0119. Futerko zapinane na napy. Futerko pasuje zar\u00f3wno do codziennych jak i bardziej eleganckich stylizacji,. Zapinane na<\/p>\n<div class=\"klb-readmore post-buttons\"><a class=\"button black outline size-sm\" href=\"https:\/\/madelinefashion.pl\/sk\/plaszczyk-futerko-zapinane-honey-ecru\/\">\u010c\u00edta\u0165 \u010falej <i class=\"klbth-icon-right-arrow\"><\/i><\/a><\/div>","protected":false},"featured_media":61172,"template":"","meta":[],"product_brand":[],"product_cat":[117,118,395],"product_tag":[],"class_list":{"0":"post-21860","1":"product","2":"type-product","3":"status-publish","4":"has-post-thumbnail","6":"product_cat-kurtki","7":"product_cat-plaszcze","8":"product_cat-nowosci","9":"pa_rozmiar-s","10":"pa_rozmiar-m","11":"pa_rozmiar-l","12":"pa_rozmiar-xl","14":"first","15":"outofstock","16":"product-type-variable"},"_links":{"self":[{"href":"https:\/\/madelinefashion.pl\/sk\/wp-json\/wp\/v2\/product\/21860","targetHints":{"allow":["GET"]}}],"collection":[{"href":"https:\/\/madelinefashion.pl\/sk\/wp-json\/wp\/v2\/product"}],"about":[{"href":"https:\/\/madelinefashion.pl\/sk\/wp-json\/wp\/v2\/types\/product"}],"wp:featuredmedia":[{"embeddable":true,"href":"https:\/\/madelinefashion.pl\/sk\/wp-json\/wp\/v2\/media\/61172"}],"wp:attachment":[{"href":"https:\/\/madelinefashion.pl\/sk\/wp-json\/wp\/v2\/media?parent=21860"}],"wp:term":[{"taxonomy":"product_brand","embeddable":true,"href":"https:\/\/madelinefashion.pl\/sk\/wp-json\/wp\/v2\/product_brand?post=21860"},{"taxonomy":"product_cat","embeddable":true,"href":"https:\/\/madelinefashion.pl\/sk\/wp-json\/wp\/v2\/product_cat?post=21860"},{"taxonomy":"product_tag","embeddable":true,"href":"https:\/\/madelinefashion.pl\/sk\/wp-json\/wp\/v2\/product_tag?post=21860"}],"curies":[{"name":"pracovn\u00fd list","href":"https:\/\/api.w.org\/{rel}","templated":true}]}}