{"id":2188,"date":"2020-05-16T11:06:56","date_gmt":"2020-05-16T09:06:56","guid":{"rendered":"http:\/\/serwer2078743.home.pl\/?post_type=product&#038;p=2188"},"modified":"2026-01-20T10:34:47","modified_gmt":"2026-01-20T09:34:47","slug":"top-morris-limonka","status":"publish","type":"product","link":"https:\/\/madelinefashion.pl\/sk\/top-morris-limonka\/","title":{"rendered":"\u0160pi\u010dkov\u00fd \u0161panielsky Morris Limonka"},"content":{"rendered":"<h3 style=\"text-align: center;\">\u0160pi\u010dkov\u00fd \u0161panielsky Morris Limonka<\/h3>\n<p style=\"text-align: center;\"><strong style=\"font-size: 10pt;\"><br \/>\nElegantn\u00fd top - s viazan\u00edm vzadu. Skvel\u00fd model k \u0161ortk\u00e1m! <span style=\"font-size: 10pt;\">\u00a0Odpor\u00fa\u010da sa pre \u013eud\u00ed, ktor\u00ed nosia ve\u013ekosti od S po XL<\/span><\/strong><\/p>\n<h3 style=\"text-align: center;\">\u00a0 \u00a0 \u00a0Rozmery:<\/h3>\n<ul style=\"text-align: center;\">\n<li><span style=\"font-size: 10pt;\">\u00a0\u00a0\u00a0\u00a0\u00a0\u00a0\u00a0 celkov\u00e1 d\u013a\u017eka: 62 cm\u00a0<\/span><\/li>\n<li><span style=\"font-size: 10pt;\">\u00a0\u00a0\u00a0\u00a0\u00a0\u00a0\u00a0 \u0161\u00edrka od pazuchy po pazuchu: 49-53 cm<\/span><\/li>\n<li><span style=\"font-size: 10pt;\">\u00a0\u00a0\u00a0\u00a0\u00a0\u00a0\u00a0 odpor\u00fa\u010dan\u00fd maxim\u00e1lny obvod poprsia: 106 cm<\/span><\/li>\n<\/ul>\n<p style=\"text-align: center;\"><span style=\"font-size: 10pt;\">Rozmery sa m\u00f4\u017eu mierne l\u00ed\u0161i\u0165 od uveden\u00fdch +\/- 2cm. V\u0161etky uveden\u00e9 rozmery s\u00fa meran\u00e9 plo\u0161ne.<\/span><\/p>\n<p style=\"text-align: center;\"><span style=\"font-size: 10pt;\">\u00a0<\/span><\/p>\n<table>\n<tbody>\n<tr>\n<td width=\"302\">Meno modela<\/td>\n<td width=\"302\">\u0160pi\u010dkov\u00fd Morris<\/td>\n<\/tr>\n<tr>\n<td width=\"302\">Farba<\/td>\n<td width=\"302\">Limetka<\/td>\n<\/tr>\n<tr>\n<td width=\"302\">ve\u013ekosti<\/td>\n<td width=\"302\">Univerz\u00e1lny<\/td>\n<\/tr>\n<tr>\n<td width=\"302\">M\u00f3da<\/td>\n<td width=\"302\">nadrozmern\u00e9<\/td>\n<\/tr>\n<tr>\n<td width=\"302\">Materi\u00e1l<\/td>\n<td width=\"302\">100 % Polyester<\/td>\n<\/tr>\n<\/tbody>\n<\/table>\n<p style=\"text-align: center;\"><span style=\"font-size: 10pt;\">\u00a0<\/span><\/p>\n<p style=\"text-align: center;\">\u00a0Model m\u00e1\u00a0<strong>165<\/strong>\u00a0cm vysok\u00fd, nos\u00ed ve\u013ekos\u0165 ka\u017ed\u00fd de\u0148\u00a0<strong>S<\/strong><\/p>","protected":false},"excerpt":{"rendered":"<p>Top Hiszpanka Morris Limonka Elegancki top &#8211; z wi\u0105zanym ty\u0142em . \u015awietny model do szort\u00f3w ! \u00a0Zalecany dla os\u00f3b nosz\u0105cych rozmiar\u00a0 od S do XL \u00a0 \u00a0 \u00a0Wymiary: \u00a0\u00a0\u00a0\u00a0\u00a0\u00a0\u00a0 d\u0142ugo\u015b\u0107 ca\u0142kowita : 62 cm\u00a0 \u00a0\u00a0\u00a0\u00a0\u00a0\u00a0\u00a0 szeroko\u015b\u0107 od pachy do pachy: 49-53 cm \u00a0\u00a0\u00a0\u00a0\u00a0\u00a0\u00a0 zalecany max obw\u00f3d w biu\u015bcie: 106 cm Wymiary mog\u0105 si\u0119 nieznacznie r\u00f3\u017cni\u0107<\/p>\n<div class=\"klb-readmore post-buttons\"><a class=\"button black outline size-sm\" href=\"https:\/\/madelinefashion.pl\/sk\/top-morris-limonka\/\">\u010c\u00edta\u0165 \u010falej <i class=\"klbth-icon-right-arrow\"><\/i><\/a><\/div>","protected":false},"featured_media":11563,"template":"","meta":[],"product_brand":[],"product_cat":[85],"product_tag":[292],"class_list":{"0":"post-2188","1":"product","2":"type-product","3":"status-publish","4":"has-post-thumbnail","6":"product_cat-t-shirty","7":"product_tag-topy","9":"first","10":"instock","11":"sale","12":"purchasable","13":"product-type-simple"},"_links":{"self":[{"href":"https:\/\/madelinefashion.pl\/sk\/wp-json\/wp\/v2\/product\/2188","targetHints":{"allow":["GET"]}}],"collection":[{"href":"https:\/\/madelinefashion.pl\/sk\/wp-json\/wp\/v2\/product"}],"about":[{"href":"https:\/\/madelinefashion.pl\/sk\/wp-json\/wp\/v2\/types\/product"}],"wp:featuredmedia":[{"embeddable":true,"href":"https:\/\/madelinefashion.pl\/sk\/wp-json\/wp\/v2\/media\/11563"}],"wp:attachment":[{"href":"https:\/\/madelinefashion.pl\/sk\/wp-json\/wp\/v2\/media?parent=2188"}],"wp:term":[{"taxonomy":"product_brand","embeddable":true,"href":"https:\/\/madelinefashion.pl\/sk\/wp-json\/wp\/v2\/product_brand?post=2188"},{"taxonomy":"product_cat","embeddable":true,"href":"https:\/\/madelinefashion.pl\/sk\/wp-json\/wp\/v2\/product_cat?post=2188"},{"taxonomy":"product_tag","embeddable":true,"href":"https:\/\/madelinefashion.pl\/sk\/wp-json\/wp\/v2\/product_tag?post=2188"}],"curies":[{"name":"pracovn\u00fd list","href":"https:\/\/api.w.org\/{rel}","templated":true}]}}