{"id":21976,"date":"2021-10-26T20:43:58","date_gmt":"2021-10-26T18:43:58","guid":{"rendered":"https:\/\/madelinefashion.pl\/?post_type=product&#038;p=21976"},"modified":"2026-03-05T17:03:29","modified_gmt":"2026-03-05T16:03:29","slug":"sukienka-sweterkowa-z-golfem-blekitna-amanda","status":"publish","type":"product","link":"https:\/\/madelinefashion.pl\/sk\/sukienka-sweterkowa-z-golfem-blekitna-amanda\/","title":{"rendered":"Sukienka Sweterkowa z Golfem B\u0142\u0119kitna Amanda"},"content":{"rendered":"<h3 style=\"text-align: center;\">Sukienka Sweterkowa z Golfem B\u0142\u0119kitna Amanda<\/h3>\n<p style=\"text-align: center;\">Strih kr\u00e1sne zv\u00fdrazn\u00ed postavu a <strong>\u017eensk\u00e9 tvary<\/strong>. Snov\u00fd sveter <strong>rol\u00e1kov\u00e9 \u0161aty<\/strong>. Vyroben\u00e9 z mimoriadne pr\u00edjemn\u00e9ho materi\u00e1lu. D\u00e1 sa cez hlavu, perfektne sed\u00ed na tele. <strong>Rol\u00e1kov\u00e9 \u0161aty<\/strong> dlh\u00fd, rovn\u00fd ruk\u00e1v. Svoj\u00edm jednoduch\u00fdm strihom a klasick\u00fdm vzorom zapadne do mnoh\u00fdch \u0161t\u00fdlov - navy\u0161e zdoben\u00fd jemn\u00fdmi rozparkami v spodnej \u010dasti. S \u00faspechom ju m\u00f4\u017eete nosi\u0165 na ka\u017edodenn\u00e9 v\u00fdlety, do pr\u00e1ce, na rodinn\u00e9 stretnutie alebo aj na v\u00fdznamnej\u0161iu pr\u00edle\u017eitos\u0165. V\u010faka \u0161trukt\u00fare materi\u00e1lu sa s n\u00edm bude lep\u0161ie pracova\u0165 <strong>po\u010das chladnej\u0161\u00edch dn\u00ed a prechodn\u00fdch obdob\u00ed<\/strong> alebo na <strong>zima s bundou<\/strong>. Odpor\u00fa\u010dame skombinova\u0165 s vysok\u00fdmi \u010di\u017emami, v\u010faka ktor\u00fdm vyniknete z davu.\u00a0 <strong>Ve\u013ekos\u0165 je UNIVERZ\u00c1LNA<\/strong> odpor\u00fa\u010dan\u00e9 pre d\u00e1my <strong> SML XL<\/strong><strong>,<\/strong>\u00a0ale odpor\u00fa\u010dame\u00a0<strong>presn\u00e9 meranie <\/strong>pod\u013ea ni\u017e\u0161ie uvedenej tabu\u013eky rozmerov. Dostupn\u00e9 na na\u0161om e-shope vo viacer\u00fdch farebn\u00fdch variantoch, tak nev\u00e1hajte a vyberte si t\u00fa, ktor\u00e1 je pre v\u00e1s ako stvoren\u00e1. Ak sa neviete rozhodn\u00fa\u0165, ktor\u00e1 farba je pre v\u00e1s najlep\u0161ia, kontaktujte n\u00e1s prostredn\u00edctvom <strong>Facebook<\/strong> alebo telef\u00f3n.<\/p>\n<p style=\"text-align: center;\">Tunika je prate\u013en\u00e1 do 30\u00b0C, ne\u017eehli\u0165, nie je vhodn\u00e1 do su\u0161i\u010dky.<\/p>\n<h3 style=\"text-align: center;\">Rozmery \u0161iat:<\/h3>\n<ul style=\"text-align: center;\">\n<li>Celkov\u00e1 d\u013a\u017eka 93 cm<\/li>\n<li>D\u013a\u017eka na strihanie (na boku) 76 cm<\/li>\n<li>\u0160\u00edrka od pazuchy po pazuchu od 50 cm - 59 cm<\/li>\n<li>\u0160\u00edrka v spodnej \u010dasti 48 cm - 56 cm<\/li>\n<li>D\u013a\u017eka ruk\u00e1va od ramena 67 cm<\/li>\n<li>D\u013a\u017eka ruk\u00e1va od podpazu\u0161ia 41 cm<\/li>\n<li><\/li>\n<\/ul>\n<p style=\"text-align: center;\">Rozmery sa m\u00f4\u017eu mierne l\u00ed\u0161i\u0165 od uveden\u00fdch +\/- 2cm. V\u0161etky uveden\u00e9 rozmery s\u00fa meran\u00e9 plo\u0161ne.<\/p>\n<table width=\"610\">\n<tbody>\n<tr>\n<td width=\"302\">Meno modela<\/td>\n<td width=\"302\">Rol\u00e1kov\u00e9 \u0161aty Amanda<\/td>\n<\/tr>\n<tr>\n<td width=\"302\">Farba<\/td>\n<td width=\"302\">Modr\u00e1<\/td>\n<\/tr>\n<tr>\n<td width=\"302\">ve\u013ekosti<\/td>\n<td width=\"302\">Univerz\u00e1lny<\/td>\n<\/tr>\n<tr>\n<td width=\"302\">Zbierka<\/td>\n<td width=\"302\">jar\/jese\u0148\/zima<\/td>\n<\/tr>\n<tr>\n<td width=\"302\">\u0160tiepenie<\/td>\n<td width=\"302\">Golf<\/td>\n<\/tr>\n<tr>\n<td width=\"302\">izolovan\u00e9<\/td>\n<td width=\"302\">jednopl\u00e1\u0161\u0165ov\u00e9<\/td>\n<\/tr>\n<tr>\n<td width=\"302\">Materi\u00e1l<\/td>\n<td width=\"302\">100% akryl<\/td>\n<\/tr>\n<\/tbody>\n<\/table>\n<section class=\"page-product-box\">\n<div class=\"rte\">\n<p style=\"text-align: center;\">\u00a0Model m\u00e1\u00a0<strong>165<\/strong>\u00a0cm vysok\u00fd, nos\u00ed ve\u013ekos\u0165 ka\u017ed\u00fd de\u0148\u00a0<strong>S<\/strong><\/p>\n<\/div>\n<\/section>","protected":false},"excerpt":{"rendered":"<p>Sukienka Sweterkowa z Golfem B\u0142\u0119kitna Amanda Kr\u00f3j pi\u0119knie podkre\u015bla figur\u0119 i kobiece kszta\u0142ty. Zjawiskowa sweterkowa sukienka z golfem. Wykonana z niezwykle przyjemnego materia\u0142u. Wk\u0142adana przez g\u0142ow\u0119, \u015bwietnie uk\u0142ada si\u0119 na ciele. Sukienka Golf na d\u0142ugi, prosty r\u0119kaw. Jej prosty kr\u00f3j i klasyczny wz\u00f3r wpisze si\u0119 w wiele stylizacji &#8211; dodatkowo ozdobiona delikatnymi rozci\u0119ciami na dole<\/p>\n<div class=\"klb-readmore post-buttons\"><a class=\"button black outline size-sm\" href=\"https:\/\/madelinefashion.pl\/sk\/sukienka-sweterkowa-z-golfem-blekitna-amanda\/\">\u010c\u00edta\u0165 \u010falej <i class=\"klbth-icon-right-arrow\"><\/i><\/a><\/div>","protected":false},"featured_media":21965,"template":"","meta":[],"product_brand":[],"product_cat":[158,395],"product_tag":[296],"class_list":{"0":"post-21976","1":"product","2":"type-product","3":"status-publish","4":"has-post-thumbnail","6":"product_cat-sukienki-sweterkowe","7":"product_cat-nowosci","8":"product_tag-tuniki","10":"first","11":"outofstock","12":"sale","13":"purchasable","14":"product-type-simple"},"_links":{"self":[{"href":"https:\/\/madelinefashion.pl\/sk\/wp-json\/wp\/v2\/product\/21976","targetHints":{"allow":["GET"]}}],"collection":[{"href":"https:\/\/madelinefashion.pl\/sk\/wp-json\/wp\/v2\/product"}],"about":[{"href":"https:\/\/madelinefashion.pl\/sk\/wp-json\/wp\/v2\/types\/product"}],"wp:featuredmedia":[{"embeddable":true,"href":"https:\/\/madelinefashion.pl\/sk\/wp-json\/wp\/v2\/media\/21965"}],"wp:attachment":[{"href":"https:\/\/madelinefashion.pl\/sk\/wp-json\/wp\/v2\/media?parent=21976"}],"wp:term":[{"taxonomy":"product_brand","embeddable":true,"href":"https:\/\/madelinefashion.pl\/sk\/wp-json\/wp\/v2\/product_brand?post=21976"},{"taxonomy":"product_cat","embeddable":true,"href":"https:\/\/madelinefashion.pl\/sk\/wp-json\/wp\/v2\/product_cat?post=21976"},{"taxonomy":"product_tag","embeddable":true,"href":"https:\/\/madelinefashion.pl\/sk\/wp-json\/wp\/v2\/product_tag?post=21976"}],"curies":[{"name":"pracovn\u00fd list","href":"https:\/\/api.w.org\/{rel}","templated":true}]}}