{"id":22100,"date":"2021-10-26T22:06:29","date_gmt":"2021-10-26T20:06:29","guid":{"rendered":"https:\/\/madelinefashion.pl\/?post_type=product&#038;p=22100"},"modified":"2026-03-05T17:03:28","modified_gmt":"2026-03-05T16:03:28","slug":"sukienka-sweterkowa-z-koronka-mia-bezowa","status":"publish","type":"product","link":"https:\/\/madelinefashion.pl\/sk\/sukienka-sweterkowa-z-koronka-mia-bezowa\/","title":{"rendered":"B\u00e9\u017eov\u00e9 \u010dipkovan\u00e9 svetrov\u00e9 \u0161aty Mia"},"content":{"rendered":"<h3 style=\"text-align: center;\">B\u00e9\u017eov\u00e9 \u010dipkovan\u00e9 svetrov\u00e9 \u0161aty Mia<\/h3>\n<p style=\"text-align: center;\">Strih kr\u00e1sne zv\u00fdrazn\u00ed postavu a <strong>\u017eensk\u00e9 tvary<\/strong>. \u0160aty maj\u00fa jemn\u00fd v\u00fdstrih zdoben\u00fd jemnou \u010dipkou a <strong>\u00a0dlh\u00e9 ruk\u00e1vy<\/strong> . Pod prsiami s\u00fa mierne z\u00fa\u017een\u00e9, \u010do kr\u00e1sne zv\u00fdrazn\u00ed postavu. Svetrov\u00e9 \u0161aty sa kr\u00e1sne prisp\u00f4sobia postave, v\u010faka \u010domu s\u00fa vhodn\u00e9 na ka\u017edodenn\u00e9 nosenie alebo na p\u00e1rty, kedy chcete vyzera\u0165 skvele a z\u00e1rove\u0148 sa skvele c\u00edti\u0165. V\u010faka \u0161trukt\u00fare materi\u00e1lu sa s n\u00edm bude lep\u0161ie pracova\u0165 <strong>po\u010das chladnej\u0161\u00edch dn\u00ed a prechodn\u00fdch obdob\u00ed <\/strong>alebo na zimu v kombin\u00e1cii s bundou. ve\u013ekos\u0165 je <strong>univerz\u00e1lny<\/strong>\u00a0, perfektne sed\u00ed na nosenie \u017eien\u00a0\u00a0<strong>S, M, L, XL<\/strong><strong>\u00a0<\/strong> IN<\/p>\n<h3 style=\"text-align: center;\">Rozmery \u0161iat:<\/h3>\n<ul style=\"text-align: center;\">\n<li>Celkov\u00e1 d\u013a\u017eka 97 cm<\/li>\n<li>Szeroko\u015b\u0107 w od pachy do pachy od 43 cm \u2013 54 cm<\/li>\n<li>Szeroko\u015b\u0107 w pasie od 34 cm \u2013 46 cm<\/li>\n<li>D\u013a\u017eka ruk\u00e1va od ramena 50 cm<\/li>\n<li>D\u013a\u017eka ruk\u00e1va od podpazu\u0161ia 44 cm<\/li>\n<li><\/li>\n<\/ul>\n<p style=\"text-align: center;\">Rozmery sa m\u00f4\u017eu mierne l\u00ed\u0161i\u0165 od uveden\u00fdch +\/- 2cm. V\u0161etky uveden\u00e9 rozmery s\u00fa meran\u00e9 plo\u0161ne.<\/p>\n<p style=\"text-align: center;\">rozmer x2<\/p>\n<table width=\"610\">\n<tbody>\n<tr>\n<td width=\"302\">Meno modela<\/td>\n<td width=\"302\">Mia \u010dipkovan\u00e9 svetr\u00edkov\u00e9 \u0161aty<\/td>\n<\/tr>\n<tr>\n<td width=\"302\">Farba<\/td>\n<td width=\"302\">B\u00e9\u017eov\u00e1<\/td>\n<\/tr>\n<tr>\n<td width=\"302\">ve\u013ekosti<\/td>\n<td width=\"302\">Univerz\u00e1lny<\/td>\n<\/tr>\n<tr>\n<td width=\"302\">Zbierka<\/td>\n<td width=\"302\">jar\/jese\u0148\/zima<\/td>\n<\/tr>\n<tr>\n<td width=\"302\">\u0160tiepenie<\/td>\n<td width=\"302\">Okr\u00fahly<\/td>\n<\/tr>\n<tr>\n<td width=\"302\">Na mieru<\/td>\n<td width=\"302\">\u00c1no<\/td>\n<\/tr>\n<tr>\n<td width=\"302\">Materi\u00e1l<\/td>\n<td width=\"302\">85% Akryl 15%Nylon<\/td>\n<\/tr>\n<\/tbody>\n<\/table>\n<section class=\"page-product-box\">\n<div class=\"rte\">\n<p style=\"text-align: center;\">\u00a0Model m\u00e1\u00a0<strong>165<\/strong>\u00a0cm vysok\u00fd, nos\u00ed ve\u013ekos\u0165 ka\u017ed\u00fd de\u0148\u00a0<strong>S<\/strong><\/p>\n<p>\u00a0<\/p>\n<\/div>\n<\/section>\n<p style=\"text-align: center;\">","protected":false},"excerpt":{"rendered":"<p>B\u00e9\u017eov\u00e9 \u010dipkovan\u00e9 svetrov\u00e9 \u0161aty Mia. Strih kr\u00e1sne zv\u00fdraz\u0148uje postavu a \u017eensk\u00e9 krivky. \u0160aty maj\u00fa jemn\u00fd v\u00fdstrih zdoben\u00fd jemnou \u010dipkou a dlh\u00e9 ruk\u00e1vy. Ruk\u00e1vy s\u00fa mierne z\u00fa\u017een\u00e9 pod poprs\u00edm, \u010d\u00edm kr\u00e1sne zd\u00f4raz\u0148uj\u00fa postavu. Svetrov\u00e9 \u0161aty kr\u00e1sne sedia postave, v\u010faka \u010domu s\u00fa vhodn\u00e9 na ka\u017edodenn\u00e9 nosenie alebo na p\u00e1rty, kedyko\u013evek budete chcie\u0165.<\/p>\n<div class=\"klb-readmore post-buttons\"><a class=\"button black outline size-sm\" href=\"https:\/\/madelinefashion.pl\/sk\/sukienka-sweterkowa-z-koronka-mia-bezowa\/\">\u010c\u00edta\u0165 \u010falej <i class=\"klbth-icon-right-arrow\"><\/i><\/a><\/div>","protected":false},"featured_media":22055,"template":"","meta":[],"product_brand":[],"product_cat":[158],"product_tag":[212],"class_list":{"0":"post-22100","1":"product","2":"type-product","3":"status-publish","4":"has-post-thumbnail","6":"product_cat-sukienki-sweterkowe","7":"product_tag-sukienki-bezowe","9":"first","10":"outofstock","11":"sale","12":"purchasable","13":"product-type-simple"},"_links":{"self":[{"href":"https:\/\/madelinefashion.pl\/sk\/wp-json\/wp\/v2\/product\/22100","targetHints":{"allow":["GET"]}}],"collection":[{"href":"https:\/\/madelinefashion.pl\/sk\/wp-json\/wp\/v2\/product"}],"about":[{"href":"https:\/\/madelinefashion.pl\/sk\/wp-json\/wp\/v2\/types\/product"}],"wp:featuredmedia":[{"embeddable":true,"href":"https:\/\/madelinefashion.pl\/sk\/wp-json\/wp\/v2\/media\/22055"}],"wp:attachment":[{"href":"https:\/\/madelinefashion.pl\/sk\/wp-json\/wp\/v2\/media?parent=22100"}],"wp:term":[{"taxonomy":"product_brand","embeddable":true,"href":"https:\/\/madelinefashion.pl\/sk\/wp-json\/wp\/v2\/product_brand?post=22100"},{"taxonomy":"product_cat","embeddable":true,"href":"https:\/\/madelinefashion.pl\/sk\/wp-json\/wp\/v2\/product_cat?post=22100"},{"taxonomy":"product_tag","embeddable":true,"href":"https:\/\/madelinefashion.pl\/sk\/wp-json\/wp\/v2\/product_tag?post=22100"}],"curies":[{"name":"pracovn\u00fd list","href":"https:\/\/api.w.org\/{rel}","templated":true}]}}