{"id":2217,"date":"2020-05-16T14:46:25","date_gmt":"2020-05-16T14:46:25","guid":{"rendered":"http:\/\/serwer2078743.home.pl\/?post_type=product&#038;p=2217"},"modified":"2025-09-09T10:38:38","modified_gmt":"2025-09-09T08:38:38","slug":"sukienka-gepard-maxi","status":"publish","type":"product","link":"https:\/\/madelinefashion.pl\/sk\/sukienka-gepard-maxi\/","title":{"rendered":"Cheetah Maxi \u0161aty"},"content":{"rendered":"<h3 style=\"text-align: center;\">Cheetah Maxi \u0161aty<\/h3>\n<p style=\"text-align: center;\"><span style=\"font-size: 10pt;\">Trochu divo\u010diny vo va\u0161om \u0161atn\u00edku! \u0160aty Cheetah Maxi v\u00e1s prenes\u00fa do jedine\u010dnej atmosf\u00e9ry tropickej d\u017eungle. Origin\u00e1lne \u0161aty so zvieracou potla\u010dou. Vyroben\u00e9 z jemnej, vzdu\u0161nej l\u00e1tky. Stojac\u00ed golier. V p\u00e1se je vo \u0161ve ukryt\u00e1 \u00fazka gumi\u010dka zv\u00fdraz\u0148uj\u00faca tvar postavy.\u00a0<\/span><\/p>\n<ul style=\"text-align: center;\">\n<li><span style=\"font-size: 10pt;\">\u00da\u017easn\u00e9 \u0161aty so zvierac\u00edmi vzormi<\/span><\/li>\n<li><span style=\"font-size: 10pt;\">V\u00fdstrih na gomb\u00edky<\/span><\/li>\n<li><span style=\"font-size: 10pt;\">3\/4 ruk\u00e1v<\/span><\/li>\n<li><span style=\"font-size: 10pt;\">Ide\u00e1lne pre mnoho \u0161t\u00fdlov!<\/span><\/li>\n<li><span style=\"font-size: 10pt;\">Na\u0161a najnov\u0161ia ponuka na ka\u017ed\u00fa pr\u00edle\u017eitos\u0165!<\/span><\/li>\n<\/ul>\n<h3 style=\"text-align: center;\">Rozmery:<\/h3>\n<ul style=\"text-align: center;\">\n<li><span style=\"font-size: 10pt;\">\u00a0\u00a0\u00a0\u00a0\u00a0\u00a0\u00a0 celkov\u00e1 d\u013a\u017eka: 120 cm\u00a0<\/span><\/li>\n<li><span style=\"font-size: 10pt;\">\u00a0\u00a0\u00a0\u00a0\u00a0\u00a0\u00a0 \u0161\u00edrka od pazuchy po pazuchu: 44-48 cm<\/span><\/li>\n<li><span style=\"font-size: 10pt;\">\u00a0\u00a0\u00a0\u00a0\u00a0\u00a0\u00a0 d\u013a\u017eka ruk\u00e1va od podpazu\u0161ia max: 42 cm<\/span><\/li>\n<li><span style=\"font-size: 10pt;\">\u00a0\u00a0\u00a0\u00a0\u00a0\u00a0\u00a0 d\u013a\u017eka ruk\u00e1va od ramena max: 56 cm<\/span><\/li>\n<li><span style=\"font-size: 10pt;\">\u00a0\u00a0\u00a0\u00a0\u00a0\u00a0\u00a0 \u0161\u00edrka p\u00e1sa: 31-48 cm<\/span><\/li>\n<li><span style=\"font-size: 10pt;\">\u00a0\u00a0\u00a0\u00a0\u00a0\u00a0\u00a0 odpor\u00fa\u010dan\u00fd maxim\u00e1lny obvod poprsia: 96 cm<\/span><\/li>\n<\/ul>\n<p style=\"text-align: center;\"><span style=\"font-size: 10pt;\">Rozmery sa m\u00f4\u017eu mierne l\u00ed\u0161i\u0165 od uveden\u00fdch +\/- 2cm. V\u0161etky uveden\u00e9 rozmery s\u00fa meran\u00e9 plo\u0161ne.<\/span><\/p>\n<table width=\"602\">\n<tbody>\n<tr>\n<td width=\"302\">Meno modela<\/td>\n<td width=\"302\">Cheetah Maxi \u0161aty<\/td>\n<\/tr>\n<tr>\n<td width=\"302\">Farba<\/td>\n<td width=\"302\">\u010cierny bronz<\/td>\n<\/tr>\n<tr>\n<td width=\"302\">M\u00f3da<\/td>\n<td width=\"302\">nadrozmern\u00e9<\/td>\n<\/tr>\n<tr>\n<td width=\"302\">Materi\u00e1l<\/td>\n<td width=\"302\">95 % Polyester 5% Elastan<\/td>\n<\/tr>\n<tr>\n<td width=\"302\">D\u013a\u017eka<\/td>\n<td width=\"302\">Na zem<\/td>\n<\/tr>\n<\/tbody>\n<\/table>\n<div class=\"tabs tabs-bb clear mb-80\">\n<div class=\"tab-content\">\n<div id=\"tab-description\" class=\"tab-pane fade in woocommerce-Tabs-panel--description active\">\n<p style=\"text-align: center;\">\u00a0Model m\u00e1 <strong>175<\/strong> cm vysok\u00fd, nos\u00ed ve\u013ekos\u0165 ka\u017ed\u00fd de\u0148\u00a0<strong>S<\/strong><\/p>\n<\/div>\n<\/div>\n<\/div>\n<p style=\"text-align: center;\"><span style=\"font-size: 10pt;\">\u00a0<\/span><\/p>\n<p style=\"text-align: center;\"><span style=\"font-size: 10pt;\">\u00a0<\/span><\/p>\n<p style=\"text-align: center;\"><span style=\"font-size: 10pt;\">\u00a0<\/span><\/p>\n<div class=\"additional-details\" style=\"text-align: center;\">\n<p><span style=\"font-size: 10pt;\">\u00a0<\/span><\/p>\n<p><span style=\"font-size: 10pt;\">\u00a0<\/span><\/p>\n<\/div>\n<div class=\"overview-buttons\" style=\"text-align: center;\"><span style=\"font-size: 10pt;\">\u00a0<\/span><\/div>\n<div class=\"additional-details\" style=\"text-align: center;\">\n<p style=\"text-align: center;\"><span style=\"font-size: 10pt;\">\u00a0<\/span><\/p>\n<\/div>","protected":false},"excerpt":{"rendered":"<p>Sukienka Gepard Maxi Odrobina dziko\u015bci w Twojej garderobie! Sukienka Gepard Maxi przeniesie Ci\u0119 w niepowtarzalny klimat tropikalnej d\u017cungli. Oryginalna, drukowana w zwierz\u0119cy print sukienka. Uszyta z delikatnej, zwiewnej tkaniny.\u00a0 Dekolt ze st\u00f3jk\u0105. W talii ukryta w szwie w\u0105ska gumka podkre\u015blaj\u0105ca kszta\u0142t sylwetki.\u00a0 Rewelacyjna sukienka we wzory zwierz\u0119ce Dekolt\u00a0na guziki R\u0119kaw 3\/4 Idealna do wielu stylizacji!<\/p>\n<div class=\"klb-readmore post-buttons\"><a class=\"button black outline size-sm\" href=\"https:\/\/madelinefashion.pl\/sk\/sukienka-gepard-maxi\/\">\u010c\u00edta\u0165 \u010falej <i class=\"klbth-icon-right-arrow\"><\/i><\/a><\/div>","protected":false},"featured_media":6461,"template":"","meta":[],"product_brand":[],"product_cat":[125,80],"product_tag":[],"class_list":{"0":"post-2217","1":"product","2":"type-product","3":"status-publish","4":"has-post-thumbnail","6":"product_cat-sukienki","7":"product_cat-sukienki-i-kombinezony","9":"first","10":"instock","11":"purchasable","12":"product-type-simple"},"_links":{"self":[{"href":"https:\/\/madelinefashion.pl\/sk\/wp-json\/wp\/v2\/product\/2217","targetHints":{"allow":["GET"]}}],"collection":[{"href":"https:\/\/madelinefashion.pl\/sk\/wp-json\/wp\/v2\/product"}],"about":[{"href":"https:\/\/madelinefashion.pl\/sk\/wp-json\/wp\/v2\/types\/product"}],"wp:featuredmedia":[{"embeddable":true,"href":"https:\/\/madelinefashion.pl\/sk\/wp-json\/wp\/v2\/media\/6461"}],"wp:attachment":[{"href":"https:\/\/madelinefashion.pl\/sk\/wp-json\/wp\/v2\/media?parent=2217"}],"wp:term":[{"taxonomy":"product_brand","embeddable":true,"href":"https:\/\/madelinefashion.pl\/sk\/wp-json\/wp\/v2\/product_brand?post=2217"},{"taxonomy":"product_cat","embeddable":true,"href":"https:\/\/madelinefashion.pl\/sk\/wp-json\/wp\/v2\/product_cat?post=2217"},{"taxonomy":"product_tag","embeddable":true,"href":"https:\/\/madelinefashion.pl\/sk\/wp-json\/wp\/v2\/product_tag?post=2217"}],"curies":[{"name":"pracovn\u00fd list","href":"https:\/\/api.w.org\/{rel}","templated":true}]}}