{"id":22234,"date":"2021-10-27T16:00:21","date_gmt":"2021-10-27T14:00:21","guid":{"rendered":"https:\/\/madelinefashion.pl\/?post_type=product&#038;p=22234"},"modified":"2026-01-20T10:34:09","modified_gmt":"2026-01-20T09:34:09","slug":"golf-dopasowany-z-guziczkami-na-rekawie-tiffani-bialy","status":"publish","type":"product","link":"https:\/\/madelinefashion.pl\/sk\/golf-dopasowany-z-guziczkami-na-rekawie-tiffani-bialy\/","title":{"rendered":"Rol\u00e1k na mieru s gomb\u00edkmi na bielych ruk\u00e1voch Tiffani"},"content":{"rendered":"<h3 style=\"text-align: center;\">Rol\u00e1k na mieru s gomb\u00edkmi na bielych ruk\u00e1voch Tiffani<\/h3>\n<p style=\"text-align: center;\">Jednofarebn\u00e1 klasick\u00e1 rol\u00e1kov\u00e1 bl\u00fazka. Vyroben\u00e9 z elastick\u00e9ho materi\u00e1lu zdoben\u00e9 zlat\u00fdmi gomb\u00edkmi na ruk\u00e1ve. Rebrovan\u00fd rol\u00e1k jednej ve\u013ekosti. Rol\u00e1k na mieru so zlat\u00fdmi gomb\u00edkmi na ruk\u00e1ve. Skvele sa bude hodi\u0165 k jesenn\u00fdm \u0161tyliz\u00e1ci\u00e1m. Vyroben\u00e9 z elastick\u00e9ho materi\u00e1lu pr\u00edjemn\u00e9ho na dotyk. Univerz\u00e1lna ve\u013ekos\u0165, odpor\u00fa\u010dan\u00e1 od XS po L<\/p>\n<h3 style=\"text-align: center;\">\u00a0 \u00a0 \u00a0Rozmery:<\/h3>\n<ul style=\"text-align: center;\">\n<li>celkov\u00e1 d\u013a\u017eka: 63 cm<\/li>\n<li>\u0161\u00edrka od pazuchy po pazuchu: 43 cm -54 cm<\/li>\n<li>d\u013a\u017eka ruk\u00e1va od ramena: 64 cm<\/li>\n<li>d\u013a\u017eka ruk\u00e1va od pazuchy: 51 cm<\/li>\n<li>odpor\u00fa\u010dan\u00fd maxim\u00e1lny obvod poprsia: 108 cm<\/li>\n<\/ul>\n<p>&nbsp;<\/p>\n<p style=\"text-align: center;\">Rozmery sa m\u00f4\u017eu mierne l\u00ed\u0161i\u0165 od uveden\u00fdch +\/- 2cm. V\u0161etky uveden\u00e9 rozmery s\u00fa meran\u00e9 plo\u0161ne.<\/p>\n<table>\n<tbody>\n<tr>\n<td width=\"302\">Meno modela<\/td>\n<td width=\"302\">Rol\u00e1k vybaven\u00fd gomb\u00edkmi na ruk\u00e1ve Tiffani<\/td>\n<\/tr>\n<tr>\n<td width=\"302\">Farba<\/td>\n<td width=\"302\">biely<\/td>\n<\/tr>\n<tr>\n<td width=\"302\">ve\u013ekosti<\/td>\n<td width=\"302\">Univerz\u00e1lny<\/td>\n<\/tr>\n<tr>\n<td width=\"302\">M\u00f3da<\/td>\n<td width=\"302\">Na mieru<\/td>\n<\/tr>\n<tr>\n<td width=\"302\">Materi\u00e1l<\/td>\n<td width=\"302\">50 % Visk\u00f3za 29% Polyester 21% Polamid<\/td>\n<\/tr>\n<\/tbody>\n<\/table>\n<p>&nbsp;<\/p>\n<p>&nbsp;<\/p>\n<p style=\"text-align: center;\">Model m\u00e1\u00a0<strong>169<\/strong>\u00a0cm vysok\u00fd, nos\u00ed ve\u013ekos\u0165 ka\u017ed\u00fd de\u0148\u00a0<strong>S<\/strong><\/p>\n<p style=\"text-align: center;\">\u0160\u00edrka cez prsia 92 cm<\/p>\n<p style=\"text-align: center;\">\u0160\u00edrka v p\u00e1se 62 cm<\/p>\n<p style=\"text-align: center;\">\u0160\u00edrka v bokoch 94 cm<\/p>\n<p style=\"text-align: center;\">","protected":false},"excerpt":{"rendered":"<p>Golf Dopasowany z Guziczkami Na R\u0119kawie Tiffani Bia\u0142y Jednokolorowa klasyczna bluzka z golfem. Uszyta z elastycznego materia\u0142u zdobiony na r\u0119kawie z\u0142otymi guziczkami.\u00a0 Pr\u0105\u017ckowany golf w rozmiarze uniwersalnym. Dopasowany golf ze z\u0142otymi guziczkami na r\u0119kawie. \u015awietnie sprawdzi si\u0119 w jesiennych stylizacjach. Wykonany z przyjemnego w dotyku elastycznego materia\u0142u. Rozmiar uniwersalny zalecany od XS do L \u00a0<\/p>\n<div class=\"klb-readmore post-buttons\"><a class=\"button black outline size-sm\" href=\"https:\/\/madelinefashion.pl\/sk\/golf-dopasowany-z-guziczkami-na-rekawie-tiffani-bialy\/\">\u010c\u00edta\u0165 \u010falej <i class=\"klbth-icon-right-arrow\"><\/i><\/a><\/div>","protected":false},"featured_media":32873,"template":"","meta":[],"product_brand":[],"product_cat":[77,395],"product_tag":[],"class_list":{"0":"post-22234","1":"product","2":"type-product","3":"status-publish","4":"has-post-thumbnail","6":"product_cat-bluzki","7":"product_cat-nowosci","9":"first","10":"instock","11":"sale","12":"purchasable","13":"product-type-simple"},"_links":{"self":[{"href":"https:\/\/madelinefashion.pl\/sk\/wp-json\/wp\/v2\/product\/22234","targetHints":{"allow":["GET"]}}],"collection":[{"href":"https:\/\/madelinefashion.pl\/sk\/wp-json\/wp\/v2\/product"}],"about":[{"href":"https:\/\/madelinefashion.pl\/sk\/wp-json\/wp\/v2\/types\/product"}],"wp:featuredmedia":[{"embeddable":true,"href":"https:\/\/madelinefashion.pl\/sk\/wp-json\/wp\/v2\/media\/32873"}],"wp:attachment":[{"href":"https:\/\/madelinefashion.pl\/sk\/wp-json\/wp\/v2\/media?parent=22234"}],"wp:term":[{"taxonomy":"product_brand","embeddable":true,"href":"https:\/\/madelinefashion.pl\/sk\/wp-json\/wp\/v2\/product_brand?post=22234"},{"taxonomy":"product_cat","embeddable":true,"href":"https:\/\/madelinefashion.pl\/sk\/wp-json\/wp\/v2\/product_cat?post=22234"},{"taxonomy":"product_tag","embeddable":true,"href":"https:\/\/madelinefashion.pl\/sk\/wp-json\/wp\/v2\/product_tag?post=22234"}],"curies":[{"name":"pracovn\u00fd list","href":"https:\/\/api.w.org\/{rel}","templated":true}]}}