{"id":22765,"date":"2021-11-02T16:54:59","date_gmt":"2021-11-02T15:54:59","guid":{"rendered":"https:\/\/madelinefashion.pl\/?post_type=product&#038;p=22765"},"modified":"2026-02-20T14:58:16","modified_gmt":"2026-02-20T13:58:16","slug":"sweterek-z-koronka-bezowy-susa","status":"publish","type":"product","link":"https:\/\/madelinefashion.pl\/sk\/sweterek-z-koronka-bezowy-susa\/","title":{"rendered":"Sweterek z Koronk\u0105 Be\u017cowy Susa"},"content":{"rendered":"<h3 style=\"text-align: center;\">Sweterek z Koronk\u0105 Be\u017cowy Susa<\/h3>\n<p style=\"text-align: center;\"><strong>Sweterek z Koronk\u0105 Be\u017cowy Susa<\/strong>\u2013 nadaje si\u0119 zar\u00f3wno na co dzie\u0144, jak i na bardziej \u015bwi\u0105teczne okazje. Idealna dla Pa\u0144 w rozmiarze <strong>XS,S,M,L <\/strong>Svetr\u00edk s ozdobnou \u010dipkou dod\u00e1 v\u00e1\u0161mu stylingu nad\u010dasov\u00fd \u0161ik.<strong> M\u00e4kk\u00e9 a pohodln\u00e9.<\/strong>\u00a0 Sweterek posiada \u015bci\u0105gacz na r\u0119kawach oraz na dole dzi\u0119ki czemu idealnie dopasowuje si\u0119 do sylwetki.\u00a0 Sweterek wykonany z mi\u0142ego i przyjemnego w dotyku materia\u0142u posiada dekolt w styl V r\u00f3wnie\u017c na plecach.<\/p>\n<h3 style=\"text-align: center;\">\u00a0 \u00a0 \u00a0Rozmery:<\/h3>\n<ul style=\"text-align: center;\">\n<li style=\"list-style-type: none;\">\n<ul>\n<li>celkov\u00e1 d\u013a\u017eka: 58 cm<\/li>\n<li>szeroko\u015b\u0107 od pachy do pachy: 57 cm\u00a0 -59 cm<\/li>\n<li>d\u013a\u017eka ruk\u00e1va od ramena: 63 cm<\/li>\n<li>d\u013a\u017eka ruk\u00e1va od podpazu\u0161ia: 48 cm<\/li>\n<\/ul>\n<p>Rozmery sa m\u00f4\u017eu mierne l\u00ed\u0161i\u0165 od uveden\u00fdch +\/- 2cm. V\u0161etky uveden\u00e9 rozmery s\u00fa meran\u00e9 plo\u0161ne. rozmer x2<\/li>\n<\/ul>\n<table style=\"height: 160px;\" width=\"707\">\n<tbody>\n<tr>\n<td width=\"302\">Meno modela<\/td>\n<td width=\"302\">Sweterek z Koronk\u0105\u00a0 Susa<\/td>\n<\/tr>\n<tr>\n<td width=\"302\">Farba<\/td>\n<td width=\"302\">Bez<\/td>\n<\/tr>\n<tr>\n<td width=\"302\">ve\u013ekosti<\/td>\n<td width=\"302\">Univerz\u00e1lny<\/td>\n<\/tr>\n<tr>\n<td width=\"302\">M\u00f3da<\/td>\n<td width=\"302\">nadrozmern\u00e9<\/td>\n<\/tr>\n<tr>\n<td width=\"302\">Materi\u00e1l<\/td>\n<td width=\"302\">15% Bawe\u0142na\u00a0 20% Viskoza 55% Akryl 10% Elastian<\/td>\n<\/tr>\n<\/tbody>\n<\/table>\n<p>\u00a0<\/p>\n<p>\u00a0<\/p>\n<div class=\"tabs tabs-bb clear mb-80\">\n<div class=\"tab-content\">\n<div id=\"tab-description\" class=\"tab-pane fade in woocommerce-Tabs-panel--description active\">\n<div class=\"tabs tabs-bb clear mb-80\">\n<div class=\"tab-content\">\n<div id=\"tab-description\" class=\"tab-pane fade in woocommerce-Tabs-panel--description active\">\n<p style=\"text-align: center;\">\u00a0Model m\u00e1\u00a0<strong>165<\/strong>\u00a0cm vysok\u00fd, nos\u00ed ve\u013ekos\u0165 ka\u017ed\u00fd de\u0148\u00a0<strong>S<\/strong><\/p>\n<\/div>\n<\/div>\n<\/div>\n<\/div>\n<\/div>\n<\/div>\n<section class=\"up-sells upsells products mb-80\"><\/section>\n<p style=\"text-align: center;\">","protected":false},"excerpt":{"rendered":"<p>Sweterek z Koronk\u0105 Be\u017cowy Susa Sweterek z Koronk\u0105 Be\u017cowy Susa\u2013 nadaje si\u0119 zar\u00f3wno na co dzie\u0144, jak i na bardziej \u015bwi\u0105teczne okazje. Idealna dla Pa\u0144 w rozmiarze XS,S,M,L Sweterek z ozdobn\u0105 koronk\u0105 nada twojej stylizacji ponadczasowego szyku. Mi\u0119kki i wygodny.\u00a0 Sweterek posiada \u015bci\u0105gacz na r\u0119kawach oraz na dole dzi\u0119ki czemu idealnie dopasowuje si\u0119 do sylwetki.\u00a0<\/p>\n<div class=\"klb-readmore post-buttons\"><a class=\"button black outline size-sm\" href=\"https:\/\/madelinefashion.pl\/sk\/sweterek-z-koronka-bezowy-susa\/\">\u010c\u00edta\u0165 \u010falej <i class=\"klbth-icon-right-arrow\"><\/i><\/a><\/div>","protected":false},"featured_media":22748,"template":"","meta":[],"product_brand":[],"product_cat":[77,395,78],"product_tag":[],"class_list":{"0":"post-22765","1":"product","2":"type-product","3":"status-publish","4":"has-post-thumbnail","6":"product_cat-bluzki","7":"product_cat-nowosci","8":"product_cat-swetry-damskie","10":"first","11":"outofstock","12":"purchasable","13":"product-type-simple"},"_links":{"self":[{"href":"https:\/\/madelinefashion.pl\/sk\/wp-json\/wp\/v2\/product\/22765","targetHints":{"allow":["GET"]}}],"collection":[{"href":"https:\/\/madelinefashion.pl\/sk\/wp-json\/wp\/v2\/product"}],"about":[{"href":"https:\/\/madelinefashion.pl\/sk\/wp-json\/wp\/v2\/types\/product"}],"wp:featuredmedia":[{"embeddable":true,"href":"https:\/\/madelinefashion.pl\/sk\/wp-json\/wp\/v2\/media\/22748"}],"wp:attachment":[{"href":"https:\/\/madelinefashion.pl\/sk\/wp-json\/wp\/v2\/media?parent=22765"}],"wp:term":[{"taxonomy":"product_brand","embeddable":true,"href":"https:\/\/madelinefashion.pl\/sk\/wp-json\/wp\/v2\/product_brand?post=22765"},{"taxonomy":"product_cat","embeddable":true,"href":"https:\/\/madelinefashion.pl\/sk\/wp-json\/wp\/v2\/product_cat?post=22765"},{"taxonomy":"product_tag","embeddable":true,"href":"https:\/\/madelinefashion.pl\/sk\/wp-json\/wp\/v2\/product_tag?post=22765"}],"curies":[{"name":"pracovn\u00fd list","href":"https:\/\/api.w.org\/{rel}","templated":true}]}}