{"id":22813,"date":"2021-11-02T18:19:54","date_gmt":"2021-11-02T17:19:54","guid":{"rendered":"https:\/\/madelinefashion.pl\/?post_type=product&#038;p=22813"},"modified":"2025-09-09T10:33:10","modified_gmt":"2025-09-09T08:33:10","slug":"sukienka-dopasowana-z-marszczeniami-ellie-karmelowa","status":"publish","type":"product","link":"https:\/\/madelinefashion.pl\/sk\/sukienka-dopasowana-z-marszczeniami-ellie-karmelowa\/","title":{"rendered":"Priliehav\u00e9 \u0161aty s ruching Ellie Caramel"},"content":{"rendered":"<h3 style=\"text-align: center;\">Priliehav\u00e9 \u0161aty s ruching Ellie Caramel<\/h3>\n<p style=\"text-align: center;\"><strong>\u0160aty s vol\u00e1nikmi Ellie <\/strong>vo farbe<strong> karamel<\/strong>\u00a0je model, v ktorom up\u00fatate pozornos\u0165. <strong>\u00a0\u0160aty<\/strong> so zlat\u00fdmi retiazkami - super sexi. c\u00edti\u0165<strong> v\u00fdnimo\u010dne. <\/strong>Ve\u013emi m\u00e4kk\u00fd a pru\u017en\u00fd materi\u00e1l. Ma <strong>z\u00e1hyby<\/strong> na viacer\u00fdch miestach, medzi in\u00fdmi <strong>na zadku<\/strong>tak, \u017ee bud\u00fa pod\u010diarknut\u00e9 a <strong>opticky zv\u00e4\u010d\u0161en\u00e9!<\/strong> <strong>Sexi obtiahnut\u00e9 mini\u0161aty v\u00e1s odl\u00ed\u0161ia od davu. <\/strong>\u0160aty v univerz\u00e1lnej ve\u013ekosti, odpor\u00fa\u010dame od XS do max L<\/p>\n<p>&nbsp;<\/p>\n<h3 style=\"text-align: center;\">Rozmery:<\/h3>\n<ul>\n<li style=\"text-align: center;\">\u00a0 \u00a0 Celkov\u00e1 predn\u00e1 d\u013a\u017eka - 90 cm<\/li>\n<li style=\"text-align: center;\">Celkov\u00e1 d\u013a\u017eka chrbta: 76 cm<\/li>\n<li style=\"text-align: center;\">\u0160\u00edrka od pazuchy po pazuchu - 36-48 cm<\/li>\n<li style=\"text-align: center;\">\u0160\u00edrka p\u00e1sa - 25-38 cm<\/li>\n<li style=\"text-align: center;\"><\/li>\n<\/ul>\n<p style=\"text-align: center;\">Rozmery sa m\u00f4\u017eu mierne l\u00ed\u0161i\u0165 od uveden\u00fdch +\/- 2cm. V\u0161etky uveden\u00e9 rozmery s\u00fa meran\u00e9 plo\u0161ne. <strong>rozmer x2<\/strong><\/p>\n<h3 style=\"text-align: center;\">Charakteristika:<\/h3>\n<p style=\"text-align: center;\">- \u0161aty p<br \/>\n- retiazkov\u00e9 ramenn\u00e9 popruhy<br \/>\n- univerz\u00e1lny<br \/>\n- vol\u00e1niky na chrbte<br \/>\n-m\u00f3dne<br \/>\n-\u017dena<br \/>\n- osaden\u00e1<\/p>\n<p>&nbsp;<\/p>\n<table>\n<tbody>\n<tr>\n<td width=\"302\"><span style=\"font-size: 10pt;\">Meno modela<\/span><\/td>\n<td width=\"302\">\u0160aty s vol\u00e1nikmi Ellie<\/td>\n<\/tr>\n<tr>\n<td width=\"302\"><span style=\"font-size: 10pt;\">Farba<\/span><\/td>\n<td width=\"302\">karamel<\/td>\n<\/tr>\n<tr>\n<td width=\"302\"><span style=\"font-size: 10pt;\">M\u00f3da<\/span><\/td>\n<td width=\"302\"><span style=\"font-size: 10pt;\">Zhoda<\/span><\/td>\n<\/tr>\n<tr>\n<td width=\"302\"><span style=\"font-size: 10pt;\">Materi\u00e1l<\/span><\/td>\n<td width=\"302\"><span style=\"font-size: 10pt;\">95 % Polyester 5% Elastan<\/span><\/td>\n<\/tr>\n<tr>\n<td width=\"302\"><span style=\"font-size: 10pt;\">D\u013a\u017eka<\/span><\/td>\n<td width=\"302\"><span style=\"font-size: 10pt;\">Pred kolenom<\/span><\/td>\n<\/tr>\n<\/tbody>\n<\/table>\n<p>&nbsp;<\/p>\n<p style=\"text-align: center;\"><span style=\"font-size: 10pt;\">\u00a0<\/span><\/p>\n<div class=\"tabs tabs-bb clear mb-80\">\n<div class=\"tab-content\">\n<div id=\"tab-description\" class=\"tab-pane fade in woocommerce-Tabs-panel--description active\">\n<p style=\"text-align: center;\">\u00a0Model m\u00e1\u00a0<strong>165<\/strong>\u00a0cm vysok\u00fd, nos\u00ed ve\u013ekos\u0165 ka\u017ed\u00fd de\u0148\u00a0<strong>S<\/strong><\/p>\n<\/div>\n<\/div>\n<\/div>","protected":false},"excerpt":{"rendered":"<p>Sukienka Dopasowana z Marszczeniami Ellie Karmelowa Sukienka Dopasowana z Marszczeniami Ellie w kolorze karmelowym\u00a0to model w kt\u00f3rym b\u0119dziesz przykuwa\u0107 spojrzenia. \u00a0Sukienka na rami\u0105czkach ze z\u0142otego \u0142a\u0144cuszka &#8211; mega sexowna. Poczuj si\u0119 wyj\u0105tkowo. Bardzo mi\u0119kki i rozci\u0105gliwy materia\u0142. Ma marszczenia w kilku miejscach, mi\u0119dzy innymi na po\u015bladkach, dzi\u0119ki czemu b\u0119d\u0105 one podkre\u015blone i optycznie powi\u0119kszone! Sexowna<\/p>\n<div class=\"klb-readmore post-buttons\"><a class=\"button black outline size-sm\" href=\"https:\/\/madelinefashion.pl\/sk\/sukienka-dopasowana-z-marszczeniami-ellie-karmelowa\/\">\u010c\u00edta\u0165 \u010falej <i class=\"klbth-icon-right-arrow\"><\/i><\/a><\/div>","protected":false},"featured_media":22790,"template":"","meta":[],"product_brand":[],"product_cat":[125,395],"product_tag":[],"class_list":{"0":"post-22813","1":"product","2":"type-product","3":"status-publish","4":"has-post-thumbnail","6":"product_cat-sukienki","7":"product_cat-nowosci","9":"first","10":"instock","11":"purchasable","12":"product-type-simple"},"_links":{"self":[{"href":"https:\/\/madelinefashion.pl\/sk\/wp-json\/wp\/v2\/product\/22813","targetHints":{"allow":["GET"]}}],"collection":[{"href":"https:\/\/madelinefashion.pl\/sk\/wp-json\/wp\/v2\/product"}],"about":[{"href":"https:\/\/madelinefashion.pl\/sk\/wp-json\/wp\/v2\/types\/product"}],"wp:featuredmedia":[{"embeddable":true,"href":"https:\/\/madelinefashion.pl\/sk\/wp-json\/wp\/v2\/media\/22790"}],"wp:attachment":[{"href":"https:\/\/madelinefashion.pl\/sk\/wp-json\/wp\/v2\/media?parent=22813"}],"wp:term":[{"taxonomy":"product_brand","embeddable":true,"href":"https:\/\/madelinefashion.pl\/sk\/wp-json\/wp\/v2\/product_brand?post=22813"},{"taxonomy":"product_cat","embeddable":true,"href":"https:\/\/madelinefashion.pl\/sk\/wp-json\/wp\/v2\/product_cat?post=22813"},{"taxonomy":"product_tag","embeddable":true,"href":"https:\/\/madelinefashion.pl\/sk\/wp-json\/wp\/v2\/product_tag?post=22813"}],"curies":[{"name":"pracovn\u00fd list","href":"https:\/\/api.w.org\/{rel}","templated":true}]}}