{"id":22835,"date":"2021-11-02T18:54:40","date_gmt":"2021-11-02T17:54:40","guid":{"rendered":"https:\/\/madelinefashion.pl\/?post_type=product&#038;p=22835"},"modified":"2026-04-10T14:43:40","modified_gmt":"2026-04-10T12:43:40","slug":"sukienka-brokatowa-dopasowana-z-marszczeniami-amber-czarna","status":"publish","type":"product","link":"https:\/\/madelinefashion.pl\/sk\/sukienka-brokatowa-dopasowana-z-marszczeniami-amber-czarna\/","title":{"rendered":"Priliehav\u00e9 trblietav\u00e9 \u0161aty s ruching Amber Black"},"content":{"rendered":"<h3 style=\"text-align: center;\">Priliehav\u00e9 trblietav\u00e9 \u0161aty s ruching Amber Black<\/h3>\n<p style=\"text-align: center;\"><strong>Priliehav\u00e9 trblietav\u00e9 \u0161aty s ruching Amber Black <\/strong>\u00a0je model, v ktorom up\u00fatate pozornos\u0165. <strong>\u00a0\u0160aty<\/strong> na nastavite\u013en\u00fdch ramienkach s v\u00fdstrihom do V m\u00e1 <strong>stu\u017eovacie poh\u00e1re<\/strong>. c\u00edti\u0165<strong> v\u00fdnimo\u010dne. <\/strong>Ve\u013emi m\u00e4kk\u00fd a pru\u017en\u00fd materi\u00e1l. Ma <strong>z\u00e1hyby<\/strong> Na p\u00e1r miestach. <strong>Sexi obtiahnut\u00e9 mini\u0161aty v\u00e1s odl\u00ed\u0161ia od davu. <\/strong>\u0160aty v univerz\u00e1lnej ve\u013ekosti, odpor\u00fa\u010dan\u00e9 od XS do max M. Glitrov\u00e9 mini\u0161aty sa zap\u00ednaj\u00fa na kryt\u00fd zips na chrbte.<\/p>\n<p>&nbsp;<\/p>\n<h3 style=\"text-align: center;\">Rozmery:<\/h3>\n<ul>\n<li style=\"text-align: center;\">\u00a0 \u00a0 Celkov\u00e1 d\u013a\u017eka - 83 cm<\/li>\n<li style=\"text-align: center;\">\u0160\u00edrka od pazuchy po pazuchu - 31-44 cm<\/li>\n<li style=\"text-align: center;\">\u0160\u00edrka p\u00e1sa - 25-34 cm<\/li>\n<li style=\"text-align: center;\"><\/li>\n<\/ul>\n<p style=\"text-align: center;\">Rozmery sa m\u00f4\u017eu mierne l\u00ed\u0161i\u0165 od uveden\u00fdch +\/- 2cm. V\u0161etky uveden\u00e9 rozmery s\u00fa meran\u00e9 plo\u0161ne. <strong>rozmer x2<\/strong><\/p>\n<h3 style=\"text-align: center;\">Charakteristika:<\/h3>\n<p style=\"text-align: center;\">- \u0161aty p<br \/>\n- lesk<br \/>\n- V-v\u00fdstrih<br \/>\n- z\u00e1hyby<br \/>\n-m\u00f3dne<br \/>\n-\u017dena<br \/>\n- osaden\u00e1<\/p>\n<p>&nbsp;<\/p>\n<table style=\"height: 156px;\" width=\"763\">\n<tbody>\n<tr>\n<td width=\"302\"><span style=\"font-size: 10pt;\">Meno modela<\/span><\/td>\n<td width=\"302\">Jant\u00e1rov\u00e9 zladen\u00e9 trblietav\u00e9 \u0161aty s vol\u00e1nikmi<\/td>\n<\/tr>\n<tr>\n<td width=\"302\"><span style=\"font-size: 10pt;\">Farba<\/span><\/td>\n<td width=\"302\">\u010dierna<\/td>\n<\/tr>\n<tr>\n<td width=\"302\"><span style=\"font-size: 10pt;\">M\u00f3da<\/span><\/td>\n<td width=\"302\"><span style=\"font-size: 10pt;\">Zhoda<\/span><\/td>\n<\/tr>\n<tr>\n<td width=\"302\"><span style=\"font-size: 10pt;\">Materi\u00e1l<\/span><\/td>\n<td width=\"302\"><span style=\"font-size: 10pt;\">95 % Polyester 5% Elastan<\/span><\/td>\n<\/tr>\n<tr>\n<td width=\"302\"><span style=\"font-size: 10pt;\">D\u013a\u017eka<\/span><\/td>\n<td width=\"302\"><span style=\"font-size: 10pt;\">Pred kolenom<\/span><\/td>\n<\/tr>\n<\/tbody>\n<\/table>\n<p>&nbsp;<\/p>\n<p style=\"text-align: center;\"><span style=\"font-size: 10pt;\">\u00a0<\/span><\/p>\n<div class=\"tabs tabs-bb clear mb-80\">\n<div class=\"tab-content\">\n<div id=\"tab-description\" class=\"tab-pane fade in woocommerce-Tabs-panel--description active\">\n<p style=\"text-align: center;\">\u00a0Model m\u00e1\u00a0<strong>165<\/strong>\u00a0cm vysok\u00fd, nos\u00ed ve\u013ekos\u0165 ka\u017ed\u00fd de\u0148\u00a0<strong>S<\/strong><\/p>\n<\/div>\n<\/div>\n<\/div>","protected":false},"excerpt":{"rendered":"<p>Sukienka Brokatowa Dopasowana z Marszczeniami Amber Czarna Sukienka Brokatowa Dopasowana z Marszczeniami Amber Czarna \u00a0to model w kt\u00f3rym b\u0119dziesz przykuwa\u0107 spojrzenia. \u00a0Sukienka na regulowanych rami\u0105czkach z dekoltem w stylu V posiada miseczki usztywniaj\u0105ce. Poczuj si\u0119 wyj\u0105tkowo. Bardzo mi\u0119kki i rozci\u0105gliwy materia\u0142. Ma marszczenia w kilku miejscach. Sexowna obcis\u0142a sukienka mini spowoduje, \u017ce w niej wyr\u00f3\u017cnisz<\/p>\n<div class=\"klb-readmore post-buttons\"><a class=\"button black outline size-sm\" href=\"https:\/\/madelinefashion.pl\/sk\/sukienka-brokatowa-dopasowana-z-marszczeniami-amber-czarna\/\">\u010c\u00edta\u0165 \u010falej <i class=\"klbth-icon-right-arrow\"><\/i><\/a><\/div>","protected":false},"featured_media":22819,"template":"","meta":[],"product_brand":[],"product_cat":[125,124,395,560],"product_tag":[213],"class_list":{"0":"post-22835","1":"product","2":"type-product","3":"status-publish","4":"has-post-thumbnail","6":"product_cat-sukienki","7":"product_cat-sukienki-okolicznosciowe","8":"product_cat-nowosci","9":"product_cat-sukienki-brokatowe","10":"product_tag-sukienka-czarna","12":"first","13":"instock","14":"purchasable","15":"product-type-simple"},"_links":{"self":[{"href":"https:\/\/madelinefashion.pl\/sk\/wp-json\/wp\/v2\/product\/22835","targetHints":{"allow":["GET"]}}],"collection":[{"href":"https:\/\/madelinefashion.pl\/sk\/wp-json\/wp\/v2\/product"}],"about":[{"href":"https:\/\/madelinefashion.pl\/sk\/wp-json\/wp\/v2\/types\/product"}],"wp:featuredmedia":[{"embeddable":true,"href":"https:\/\/madelinefashion.pl\/sk\/wp-json\/wp\/v2\/media\/22819"}],"wp:attachment":[{"href":"https:\/\/madelinefashion.pl\/sk\/wp-json\/wp\/v2\/media?parent=22835"}],"wp:term":[{"taxonomy":"product_brand","embeddable":true,"href":"https:\/\/madelinefashion.pl\/sk\/wp-json\/wp\/v2\/product_brand?post=22835"},{"taxonomy":"product_cat","embeddable":true,"href":"https:\/\/madelinefashion.pl\/sk\/wp-json\/wp\/v2\/product_cat?post=22835"},{"taxonomy":"product_tag","embeddable":true,"href":"https:\/\/madelinefashion.pl\/sk\/wp-json\/wp\/v2\/product_tag?post=22835"}],"curies":[{"name":"pracovn\u00fd list","href":"https:\/\/api.w.org\/{rel}","templated":true}]}}