{"id":22998,"date":"2021-11-04T05:12:31","date_gmt":"2021-11-04T04:12:31","guid":{"rendered":"https:\/\/madelinefashion.pl\/?post_type=product&#038;p=22998"},"modified":"2026-01-20T10:34:07","modified_gmt":"2026-01-20T09:34:07","slug":"koszula-zapinana-na-guziki-pola-czarna","status":"publish","type":"product","link":"https:\/\/madelinefashion.pl\/sk\/koszula-zapinana-na-guziki-pola-czarna\/","title":{"rendered":"Pola \u010dierna ko\u0161e\u013ea s gomb\u00edkmi"},"content":{"rendered":"<h2 style=\"text-align: center;\">Pola \u010dierna ko\u0161e\u013ea s gomb\u00edkmi<\/h2>\n<p style=\"text-align: center;\"><strong>Ko\u0161e\u013ea Pola Button Down Shirt je neoddelite\u013enou s\u00fa\u010das\u0165ou ka\u017ed\u00e9ho \u0161atn\u00edka! <\/strong>\u0160t\u00fdl je zapnut\u00fd<strong> tla\u010didl\u00e1. <\/strong>Ko\u0161e\u013ea klasick\u00e9ho strihu je skvel\u00e1 na mnoh\u00e9 pr\u00edle\u017eitosti<strong>ako ofici\u00e1lne, tak aj<\/strong> ka\u017ed\u00fd de\u0148. D\u00e1mska ko\u0161e\u013ea s naberan\u00fdmi ruk\u00e1vmi sa zap\u00edna na zlat\u00e9 gomb\u00edky. <strong>\u00a0Tento model je dostupn\u00fd vo viacer\u00fdch farebn\u00fdch variantoch. <\/strong>Strih je ide\u00e1lny na zastr\u010denie do nohav\u00edc alebo sukne \u2013 model odpor\u00fa\u010dame <a href=\"https:\/\/madelinefashion.pl\/sk\/spodnica-mini-crezy-czarna\/\">\u0161ialen\u00fd<\/a> Na\u0161a ko\u0161e\u013ea m\u00f4\u017ee by\u0165 z\u00e1kladom mnoh\u00fdch elegantn\u00fdch a nad\u010dasov\u00fdch \u0161tyliz\u00e1ci\u00ed <a href=\"https:\/\/madelinefashion.pl\/sk\/spodnica-skora-mini-czarna\/\">ceruzky <\/a>sukne alebo klasika <a href=\"https:\/\/madelinefashion.pl\/sk\/spodnie-jeansowe-paradise-jasne\/\">d\u017e\u00ednsy<\/a>. Ko\u0161e\u013ea je ide\u00e1lnym n\u00e1vrhom do pr\u00e1ce, na ka\u017ed\u00fd de\u0148, na rodinn\u00e9 stretnutia a mnoh\u00e9 in\u00e9 pr\u00edle\u017eitosti. Odpor\u00fa\u010da sa pre \u017eeny, ktor\u00e9 nosia ve\u013e <strong>S, M, L, XL<\/strong><\/p>\n<h3 style=\"text-align: center;\">\u00a0 \u00a0 \u00a0Rozmery:<\/h3>\n<ul style=\"text-align: center;\">\n<li>\n<ul>\n<li>celkov\u00e1 d\u013a\u017eka: 68 cm<\/li>\n<li>\u0161\u00edrka od pazuchy po pazuchu: 47-50 cm<\/li>\n<li>d\u013a\u017eka ruk\u00e1va od ramena: 68 cm<\/li>\n<li>d\u013a\u017eka ruk\u00e1va od podpazu\u0161ia: 45 cm<\/li>\n<li>odpor\u00fa\u010dan\u00fd maxim\u00e1lny obvod poprsia: 100 cm<\/li>\n<\/ul>\n<p>Rozmery sa m\u00f4\u017eu mierne l\u00ed\u0161i\u0165 od uveden\u00fdch +\/- 2cm. V\u0161etky uveden\u00e9 rozmery s\u00fa meran\u00e9 plo\u0161ne. rozmer x2<\/li>\n<\/ul>\n<table style=\"height: 288px;\" width=\"433\">\n<tbody>\n<tr>\n<td>Meno modela<\/td>\n<td>Po\u013en\u00e1 ko\u0161e\u013ea s gomb\u00edkom<\/td>\n<\/tr>\n<tr>\n<td>Farba<\/td>\n<td>\u010dierna<\/td>\n<\/tr>\n<tr>\n<td>Zbierka<\/td>\n<td>Jar leto jese\u0148 zima<\/td>\n<\/tr>\n<tr>\n<td>Ve\u013ekos\u0165<\/td>\n<td>Univerz\u00e1lny<\/td>\n<\/tr>\n<tr>\n<td>M\u00f3da<\/td>\n<td>nadrozmern\u00e9<\/td>\n<\/tr>\n<tr>\n<td>\u0160tiepenie<\/td>\n<td>Postavi\u0165 sa<\/td>\n<\/tr>\n<tr>\n<td>Zlo\u017eenie materi\u00e1lov<\/td>\n<td>Polyester 100%<\/td>\n<\/tr>\n<\/tbody>\n<\/table>\n<p style=\"text-align: center;\">Model m\u00e1\u00a0<strong>169<\/strong>\u00a0cm vysok\u00fd, nos\u00ed ve\u013ekos\u0165 ka\u017ed\u00fd de\u0148\u00a0<strong>S<\/strong><\/p>\n<p style=\"text-align: center;\">\u0160\u00edrka hrudn\u00edka 91 cm<\/p>\n<p style=\"text-align: center;\">\u0160\u00edrka p\u00e1su 71 cm<\/p>\n<p style=\"text-align: center;\">\u0160\u00edrka bokov 96 cm<\/p>\n<p style=\"text-align: center;\"><strong>\u00a0<\/strong><\/p>","protected":false},"excerpt":{"rendered":"<p>Koszula Zapinana na Guziki Pola Czarna Koszula Zapinana na Guziki Pola\u00a0to nieod\u0142\u0105czny element ka\u017cdej garderoby! Fason zapinany jest na guziki. Koszula o klasycznym kr\u00f3ju \u015bwietnie sprawdzi si\u0119 w wielu ods\u0142onach, zar\u00f3wno tych oficjalnych, jak i codziennych. Damska koszula z bufiastymi r\u0119kawkami zapinana jest na z\u0142ote guziczki. \u00a0Ten model dost\u0119pny jest w kilku wariantach kolorystycznych. Fason<\/p>\n<div class=\"klb-readmore post-buttons\"><a class=\"button black outline size-sm\" href=\"https:\/\/madelinefashion.pl\/sk\/koszula-zapinana-na-guziki-pola-czarna\/\">\u010c\u00edta\u0165 \u010falej <i class=\"klbth-icon-right-arrow\"><\/i><\/a><\/div>","protected":false},"featured_media":108686,"template":"","meta":[],"product_brand":[],"product_cat":[92],"product_tag":[252],"class_list":{"0":"post-22998","1":"product","2":"type-product","3":"status-publish","4":"has-post-thumbnail","6":"product_cat-koszule","7":"product_tag-bluzka-czarna","9":"first","10":"outofstock","11":"sale","12":"purchasable","13":"product-type-simple"},"_links":{"self":[{"href":"https:\/\/madelinefashion.pl\/sk\/wp-json\/wp\/v2\/product\/22998","targetHints":{"allow":["GET"]}}],"collection":[{"href":"https:\/\/madelinefashion.pl\/sk\/wp-json\/wp\/v2\/product"}],"about":[{"href":"https:\/\/madelinefashion.pl\/sk\/wp-json\/wp\/v2\/types\/product"}],"wp:featuredmedia":[{"embeddable":true,"href":"https:\/\/madelinefashion.pl\/sk\/wp-json\/wp\/v2\/media\/108686"}],"wp:attachment":[{"href":"https:\/\/madelinefashion.pl\/sk\/wp-json\/wp\/v2\/media?parent=22998"}],"wp:term":[{"taxonomy":"product_brand","embeddable":true,"href":"https:\/\/madelinefashion.pl\/sk\/wp-json\/wp\/v2\/product_brand?post=22998"},{"taxonomy":"product_cat","embeddable":true,"href":"https:\/\/madelinefashion.pl\/sk\/wp-json\/wp\/v2\/product_cat?post=22998"},{"taxonomy":"product_tag","embeddable":true,"href":"https:\/\/madelinefashion.pl\/sk\/wp-json\/wp\/v2\/product_tag?post=22998"}],"curies":[{"name":"pracovn\u00fd list","href":"https:\/\/api.w.org\/{rel}","templated":true}]}}