{"id":23282,"date":"2021-11-08T09:40:33","date_gmt":"2021-11-08T08:40:33","guid":{"rendered":"https:\/\/madelinefashion.pl\/?post_type=product&#038;p=23282"},"modified":"2026-03-01T12:58:42","modified_gmt":"2026-03-01T11:58:42","slug":"pasek-do-spodni-cg-pudrowy-roz-eko-skora","status":"publish","type":"product","link":"https:\/\/madelinefashion.pl\/sk\/pasek-do-spodni-cg-pudrowy-roz-eko-skora\/","title":{"rendered":"Opasok na nohavice CG Powder Pink Eco Leather"},"content":{"rendered":"<h3 style=\"text-align: center;\">Opasok na nohavice CG Powder Pink Eco Leather<\/h3>\n<ul>\n<li style=\"text-align: center;\">jedine\u010dn\u00e1, origin\u00e1lna spona<\/li>\n<li style=\"text-align: center;\">nad\u010dasov\u00fd \u0161t\u00fdl<\/li>\n<\/ul>\n<p>&nbsp;<\/p>\n<p>&nbsp;<\/p>\n<h3 style=\"text-align: center;\">PARAMETRE P\u00c1SU:<\/h3>\n<ul style=\"text-align: center;\">\n<li><strong>farba remienka: p\u00fadrov\u00e1 ru\u017eov\u00e1<\/strong><\/li>\n<li><strong>farba armat\u00far:<\/strong>\u00a0zlat\u00e1<\/li>\n<li><strong>materi\u00e1l:<\/strong>\u00a0eko ko\u017ea<\/li>\n<li><strong>vystu\u017eovac\u00ed kol\u00edk<\/strong><\/li>\n<li><strong>\u0161\u00edrka:<\/strong>\u00a03,4 cm<\/li>\n<li><strong>Celkov\u00e1 d\u013a\u017eka:<\/strong> 108 cm<\/li>\n<li><b>1 gomb\u00edkov\u00e1 dierka: <\/b>84 cm<\/li>\n<\/ul>\n<p style=\"text-align: center;\">","protected":false},"excerpt":{"rendered":"<p>Pasek do Spodni CG Pudrowy R\u00f3\u017c Eko Sk\u00f3ra niepowtarzalna, oryginalna klamra ponadczasowy fason &nbsp; &nbsp; PARAMETRY PASKA: kolor paska: pudrowy r\u00f3\u017c kolor oku\u0107:\u00a0z\u0142oty materia\u0142:\u00a0sk\u00f3ra eko klamra bolec szeroko\u015b\u0107:\u00a03,4 cm d\u0142ugo\u015b\u0107 ca\u0142kowita: 108 cm 1 dziurka: 84 cm<\/p>","protected":false},"featured_media":23278,"template":"","meta":[],"product_brand":[],"product_cat":[113],"product_tag":[410],"class_list":{"0":"post-23282","1":"product","2":"type-product","3":"status-publish","4":"has-post-thumbnail","6":"product_cat-dodatki","7":"product_tag-paski-damskie","9":"first","10":"outofstock","11":"sale","12":"purchasable","13":"product-type-simple"},"_links":{"self":[{"href":"https:\/\/madelinefashion.pl\/sk\/wp-json\/wp\/v2\/product\/23282","targetHints":{"allow":["GET"]}}],"collection":[{"href":"https:\/\/madelinefashion.pl\/sk\/wp-json\/wp\/v2\/product"}],"about":[{"href":"https:\/\/madelinefashion.pl\/sk\/wp-json\/wp\/v2\/types\/product"}],"wp:featuredmedia":[{"embeddable":true,"href":"https:\/\/madelinefashion.pl\/sk\/wp-json\/wp\/v2\/media\/23278"}],"wp:attachment":[{"href":"https:\/\/madelinefashion.pl\/sk\/wp-json\/wp\/v2\/media?parent=23282"}],"wp:term":[{"taxonomy":"product_brand","embeddable":true,"href":"https:\/\/madelinefashion.pl\/sk\/wp-json\/wp\/v2\/product_brand?post=23282"},{"taxonomy":"product_cat","embeddable":true,"href":"https:\/\/madelinefashion.pl\/sk\/wp-json\/wp\/v2\/product_cat?post=23282"},{"taxonomy":"product_tag","embeddable":true,"href":"https:\/\/madelinefashion.pl\/sk\/wp-json\/wp\/v2\/product_tag?post=23282"}],"curies":[{"name":"pracovn\u00fd list","href":"https:\/\/api.w.org\/{rel}","templated":true}]}}