{"id":23440,"date":"2021-11-10T09:48:35","date_gmt":"2021-11-10T08:48:35","guid":{"rendered":"https:\/\/madelinefashion.pl\/?post_type=product&#038;p=23440"},"modified":"2026-01-20T10:34:06","modified_gmt":"2026-01-20T09:34:06","slug":"bluzka-brokatowa-z-falbanka-pudrowy-roz","status":"publish","type":"product","link":"https:\/\/madelinefashion.pl\/sk\/bluzka-brokatowa-z-falbanka-pudrowy-roz\/","title":{"rendered":"Brok\u00e1tov\u00e1 bl\u00fazka s vol\u00e1nom p\u00fadrov\u00e1 ru\u017eov\u00e1"},"content":{"rendered":"<h3 style=\"text-align: center;\">Brok\u00e1tov\u00e1 bl\u00fazka s vol\u00e1nom p\u00fadrov\u00e1 ru\u017eov\u00e1<\/h3>\n<p style=\"text-align: center;\">Mikina z na dotyk pr\u00edjemn\u00e9ho vel\u00farov\u00e9ho materi\u00e1lu s vo\u013en\u00fdm strihom a ozdobn\u00fdm vol\u00e1nom. <b>V spodnej \u010dasti m\u00e1 gumi\u010dku <\/b>ktor\u00fd sa d\u00e1 upravi\u0165, v\u010faka \u010domu sa prisp\u00f4sob\u00edm ka\u017edej postave <b>.<\/b> Velurov\u00e1 bl\u00fazka m\u00e1 aj jemn\u00fd lem na ruk\u00e1ve.Ve\u013e<b> univerz\u00e1lne odpor\u00fa\u010dan\u00e9 od S po XL<\/b><\/p>\n<h2 style=\"text-align: center;\">\u00a0 \u00a0 \u00a0Rozmery:<\/h2>\n<ul style=\"text-align: center;\">\n<li>celkov\u00e1 d\u013a\u017eka: 63 cm<\/li>\n<li>\u0161\u00edrka od pazuchy po pazuchu: 55 cm - 67 cm<\/li>\n<li>d\u013a\u017eka ruk\u00e1va od ramena: 63 cm<\/li>\n<li>d\u013a\u017eka ruk\u00e1va od podpazu\u0161ia: 41 cm<\/li>\n<li>odpor\u00fa\u010dan\u00fd maxim\u00e1lny obvod poprsia: 116 cm<\/li>\n<\/ul>\n<p>&nbsp;<\/p>\n<p>&nbsp;<\/p>\n<p style=\"text-align: center;\">Rozmery sa m\u00f4\u017eu mierne l\u00ed\u0161i\u0165 od uveden\u00fdch +\/- 2cm. V\u0161etky uveden\u00e9 rozmery s\u00fa meran\u00e9 plo\u0161ne.<\/p>\n<table>\n<tbody>\n<tr>\n<td width=\"302\">Meno modela<\/td>\n<td width=\"302\">Brok\u00e1tov\u00e1 bl\u00fazka s vol\u00e1nom<\/td>\n<\/tr>\n<tr>\n<td width=\"302\">Farba<\/td>\n<td width=\"302\">P\u00fadrov\u00e1 ru\u017eov\u00e1<\/td>\n<\/tr>\n<tr>\n<td width=\"302\">ve\u013ekosti<\/td>\n<td width=\"302\">Univerz\u00e1lny<\/td>\n<\/tr>\n<tr>\n<td width=\"302\">M\u00f3da<\/td>\n<td width=\"302\">nadrozmern\u00e9<\/td>\n<\/tr>\n<tr>\n<td width=\"302\">Materi\u00e1l<\/td>\n<td width=\"302\">95 % Bavlna 5% Elastan<\/td>\n<\/tr>\n<\/tbody>\n<\/table>\n<p>&nbsp;<\/p>\n<p>&nbsp;<\/p>\n<p style=\"text-align: center;\"><span style=\"text-align: center;\">Model m\u00e1 <\/span><strong style=\"text-align: center;\">165<\/strong><span style=\"text-align: center;\">\u00a0cm vysok\u00fd, nos\u00ed ve\u013ekos\u0165 ka\u017ed\u00fd de\u0148\u00a0<\/span><strong style=\"text-align: center;\">S<\/strong><\/p>\n<p style=\"text-align: center;\">","protected":false},"excerpt":{"rendered":"<p>Bluzka Brokatowa Z Falbank\u0105 Pudrowy R\u00f3\u017c Bluza wykonana z przyjemnego w dotyku welurowego materia\u0142u o lu\u017anym kroju\u00a0 z ozdobn\u0105 falbank\u0105. Posiada na dole gumeczk\u0119, kt\u00f3r\u0105 mo\u017cna regulowa\u0107 dzi\u0119ki czemu dopasuj\u0119 si\u0119 do ka\u017cdej sylwetki . Bluzeczka welurowa posiada r\u00f3wnie\u017c delikatny \u015bci\u0105gacz na r\u0119kawie.Rozmiar uniwersalny zalecany od S do XL \u00a0 \u00a0 \u00a0Wymiary: d\u0142ugo\u015b\u0107 ca\u0142kowita :<\/p>\n<div class=\"klb-readmore post-buttons\"><a class=\"button black outline size-sm\" href=\"https:\/\/madelinefashion.pl\/sk\/bluzka-brokatowa-z-falbanka-pudrowy-roz\/\">\u010c\u00edta\u0165 \u010falej <i class=\"klbth-icon-right-arrow\"><\/i><\/a><\/div>","protected":false},"featured_media":23427,"template":"","meta":[],"product_brand":[],"product_cat":[77,395],"product_tag":[],"class_list":{"0":"post-23440","1":"product","2":"type-product","3":"status-publish","4":"has-post-thumbnail","6":"product_cat-bluzki","7":"product_cat-nowosci","9":"first","10":"instock","11":"sale","12":"purchasable","13":"product-type-simple"},"_links":{"self":[{"href":"https:\/\/madelinefashion.pl\/sk\/wp-json\/wp\/v2\/product\/23440","targetHints":{"allow":["GET"]}}],"collection":[{"href":"https:\/\/madelinefashion.pl\/sk\/wp-json\/wp\/v2\/product"}],"about":[{"href":"https:\/\/madelinefashion.pl\/sk\/wp-json\/wp\/v2\/types\/product"}],"wp:featuredmedia":[{"embeddable":true,"href":"https:\/\/madelinefashion.pl\/sk\/wp-json\/wp\/v2\/media\/23427"}],"wp:attachment":[{"href":"https:\/\/madelinefashion.pl\/sk\/wp-json\/wp\/v2\/media?parent=23440"}],"wp:term":[{"taxonomy":"product_brand","embeddable":true,"href":"https:\/\/madelinefashion.pl\/sk\/wp-json\/wp\/v2\/product_brand?post=23440"},{"taxonomy":"product_cat","embeddable":true,"href":"https:\/\/madelinefashion.pl\/sk\/wp-json\/wp\/v2\/product_cat?post=23440"},{"taxonomy":"product_tag","embeddable":true,"href":"https:\/\/madelinefashion.pl\/sk\/wp-json\/wp\/v2\/product_tag?post=23440"}],"curies":[{"name":"pracovn\u00fd list","href":"https:\/\/api.w.org\/{rel}","templated":true}]}}