{"id":23522,"date":"2021-11-10T15:27:59","date_gmt":"2021-11-10T14:27:59","guid":{"rendered":"https:\/\/madelinefashion.pl\/?post_type=product&#038;p=23522"},"modified":"2026-02-20T14:58:15","modified_gmt":"2026-02-20T13:58:15","slug":"dzianinowy-komplet-zestaw-sukienka-i-sweter-chain-jasno-szary","status":"publish","type":"product","link":"https:\/\/madelinefashion.pl\/sk\/dzianinowy-komplet-zestaw-sukienka-i-sweter-chain-jasno-szary\/","title":{"rendered":"S\u00faprava pleten\u00fdch \u0161iat a svetra s retiazkou svetlosiv\u00e1"},"content":{"rendered":"<h3 style=\"text-align: center;\">S\u00faprava pleten\u00fdch \u0161iat a svetra s retiazkou svetlosiv\u00e1<\/h3>\n<p style=\"text-align: center;\">Ide\u00e1lny set na jar, jese\u0148 a zimu. Dobre zvolen\u00e1 horn\u00e1 a spodn\u00e1 \u010das\u0165 \u0161atn\u00edka, aby spolu ladili.<br \/>\nWybierz nasz komplet \u2013 idealnie ze sob\u0105 zestawiony! Modny komplet \u0142\u0105cz\u0105cy sweterek z sukienk\u0105 dzianinow\u0105 na rami\u0105czkach to doskona\u0142e rozwi\u0105zanie na ka\u017cd\u0105 okazj\u0119.<br \/>\nK nohaviciam sa perfektne hod\u00ed aj svetr\u00edk zdoben\u00fd zlatou retiazkou. <strong>Univerz\u00e1lna ve\u013ekos\u0165, odpor\u00fa\u010dan\u00e9 S-XL<\/strong><\/p>\n<ul style=\"text-align: center;\">\n<li><strong>M\u00f3dny \u0161t\u00fdl<\/strong><\/li>\n<li><\/li>\n<li>Ve\u013emi tepl\u00e9 a pr\u00edjemn\u00e9 na dotyk<\/li>\n<li>Produkt Europejski \u2013\u00a0NAJWY\u017bSZEJ JAKO\u015aCI<\/li>\n<\/ul>\n<p style=\"text-align: center;\"><strong>rozmery svetra:<\/strong><\/p>\n<p style=\"text-align: center;\">Celkov\u00e1 d\u013a\u017eka: 39 cm<\/p>\n<p style=\"text-align: center;\">\u0160\u00edrka od pazuchy po pazuchu: 60 cm<\/p>\n<p style=\"text-align: center;\">D\u013a\u017eka ruk\u00e1va od podpazu\u0161ia: 46 cm<\/p>\n<p style=\"text-align: center;\">D\u013a\u017eka ruk\u00e1va od ramena: 61 cm<\/p>\n<p style=\"text-align: center;\">Szeroko\u015b\u0107 na dole: 51 \u2013 61 cm<\/p>\n<p style=\"text-align: center;\"><strong>Rozmery \u0161iat:<\/strong><\/p>\n<p style=\"text-align: center;\">Celkov\u00e1 d\u013a\u017eka: 76 cm<\/p>\n<p style=\"text-align: center;\">\u0160\u00edrka v hornej \u010dasti (elastick\u00fd): 28-40 cm<\/p>\n<p style=\"text-align: center;\">\u0160\u00edrka v p\u00e1se: 30-48 cm<\/p>\n<p style=\"text-align: center;\">\u0160\u00edrka v spodnej \u010dasti: 40-52 cm<\/p>\n<p style=\"text-align: center;\"><strong>Materi\u00e1l sa rozd\u00e1va<\/strong><\/p>\n<p style=\"text-align: center;\">Rozmery sa m\u00f4\u017eu mierne l\u00ed\u0161i\u0165 od uveden\u00fdch +\/- 2cm. V\u0161etky uveden\u00e9 rozmery s\u00fa meran\u00e9 plo\u0161ne.<strong> rozmer x2<\/strong><\/p>\n<p>\u00a0<\/p>\n<table style=\"height: 244px;\" width=\"762\">\n<tbody>\n<tr>\n<td width=\"302\">Meno modela<\/td>\n<td width=\"302\">Pleten\u00e1 s\u00faprava retiazkov\u00fdch \u0161iat a svetra<\/td>\n<\/tr>\n<tr>\n<td width=\"302\">Farba<\/td>\n<td width=\"302\">Svetlo siv\u00e1<\/td>\n<\/tr>\n<tr>\n<td width=\"302\">Zbierka<\/td>\n<td width=\"302\">jar\/jese\u0148\/zima<\/td>\n<\/tr>\n<tr>\n<td width=\"302\">ve\u013ekosti<\/td>\n<td width=\"302\">Univerz\u00e1lny<\/td>\n<\/tr>\n<tr>\n<td width=\"302\">M\u00f3da<\/td>\n<td width=\"302\">Zhoda<\/td>\n<\/tr>\n<tr>\n<td width=\"302\">Hood<\/td>\n<td width=\"302\">Bez kapucne<\/td>\n<\/tr>\n<tr>\n<td width=\"302\">Dlh\u00fd ruk\u00e1v<\/td>\n<td width=\"302\">\u00c1no<\/td>\n<\/tr>\n<tr>\n<td width=\"302\">Materi\u00e1l<\/td>\n<td width=\"302\">100% akryl<\/td>\n<\/tr>\n<\/tbody>\n<\/table>\n<p style=\"text-align: center;\">","protected":false},"excerpt":{"rendered":"<p>Dzianinowy Komplet Zestaw Sukienka i Sweter Chain Jasno Szary Idealny zestaw na wiosn\u0119\u00a0 jesie\u0144 i zim\u0119. Dobrze dobrana g\u00f3rna i dolna cz\u0119\u015b\u0107 garderoby, tak by razem wsp\u00f3\u0142gra\u0142y. Wybierz nasz komplet \u2013 idealnie ze sob\u0105 zestawiony! Modny komplet \u0142\u0105cz\u0105cy sweterek z sukienk\u0105 dzianinow\u0105 na rami\u0105czkach to doskona\u0142e rozwi\u0105zanie na ka\u017cd\u0105 okazj\u0119. Sweterek ozdobiony z\u0142otym \u0142a\u0144cuszkiem r\u00f3wnie\u017c<\/p>\n<div class=\"klb-readmore post-buttons\"><a class=\"button black outline size-sm\" href=\"https:\/\/madelinefashion.pl\/sk\/dzianinowy-komplet-zestaw-sukienka-i-sweter-chain-jasno-szary\/\">\u010c\u00edta\u0165 \u010falej <i class=\"klbth-icon-right-arrow\"><\/i><\/a><\/div>","protected":false},"featured_media":107940,"template":"","meta":[],"product_brand":[],"product_cat":[89,78,395],"product_tag":[],"class_list":{"0":"post-23522","1":"product","2":"type-product","3":"status-publish","4":"has-post-thumbnail","6":"product_cat-komplety","7":"product_cat-swetry-damskie","8":"product_cat-nowosci","10":"first","11":"outofstock","12":"purchasable","13":"product-type-simple"},"_links":{"self":[{"href":"https:\/\/madelinefashion.pl\/sk\/wp-json\/wp\/v2\/product\/23522","targetHints":{"allow":["GET"]}}],"collection":[{"href":"https:\/\/madelinefashion.pl\/sk\/wp-json\/wp\/v2\/product"}],"about":[{"href":"https:\/\/madelinefashion.pl\/sk\/wp-json\/wp\/v2\/types\/product"}],"wp:featuredmedia":[{"embeddable":true,"href":"https:\/\/madelinefashion.pl\/sk\/wp-json\/wp\/v2\/media\/107940"}],"wp:attachment":[{"href":"https:\/\/madelinefashion.pl\/sk\/wp-json\/wp\/v2\/media?parent=23522"}],"wp:term":[{"taxonomy":"product_brand","embeddable":true,"href":"https:\/\/madelinefashion.pl\/sk\/wp-json\/wp\/v2\/product_brand?post=23522"},{"taxonomy":"product_cat","embeddable":true,"href":"https:\/\/madelinefashion.pl\/sk\/wp-json\/wp\/v2\/product_cat?post=23522"},{"taxonomy":"product_tag","embeddable":true,"href":"https:\/\/madelinefashion.pl\/sk\/wp-json\/wp\/v2\/product_tag?post=23522"}],"curies":[{"name":"pracovn\u00fd list","href":"https:\/\/api.w.org\/{rel}","templated":true}]}}