{"id":23538,"date":"2021-11-10T15:47:33","date_gmt":"2021-11-10T14:47:33","guid":{"rendered":"https:\/\/madelinefashion.pl\/?post_type=product&#038;p=23538"},"modified":"2026-02-16T15:02:28","modified_gmt":"2026-02-16T14:02:28","slug":"bezowe-kozaki-muszkieterki-na-grubej-podeszwie","status":"publish","type":"product","link":"https:\/\/madelinefashion.pl\/sk\/bezowe-kozaki-muszkieterki-na-grubej-podeszwie\/","title":{"rendered":"B\u00e9\u017eov\u00e9 vysok\u00e9 \u010di\u017emy po stehn\u00e1ch na hrubej podr\u00e1\u017eke"},"content":{"rendered":"<h3 style=\"text-align: center;\">B\u00e9\u017eov\u00e9 vysok\u00e9 \u010di\u017emy po stehn\u00e1ch na hrubej podr\u00e1\u017eke<\/h3>\n<p style=\"text-align: center;\"><strong>D\u00e1mske \u010di\u017emy B\u00e9\u017eov\u00e9 semi\u0161ov\u00e9 vysok\u00e9 \u010di\u017emy \u2013<\/strong>je to nad\u010dasov\u00fd model!! Klasick\u00fa siluetu tohto modelu dop\u013a\u0148a \u0161irok\u00e1, gumen\u00e1<strong> op\u00e4tok s v\u00fd\u0161kou 4,5 cm a platforma - 4,5 cm<\/strong>.<strong> Ak m\u00e1te radi jednoduch\u00e9 a klasick\u00e9 strihy s trochou \u0161ialenstva, stavte na tento model! Efektn\u00e1 retiazka je najm\u00f3dnej\u0161\u00edm akcentom tejto sez\u00f3ny :) Praktick\u00fdm rie\u0161en\u00edm je zips na boku, ktor\u00fd u\u013eah\u010duje obliekanie. Vonkaj\u0161\u00ed materi\u00e1l - ekologick\u00fd semi\u0161. . <\/strong>Navy\u0161e vedia ve\u013emi dobre udr\u017ea\u0165 chodidlo v pr\u00edjemnej teplote. Bud\u00fa skvelou ozdobou pre ka\u017edodenn\u00e9 \u0161tyliz\u00e1cie.<br \/>\n\u0160tandardn\u00e9 d\u013a\u017eky vlo\u017eiek.<\/p>\n<p style=\"text-align: center;\">Pozn\u00e1mka: Vo vn\u00fatri jednej z top\u00e1nok sa nach\u00e1dza sada dvoch samoupev\u0148ovac\u00edch re\u0165az\u00ed.<\/p>\n<p>&nbsp;<\/p>\n<h3 style=\"text-align: center;\">Rozmery<\/h3>\n<table width=\"540\">\n<thead>\n<tr>\n<td width=\"216\"><strong>Ve\u013ekos\u0165 E\u00da<\/strong><\/td>\n<td width=\"316\"><strong>D\u013a\u017eka vlo\u017eky<\/strong><\/td>\n<\/tr>\n<\/thead>\n<tbody>\n<tr>\n<td width=\"216\"><strong>36<\/strong><\/td>\n<td width=\"316\">23,5 cm<\/td>\n<\/tr>\n<tr>\n<td width=\"216\"><strong>37<\/strong><\/td>\n<td width=\"316\">24 cm<\/td>\n<\/tr>\n<tr>\n<td width=\"216\"><strong>38<\/strong><\/td>\n<td width=\"316\">24,5 cm<\/td>\n<\/tr>\n<tr>\n<td width=\"216\"><strong>39<\/strong><\/td>\n<td width=\"316\">25 cm<\/td>\n<\/tr>\n<tr>\n<td width=\"216\"><strong>40<\/strong><\/td>\n<td width=\"316\">26 cm<\/td>\n<\/tr>\n<tr>\n<td width=\"216\"><strong>41<\/strong><\/td>\n<td width=\"316\">26,5 cm<\/td>\n<\/tr>\n<\/tbody>\n<\/table>\n<div class=\"wrap-content\">\n<div class=\"main-container container\">\n<div class=\"row\">\n<section class=\"main-content sidebar-left-false\">\n<div class=\"product-page page\">\n<div class=\"page-content\">\n<div id=\"ProductSizing\" class=\"product-sizing modal fade in\" tabindex=\"-1\" role=\"dialog\" aria-hidden=\"false\">\n<div class=\"modal-dialog\">\n<div class=\"modal-content\">\n<div class=\"widget html_editor\">\n<p>&nbsp;<\/p>\n<\/div>\n<p>&nbsp;<\/p>\n<\/div>\n<\/div>\n<\/div>\n<\/div>\n<\/div>\n<\/section>\n<\/div>\n<\/div>\n<\/div>\n<div class=\"wrap-footer\">\n<footer class=\"\">\n<div class=\"container\">\n<div class=\"footer-newsletter-box\"><\/div>\n<\/div>\n<\/footer>\n<\/div>\n<table>\n<tbody>\n<tr>\n<td width=\"302\">Meno modela<\/td>\n<td width=\"302\">Vysok\u00e9 \u010di\u017emy na stehne s hrubou podr\u00e1\u017ekou<\/td>\n<\/tr>\n<tr>\n<td width=\"302\">Farba<\/td>\n<td width=\"302\">B\u00e9\u017eov\u00e1<\/td>\n<\/tr>\n<tr>\n<td width=\"302\">ve\u013ekosti<\/td>\n<td width=\"302\">36 37\u00a0 38\u00a0 39 40 41<\/td>\n<\/tr>\n<tr>\n<td width=\"302\">Materi\u00e1l<\/td>\n<td width=\"302\">Semi\u0161 - ekologick\u00fd<\/td>\n<\/tr>\n<tr>\n<td width=\"302\">Otep\u013eovanie<\/td>\n<td width=\"302\">Nie<\/td>\n<\/tr>\n<tr>\n<td width=\"302\">Spona<\/td>\n<td width=\"302\">Zips\/\u0161nurovanie<\/td>\n<\/tr>\n<tr>\n<td width=\"302\">Zbierka<\/td>\n<td width=\"302\">jar\/jese\u0148\/zima<\/td>\n<\/tr>\n<\/tbody>\n<\/table>\n<div class=\"tabs tabs-bb clear mb-80\">\n<div class=\"tab-content\">\n<div id=\"tab-description\" class=\"tab-pane fade in woocommerce-Tabs-panel--description active\">\n<p style=\"text-align: center;\">\n<\/div>\n<\/div>\n<\/div>\n<section class=\"up-sells upsells products mb-80\"><\/section>\n<p style=\"text-align: center;\">","protected":false},"excerpt":{"rendered":"<p>B\u00e9\u017eov\u00e9 \u010di\u017emy nad kolen\u00e1 s hrubou podr\u00e1\u017ekou \u2013 Tieto b\u00e9\u017eov\u00e9 semi\u0161ov\u00e9 \u010di\u017emy nad kolen\u00e1 s\u00fa nad\u010dasov\u00fdm \u0161t\u00fdlom! Klasick\u00fa siluetu tohto \u0161t\u00fdlu dop\u013a\u0148a \u0161irok\u00fd 4,5 cm gumen\u00fd podp\u00e4tok a 4,5 cm platforma. Ak m\u00e1te radi jednoduch\u00e9 a klasick\u00e9 \u0161t\u00fdly s n\u00e1dychom \u0161mrncu, vyberte si tento \u0161t\u00fdl! V\u00fdrazn\u00e1 retiazka je najhor\u00facej\u0161\u00edm trendom tejto sez\u00f3ny :)<\/p>\n<div class=\"klb-readmore post-buttons\"><a class=\"button black outline size-sm\" href=\"https:\/\/madelinefashion.pl\/sk\/bezowe-kozaki-muszkieterki-na-grubej-podeszwie\/\">\u010c\u00edta\u0165 \u010falej <i class=\"klbth-icon-right-arrow\"><\/i><\/a><\/div>","protected":false},"featured_media":23546,"template":"","meta":[],"product_brand":[],"product_cat":[400,395],"product_tag":[493],"class_list":{"0":"post-23538","1":"product","2":"type-product","3":"status-publish","4":"has-post-thumbnail","6":"product_cat-buty","7":"product_cat-nowosci","8":"product_tag-kozaki","10":"first","11":"instock","12":"sale","13":"purchasable","14":"product-type-variable"},"_links":{"self":[{"href":"https:\/\/madelinefashion.pl\/sk\/wp-json\/wp\/v2\/product\/23538","targetHints":{"allow":["GET"]}}],"collection":[{"href":"https:\/\/madelinefashion.pl\/sk\/wp-json\/wp\/v2\/product"}],"about":[{"href":"https:\/\/madelinefashion.pl\/sk\/wp-json\/wp\/v2\/types\/product"}],"wp:featuredmedia":[{"embeddable":true,"href":"https:\/\/madelinefashion.pl\/sk\/wp-json\/wp\/v2\/media\/23546"}],"wp:attachment":[{"href":"https:\/\/madelinefashion.pl\/sk\/wp-json\/wp\/v2\/media?parent=23538"}],"wp:term":[{"taxonomy":"product_brand","embeddable":true,"href":"https:\/\/madelinefashion.pl\/sk\/wp-json\/wp\/v2\/product_brand?post=23538"},{"taxonomy":"product_cat","embeddable":true,"href":"https:\/\/madelinefashion.pl\/sk\/wp-json\/wp\/v2\/product_cat?post=23538"},{"taxonomy":"product_tag","embeddable":true,"href":"https:\/\/madelinefashion.pl\/sk\/wp-json\/wp\/v2\/product_tag?post=23538"}],"curies":[{"name":"pracovn\u00fd list","href":"https:\/\/api.w.org\/{rel}","templated":true}]}}