{"id":23663,"date":"2021-11-11T14:10:43","date_gmt":"2021-11-11T13:10:43","guid":{"rendered":"https:\/\/madelinefashion.pl\/?post_type=product&#038;p=23663"},"modified":"2026-02-16T15:02:27","modified_gmt":"2026-02-16T14:02:27","slug":"brazowe-botki-wywijane-klasyczne-na-slupku","status":"publish","type":"product","link":"https:\/\/madelinefashion.pl\/sk\/brazowe-botki-wywijane-klasyczne-na-slupku\/","title":{"rendered":"Hned\u00e9 \u010di\u017emy vyhrnut\u00e9 klasick\u00e9 na podp\u00e4tku"},"content":{"rendered":"<h3 style=\"text-align: center;\">Hned\u00e9 \u010di\u017emy vyhrnut\u00e9 klasick\u00e9 na podp\u00e4tku<\/h3>\n<p style=\"text-align: center;\"><strong>Hned\u00e9 \u010di\u017emy so \u0161picatou \u0161pi\u010dkou<\/strong> je to perfektn\u00e9 rie\u0161enie pre d\u00f4le\u017eitej\u0161ie spolo\u010densk\u00e9 stretnutia. Mimoriadne pohodln\u00e9 a pohodln\u00e9 v\u010faka pou\u017eitiu optim\u00e1lneho profilovania pre jemn\u00e9 \u017eensk\u00e9 chodidlo a m\u00e4kkej vlo\u017eke. Vyhrnut\u00e9 \u010di\u017emy na st\u013apiku radi zlad\u00edte k mnoh\u00fdm \u0161t\u00fdlom. \u010cierne top\u00e1nky so \u0161picatou \u0161pi\u010dkou, ktor\u00e1 opticky pred\u013a\u017ei nohy a zvr\u0161ok kon\u010d\u00ed nad \u010dlenkom.<strong> Zap\u00ednanie na zips z vn\u00fatornej strany.<\/strong> Vyroben\u00fd z<strong> ekoko\u017ea<\/strong>,<strong> mierne zateplen\u00e9<\/strong> . \u010cierne \u010di\u017emy Rolled Up Classic On A Heel s\u00fa absol\u00fatnou nevyhnutnos\u0165ou. Fantasticky doplnia oba outfity s nohavicami aj \u0161atami.<\/p>\n<h3 style=\"text-align: center;\">Charakteristika:<\/h3>\n<ul>\n<li style=\"text-align: center;\">\u010ci\u017emy s prelo\u017een\u00fdm zvr\u0161kom - elegancia a pote\u0161enie z pou\u017e\u00edvania<\/li>\n<li style=\"text-align: center;\">M\u00f3dne \u2013 odpor\u00fa\u010dan\u00e9 blogermi<\/li>\n<li style=\"text-align: center;\">Pevn\u00fd op\u00e4tok - chod\u00ed sa v nich stabilne<\/li>\n<li style=\"text-align: center;\">Pohodln\u00e9 - pohodlne v nich str\u00e1vite cel\u00fd de\u0148<\/li>\n<li style=\"text-align: center;\">Klasick\u00fd vzh\u013ead - univerz\u00e1lny a nad\u010dasov\u00fd strih<\/li>\n<\/ul>\n<p>&nbsp;<\/p>\n<h3 style=\"text-align: center;\">Rozmery<\/h3>\n<ul>\n<li style=\"text-align: center;\">V\u00fd\u0161ka podp\u00e4tku 9 cm<\/li>\n<li style=\"text-align: center;\">Materi\u00e1l: ekologick\u00fd semi\u0161<\/li>\n<li style=\"text-align: center;\">V\u00fd\u0161ka zvr\u0161ku je 22 cm<\/li>\n<li style=\"text-align: center;\">Obvod zvr\u0161ku 33 - 37 cm<br \/>\n<table class=\"table\" width=\"540\">\n<thead>\n<tr>\n<td width=\"216\"><strong>Ve\u013ekos\u0165 E\u00da<\/strong><\/td>\n<td width=\"316\"><strong>D\u013a\u017eka vlo\u017eky<\/strong><\/td>\n<\/tr>\n<\/thead>\n<tbody>\n<tr>\n<td width=\"216\"><strong>36<\/strong><\/td>\n<td width=\"316\">23,5 cm<\/td>\n<\/tr>\n<tr>\n<td width=\"216\"><strong>37<\/strong><\/td>\n<td width=\"316\">24 cm<\/td>\n<\/tr>\n<tr>\n<td width=\"216\"><strong>38<\/strong><\/td>\n<td width=\"316\">24,5 cm<\/td>\n<\/tr>\n<tr>\n<td width=\"216\"><strong>39<\/strong><\/td>\n<td width=\"316\">25 cm<\/td>\n<\/tr>\n<tr>\n<td width=\"216\"><strong>40<\/strong><\/td>\n<td width=\"316\">25,5 cm<\/td>\n<\/tr>\n<tr>\n<td width=\"216\"><strong>41<\/strong><\/td>\n<td width=\"316\">26 cm<\/td>\n<\/tr>\n<\/tbody>\n<\/table>\n<\/li>\n<\/ul>\n<div class=\"wrap-content\">\n<div class=\"main-container container\">\n<div class=\"row\">\n<section class=\"main-content sidebar-left-false\">\n<div class=\"product-page page\">\n<div class=\"page-content\">\n<div id=\"ProductSizing\" class=\"product-sizing modal fade in\" tabindex=\"-1\" role=\"dialog\" aria-hidden=\"false\">\n<div class=\"modal-dialog\">\n<div class=\"modal-content\">\n<p>&nbsp;<\/p>\n<\/div>\n<\/div>\n<\/div>\n<\/div>\n<\/div>\n<\/section>\n<\/div>\n<\/div>\n<\/div>\n<table>\n<tbody>\n<tr>\n<td width=\"302\">Meno modela<\/td>\n<td width=\"302\">Klasick\u00e9 \u010dierne \u010di\u017emy vyhrnut\u00e9 na p\u00e4te<\/td>\n<\/tr>\n<tr>\n<td width=\"302\">Farba<\/td>\n<td width=\"302\">Hned\u00e1<\/td>\n<\/tr>\n<tr>\n<td width=\"302\">ve\u013ekosti<\/td>\n<td width=\"302\">36 37\u00a0 38\u00a0 39 40 41<\/td>\n<\/tr>\n<tr>\n<td width=\"302\">Materi\u00e1l<\/td>\n<td width=\"302\">Ekoko\u017ea<\/td>\n<\/tr>\n<tr>\n<td width=\"302\">Otep\u013eovanie<\/td>\n<td width=\"302\">\u00c1no<\/td>\n<\/tr>\n<tr>\n<td width=\"302\">Spona<\/td>\n<td width=\"302\">Z\u00e1mok<\/td>\n<\/tr>\n<tr>\n<td width=\"302\">Zbierka<\/td>\n<td width=\"302\">jar\/jese\u0148\/zima<\/td>\n<\/tr>\n<\/tbody>\n<\/table>\n<div class=\"tabs tabs-bb clear mb-80\">\n<div class=\"tab-content\">\n<div id=\"tab-description\" class=\"tab-pane fade in woocommerce-Tabs-panel--description active\">\n<p style=\"text-align: center;\">\n<\/div>\n<\/div>\n<\/div>\n<section class=\"up-sells upsells products mb-80\"><\/section>\n<p style=\"text-align: center;\">","protected":false},"excerpt":{"rendered":"<p>Br\u0105zowe Botki Wywijane Klasyczne Na S\u0142upku Br\u0105zowe botki w szpic to doskona\u0142e rozwi\u0105zanie na wa\u017cniejsze spotkania towarzyskie. Niezwykle wygodne i komfortowe dzi\u0119ki zastosowaniu optymalnego wyprofilowania do kobiecej delikatnej stopy oraz mi\u0119kkiej wk\u0142adce. Wywijane botki na s\u0142upku z przyjemno\u015bci\u0105 dopasujesz do licznych stylizacji. Czarne buty ze szpiczastym noskiem optycznie wyd\u0142u\u017caj\u0105cym nogi oraz cholewk\u0105 ko\u0144cz\u0105c\u0105 si\u0119 nad<\/p>\n<div class=\"klb-readmore post-buttons\"><a class=\"button black outline size-sm\" href=\"https:\/\/madelinefashion.pl\/sk\/brazowe-botki-wywijane-klasyczne-na-slupku\/\">\u010c\u00edta\u0165 \u010falej <i class=\"klbth-icon-right-arrow\"><\/i><\/a><\/div>","protected":false},"featured_media":23661,"template":"","meta":[],"product_brand":[],"product_cat":[400,395],"product_tag":[492],"class_list":{"0":"post-23663","1":"product","2":"type-product","3":"status-publish","4":"has-post-thumbnail","6":"product_cat-buty","7":"product_cat-nowosci","8":"product_tag-botki","10":"first","11":"instock","12":"sale","13":"purchasable","14":"product-type-variable"},"_links":{"self":[{"href":"https:\/\/madelinefashion.pl\/sk\/wp-json\/wp\/v2\/product\/23663","targetHints":{"allow":["GET"]}}],"collection":[{"href":"https:\/\/madelinefashion.pl\/sk\/wp-json\/wp\/v2\/product"}],"about":[{"href":"https:\/\/madelinefashion.pl\/sk\/wp-json\/wp\/v2\/types\/product"}],"wp:featuredmedia":[{"embeddable":true,"href":"https:\/\/madelinefashion.pl\/sk\/wp-json\/wp\/v2\/media\/23661"}],"wp:attachment":[{"href":"https:\/\/madelinefashion.pl\/sk\/wp-json\/wp\/v2\/media?parent=23663"}],"wp:term":[{"taxonomy":"product_brand","embeddable":true,"href":"https:\/\/madelinefashion.pl\/sk\/wp-json\/wp\/v2\/product_brand?post=23663"},{"taxonomy":"product_cat","embeddable":true,"href":"https:\/\/madelinefashion.pl\/sk\/wp-json\/wp\/v2\/product_cat?post=23663"},{"taxonomy":"product_tag","embeddable":true,"href":"https:\/\/madelinefashion.pl\/sk\/wp-json\/wp\/v2\/product_tag?post=23663"}],"curies":[{"name":"pracovn\u00fd list","href":"https:\/\/api.w.org\/{rel}","templated":true}]}}