{"id":23673,"date":"2021-11-11T14:45:47","date_gmt":"2021-11-11T13:45:47","guid":{"rendered":"https:\/\/madelinefashion.pl\/?post_type=product&#038;p=23673"},"modified":"2026-02-16T15:02:27","modified_gmt":"2026-02-16T14:02:27","slug":"kozaki-sznurowane-karmelowe-na-grubej-podeszwie","status":"publish","type":"product","link":"https:\/\/madelinefashion.pl\/sk\/kozaki-sznurowane-karmelowe-na-grubej-podeszwie\/","title":{"rendered":"Karamelov\u00e9 \u0161nurovacie top\u00e1nky na hrubej podr\u00e1\u017eke"},"content":{"rendered":"<h3 style=\"text-align: center;\">Karamelov\u00e9 \u0161nurovacie top\u00e1nky na hrubej podr\u00e1\u017eke<\/h3>\n<p style=\"text-align: center;\"><strong>Karamelov\u00e9 \u0161nurovacie \u010di\u017emy na hrub\u00fdch podr\u00e1\u017ekach \u2013<\/strong>je to nad\u010dasov\u00fd model!! <strong>\u00a0Ak m\u00e1te radi jednoduch\u00e9 a klasick\u00e9 strihy s trochou \u0161ialenstva, stavte na tento model! Efektn\u00e9 \u0161nurovanie je najm\u00f3dnej\u0161\u00edm akcentom tejto sez\u00f3ny :) Praktick\u00fdm rie\u0161en\u00edm je zips na boku, ktor\u00fd u\u013eah\u010duje obliekanie. <\/strong>Navy\u0161e vedia ve\u013emi dobre udr\u017ea\u0165 chodidlo v pr\u00edjemnej teplote. Bud\u00fa skvelou ozdobou pre ka\u017edodenn\u00e9 \u0161tyliz\u00e1cie.<br \/>\n\u0160tandardn\u00e9 d\u013a\u017eky vlo\u017eiek.<\/p>\n<p>&nbsp;<\/p>\n<p>&nbsp;<\/p>\n<h3 style=\"text-align: center;\">Rozmery<\/h3>\n<table width=\"540\">\n<thead>\n<tr>\n<td width=\"216\"><strong>Ve\u013ekos\u0165 E\u00da<\/strong><\/td>\n<td width=\"316\"><strong>D\u013a\u017eka vlo\u017eky<\/strong><\/td>\n<\/tr>\n<\/thead>\n<tbody>\n<tr>\n<td width=\"216\"><strong>36<\/strong><\/td>\n<td width=\"316\">23 cm<\/td>\n<\/tr>\n<tr>\n<td width=\"216\"><strong>37<\/strong><\/td>\n<td width=\"316\">23,5 cm<\/td>\n<\/tr>\n<tr>\n<td width=\"216\"><strong>38<\/strong><\/td>\n<td width=\"316\">25 cm<\/td>\n<\/tr>\n<tr>\n<td width=\"216\"><strong>39<\/strong><\/td>\n<td width=\"316\">25,5 cm<\/td>\n<\/tr>\n<tr>\n<td width=\"216\"><strong>40<\/strong><\/td>\n<td width=\"316\">26 cm<\/td>\n<\/tr>\n<tr>\n<td width=\"216\"><strong>41<\/strong><\/td>\n<td width=\"316\">26,5 cm<\/td>\n<\/tr>\n<\/tbody>\n<\/table>\n<div class=\"wrap-content\">\n<div class=\"main-container container\">\n<div class=\"row\">\n<section class=\"main-content sidebar-left-false\">\n<div class=\"product-page page\">\n<div class=\"page-content\">\n<div id=\"ProductSizing\" class=\"product-sizing modal fade in\" tabindex=\"-1\" role=\"dialog\" aria-hidden=\"false\">\n<div class=\"modal-dialog\">\n<div class=\"modal-content\">\n<div class=\"widget html_editor\">\n<p>&nbsp;<\/p>\n<\/div>\n<p>&nbsp;<\/p>\n<\/div>\n<\/div>\n<\/div>\n<\/div>\n<\/div>\n<\/section>\n<\/div>\n<\/div>\n<\/div>\n<div class=\"wrap-footer\">\n<footer class=\"\">\n<div class=\"container\">\n<div class=\"footer-newsletter-box\"><\/div>\n<\/div>\n<\/footer>\n<\/div>\n<table>\n<tbody>\n<tr>\n<td width=\"302\">Meno modela<\/td>\n<td width=\"302\">\u010ci\u017emy na \u0161nurovanie na hrub\u00fdch podr\u00e1\u017ekach F183<\/td>\n<\/tr>\n<tr>\n<td width=\"302\">Farba<\/td>\n<td width=\"302\">karamel<\/td>\n<\/tr>\n<tr>\n<td width=\"302\">ve\u013ekosti<\/td>\n<td width=\"302\">36 37\u00a0 38\u00a0 39 40 41<\/td>\n<\/tr>\n<tr>\n<td width=\"302\">Materi\u00e1l<\/td>\n<td width=\"302\">Semi\u0161 - ekologick\u00fd<\/td>\n<\/tr>\n<tr>\n<td width=\"302\">Otep\u013eovanie<\/td>\n<td width=\"302\">Nie<\/td>\n<\/tr>\n<tr>\n<td width=\"302\">Spona<\/td>\n<td width=\"302\">Zips\/\u0161nurovanie<\/td>\n<\/tr>\n<tr>\n<td width=\"302\">Zbierka<\/td>\n<td width=\"302\">jar\/jese\u0148\/zima<\/td>\n<\/tr>\n<\/tbody>\n<\/table>\n<div class=\"tabs tabs-bb clear mb-80\">\n<div class=\"tab-content\">\n<div id=\"tab-description\" class=\"tab-pane fade in woocommerce-Tabs-panel--description active\">\n<p style=\"text-align: center;\">\n<\/div>\n<\/div>\n<\/div>\n<section class=\"up-sells upsells products mb-80\"><\/section>\n<p style=\"text-align: center;\">","protected":false},"excerpt":{"rendered":"<p>Kozaki Sznurowane Karmelowe Na Grubej Podeszwie Kozaki Sznurowane Karmelowe Na Grubej Podeszwie &#8211;to ponadczasowy model !! \u00a0Je\u015bli lubisz proste i klasyczne fasony z odrobin\u0105 szale\u0144stwa to postaw na ten model! Efektowe sznurowanie\u00a0 to najmodniejszy akcent tego sezonu : ) Praktycznym rozwi\u0105zaniem jest zamek z boku, kt\u00f3ry u\u0142atwia zak\u0142adanie. Ponadto s\u0105 w stanie bardzo dobrze utrzyma\u0107<\/p>\n<div class=\"klb-readmore post-buttons\"><a class=\"button black outline size-sm\" href=\"https:\/\/madelinefashion.pl\/sk\/kozaki-sznurowane-karmelowe-na-grubej-podeszwie\/\">\u010c\u00edta\u0165 \u010falej <i class=\"klbth-icon-right-arrow\"><\/i><\/a><\/div>","protected":false},"featured_media":60714,"template":"","meta":[],"product_brand":[],"product_cat":[400,395],"product_tag":[493],"class_list":{"0":"post-23673","1":"product","2":"type-product","3":"status-publish","4":"has-post-thumbnail","6":"product_cat-buty","7":"product_cat-nowosci","8":"product_tag-kozaki","10":"first","11":"instock","12":"sale","13":"purchasable","14":"product-type-variable"},"_links":{"self":[{"href":"https:\/\/madelinefashion.pl\/sk\/wp-json\/wp\/v2\/product\/23673","targetHints":{"allow":["GET"]}}],"collection":[{"href":"https:\/\/madelinefashion.pl\/sk\/wp-json\/wp\/v2\/product"}],"about":[{"href":"https:\/\/madelinefashion.pl\/sk\/wp-json\/wp\/v2\/types\/product"}],"wp:featuredmedia":[{"embeddable":true,"href":"https:\/\/madelinefashion.pl\/sk\/wp-json\/wp\/v2\/media\/60714"}],"wp:attachment":[{"href":"https:\/\/madelinefashion.pl\/sk\/wp-json\/wp\/v2\/media?parent=23673"}],"wp:term":[{"taxonomy":"product_brand","embeddable":true,"href":"https:\/\/madelinefashion.pl\/sk\/wp-json\/wp\/v2\/product_brand?post=23673"},{"taxonomy":"product_cat","embeddable":true,"href":"https:\/\/madelinefashion.pl\/sk\/wp-json\/wp\/v2\/product_cat?post=23673"},{"taxonomy":"product_tag","embeddable":true,"href":"https:\/\/madelinefashion.pl\/sk\/wp-json\/wp\/v2\/product_tag?post=23673"}],"curies":[{"name":"pracovn\u00fd list","href":"https:\/\/api.w.org\/{rel}","templated":true}]}}