{"id":24322,"date":"2021-11-19T10:07:40","date_gmt":"2021-11-19T09:07:40","guid":{"rendered":"https:\/\/madelinefashion.pl\/?post_type=product&#038;p=24322"},"modified":"2026-03-05T17:03:24","modified_gmt":"2026-03-05T16:03:24","slug":"tunika-swiateczna-myszka-mickey-czerwona","status":"publish","type":"product","link":"https:\/\/madelinefashion.pl\/sk\/tunika-swiateczna-myszka-mickey-czerwona\/","title":{"rendered":"\u010cerven\u00e1 viano\u010dn\u00e1 tunika Mickey Mouse"},"content":{"rendered":"<h3 style=\"text-align: center;\">\u010cerven\u00e1 viano\u010dn\u00e1 tunika Mickey Mouse<\/h3>\n<p style=\"text-align: center;\"><strong>Mickey Mouse Red Christmas Tunic je model s viano\u010dn\u00fdmi vzormi, ide\u00e1lny na viano\u010dn\u00e9 stretnutia. Svetrov\u00e1 tunika s my\u0161ou\u00a0 <\/strong>tento kr\u00e1sny model je vyroben\u00fd z najkvalitnej\u0161ej priadze, ktor\u00e1 v\u010faka prec\u00edznemu procesu spracovania dod\u00e1va jemnos\u0165, hebkos\u0165 a maxim\u00e1lny komfort. <b>Tunika <\/b>vo farbe <strong>\u010derven\u00e1<\/strong> v odpor\u00fa\u010danej univerz\u00e1lnej ve\u013ekosti\u00a0<b>P\u00e1n<\/b>\u00a0nosn\u00e1 ve\u013ekos\u0165\u00a0<b>S, M, L, XL<\/b>\u00a0 <strong>XXL<\/strong> Pritiahne pozornos\u0165 a vy budete <b>vyzera\u0165 \u00fa\u017easne<\/b>. Vianoce s\u00fa za dverami, a tak je \u010das myslie\u0165 na pr\u00edpravy, vr\u00e1tane t\u00fdch, ktor\u00e9 s\u00favisia s osvie\u017een\u00edm \u0161atn\u00edka. V na\u0161ej predajni n\u00e1jdete <strong>viano\u010dn\u00e9 oble\u010denie<\/strong>v\u010faka tomu sa znova budete c\u00edti\u0165 <strong>k\u00fazlo Vianoc.<\/strong> <strong>Sl\u00e1vnostn\u00fd charakter <\/strong>dobre posl\u00fa\u017ei aj na ka\u017edodenn\u00e9 pou\u017eitie<strong>, <\/strong>ako aj po\u010das ve\u010dere <strong>na \u0160tedr\u00fd de\u0148. Materi\u00e1l bol zdoben\u00fd mot\u00edvmi sobov, hviezdi\u010diek, snehov\u00fdch vlo\u010diek a viano\u010dn\u00fdch strom\u010dekov spojen\u00fdch so zimou a Vianocami. <\/strong>V\u010faka ich materi\u00e1lu sa s nimi bude lep\u0161ie pracova\u0165\u00a0<strong>po\u010das chladnej\u0161\u00edch dn\u00ed a prechodn\u00fdch obdob\u00ed<\/strong> alebo na zimu v kombin\u00e1cii s bundou. Ak m\u00e1te \u010fal\u0161ie ot\u00e1zky k tomuto produktu, nev\u00e1hajte n\u00e1s kontaktova\u0165 telefonicky alebo cez Facebook.<\/p>\n<h3 style=\"text-align: center;\">Rozmery \u0161iat:<\/h3>\n<ul>\n<li style=\"text-align: center;\">\u0160\u00edrka od pazuchy po pazuchu 48-61 cm<\/li>\n<li style=\"text-align: center;\">Celkov\u00e1 d\u013a\u017eka 86 cm<\/li>\n<li style=\"text-align: center;\">D\u013a\u017eka ruk\u00e1va od podpazu\u0161ia 40 cm<\/li>\n<li style=\"text-align: center;\">D\u013a\u017eka ruk\u00e1va od ramena 58 cm<\/li>\n<li style=\"text-align: center;\">\u0160\u00edrka bokov 46-61 cm<\/li>\n<\/ul>\n<p style=\"text-align: center;\">Rozmery sa m\u00f4\u017eu mierne l\u00ed\u0161i\u0165 od uveden\u00fdch +\/- 2cm. V\u0161etky uveden\u00e9 rozmery s\u00fa meran\u00e9 plo\u0161ne.<strong>\u00a0<\/strong><\/p>\n<table style=\"height: 201px;\" width=\"471\">\n<tbody>\n<tr>\n<td width=\"302\">Meno modela<\/td>\n<td width=\"302\">Viano\u010dn\u00e1 tunika Mickey Mouse<\/td>\n<\/tr>\n<tr>\n<td width=\"302\">Zbierka<\/td>\n<td width=\"302\">jar\/jese\u0148\/zima<\/td>\n<\/tr>\n<tr>\n<td width=\"302\">ve\u013ekosti<\/td>\n<td width=\"302\">Univerz\u00e1lny<\/td>\n<\/tr>\n<tr>\n<td width=\"302\">Zlo\u017eenie<\/td>\n<td width=\"302\">40% AKRYL 30% MOHAIR 30% VLNA<\/td>\n<\/tr>\n<tr>\n<td width=\"302\">Farba<\/td>\n<td width=\"302\">\u010cerven\u00e1<\/td>\n<\/tr>\n<tr>\n<td width=\"302\">\u0160tiepenie<\/td>\n<td width=\"302\">Okr\u00fahly<\/td>\n<\/tr>\n<\/tbody>\n<\/table>\n<p style=\"text-align: center;\">Model m\u00e1\u00a0<strong>169<\/strong>\u00a0cm vysok\u00fd, nos\u00ed ve\u013ekos\u0165 ka\u017ed\u00fd de\u0148\u00a0<strong>S<\/strong><\/p>\n<p style=\"text-align: center;\">\u0160\u00edrka cez prsia 92 cm<\/p>\n<p style=\"text-align: center;\">\u0160\u00edrka v p\u00e1se 62 cm<\/p>\n<p style=\"text-align: center;\">\u0160\u00edrka v bokoch 94 cm<\/p>\n<p style=\"text-align: center;\">","protected":false},"excerpt":{"rendered":"<p>Tunika \u015awi\u0105teczna Myszka Mickey Czerwona Tunika \u015awi\u0105teczna Myszka Mickey Czerwona to model o \u015bwi\u0105tecznych wzorach, idealnie sprawdzi si\u0119 podczas \u015bwi\u0105tecznych spotka\u0144. Tunika Sweterkowa z Myszk\u0105\u00a0 to pi\u0119kny model wykonany jest z najwy\u017cszej jako\u015bci prz\u0119dzy, kt\u00f3ra dzi\u0119ki precyzyjnemu procesowi obr\u00f3bki dodaje mi\u0119kko\u015bci, mi\u0119kko\u015bci i maksymalnego komfortu. Tunika w kolorze czerwonym w rozmiarze\u00a0uniwersalnym zalecanym dla\u00a0Pa\u0144\u00a0nosz\u0105cych rozmiar\u00a0S, M,<\/p>\n<div class=\"klb-readmore post-buttons\"><a class=\"button black outline size-sm\" href=\"https:\/\/madelinefashion.pl\/sk\/tunika-swiateczna-myszka-mickey-czerwona\/\">\u010c\u00edta\u0165 \u010falej <i class=\"klbth-icon-right-arrow\"><\/i><\/a><\/div>","protected":false},"featured_media":65021,"template":"","meta":[],"product_brand":[],"product_cat":[158],"product_tag":[473,250,296],"class_list":{"0":"post-24322","1":"product","2":"type-product","3":"status-publish","4":"has-post-thumbnail","6":"product_cat-sukienki-sweterkowe","7":"product_tag-kolekcja-swiateczna","8":"product_tag-swiateczny","9":"product_tag-tuniki","11":"first","12":"instock","13":"sale","14":"purchasable","15":"product-type-simple"},"_links":{"self":[{"href":"https:\/\/madelinefashion.pl\/sk\/wp-json\/wp\/v2\/product\/24322","targetHints":{"allow":["GET"]}}],"collection":[{"href":"https:\/\/madelinefashion.pl\/sk\/wp-json\/wp\/v2\/product"}],"about":[{"href":"https:\/\/madelinefashion.pl\/sk\/wp-json\/wp\/v2\/types\/product"}],"wp:featuredmedia":[{"embeddable":true,"href":"https:\/\/madelinefashion.pl\/sk\/wp-json\/wp\/v2\/media\/65021"}],"wp:attachment":[{"href":"https:\/\/madelinefashion.pl\/sk\/wp-json\/wp\/v2\/media?parent=24322"}],"wp:term":[{"taxonomy":"product_brand","embeddable":true,"href":"https:\/\/madelinefashion.pl\/sk\/wp-json\/wp\/v2\/product_brand?post=24322"},{"taxonomy":"product_cat","embeddable":true,"href":"https:\/\/madelinefashion.pl\/sk\/wp-json\/wp\/v2\/product_cat?post=24322"},{"taxonomy":"product_tag","embeddable":true,"href":"https:\/\/madelinefashion.pl\/sk\/wp-json\/wp\/v2\/product_tag?post=24322"}],"curies":[{"name":"pracovn\u00fd list","href":"https:\/\/api.w.org\/{rel}","templated":true}]}}