{"id":24364,"date":"2021-11-19T11:01:54","date_gmt":"2021-11-19T10:01:54","guid":{"rendered":"https:\/\/madelinefashion.pl\/?post_type=product&#038;p=24364"},"modified":"2025-09-09T10:31:56","modified_gmt":"2025-09-09T08:31:56","slug":"sukienka-brokatowa-hiszpanka-maxi-rossa-srebrna","status":"publish","type":"product","link":"https:\/\/madelinefashion.pl\/sk\/sukienka-brokatowa-hiszpanka-maxi-rossa-srebrna\/","title":{"rendered":"Brok\u00e1tov\u00e9 \u0161aty \u0160panielske Maxi Rossa Silver"},"content":{"rendered":"<h3 style=\"text-align: center;\">Brok\u00e1tov\u00e9 \u0161aty \u0160panielske Maxi Rossa Silver<\/h3>\n<p style=\"text-align: center;\"><span style=\"font-size: 10pt;\">Kr\u00e1sne dlh\u00e9 brok\u00e1tov\u00e9 spolo\u010densk\u00e9 \u0161aty kr\u00e1sne odha\u013euj\u00fa \u017eensk\u00e9 tvary.\u0160aty dokonale zd\u00f4raz\u0148uj\u00fa \u017eensk\u00e9 tvary - mega <strong>vybaven\u00e9<\/strong> ur\u010dite pritiahne pozornos\u0165 ostatn\u00fdch. Maxi rybie \u0161aty a\u017e po zem, opatren\u00e9 hlbok\u00fdm v\u00fdstrihom. <strong>Efekt dop\u013a\u0148a ve\u013ek\u00fd strih odha\u013euj\u00faci nohu<\/strong> <\/span><span style=\"font-size: 10pt;\">Zozn\u00e1mte sa s na\u0161ou ponukou <strong><a href=\"https:\/\/madelinefashion.pl\/sk\/sukienki-i-kombinezony\/sukienki-okolicznosciowe\/\">ve\u010dern\u00e9 \u0161aty<\/a>\u00a0a vyberte si model, <\/strong>v ktorom budete <strong>vyzera\u0165 ako hviezda a vy\u010dnieva\u0165 z davu. Maxi \u0161aty sa vo svetle l\u00e1mp rozpr\u00e1vkovo trblietaj\u00fa. <\/strong>Nem\u00f4\u017eete by\u0165 k tomu \u013eahostajn\u00ed.<strong> Maxi \u0161aty a\u017e po zem.<\/strong><\/span><span style=\"font-size: 10pt;\"> \u0160aty maj\u00fa vpredu v\u0161it\u00e9 ko\u0161\u00ed\u010dky, tak\u017ee nemus\u00edte nosi\u0165 podprsenku. \u0160panielske \u0161aty s\u00fa<\/span><span style=\"font-size: 10pt;\">\u00a0vynikaj\u00faca vo\u013eba na svadbu, ples, Silvester a in\u00e9 elegantn\u00e9 \u0161peci\u00e1lne udalosti. Dostupn\u00e9 na na\u0161om e-shope vo viacer\u00fdch farebn\u00fdch variantoch, tak nev\u00e1hajte a vyberte si t\u00fa, ktor\u00e1 je pre v\u00e1s ako stvoren\u00e1. Ak sa neviete rozhodn\u00fa\u0165 ak\u00fa farbu, <strong>ve\u013ekos\u0165<\/strong> je pre v\u00e1s to najlep\u0161ie <strong>kontaktuj n\u00e1s<\/strong> cez <a href=\"https:\/\/www.facebook.com\/madelinefashionbutik\" target=\"_blank\" rel=\"noopener\">Facebook<\/a> alebo <a href=\"https:\/\/madelinefashion.pl\/sk\/kontakt\/\">telef\u00f3n<\/a>. Ak ve\u013ekos\u0165 nie je na str\u00e1nke, kontaktujte n\u00e1s. Jednove\u013ekostn\u00e9 \u0161aty odpor\u00fa\u010dan\u00e9 z odpor\u00fa\u010dan\u00fdch z <strong>XS a\u017e L<\/strong><\/span><\/p>\n<h3 style=\"text-align: center;\">ROZMERY \u0161iat:<\/h3>\n<ul style=\"text-align: center;\">\n<li>celkov\u00e1 d\u013a\u017eka 133 cm<br \/>\nd\u013a\u017eka na strihanie: 76 cm<\/li>\n<li>\u0161\u00edrka od pazuchy po pazuchu: 40-50 cm<\/li>\n<li>\u0161\u00edrka p\u00e1sa: 32-43 cm<\/li>\n<li>\u0161\u00edrka bokov: 40-51 cm<\/li>\n<li>Max v prsiach 100 cm<\/li>\n<\/ul>\n<p style=\"text-align: center;\">Rozmery sa m\u00f4\u017eu mierne l\u00ed\u0161i\u0165 od uveden\u00fdch +\/- 2cm. V\u0161etky uveden\u00e9 rozmery s\u00fa meran\u00e9 plo\u0161ne. <strong>rozmer x2<\/strong><\/p>\n<p style=\"text-align: center;\"><strong>\u00a0<\/strong><\/p>\n<table width=\"728\">\n<tbody>\n<tr>\n<td width=\"302\">Meno modela<\/td>\n<td width=\"302\">\u0160panielske brok\u00e1tov\u00e9 \u0161aty Maxi Rossa<\/td>\n<\/tr>\n<tr>\n<td width=\"302\">Farba<\/td>\n<td width=\"302\">Strieborn\u00e1<\/td>\n<\/tr>\n<tr>\n<td width=\"302\">D\u013a\u017eka<\/td>\n<td width=\"302\">maxi<\/td>\n<\/tr>\n<tr>\n<td width=\"302\">ve\u013ekosti<\/td>\n<td width=\"302\">Univerz\u00e1lny XS SML<\/td>\n<\/tr>\n<tr>\n<td width=\"302\">M\u00f3da<\/td>\n<td width=\"302\">Na mieru<\/td>\n<\/tr>\n<tr>\n<td width=\"302\">Materi\u00e1l<\/td>\n<td width=\"302\">95% Polyester 5% Elastan<\/td>\n<\/tr>\n<tr>\n<td width=\"302\">Zap\u00ednanie na zips<\/td>\n<td width=\"302\">\u00c1no<\/td>\n<\/tr>\n<\/tbody>\n<\/table>\n<div class=\"additional-details\">\n<p style=\"text-align: center;\">Model m\u00e1\u00a0<strong>169<\/strong>\u00a0cm vysok\u00fd, nos\u00ed ve\u013ekos\u0165 ka\u017ed\u00fd de\u0148\u00a0<strong>S<\/strong><\/p>\n<p style=\"text-align: center;\">\u0160\u00edrka cez prsia 92 cm<\/p>\n<p style=\"text-align: center;\">\u0160\u00edrka v p\u00e1se 62 cm<\/p>\n<p style=\"text-align: center;\">\u0160\u00edrka v bokoch 94 cm<\/p>\n<p style=\"text-align: center;\">\n<\/div>","protected":false},"excerpt":{"rendered":"<p>Sukienka Brokatowa Hiszpanka Maxi Rossa Srebrna Pi\u0119kna d\u0142uga suknia wieczorowa\u00a0 brokatowa pi\u0119knie eksponuje kobiece kszta\u0142ty .Sukienka \u015bwietnie podkre\u015bla kobiece kszta\u0142ty- mega dopasowana z ca\u0142\u0105 pewno\u015bci\u0105 skupi uwag\u0119 innych. Sukienka rybka w wersji maxi do ziemi, dopasowana z\u00a0 g\u0142\u0119bokim dekoltem. Efektu dope\u0142nia du\u017ce rozci\u0119cie ods\u0142aniaj\u0105ce nog\u0119 Zapoznaj si\u0119 z nasz\u0105 ofert\u0105 sukni wieczorowych\u00a0i wybierz model, w<\/p>\n<div class=\"klb-readmore post-buttons\"><a class=\"button black outline size-sm\" href=\"https:\/\/madelinefashion.pl\/sk\/sukienka-brokatowa-hiszpanka-maxi-rossa-srebrna\/\">\u010c\u00edta\u0165 \u010falej <i class=\"klbth-icon-right-arrow\"><\/i><\/a><\/div>","protected":false},"featured_media":54838,"template":"","meta":[],"product_brand":[],"product_cat":[124,395,560],"product_tag":[163],"class_list":{"0":"post-24364","1":"product","2":"type-product","3":"status-publish","4":"has-post-thumbnail","6":"product_cat-sukienki-okolicznosciowe","7":"product_cat-nowosci","8":"product_cat-sukienki-brokatowe","9":"product_tag-sukienki-dlugie","11":"first","12":"instock","13":"purchasable","14":"product-type-simple"},"_links":{"self":[{"href":"https:\/\/madelinefashion.pl\/sk\/wp-json\/wp\/v2\/product\/24364","targetHints":{"allow":["GET"]}}],"collection":[{"href":"https:\/\/madelinefashion.pl\/sk\/wp-json\/wp\/v2\/product"}],"about":[{"href":"https:\/\/madelinefashion.pl\/sk\/wp-json\/wp\/v2\/types\/product"}],"wp:featuredmedia":[{"embeddable":true,"href":"https:\/\/madelinefashion.pl\/sk\/wp-json\/wp\/v2\/media\/54838"}],"wp:attachment":[{"href":"https:\/\/madelinefashion.pl\/sk\/wp-json\/wp\/v2\/media?parent=24364"}],"wp:term":[{"taxonomy":"product_brand","embeddable":true,"href":"https:\/\/madelinefashion.pl\/sk\/wp-json\/wp\/v2\/product_brand?post=24364"},{"taxonomy":"product_cat","embeddable":true,"href":"https:\/\/madelinefashion.pl\/sk\/wp-json\/wp\/v2\/product_cat?post=24364"},{"taxonomy":"product_tag","embeddable":true,"href":"https:\/\/madelinefashion.pl\/sk\/wp-json\/wp\/v2\/product_tag?post=24364"}],"curies":[{"name":"pracovn\u00fd list","href":"https:\/\/api.w.org\/{rel}","templated":true}]}}