{"id":25419,"date":"2021-11-30T08:08:37","date_gmt":"2021-11-30T07:08:37","guid":{"rendered":"https:\/\/madelinefashion.pl\/?post_type=product&#038;p=25419"},"modified":"2026-03-07T13:47:21","modified_gmt":"2026-03-07T12:47:21","slug":"sukienka-cekinowa-asymetryczna-na-ramiaczkach-leoora-srebrno-czarna","status":"publish","type":"product","link":"https:\/\/madelinefashion.pl\/sk\/sukienka-cekinowa-asymetryczna-na-ramiaczkach-leoora-srebrno-czarna\/","title":{"rendered":"Leoora asymetrick\u00e9 flitrov\u00e9 \u0161aty s ramienkami strieborno-\u010dierne"},"content":{"rendered":"<h3 style=\"text-align: center;\">Leoora asymetrick\u00e9 flitrov\u00e9 \u0161aty s ramienkami strieborno-\u010dierne<\/h3>\n<p style=\"text-align: center;\">Kr\u00e1sne flitrov\u00e9 \u0161aty s dlh\u0161ou stranou, priliehav\u00e9 na telo. Oble\u010dte si ho na \u0161peci\u00e1lnu pr\u00edle\u017eitos\u0165 a uistite sa, \u017ee nikto neprejde okolo <strong>je ti to jedno<\/strong>.<br \/>\n\u0160aty s\u00fa u\u0161it\u00e9 z kr\u00e1sneho flitrov\u00e9ho materi\u00e1lu. Hlbok\u00fd v\u00fdstrih kr\u00e1sne zv\u00fdrazn\u00ed poprsie a up\u00fata. Flitrov\u00e9 \u0161aty s nastavite\u013en\u00fdmi ramienkami za\u017eiaria na ka\u017edej p\u00e1rty. \u0160aty maj\u00fa <strong>bavlnen\u00e1 pod\u0161\u00edvka<\/strong> ! <strong>Ve\u013ekos\u0165 je UNIVERZ\u00c1LNA\u00a0<\/strong> odpor\u00fa\u010dan\u00e9 pre nosite\u013eov <strong>S,M,L,XL<\/strong>\u00a0ale odpor\u00fa\u010dame\u00a0<strong>presn\u00e9 meranie\u00a0<\/strong>pod\u013ea ni\u017e\u0161ie uvedenej tabu\u013eky rozmerov. Dostupn\u00e9 na na\u0161om e-shope vo viacer\u00fdch farebn\u00fdch variantoch, tak nev\u00e1hajte a vyberte si t\u00fa, ktor\u00e1 je pre v\u00e1s ako stvoren\u00e1.<\/p>\n<h3 style=\"text-align: center;\">Rozmery \u0161iat:<\/h3>\n<ul style=\"text-align: center;\">\n<li>Celkov\u00e1 d\u013a\u017eka: 135 cm<br \/>\nCelkov\u00e1 d\u013a\u017eka strany: 80 cm<\/li>\n<li>\u0160\u00edrka od pazuchy po pazuchu: 37 cm - 48 cm<\/li>\n<li>\u0160\u00edrka v p\u00e1se: 37 cm - 45 cm<\/li>\n<li>\u0160\u00edrka bokov: 37 cm - 48 cm<\/li>\n<li>odpor\u00fa\u010dan\u00fd maxim\u00e1lny obvod poprsia: 96 cm<\/li>\n<\/ul>\n<p style=\"text-align: center;\">Rozmery sa m\u00f4\u017eu mierne l\u00ed\u0161i\u0165 od uveden\u00fdch +\/- 2cm. V\u0161etky uveden\u00e9 rozmery s\u00fa meran\u00e9 plo\u0161ne.<\/p>\n<p style=\"text-align: center;\"><strong>rozmer x2<\/strong><\/p>\n<p style=\"text-align: center;\"><strong>\u00a0<\/strong><\/p>\n<table style=\"height: 225px;\" width=\"604\">\n<tbody>\n<tr>\n<td width=\"302\">Meno modela<\/td>\n<td width=\"302\">Asymetrick\u00e9 flitrov\u00e9 \u0161aty s ramienkami Leoora<\/td>\n<\/tr>\n<tr>\n<td width=\"302\">Farba<\/td>\n<td width=\"302\">Black Silver<\/td>\n<\/tr>\n<tr>\n<td width=\"302\">Zbierka<\/td>\n<td width=\"302\">jese\u0148\/zima\/jar<\/td>\n<\/tr>\n<tr>\n<td width=\"302\">ve\u013ekosti<\/td>\n<td width=\"302\">Univerz\u00e1lny<\/td>\n<\/tr>\n<tr>\n<td width=\"302\">M\u00f3da<\/td>\n<td width=\"302\">Upevnen\u00e9 na ramenn\u00fdch popruhoch<\/td>\n<\/tr>\n<tr>\n<td width=\"302\">Dekor\u00e1cia<\/td>\n<td width=\"302\">Flitre<\/td>\n<\/tr>\n<tr>\n<td width=\"302\">Materi\u00e1l<\/td>\n<td width=\"302\">95 % Polyester 5% Elastan<\/td>\n<\/tr>\n<\/tbody>\n<\/table>\n<section class=\"page-product-box\">\n<div class=\"rte\">\n<p style=\"text-align: center;\">\n<\/div>\n<\/section>\n<section class=\"page-product-box\">\n<div class=\"rte\">\n<p style=\"text-align: center;\">\u00a0Model m\u00e1 <strong>165 <\/strong>cm vysok\u00fd, nos\u00ed ve\u013ekos\u0165 ka\u017ed\u00fd de\u0148 <strong>S<\/strong><\/p>\n<\/div>\n<\/section>","protected":false},"excerpt":{"rendered":"<p>Sukienka Cekinowa Asymetryczna na Rami\u0105czkach Leoora Srebrno Czarna Pi\u0119kna cekinowa z d\u0142u\u017cszym bokiem sukienka, dopasowana do cia\u0142a. Za\u0142\u00f3\u017c j\u0105 na wyj\u0105tkow\u0105 okazj\u0119 i spraw, \u017ce nikt nie przejdzie obok Ciebie oboj\u0119tnie. Sukienka wykonana zosta\u0142a z pi\u0119knego, cekinowego materia\u0142u. G\u0142\u0119boki dekolt\u00a0 pi\u0119knie podkre\u015bla biust oraz przyci\u0105ga wzrok. Cekinowa sukienka na regulowanych rami\u0105czkach sprawi, \u017ce b\u0119dziesz b\u0142yszcze\u0107<\/p>\n<div class=\"klb-readmore post-buttons\"><a class=\"button black outline size-sm\" href=\"https:\/\/madelinefashion.pl\/sk\/sukienka-cekinowa-asymetryczna-na-ramiaczkach-leoora-srebrno-czarna\/\">\u010c\u00edta\u0165 \u010falej <i class=\"klbth-icon-right-arrow\"><\/i><\/a><\/div>","protected":false},"featured_media":25224,"template":"","meta":[],"product_brand":[],"product_cat":[124,395,558],"product_tag":[213],"class_list":{"0":"post-25419","1":"product","2":"type-product","3":"status-publish","4":"has-post-thumbnail","6":"product_cat-sukienki-okolicznosciowe","7":"product_cat-nowosci","8":"product_cat-sukienki-cekinowe","9":"product_tag-sukienka-czarna","11":"first","12":"instock","13":"sale","14":"purchasable","15":"product-type-simple"},"_links":{"self":[{"href":"https:\/\/madelinefashion.pl\/sk\/wp-json\/wp\/v2\/product\/25419","targetHints":{"allow":["GET"]}}],"collection":[{"href":"https:\/\/madelinefashion.pl\/sk\/wp-json\/wp\/v2\/product"}],"about":[{"href":"https:\/\/madelinefashion.pl\/sk\/wp-json\/wp\/v2\/types\/product"}],"wp:featuredmedia":[{"embeddable":true,"href":"https:\/\/madelinefashion.pl\/sk\/wp-json\/wp\/v2\/media\/25224"}],"wp:attachment":[{"href":"https:\/\/madelinefashion.pl\/sk\/wp-json\/wp\/v2\/media?parent=25419"}],"wp:term":[{"taxonomy":"product_brand","embeddable":true,"href":"https:\/\/madelinefashion.pl\/sk\/wp-json\/wp\/v2\/product_brand?post=25419"},{"taxonomy":"product_cat","embeddable":true,"href":"https:\/\/madelinefashion.pl\/sk\/wp-json\/wp\/v2\/product_cat?post=25419"},{"taxonomy":"product_tag","embeddable":true,"href":"https:\/\/madelinefashion.pl\/sk\/wp-json\/wp\/v2\/product_tag?post=25419"}],"curies":[{"name":"pracovn\u00fd list","href":"https:\/\/api.w.org\/{rel}","templated":true}]}}