{"id":27187,"date":"2022-01-04T11:19:40","date_gmt":"2022-01-04T10:19:40","guid":{"rendered":"https:\/\/madelinefashion.pl\/?post_type=product&#038;p=27187"},"modified":"2026-02-20T14:57:59","modified_gmt":"2026-02-20T13:57:59","slug":"sweter-krotki-vegas-czarny","status":"publish","type":"product","link":"https:\/\/madelinefashion.pl\/sk\/sweter-krotki-vegas-czarny\/","title":{"rendered":"Kr\u00e1tky sveter Vegas \u010dierny"},"content":{"rendered":"<h3 style=\"text-align: center;\">Kr\u00e1tky sveter Vegas \u010dierny<\/h3>\n<p style=\"text-align: center;\"><span style=\"font-size: 10pt;\">Pohodln\u00fd, pohodln\u00fd sveter jednoduch\u00e9ho strihu. Model s dlh\u00fdmi ruk\u00e1vmi zakon\u010den\u00fdmi lemami podobn\u00fdmi spodnej \u010dasti svetra. Je u\u0161it\u00e1 z pr\u00edjemnej, elastickej l\u00e1tky. M\u00e1 efektn\u00fa predn\u00fa \u010das\u0165 a ruk\u00e1vy. Mega univerz\u00e1lny model, ktor\u00fd sa hod\u00ed ku ka\u017ed\u00e9mu stylingu. Perfektne sa kombinuj\u00fa s d\u017e\u00ednsami, leg\u00ednami a suk\u0148ami.<\/span><\/p>\n<p style=\"text-align: center;\"><span style=\"font-size: 10pt;\">Univerz\u00e1lna ve\u013ekos\u0165, odpor\u00fa\u010dan\u00e1 od XS po L<\/span><\/p>\n<p style=\"text-align: center;\"><span style=\"font-size: 10pt;\">\u00a0<\/span><\/p>\n<h3 style=\"text-align: center;\">\u00a0 \u00a0 \u00a0Rozmery:<\/h3>\n<p style=\"text-align: center;\">\u00a0\u00a0\u00a0 celkov\u00e1 d\u013a\u017eka: 67 cm<\/p>\n<p style=\"text-align: center;\">\u00a0\u00a0\u00a0\u00a0\u00a0\u00a0\u00a0 \u0161\u00edrka od pazuchy po pazuchu: 55 cm -67 cm<\/p>\n<p style=\"text-align: center;\">\u00a0 \u00a0 D\u013a\u017eka ruk\u00e1va od podpazu\u0161ia: 38 cm<\/p>\n<p style=\"text-align: center;\">D\u013a\u017eka ruk\u00e1va od ramena: 50 cm<\/p>\n<p style=\"text-align: center;\">\u00a0Rozmery sa m\u00f4\u017eu mierne l\u00ed\u0161i\u0165 od uveden\u00fdch +\/- 2cm. V\u0161etky uveden\u00e9 rozmery s\u00fa meran\u00e9 plo\u0161ne. rozmer x2<\/p>\n<p>&nbsp;<\/p>\n<table>\n<tbody>\n<tr>\n<td width=\"302\">Meno modela<\/td>\n<td width=\"302\">Kr\u00e1tky sveter Vegas<\/td>\n<\/tr>\n<tr>\n<td width=\"302\">Farba<\/td>\n<td width=\"302\">\u010dierna<\/td>\n<\/tr>\n<tr>\n<td width=\"302\">ve\u013ekosti<\/td>\n<td width=\"302\">Univerz\u00e1lny<\/td>\n<\/tr>\n<tr>\n<td width=\"302\">M\u00f3da<\/td>\n<td width=\"302\">Zhoda<\/td>\n<\/tr>\n<tr>\n<td width=\"302\">izolovan\u00e9<\/td>\n<td width=\"302\">jednopl\u00e1\u0161\u0165ov\u00e9<\/td>\n<\/tr>\n<tr>\n<td width=\"302\">Materi\u00e1l<\/td>\n<td width=\"302\">74 % Akryl 26 % Polyester<\/td>\n<\/tr>\n<\/tbody>\n<\/table>\n<p style=\"text-align: center;\"><span style=\"font-size: 10pt;\">\u00a0<\/span><\/p>\n<p style=\"text-align: center;\">Model m\u00e1\u00a0<strong>169<\/strong>\u00a0cm vysok\u00fd, nos\u00ed ve\u013ekos\u0165 ka\u017ed\u00fd de\u0148\u00a0<strong>S<\/strong><\/p>\n<p style=\"text-align: center;\">\u0160\u00edrka cez prsia 92 cm<\/p>\n<p style=\"text-align: center;\">\u0160\u00edrka v p\u00e1se 62 cm<\/p>\n<p style=\"text-align: center;\">\u0160\u00edrka v bokoch 94 cm<\/p>","protected":false},"excerpt":{"rendered":"<p>Sweter Kr\u00f3tki Vegas Czarny Wygodny, komfortowy sweterek o prostym kroju. Model z d\u0142ugimi r\u0119kawami zako\u0144czonymi \u015bci\u0105gaczami, podobnie jak d\u00f3\u0142 swetra. Wykonano go z przyjemnej, elastycznej dzianiny. Posiada efektowny z przodu oraz na r\u0119kawach. Mega uniwersalny model pasuj\u0105cy do ka\u017cdej stylizacji. Idealnie \u0142\u0105czy si\u0119 z jeansami, legginsami oraz sp\u00f3dnicami. Rozmiar uniwersalny zalecany od XS do L<\/p>\n<div class=\"klb-readmore post-buttons\"><a class=\"button black outline size-sm\" href=\"https:\/\/madelinefashion.pl\/sk\/sweter-krotki-vegas-czarny\/\">\u010c\u00edta\u0165 \u010falej <i class=\"klbth-icon-right-arrow\"><\/i><\/a><\/div>","protected":false},"featured_media":56240,"template":"","meta":[],"product_brand":[],"product_cat":[78],"product_tag":[],"class_list":{"0":"post-27187","1":"product","2":"type-product","3":"status-publish","4":"has-post-thumbnail","6":"product_cat-swetry-damskie","8":"first","9":"instock","10":"purchasable","11":"product-type-simple"},"_links":{"self":[{"href":"https:\/\/madelinefashion.pl\/sk\/wp-json\/wp\/v2\/product\/27187","targetHints":{"allow":["GET"]}}],"collection":[{"href":"https:\/\/madelinefashion.pl\/sk\/wp-json\/wp\/v2\/product"}],"about":[{"href":"https:\/\/madelinefashion.pl\/sk\/wp-json\/wp\/v2\/types\/product"}],"wp:featuredmedia":[{"embeddable":true,"href":"https:\/\/madelinefashion.pl\/sk\/wp-json\/wp\/v2\/media\/56240"}],"wp:attachment":[{"href":"https:\/\/madelinefashion.pl\/sk\/wp-json\/wp\/v2\/media?parent=27187"}],"wp:term":[{"taxonomy":"product_brand","embeddable":true,"href":"https:\/\/madelinefashion.pl\/sk\/wp-json\/wp\/v2\/product_brand?post=27187"},{"taxonomy":"product_cat","embeddable":true,"href":"https:\/\/madelinefashion.pl\/sk\/wp-json\/wp\/v2\/product_cat?post=27187"},{"taxonomy":"product_tag","embeddable":true,"href":"https:\/\/madelinefashion.pl\/sk\/wp-json\/wp\/v2\/product_tag?post=27187"}],"curies":[{"name":"pracovn\u00fd list","href":"https:\/\/api.w.org\/{rel}","templated":true}]}}