{"id":27271,"date":"2022-01-06T10:08:18","date_gmt":"2022-01-06T09:08:18","guid":{"rendered":"https:\/\/madelinefashion.pl\/?post_type=product&#038;p=27271"},"modified":"2026-01-20T10:34:03","modified_gmt":"2026-01-20T09:34:03","slug":"koszula-jeansowa-w-kwiaty-zapinana-na-guziki","status":"publish","type":"product","link":"https:\/\/madelinefashion.pl\/sk\/koszula-jeansowa-w-kwiaty-zapinana-na-guziki\/","title":{"rendered":"D\u017e\u00ednsov\u00e1 ko\u0161e\u013ea s kvetmi zap\u00ednan\u00e1 na gomb\u00edky"},"content":{"rendered":"<h3 style=\"text-align: center;\">D\u017e\u00ednsov\u00e1 ko\u0161e\u013ea s kvetmi zap\u00ednan\u00e1 na gomb\u00edky<\/h3>\n<p style=\"text-align: center;\">Strihan\u00e1 ko\u0161e\u013ea<strong> zhodn\u00e9 - <\/strong>je ide\u00e1lnym z\u00e1kladom a z\u00e1kladom pre mnoh\u00e9 \u0161tyliz\u00e1cie. Ko\u0161e\u013ea s vy\u0161\u00edvan\u00fdmi kvetmi - region\u00e1lna. Vpredu m\u00e1 vreck\u00e1 a zap\u00edna sa cel\u00fd na gomb\u00edky. Chcete sa c\u00edti\u0165 v\u010das? Pam\u00e4tajte na ko\u0161e\u013eu vo va\u0161om \u0161atn\u00edku. Jeho farba a vzor v\u00e1s urobia <strong>budete vy\u010dnieva\u0165 z davu<\/strong>. Ko\u0161e\u013ea s dlh\u00fdm ruk\u00e1vom - s mo\u017enos\u0165ou vyhrnutia. Bude to sedie\u0165 najlep\u0161ie <strong>ka\u017edodenn\u00fd vzh\u013ead<\/strong>. Model vybran\u00fd pre mnoho \u0161t\u00fdlov. M\u00f4\u017eete ich nosi\u0165 <a href=\"https:\/\/madelinefashion.pl\/sk\/szorty-sznurowane-jeansowe-rocket-biale\/\">\u0161ortky<\/a>, <a href=\"https:\/\/madelinefashion.pl\/sk\/spodnie-biale-jeans-z-dziurami\/\">d\u017e\u00ednsy<\/a>, sukne a dokonca aj ko\u017een\u00e9 nohavice. Dokonale sa prisp\u00f4sob\u00ed postave. Ide\u00e1lne do \u0161koly, pr\u00e1ce, na rande alebo na stretnutie s priate\u013emi! <strong>Ide\u00e1lne pre ka\u017ed\u00fa pr\u00edle\u017eitos\u0165 a \u010das!\u00a0<\/strong>Ve\u013ekos\u0165\u00a0<strong>odpor\u00fa\u010dan\u00e9 univerz\u00e1lne<\/strong>\u00a0pre d\u00e1my vo ve\u013ekosti od<strong> S a\u017e XL.<\/strong><\/p>\n<h3 style=\"text-align: center;\">Rozmery tri\u010dka:<\/h3>\n<p style=\"text-align: center;\"><strong>S\u00a0<\/strong><\/p>\n<ul style=\"text-align: center;\">\n<li>celkov\u00e1 d\u013a\u017eka: 67 cm<\/li>\n<li>\u0161\u00edrka od pazuchy po pazuchu: 47-49 cm<\/li>\n<li>\u0161\u00edrka p\u00e1sa: 44-45 cm<\/li>\n<li>d\u013a\u017eka ruk\u00e1va od pazuchy: 46 cm<\/li>\n<li>d\u013a\u017eka ruk\u00e1va od ramena: 62 cm<\/li>\n<\/ul>\n<p style=\"text-align: center;\"><strong>m\u00a0<\/strong><\/p>\n<ul style=\"text-align: center;\">\n<li>celkov\u00e1 d\u013a\u017eka: 67 cm<\/li>\n<li>\u0161\u00edrka od pazuchy po pazuchu: 49-51 cm<\/li>\n<li>\u0161\u00edrka p\u00e1sa: 44-45 cm<\/li>\n<li>d\u013a\u017eka ruk\u00e1va od podpazu\u0161ia: 47 cm<\/li>\n<li>d\u013a\u017eka ruk\u00e1va od ramena: 62 cm<\/li>\n<\/ul>\n<p style=\"text-align: center;\"><strong>L\u00a0<\/strong><\/p>\n<ul style=\"text-align: center;\">\n<li>celkov\u00e1 d\u013a\u017eka: 67 cm<\/li>\n<li>\u0161\u00edrka od pazuchy po pazuchu: 52-54 cm<\/li>\n<li>\u0161\u00edrka p\u00e1sa: 46-48 cm<\/li>\n<li>d\u013a\u017eka ruk\u00e1va od podpazu\u0161ia: 48 cm<\/li>\n<li>d\u013a\u017eka ruk\u00e1va od ramena: 63 cm<\/li>\n<\/ul>\n<p style=\"text-align: center;\"><strong>XL\u00a0<\/strong><\/p>\n<ul style=\"text-align: center;\">\n<li>celkov\u00e1 d\u013a\u017eka: 68 cm<\/li>\n<li>\u0161\u00edrka od pazuchy po pazuchu: 54-56 cm<\/li>\n<li>\u0161\u00edrka p\u00e1sa: 47-49 cm<\/li>\n<li>d\u013a\u017eka ruk\u00e1va od podpazu\u0161ia: 49 cm<\/li>\n<li>d\u013a\u017eka ruk\u00e1va od ramena: 64 cm<\/li>\n<\/ul>\n<p style=\"text-align: center;\">Rozmery sa m\u00f4\u017eu mierne l\u00ed\u0161i\u0165 od uveden\u00fdch +\/- 2cm. V\u0161etky uveden\u00e9 rozmery s\u00fa meran\u00e9 plo\u0161ne.<\/p>\n<p style=\"text-align: center;\"><span style=\"font-size: 10pt;\">\u00a0<\/span><\/p>\n<p style=\"text-align: center;\"><span style=\"font-size: 10pt;\">\u00a0<\/span><\/p>\n<table width=\"608\">\n<tbody>\n<tr>\n<td width=\"302\">Meno modela<\/td>\n<td width=\"302\">D\u017e\u00ednsov\u00e1 ko\u0161e\u013ea s kvetmi zap\u00ednan\u00e1 na gomb\u00edky<\/td>\n<\/tr>\n<tr>\n<td width=\"302\">Farba<\/td>\n<td width=\"302\">d\u017e\u00ednsy<\/td>\n<\/tr>\n<tr>\n<td width=\"302\">ve\u013ekosti<\/td>\n<td width=\"302\">Univerz\u00e1lny<\/td>\n<\/tr>\n<tr>\n<td width=\"302\">M\u00f3da<\/td>\n<td width=\"302\">nadrozmern\u00e9<\/td>\n<\/tr>\n<tr>\n<td width=\"302\">Materi\u00e1l<\/td>\n<td width=\"302\">90% Bavlna 10% Polyester<\/td>\n<\/tr>\n<\/tbody>\n<\/table>\n<p style=\"text-align: center;\"><span style=\"font-size: 10pt;\"><br \/>\nModel m\u00e1\u00a0<strong>165<\/strong>\u00a0cm vysok\u00fd, nos\u00ed ve\u013ekos\u0165 ka\u017ed\u00fd de\u0148\u00a0<strong>S<\/strong><\/span><span style=\"font-size: 10pt;\">\u00a0<\/span><\/p>","protected":false},"excerpt":{"rendered":"<p>Koszula Jeansowa W Kwiaty Zapinana na guziki Koszula o kroju dopasowanym &#8211; to idealna baza i podstawa do wielu stylizacji. Koszula z haftowanymi kwiatami- regionalna. Posiada kieszonki z przodu i zapinana jest w ca\u0142o\u015bci na\u00a0 guziki. Chcesz si\u0119 poczu\u0107 na czasie? Pami\u0119taj o koszuli w swojej garderobie.\u00a0 Jej kolor i wz\u00f3r sprawi\u0105, \u017ce wyr\u00f3\u017cnisz si\u0119<\/p>\n<div class=\"klb-readmore post-buttons\"><a class=\"button black outline size-sm\" href=\"https:\/\/madelinefashion.pl\/sk\/koszula-jeansowa-w-kwiaty-zapinana-na-guziki\/\">\u010c\u00edta\u0165 \u010falej <i class=\"klbth-icon-right-arrow\"><\/i><\/a><\/div>","protected":false},"featured_media":27169,"template":"","meta":[],"product_brand":[],"product_cat":[92],"product_tag":[240,414],"class_list":{"0":"post-27271","1":"product","2":"type-product","3":"status-publish","4":"has-post-thumbnail","6":"product_cat-koszule","7":"product_tag-jeans","8":"product_tag-koszule","9":"pa_rozmiar-s","10":"pa_rozmiar-m","11":"pa_rozmiar-l","12":"pa_rozmiar-xl","14":"first","15":"instock","16":"sale","17":"purchasable","18":"product-type-variable"},"_links":{"self":[{"href":"https:\/\/madelinefashion.pl\/sk\/wp-json\/wp\/v2\/product\/27271","targetHints":{"allow":["GET"]}}],"collection":[{"href":"https:\/\/madelinefashion.pl\/sk\/wp-json\/wp\/v2\/product"}],"about":[{"href":"https:\/\/madelinefashion.pl\/sk\/wp-json\/wp\/v2\/types\/product"}],"wp:featuredmedia":[{"embeddable":true,"href":"https:\/\/madelinefashion.pl\/sk\/wp-json\/wp\/v2\/media\/27169"}],"wp:attachment":[{"href":"https:\/\/madelinefashion.pl\/sk\/wp-json\/wp\/v2\/media?parent=27271"}],"wp:term":[{"taxonomy":"product_brand","embeddable":true,"href":"https:\/\/madelinefashion.pl\/sk\/wp-json\/wp\/v2\/product_brand?post=27271"},{"taxonomy":"product_cat","embeddable":true,"href":"https:\/\/madelinefashion.pl\/sk\/wp-json\/wp\/v2\/product_cat?post=27271"},{"taxonomy":"product_tag","embeddable":true,"href":"https:\/\/madelinefashion.pl\/sk\/wp-json\/wp\/v2\/product_tag?post=27271"}],"curies":[{"name":"pracovn\u00fd list","href":"https:\/\/api.w.org\/{rel}","templated":true}]}}