{"id":27433,"date":"2022-01-06T12:43:51","date_gmt":"2022-01-06T11:43:51","guid":{"rendered":"https:\/\/madelinefashion.pl\/?post_type=product&#038;p=27433"},"modified":"2026-03-26T12:40:28","modified_gmt":"2026-03-26T11:40:28","slug":"sukienka-sweterkowa-z-golfem-bez-rekawow-galbi-czarna","status":"publish","type":"product","link":"https:\/\/madelinefashion.pl\/sk\/sukienka-sweterkowa-z-golfem-bez-rekawow-galbi-czarna\/","title":{"rendered":"Galbi Rol\u00e1kov\u00e9 \u0161aty bez ruk\u00e1vov \u010dierne"},"content":{"rendered":"<h3 style=\"text-align: center;\">Galbi Rol\u00e1kov\u00e9 \u0161aty bez ruk\u00e1vov \u010dierne<\/h3>\n<p style=\"text-align: center;\">Fenomen\u00e1lne \u010dierne svetrov\u00e9 \u0161aty s rol\u00e1kom. Vyroben\u00e9 z mimoriadne pr\u00edjemn\u00e9ho elastick\u00e9ho materi\u00e1lu. D\u00e1 sa cez hlavu, perfektne sed\u00ed na tele. Jeho jednoduch\u00fd strih zapadne do mnoh\u00fdch \u0161t\u00fdlov. S \u00faspechom ju m\u00f4\u017eete nosi\u0165 na ka\u017edodenn\u00e9 v\u00fdlety, do pr\u00e1ce, na rodinn\u00e9 stretnutie alebo aj na v\u00fdznamnej\u0161iu pr\u00edle\u017eitos\u0165. Odpor\u00fa\u010da sa pre \u017eeny vo ve\u013ekosti <strong>XS SML<\/strong><\/p>\n<h3 style=\"text-align: center;\">Rozmery:<\/h3>\n<p style=\"text-align: center;\">Celkov\u00e1 d\u013a\u017eka: 88 cm<\/p>\n<p style=\"text-align: center;\">Obvod hrudn\u00edka: 36-52 cm<\/p>\n<p style=\"text-align: center;\">\u0160\u00edrka v bokoch: 36 - 52 cm<\/p>\n<p style=\"text-align: center;\">Rozmery sa m\u00f4\u017eu mierne l\u00ed\u0161i\u0165 od uveden\u00fdch +\/- 2cm. V\u0161etky uveden\u00e9 rozmery s\u00fa meran\u00e9 plo\u0161ne.<\/p>\n<p>&nbsp;<\/p>\n<table width=\"598\">\n<tbody>\n<tr>\n<td width=\"302\">Meno modela<\/td>\n<td width=\"302\">Galbi Rol\u00e1kov\u00e9 \u0161aty bez ruk\u00e1vov<\/td>\n<\/tr>\n<tr>\n<td width=\"302\">Farba<\/td>\n<td width=\"302\">\u010dierna<\/td>\n<\/tr>\n<tr>\n<td width=\"302\">Zbierka<\/td>\n<td width=\"302\">jar\/jese\u0148\/zima<\/td>\n<\/tr>\n<tr>\n<td width=\"302\">ve\u013ekosti<\/td>\n<td width=\"302\">Univerz\u00e1lny<\/td>\n<\/tr>\n<tr>\n<td width=\"302\">M\u00f3da<\/td>\n<td width=\"302\">Na mieru<\/td>\n<\/tr>\n<tr>\n<td width=\"302\">\u0160tiepenie<\/td>\n<td width=\"302\">Golf<\/td>\n<\/tr>\n<tr>\n<td width=\"302\">Materi\u00e1l<\/td>\n<td width=\"302\">100% akryl<\/td>\n<\/tr>\n<\/tbody>\n<\/table>\n<p>&nbsp;<\/p>\n<p>&nbsp;<\/p>\n<p style=\"text-align: center;\">Model m\u00e1\u00a0<strong>166<\/strong>\u00a0cm vysok\u00fd, nos\u00ed ho ka\u017ed\u00fd de\u0148\u00a0<strong>ve\u013ekos\u0165 S<\/strong><\/p>\n<p style=\"text-align: center;\"><strong>\u00a0<\/strong><\/p>\n<p style=\"text-align: center;\">","protected":false},"excerpt":{"rendered":"<p>Sukienka Sweterkowa Z Golfem Bez r\u0119kaw\u00f3w Galbi Czarna Zjawiskowa sukienka sweterkowa czarna z golfem. Wykonana z niezwykle przyjemnego elastycznego materia\u0142u. Wk\u0142adana przez g\u0142ow\u0119, \u015bwietnie uk\u0142ada si\u0119 na ciele. Jej prosty kr\u00f3j wpisze si\u0119 w wiele stylizacji. Z powodzeniem mo\u017cesz j\u0105 ubra\u0107 na codzienne wyj\u015bcia, do pracy, spotkanie rodzinne czy nawet na wa\u017cniejsz\u0105 okazj\u0119. Zalecana dla<\/p>\n<div class=\"klb-readmore post-buttons\"><a class=\"button black outline size-sm\" href=\"https:\/\/madelinefashion.pl\/sk\/sukienka-sweterkowa-z-golfem-bez-rekawow-galbi-czarna\/\">\u010c\u00edta\u0165 \u010falej <i class=\"klbth-icon-right-arrow\"><\/i><\/a><\/div>","protected":false},"featured_media":27372,"template":"","meta":[],"product_brand":[],"product_cat":[380,158],"product_tag":[419,296],"class_list":{"0":"post-27433","1":"product","2":"type-product","3":"status-publish","4":"has-post-thumbnail","6":"product_cat-wyprzedaz","7":"product_cat-sukienki-sweterkowe","8":"product_tag-sweterkowa","9":"product_tag-tuniki","11":"first","12":"outofstock","13":"sale","14":"purchasable","15":"product-type-simple"},"_links":{"self":[{"href":"https:\/\/madelinefashion.pl\/sk\/wp-json\/wp\/v2\/product\/27433","targetHints":{"allow":["GET"]}}],"collection":[{"href":"https:\/\/madelinefashion.pl\/sk\/wp-json\/wp\/v2\/product"}],"about":[{"href":"https:\/\/madelinefashion.pl\/sk\/wp-json\/wp\/v2\/types\/product"}],"wp:featuredmedia":[{"embeddable":true,"href":"https:\/\/madelinefashion.pl\/sk\/wp-json\/wp\/v2\/media\/27372"}],"wp:attachment":[{"href":"https:\/\/madelinefashion.pl\/sk\/wp-json\/wp\/v2\/media?parent=27433"}],"wp:term":[{"taxonomy":"product_brand","embeddable":true,"href":"https:\/\/madelinefashion.pl\/sk\/wp-json\/wp\/v2\/product_brand?post=27433"},{"taxonomy":"product_cat","embeddable":true,"href":"https:\/\/madelinefashion.pl\/sk\/wp-json\/wp\/v2\/product_cat?post=27433"},{"taxonomy":"product_tag","embeddable":true,"href":"https:\/\/madelinefashion.pl\/sk\/wp-json\/wp\/v2\/product_tag?post=27433"}],"curies":[{"name":"pracovn\u00fd list","href":"https:\/\/api.w.org\/{rel}","templated":true}]}}