{"id":27592,"date":"2022-01-06T15:45:57","date_gmt":"2022-01-06T14:45:57","guid":{"rendered":"https:\/\/madelinefashion.pl\/?post_type=product&#038;p=27592"},"modified":"2025-09-09T10:31:25","modified_gmt":"2025-09-09T08:31:25","slug":"sukienka-w-kwiaty-rozkloszowana-rose-fuksja","status":"publish","type":"product","link":"https:\/\/madelinefashion.pl\/sk\/sukienka-w-kwiaty-rozkloszowana-rose-fuksja\/","title":{"rendered":"\u0160aty s kvetmi roz\u0161\u00edren\u00e1 ru\u017ea fuchsiov\u00e1"},"content":{"rendered":"<h3 style=\"text-align: center;\">\u0160aty s kvetmi roz\u0161\u00edren\u00e1 ru\u017ea fuchsiov\u00e1<\/h3>\n<p style=\"text-align: center;\"><strong>Roz\u0161\u00edren\u00e9 \u0161aty<\/strong> je to skvel\u00e1 ponuka na r\u00f4zne pr\u00edle\u017eitosti - svadba, sv\u00e4t\u00e9 prij\u00edmanie alebo krst. V perfektne strihan\u00fdch \u0161at\u00e1ch s praktick\u00fdm zap\u00ednan\u00edm na zips sa budete c\u00edti\u0165 mimoriadne \u017eensky. Modelovacie \u0161\u00edpky na l\u00ednii poprsia a na chrbte. Kr\u00e1sne odha\u013euje \u017eensk\u00e9 tvary - roz\u0161\u00edren\u00fd spodok \u0161iat. Oble\u010dte sa s\u00a0 <strong>polkruhov\u00fd <\/strong><strong>v\u00fdstrihu. <\/strong>Z\u00fa\u017een\u00e9 vo v\u00fd\u0161ke p\u00e1sa <strong>dokonale zv\u00fdraz\u0148uje p\u00e1s<\/strong>. Nem\u00f4\u017eete by\u0165 k tomu \u013eahostajn\u00ed.\u00a0<strong>Kvetinov\u00e9 \u0161aty\u00a0<\/strong>vyroben\u00e9 z najkvalitnej\u0161\u00edch materi\u00e1lov. <strong>Kvetinov\u00e1 potla\u010d je<\/strong>\u00a0ide\u00e1lny n\u00e1vrh na ka\u017ed\u00fa pr\u00edle\u017eitos\u0165.\u00a0<strong>Musie\u0165 ma\u0165<\/strong>\u00a0ka\u017ed\u00e1 elegantn\u00e1 \u017eena! Najnov\u0161ie n\u00e1vrhy tejto sez\u00f3ny! Dostupn\u00e9 na na\u0161om e-shope vo viacer\u00fdch d\u013a\u017ekach a farebn\u00fdch variantoch, tak nev\u00e1hajte a vyberte si t\u00fa, ktor\u00e1 je pre v\u00e1s ako stvoren\u00e1. Ak sa neviete rozhodn\u00fa\u0165 ak\u00fa farbu,\u00a0<strong>ve\u013ekos\u0165<\/strong>\u00a0je pre v\u00e1s to najlep\u0161ie\u00a0<strong>kontaktuj n\u00e1s<\/strong>\u00a0cez\u00a0<a href=\"https:\/\/www.facebook.com\/madelinefashionbutik\" target=\"_blank\" rel=\"noopener\">Facebook<\/a>\u00a0alebo\u00a0<a href=\"https:\/\/madelinefashion.pl\/sk\/kontakt\/\">telef\u00f3n<\/a>. Ak ve\u013ekos\u0165 nie je na str\u00e1nke, kontaktujte n\u00e1s.<\/p>\n<h3 style=\"text-align: center;\">Rozmery:<\/h3>\n<p style=\"text-align: center;\"><strong>36\/sek<\/strong><br \/>\nCelkov\u00e1 d\u013a\u017eka - 89 cm<br \/>\n\u0160\u00edrka od pazuchy po pazuchu - 42-43 cm<br \/>\n\u0160\u00edrka p\u00e1sa - 37-38 cm<br \/>\n\u0160\u00edrka ramien - 30 cm<\/p>\n<p style=\"text-align: center;\"><strong>38\/m<\/strong><br \/>\nCelkov\u00e1 d\u013a\u017eka - 89 cm<br \/>\n\u0160\u00edrka od pazuchy po pazuchu - 45-46 cm<br \/>\n\u0160\u00edrka p\u00e1sa - 39-40 cm<br \/>\n\u0160\u00edrka ramien - 32 cm<\/p>\n<p style=\"text-align: center;\"><strong>40\/l<\/strong><br \/>\nCelkov\u00e1 d\u013a\u017eka - 90 cm<br \/>\n\u0160\u00edrka od pazuchy po pazuchu - 46-47 cm<br \/>\n\u0160\u00edrka p\u00e1sa - 41-42 cm<br \/>\n\u0160\u00edrka ramien - 33 cm<\/p>\n<p style=\"text-align: center;\"><strong>42\/xl<\/strong><br \/>\nCelkov\u00e1 d\u013a\u017eka - 92 cm<br \/>\n\u0160\u00edrka od pazuchy po pazuchu - 49-50 cm<br \/>\n\u0160\u00edrka p\u00e1sa - 42-43 cm<br \/>\n\u0160\u00edrka ramien - 35 cm<\/p>\n<p style=\"text-align: center;\">Rozmery sa m\u00f4\u017eu mierne l\u00ed\u0161i\u0165 od uveden\u00fdch +\/- 2cm.\u00a0<strong>Uveden\u00fd rozmer Ploch\u00fd x2\u00a0<\/strong><\/p>\n<p style=\"text-align: center;\"><strong>\u00a0<\/strong><\/p>\n<table width=\"591\">\n<tbody>\n<tr>\n<td width=\"302\">Meno modela<\/td>\n<td width=\"302\">Ru\u017eov\u00e9 roz\u0161\u00edren\u00e9 \u0161aty s kvetmi<\/td>\n<\/tr>\n<tr>\n<td width=\"302\">Farba<\/td>\n<td width=\"302\">Fuchsiov\u00e1<\/td>\n<\/tr>\n<tr>\n<td width=\"302\">Zbierka<\/td>\n<td width=\"302\">Jar leto<\/td>\n<\/tr>\n<tr>\n<td width=\"302\">ve\u013ekosti<\/td>\n<td width=\"302\">SML XL<\/td>\n<\/tr>\n<tr>\n<td width=\"302\">M\u00f3da<\/td>\n<td width=\"302\">Zhoda<\/td>\n<\/tr>\n<tr>\n<td width=\"302\">Materi\u00e1l<\/td>\n<td width=\"302\">94% Polyester, 6% Spadex<\/td>\n<\/tr>\n<tr>\n<td width=\"302\">D\u013a\u017eka<\/td>\n<td width=\"302\">Na koleno<\/td>\n<\/tr>\n<\/tbody>\n<\/table>\n<p>&nbsp;<\/p>\n<p style=\"text-align: center;\">Model m\u00e1\u00a0<strong>165<\/strong>\u00a0cm vysok\u00fd, nos\u00ed ve\u013ekos\u0165 ka\u017ed\u00fd de\u0148\u00a0<strong>S<\/strong><\/p>","protected":false},"excerpt":{"rendered":"<p>Sukienka W Kwiaty Rozkloszowana Rose Fuksja Sukienka o rozkloszowanym fasonie to \u015bwietna propozycja na r\u00f3\u017cne okazje &#8211; wesele, komuni\u0119 czy chrzest. Doskonale skrojona sukienka z praktycznym zapi\u0119ciem na suwak sprawi, \u017ce poczujesz si\u0119 niezwykle kobieco. Modeluj\u0105ce zaszewki na linii biustu oraz na plecach. Pi\u0119knie eksponuje kobiece kszta\u0142ty- d\u00f3\u0142 sukienki rozkloszowany. Sukienka z\u00a0 p\u00f3\u0142okr\u0105g\u0142ym dekoltem. Zw\u0119\u017cana<\/p>\n<div class=\"klb-readmore post-buttons\"><a class=\"button black outline size-sm\" href=\"https:\/\/madelinefashion.pl\/sk\/sukienka-w-kwiaty-rozkloszowana-rose-fuksja\/\">\u010c\u00edta\u0165 \u010falej <i class=\"klbth-icon-right-arrow\"><\/i><\/a><\/div>","protected":false},"featured_media":27576,"template":"","meta":[],"product_brand":[],"product_cat":[125,395],"product_tag":[262,396],"class_list":{"0":"post-27592","1":"product","2":"type-product","3":"status-publish","4":"has-post-thumbnail","6":"product_cat-sukienki","7":"product_cat-nowosci","8":"product_tag-sukienki-krotkie","9":"product_tag-sukienki-w-kwiaty","11":"first","12":"outofstock","13":"product-type-variable"},"_links":{"self":[{"href":"https:\/\/madelinefashion.pl\/sk\/wp-json\/wp\/v2\/product\/27592","targetHints":{"allow":["GET"]}}],"collection":[{"href":"https:\/\/madelinefashion.pl\/sk\/wp-json\/wp\/v2\/product"}],"about":[{"href":"https:\/\/madelinefashion.pl\/sk\/wp-json\/wp\/v2\/types\/product"}],"wp:featuredmedia":[{"embeddable":true,"href":"https:\/\/madelinefashion.pl\/sk\/wp-json\/wp\/v2\/media\/27576"}],"wp:attachment":[{"href":"https:\/\/madelinefashion.pl\/sk\/wp-json\/wp\/v2\/media?parent=27592"}],"wp:term":[{"taxonomy":"product_brand","embeddable":true,"href":"https:\/\/madelinefashion.pl\/sk\/wp-json\/wp\/v2\/product_brand?post=27592"},{"taxonomy":"product_cat","embeddable":true,"href":"https:\/\/madelinefashion.pl\/sk\/wp-json\/wp\/v2\/product_cat?post=27592"},{"taxonomy":"product_tag","embeddable":true,"href":"https:\/\/madelinefashion.pl\/sk\/wp-json\/wp\/v2\/product_tag?post=27592"}],"curies":[{"name":"pracovn\u00fd list","href":"https:\/\/api.w.org\/{rel}","templated":true}]}}