{"id":28425,"date":"2022-01-21T14:20:59","date_gmt":"2022-01-21T13:20:59","guid":{"rendered":"https:\/\/madelinefashion.pl\/?post_type=product&#038;p=28425"},"modified":"2026-04-20T18:53:50","modified_gmt":"2026-04-20T16:53:50","slug":"suknia-slubna-one-million-biala-premium","status":"publish","type":"product","link":"https:\/\/madelinefashion.pl\/sk\/suknia-slubna-one-million-biala-premium\/","title":{"rendered":"One Million biele pr\u00e9miov\u00e9 svadobn\u00e9 \u0161aty"},"content":{"rendered":"<h3 style=\"text-align: center;\">One Million biele pr\u00e9miov\u00e9 svadobn\u00e9 \u0161aty<\/h3>\n<p style=\"text-align: center;\"><strong>Vysn\u00edvan\u00e9 svadobn\u00e9 \u0161aty<\/strong> vypasovan\u00e9 \u0161aty zdoben\u00e9 kry\u0161t\u00e1lmi s v\u00e9\u010dkov\u00fdm v\u00fdstrihom \u0160aty zdoben\u00e9 jemn\u00fdmi ozdobn\u00fdmi kamienkami a kor\u00e1lkami. <strong>Vyzer\u00e1 ve\u013emi zmyselne a origin\u00e1lne.<\/strong> \u0160aty maj\u00fa otvoren\u00fd chrb\u00e1t. Spodn\u00e1 \u010das\u0165 \u0161iat vypasovan\u00e1 - ala<strong> ryby<\/strong>\u00a0 pod\u0161\u00edvka zospodu. Biele \u0161aty do <strong>svadba<\/strong> civiln\u00e9, cirkevn\u00e9, ide\u00e1lne na svadbu alebo afterparty. <strong>\u00a0V\u00fdstrih do V<\/strong>. Z\u00fa\u017een\u00e1 v p\u00e1se dokonale zv\u00fdrazn\u00ed p\u00e1s. <strong>Rybie svadobn\u00e9 \u0161aty<\/strong> (morsk\u00e1 panna) je kvintesenciou svadobnej elegancie. Kr\u00e1sne zv\u00fdrazn\u00ed p\u00e1s, boky a poprsie. n\u00e1\u0161 <strong>Svadobn\u00e9 \u0161aty<\/strong>\u00a0<strong>Jeden mili\u00f3n<\/strong> V bielej farbe dostupn\u00e9 v na\u0161om obchode vo ve\u013ekostiach XS SML\u00a0 \u00a0 <strong>Rok 2025 sa ozna\u010duje za ve\u013ek\u00fd n\u00e1vrat svadobn\u00fdch \u0161iat s morsk\u00fdmi pannami a princeznovsk\u00fdm strihom. <\/strong>Ako vid\u00edte, ni\u010d na dlho nevyjde z m\u00f3dy.<br \/>\n<strong>vieme <\/strong>ak\u00e9 je to d\u00f4le\u017eit\u00e9 pre ka\u017ed\u00e9ho<strong> nevesty <\/strong>je <strong>vhodne zvolen\u00fd outfit. Svadobn\u00e9 \u0161aty by mali by\u0165 prisp\u00f4soben\u00e9 typu kr\u00e1sy, postavy a individu\u00e1lneho vkusu <\/strong><strong>predov\u0161etk\u00fdm<\/strong><strong>\u00a0 najd\u00f4le\u017eitej\u0161ie je c\u00edti\u0165 sa pohodlne! <\/strong>To zais\u0165uje, \u017ee tvorba bude sp\u013a\u0148a\u0165 <strong>jeho \u00faloha v 100% \u2013 <\/strong>n\u00e1\u0161 <strong>Svadobn\u00e9 \u0161aty One Million\u00a0<\/strong> prid\u00e1<strong> nevesta <\/strong>v\u00fdnimo\u010dn\u00fd <strong>sebavedomie. V obchode <a href=\"https:\/\/madelinefashion.pl\/sk\/sukienki-i-kombinezony\/sukienki-okolicznosciowe\/\">madelinefashion<\/a> n\u00e1jdete \u0161aty na cirkevn\u00e9 aj civiln\u00e9 sob\u00e1\u0161e aj na afterparty<\/strong>, ples, Silvester a in\u00e9 elegantn\u00e9 \u0161peci\u00e1lne udalosti. Na\u0161a ponuka<strong> n\u00e1jdete ako klasick\u00e9, jednoduch\u00e9 modely, tak aj zdoben\u00e9 kry\u0161t\u00e1lmi, flitrami, \u010dipkou \u010di tylom.\u00a0<\/strong>V na\u0161om e-shope n\u00e1jdete jedine\u010dn\u00e9 \u0161aty za mimoriadne v\u00fdhodn\u00e9 ceny \u2013\u00a0 <strong>nev\u00e1hajte a vyberte si ten, ktor\u00fd je pre v\u00e1s ide\u00e1lny<\/strong>. Ak sa neviete rozhodn\u00fa\u0165 ak\u00fa farbu, <strong>ve\u013ekos\u0165<\/strong> je pre v\u00e1s to najlep\u0161ie <strong>kontaktuj n\u00e1s<\/strong> cez <a href=\"https:\/\/www.facebook.com\/madelinefashionbutik\" target=\"_blank\" rel=\"noopener\">Facebook<\/a> alebo <a href=\"https:\/\/madelinefashion.pl\/sk\/kontakt\/\">telef\u00f3n<\/a>. Ak na str\u00e1nke nie je uveden\u00e1 ve\u013ekos\u0165, op\u00fdtajte sa<strong> kontakt<\/strong>.\u00a0<strong> Neviete ak\u00e9 svadobn\u00e9 \u0161aty si vybra\u0165?<\/strong>\u00a0<a href=\"https:\/\/madelinefashion.pl\/sk\/product-tag\/sukienka-biala\/?orderby=price-desc\"><strong>Skontrolujte<\/strong><\/a>to bude pre teba ide\u00e1lne!<\/p>\n<p>&nbsp;<\/p>\n<p style=\"text-align: center;\"><span style=\"font-size: 10pt;\"><b style=\"font-size: 10pt;\"> V objedn\u00e1vke m\u00f4\u017eete uvies\u0165 svoje miery: p\u00e1s a poprsie, vyberieme pre v\u00e1s ide\u00e1lne \u0161aty\u00a0<\/b><\/span><\/p>\n<p>&nbsp;<\/p>\n<p style=\"text-align: center;\"><span style=\"font-size: 10pt;\"><strong>\u00a0<\/strong><\/span><\/p>\n<h3 style=\"text-align: center;\">ROZMERY \u0161iat:<\/h3>\n<p><img fetchpriority=\"high\" decoding=\"async\" class=\"size-medium wp-image-16801 aligncenter\" src=\"https:\/\/madelinefashion.pl\/wp-content\/uploads\/2021\/08\/wymiary-suknia-300x194.png\" alt=\"\" width=\"300\" height=\"194\" title=\"\"><\/p>\n<div class=\"additional-details\" style=\"text-align: center;\">\n<table width=\"556\">\n<tbody>\n<tr>\n<td><strong>VE\u013dKOS\u0164<\/strong><\/td>\n<td><strong>poprsia<\/strong><\/td>\n<td><strong>P\u00e1s<\/strong><\/td>\n<td><strong>Boky<\/strong><\/td>\n<\/tr>\n<tr>\n<td><strong>34<\/strong><\/td>\n<td>84-86<\/td>\n<td>64-68<\/td>\n<td>\u00a082-90<\/td>\n<\/tr>\n<tr>\n<td><strong>36<\/strong><\/td>\n<td>88-90<\/td>\n<td>68-72<\/td>\n<td>\u00a086-92<\/td>\n<\/tr>\n<tr>\n<td><strong>38<\/strong><\/td>\n<td>92-94<\/td>\n<td>72-76<\/td>\n<td>\u00a090-96<\/td>\n<\/tr>\n<tr>\n<td><strong>40<\/strong><\/td>\n<td>96-98<\/td>\n<td>76-80<\/td>\n<td>\u00a094-106<\/td>\n<\/tr>\n<\/tbody>\n<\/table>\n<\/div>\n<p style=\"text-align: center;\"><span style=\"font-size: 10pt;\"><span style=\"font-size: 10pt;\">celkov\u00e1 d\u013a\u017eka cca 157 cm <\/span>\u00a0 <\/span><\/p>\n<p style=\"text-align: center;\"><span style=\"font-size: 10pt;\">\u0160aty s\u00fa dostupn\u00e9 aj v in\u00fdch farb\u00e1ch - odpor\u00fa\u010dame v\u00e1m zozn\u00e1mi\u0165 sa s na\u0161imi \u010fal\u0161\u00edmi produktmi.<\/span><\/p>\n<p style=\"text-align: center;\"><span style=\"font-size: 10pt;\">Rozmery sa m\u00f4\u017eu mierne l\u00ed\u0161i\u0165 od uveden\u00fdch +\/- 2cm.\u00a0<\/span><\/p>\n<p style=\"text-align: center;\"><span style=\"font-size: 10pt;\"><strong>\u00a0<\/strong>\u00a0<\/span><\/p>\n<table width=\"620\">\n<tbody>\n<tr>\n<td width=\"302\">Meno modela<\/td>\n<td width=\"302\">Svadobn\u00e9 \u0161aty One Million Premium<\/td>\n<\/tr>\n<tr>\n<td width=\"302\">Farba<\/td>\n<td width=\"302\">biely<\/td>\n<\/tr>\n<tr>\n<td width=\"302\">Marka<\/td>\n<td width=\"302\">Madeline Fashion<\/td>\n<\/tr>\n<tr>\n<td width=\"302\">ve\u013ekosti<\/td>\n<td width=\"302\">34 36 38 40<\/td>\n<\/tr>\n<tr>\n<td width=\"302\">M\u00f3da<\/td>\n<td width=\"302\">Zhoda \/ ryba<\/td>\n<\/tr>\n<tr>\n<td width=\"302\">Materi\u00e1l<\/td>\n<td width=\"302\">Visk\u00f3za, polyester, bavlna<\/td>\n<\/tr>\n<tr>\n<td width=\"302\">D\u013a\u017eka<\/td>\n<td width=\"302\">Na zem<\/td>\n<\/tr>\n<\/tbody>\n<\/table>\n<p style=\"text-align: center;\"><span style=\"font-size: 10pt;\">\u00a0<\/span><\/p>\n<p>&nbsp;<\/p>\n<p style=\"text-align: center;\"><span style=\"font-size: 10pt;\">Aby ste si vybrali <strong>perfektn\u00e9 \u0161aty<\/strong> kontaktujte n\u00e1s telefonicky alebo prostredn\u00edctvom na\u0161ej webovej str\u00e1nky <a href=\"https:\/\/www.facebook.com\/madelinefashionbutik\" target=\"_blank\" rel=\"noopener\">Facebook<\/a> .<\/span><br \/>\n<span style=\"font-size: 10pt;\">N\u00e1\u0161 t\u00edm v\u00e1m pom\u00f4\u017ee <strong>Vyberte si ten spr\u00e1vny<\/strong> . <strong>Na \u017eelanie kupuj\u00faceho vyrob\u00edme ak\u00e9ko\u013evek \u0161aty\u00a0<\/strong><strong>opatrne mera\u0165.\u00a0<\/strong><\/span><\/p>\n<div class=\"additional-details\" style=\"text-align: center;\">\n<p style=\"text-align: center;\"><span style=\"font-size: 10pt;\">\u00a0<\/span><\/p>\n<\/div>","protected":false},"excerpt":{"rendered":"<p>Suknia \u015alubna One Million Bia\u0142a Premium Zjawiskowa suknia \u015blubna dopasowana zdobiona kryszta\u0142ami z dekoltem w szpic\u00a0 Sukienka zdobiona delikatnymi ozdobnymi kamyczkami oraz koralikami. Wygl\u0105da bardzo zmys\u0142owo i oryginalnie. Sukienka posiada odkryte plecy. D\u00f3\u0142 sukienki dopasowany &#8211; ala rybka\u00a0 pod spodem podszewka. Bia\u0142a sukienka do \u015blubu cywilnego, ko\u015bcielnego\u00a0 idealna na wesele czy\u00a0 na poprawiny. \u00a0Dekolt w<\/p>\n<div class=\"klb-readmore post-buttons\"><a class=\"button black outline size-sm\" href=\"https:\/\/madelinefashion.pl\/sk\/suknia-slubna-one-million-biala-premium\/\">\u010c\u00edta\u0165 \u010falej <i class=\"klbth-icon-right-arrow\"><\/i><\/a><\/div>","protected":false},"featured_media":28418,"template":"","meta":[],"product_brand":[],"product_cat":[395,124,566,630],"product_tag":[257,219,163],"class_list":{"0":"post-28425","1":"product","2":"type-product","3":"status-publish","4":"has-post-thumbnail","6":"product_cat-nowosci","7":"product_cat-sukienki-okolicznosciowe","8":"product_cat-suknie-slubne","9":"product_cat-suknie-slubne-dopasowane","10":"product_tag-madelinefashion","11":"product_tag-sukienka-biala","12":"product_tag-sukienki-dlugie","14":"first","15":"instock","16":"sale","17":"purchasable","18":"product-type-variable"},"_links":{"self":[{"href":"https:\/\/madelinefashion.pl\/sk\/wp-json\/wp\/v2\/product\/28425","targetHints":{"allow":["GET"]}}],"collection":[{"href":"https:\/\/madelinefashion.pl\/sk\/wp-json\/wp\/v2\/product"}],"about":[{"href":"https:\/\/madelinefashion.pl\/sk\/wp-json\/wp\/v2\/types\/product"}],"wp:featuredmedia":[{"embeddable":true,"href":"https:\/\/madelinefashion.pl\/sk\/wp-json\/wp\/v2\/media\/28418"}],"wp:attachment":[{"href":"https:\/\/madelinefashion.pl\/sk\/wp-json\/wp\/v2\/media?parent=28425"}],"wp:term":[{"taxonomy":"product_brand","embeddable":true,"href":"https:\/\/madelinefashion.pl\/sk\/wp-json\/wp\/v2\/product_brand?post=28425"},{"taxonomy":"product_cat","embeddable":true,"href":"https:\/\/madelinefashion.pl\/sk\/wp-json\/wp\/v2\/product_cat?post=28425"},{"taxonomy":"product_tag","embeddable":true,"href":"https:\/\/madelinefashion.pl\/sk\/wp-json\/wp\/v2\/product_tag?post=28425"}],"curies":[{"name":"pracovn\u00fd list","href":"https:\/\/api.w.org\/{rel}","templated":true}]}}