{"id":30302,"date":"2022-03-01T15:46:49","date_gmt":"2022-03-01T14:46:49","guid":{"rendered":"https:\/\/madelinefashion.pl\/?post_type=product&#038;p=30302"},"modified":"2024-06-06T13:19:58","modified_gmt":"2024-06-06T11:19:58","slug":"buty-sportowe-z-siateczka-nb525-biale","status":"publish","type":"product","link":"https:\/\/madelinefashion.pl\/sk\/buty-sportowe-z-siateczka-nb525-biale\/","title":{"rendered":"\u0160portov\u00e1 obuv so sie\u0165ovinou NB525 biela"},"content":{"rendered":"<h3 style=\"text-align: center;\">\u0160portov\u00e1 obuv so sie\u0165ovinou NB525 biela<\/h3>\n<p style=\"text-align: center;\">\u0160portov\u00e1 obuv, ide\u00e1lna na ka\u017edodenn\u00e9 nosenie. Perfektn\u00e9 na dlh\u00e9 prech\u00e1dzky, cvi\u010denie, jogging, ale aj do pr\u00e1ce \u010di \u0161koly.<\/p>\n<p style=\"text-align: center;\"><strong>\u010c\u00edslovanie:\u00a0<\/strong>Typick\u00e9 - odpor\u00fa\u010dame vybra\u0165 si ve\u013ekos\u0165, ktor\u00fa nos\u00edte<br \/>\n<strong>Otep\u013eovanie:\u00a0<\/strong>Nedostatok<br \/>\n<b>Spona:\u00a0<\/b>Zaviazan\u00e9 \u0161n\u00farkami<\/p>\n<ul>\n<li style=\"text-align: center;\"><\/li>\n<\/ul>\n<table width=\"540\">\n<thead>\n<tr>\n<td width=\"216\"><strong>Ve\u013ekos\u0165 E\u00da<\/strong><\/td>\n<td width=\"316\"><strong>D\u013a\u017eka vlo\u017eky<\/strong><\/td>\n<\/tr>\n<\/thead>\n<tbody>\n<tr>\n<td width=\"216\"><strong>36<\/strong><\/td>\n<td width=\"316\">22,5 cm<\/td>\n<\/tr>\n<tr>\n<td width=\"216\"><strong>37<\/strong><\/td>\n<td width=\"316\">23,5 cm<\/td>\n<\/tr>\n<tr>\n<td width=\"216\"><strong>38<\/strong><\/td>\n<td width=\"316\">24,5 cm<\/td>\n<\/tr>\n<tr>\n<td width=\"216\"><strong>39<\/strong><\/td>\n<td width=\"316\">25 cm<\/td>\n<\/tr>\n<tr>\n<td width=\"216\"><strong>40<\/strong><\/td>\n<td width=\"316\">26 cm<\/td>\n<\/tr>\n<tr>\n<td width=\"216\"><strong>41<\/strong><\/td>\n<td width=\"316\">26,5 cm<\/td>\n<\/tr>\n<\/tbody>\n<\/table>\n<div class=\"wrap-content\">\n<div class=\"main-container container\">\n<div class=\"row\">\n<section class=\"main-content sidebar-left-false\">\n<div class=\"product-page page\">\n<div class=\"page-content\">\n<div id=\"ProductSizing\" class=\"product-sizing modal fade in\" tabindex=\"-1\" role=\"dialog\" aria-hidden=\"false\">\n<div class=\"modal-dialog\">\n<div class=\"modal-content\">\n<div class=\"widget html_editor\">\n<p>&nbsp;<\/p>\n<\/div>\n<p>&nbsp;<\/p>\n<\/div>\n<\/div>\n<\/div>\n<\/div>\n<\/div>\n<\/section>\n<\/div>\n<\/div>\n<\/div>\n<div class=\"wrap-footer\">\n<footer class=\"\">\n<div class=\"container\">\n<div class=\"footer-newsletter-box\"><\/div>\n<\/div>\n<\/footer>\n<\/div>\n<table>\n<tbody>\n<tr>\n<td width=\"302\">Meno modela<\/td>\n<td width=\"302\">\u0160portov\u00e1 obuv so sie\u0165ovinou NB525<\/td>\n<\/tr>\n<tr>\n<td width=\"302\">Farba<\/td>\n<td width=\"302\">biely<\/td>\n<\/tr>\n<tr>\n<td width=\"302\">ve\u013ekosti<\/td>\n<td width=\"302\">36 37\u00a0 38\u00a0 39 40 41<\/td>\n<\/tr>\n<tr>\n<td width=\"302\">Podo\u0161va<\/td>\n<td width=\"302\">Guma<\/td>\n<\/tr>\n<tr>\n<td width=\"302\">Otep\u013eovanie<\/td>\n<td width=\"302\">Nie<\/td>\n<\/tr>\n<tr>\n<td width=\"302\">Spona<\/td>\n<td width=\"302\">zauzlen\u00e9<\/td>\n<\/tr>\n<tr>\n<td width=\"302\">Zbierka<\/td>\n<td width=\"302\">Jar\/Jese\u0148\/Leto<\/td>\n<\/tr>\n<\/tbody>\n<\/table>\n<div class=\"tabs tabs-bb clear mb-80\">\n<div class=\"tab-content\">\n<div id=\"tab-description\" class=\"tab-pane fade in woocommerce-Tabs-panel--description active\">\n<p style=\"text-align: center;\">\n<\/div>\n<\/div>\n<\/div>\n<section class=\"up-sells upsells products mb-80\"><\/section>\n<p style=\"text-align: left;\">","protected":false},"excerpt":{"rendered":"<p>NB525 Biela sie\u0165ovan\u00e1 \u0161portov\u00e1 obuv. \u0160portov\u00e1 obuv, ide\u00e1lna na ka\u017edodenn\u00e9 nosenie. Ide\u00e1lna na dlh\u00e9 prech\u00e1dzky, cvi\u010denie, jogging, ale aj do pr\u00e1ce \u010di do \u0161koly. Ve\u013ekosti: \u0160tandardn\u00e9 \u2013 odpor\u00fa\u010dame zvoli\u0165 si va\u0161u be\u017en\u00fa ve\u013ekos\u0165. Izol\u00e1cia: \u017diadna. Zap\u00ednanie: \u0160nurovanie. Ve\u013ekos\u0165 E\u00da: D\u013a\u017eka stielky: 36 22,5 cm, 37 23,5 cm, 38 24,5 cm, 39 25 cm, 40 26 cm.<\/p>\n<div class=\"klb-readmore post-buttons\"><a class=\"button black outline size-sm\" href=\"https:\/\/madelinefashion.pl\/sk\/buty-sportowe-z-siateczka-nb525-biale\/\">\u010c\u00edta\u0165 \u010falej <i class=\"klbth-icon-right-arrow\"><\/i><\/a><\/div>","protected":false},"featured_media":30310,"template":"","meta":[],"product_brand":[],"product_cat":[400],"product_tag":[495],"class_list":{"0":"post-30302","1":"product","2":"type-product","3":"status-publish","4":"has-post-thumbnail","6":"product_cat-buty","7":"product_tag-buty-sportowe","9":"first","10":"instock","11":"product-type-variable"},"_links":{"self":[{"href":"https:\/\/madelinefashion.pl\/sk\/wp-json\/wp\/v2\/product\/30302","targetHints":{"allow":["GET"]}}],"collection":[{"href":"https:\/\/madelinefashion.pl\/sk\/wp-json\/wp\/v2\/product"}],"about":[{"href":"https:\/\/madelinefashion.pl\/sk\/wp-json\/wp\/v2\/types\/product"}],"wp:featuredmedia":[{"embeddable":true,"href":"https:\/\/madelinefashion.pl\/sk\/wp-json\/wp\/v2\/media\/30310"}],"wp:attachment":[{"href":"https:\/\/madelinefashion.pl\/sk\/wp-json\/wp\/v2\/media?parent=30302"}],"wp:term":[{"taxonomy":"product_brand","embeddable":true,"href":"https:\/\/madelinefashion.pl\/sk\/wp-json\/wp\/v2\/product_brand?post=30302"},{"taxonomy":"product_cat","embeddable":true,"href":"https:\/\/madelinefashion.pl\/sk\/wp-json\/wp\/v2\/product_cat?post=30302"},{"taxonomy":"product_tag","embeddable":true,"href":"https:\/\/madelinefashion.pl\/sk\/wp-json\/wp\/v2\/product_tag?post=30302"}],"curies":[{"name":"pracovn\u00fd list","href":"https:\/\/api.w.org\/{rel}","templated":true}]}}