{"id":30391,"date":"2022-03-02T13:09:22","date_gmt":"2022-03-02T12:09:22","guid":{"rendered":"https:\/\/madelinefashion.pl\/?post_type=product&#038;p=30391"},"modified":"2026-02-16T15:02:27","modified_gmt":"2026-02-16T14:02:27","slug":"botki-kowbojki-na-plaskim-obcasie-z-lancuszkiem-czarne","status":"publish","type":"product","link":"https:\/\/madelinefashion.pl\/sk\/botki-kowbojki-na-plaskim-obcasie-z-lancuszkiem-czarne\/","title":{"rendered":"Kovbojsk\u00e9 \u010ci\u017emy Na Plochom Podp\u00e4tku S Retiazkou \u010cierna"},"content":{"rendered":"<h3 style=\"text-align: center;\">Kovbojsk\u00e9 \u010ci\u017emy Na Plochom Podp\u00e4tku S Retiazkou \u010cierna<\/h3>\n<p style=\"text-align: center;\">M\u00f3dne d\u00e1mske \u010di\u017emy zo semi\u0161ovej ekologickej ko\u017ee v \u010diernej farbe. Prezentovan\u00e9 \u010di\u017emy s\u00fa vybaven\u00e9 skryt\u00fdm klinom o ve\u013ekosti cca 7 cm. Op\u00e4tok nen\u00e1padne prid\u00e1va centimetre a zo\u0161t\u00edh\u013euje postavu. Vn\u00fatro a stielka s\u00fa mierne zateplen\u00e9 ko\u017eu\u0161inkou - \u010di\u017emy sa daj\u00fa nosi\u0165 aj v chladnej\u0161\u00edch d\u0148och. Tieto top\u00e1nky s\u00fa naz\u00favacie. Zvr\u0161ok m\u00e1 charakteristick\u00e9 ozdoby (nie s\u00fa napevno pripevnen\u00e9, daj\u00fa sa stiahnu\u0165). V\u00fd\u0161ka top\u00e1nok je 17 cm.<\/p>\n<h3 style=\"text-align: center;\">Charakteristika:<\/h3>\n<ul>\n<li style=\"text-align: center;\">Klasick\u00e9 semi\u0161ov\u00e9 \u010di\u017emy - elegancia a pote\u0161enie z pou\u017e\u00edvania<\/li>\n<li style=\"text-align: center;\">M\u00f3dne \u2013 odpor\u00fa\u010dan\u00e9 blogermi<\/li>\n<li style=\"text-align: center;\">Pevn\u00fd op\u00e4tok - chod\u00ed sa v nich stabilne<\/li>\n<li style=\"text-align: center;\">Pohodln\u00e9 - pohodlne v nich str\u00e1vite cel\u00fd de\u0148<\/li>\n<li style=\"text-align: center;\">Klasick\u00fd vzh\u013ead - univerz\u00e1lny a nad\u010dasov\u00fd strih<\/li>\n<li><\/li>\n<\/ul>\n<p>&nbsp;<\/p>\n<ul>\n<li style=\"text-align: center;\"><\/li>\n<\/ul>\n<table width=\"540\">\n<thead>\n<tr>\n<td width=\"216\"><strong>Ve\u013ekos\u0165 E\u00da<\/strong><\/td>\n<td width=\"316\"><strong>D\u013a\u017eka vlo\u017eky<\/strong><\/td>\n<\/tr>\n<\/thead>\n<tbody>\n<tr>\n<td width=\"216\"><strong>36<\/strong><\/td>\n<td width=\"316\">23 cm<\/td>\n<\/tr>\n<tr>\n<td width=\"216\"><strong>37<\/strong><\/td>\n<td width=\"316\">23,5 cm<\/td>\n<\/tr>\n<tr>\n<td width=\"216\"><strong>38<\/strong><\/td>\n<td width=\"316\">24,5 cm<\/td>\n<\/tr>\n<tr>\n<td width=\"216\"><strong>39<\/strong><\/td>\n<td width=\"316\">25 cm<\/td>\n<\/tr>\n<tr>\n<td width=\"216\"><strong>40<\/strong><\/td>\n<td width=\"316\">25,5 cm<\/td>\n<\/tr>\n<tr>\n<td width=\"216\"><strong>41<\/strong><\/td>\n<td width=\"316\">26 cm<\/td>\n<\/tr>\n<\/tbody>\n<\/table>\n<div class=\"wrap-content\">\n<div class=\"main-container container\">\n<div class=\"row\">\n<section class=\"main-content sidebar-left-false\">\n<div class=\"product-page page\">\n<div class=\"page-content\">\n<div id=\"ProductSizing\" class=\"product-sizing modal fade in\" tabindex=\"-1\" role=\"dialog\" aria-hidden=\"false\">\n<div class=\"modal-dialog\">\n<div class=\"modal-content\">\n<div class=\"widget html_editor\">\n<p>&nbsp;<\/p>\n<\/div>\n<p>&nbsp;<\/p>\n<\/div>\n<\/div>\n<\/div>\n<\/div>\n<\/div>\n<\/section>\n<\/div>\n<\/div>\n<\/div>\n<div class=\"wrap-footer\">\n<footer class=\"\">\n<div class=\"container\">\n<div class=\"footer-newsletter-box\"><\/div>\n<\/div>\n<\/footer>\n<\/div>\n<table>\n<tbody>\n<tr>\n<td width=\"302\">Meno modela<\/td>\n<td width=\"302\">Kovbojsk\u00e9 \u010ci\u017emy Na Plochom Podp\u00e4tku S re\u0165azou<\/td>\n<\/tr>\n<tr>\n<td width=\"302\">Farba<\/td>\n<td width=\"302\">\u010dierna<\/td>\n<\/tr>\n<tr>\n<td width=\"302\">ve\u013ekosti<\/td>\n<td width=\"302\">36 37\u00a0 38\u00a0 39 40 41<\/td>\n<\/tr>\n<tr>\n<td width=\"302\">Materi\u00e1l<\/td>\n<td width=\"302\">Semi\u0161 - ekologick\u00fd<\/td>\n<\/tr>\n<tr>\n<td width=\"302\">Otep\u013eovanie<\/td>\n<td width=\"302\">\u00c1no<\/td>\n<\/tr>\n<tr>\n<td width=\"302\">Spona<\/td>\n<td width=\"302\">Nie (posuvn\u00e9)<\/td>\n<\/tr>\n<tr>\n<td width=\"302\">Zbierka<\/td>\n<td width=\"302\">Jar\/Jese\u0148\/Leto\/Zima<\/td>\n<\/tr>\n<\/tbody>\n<\/table>\n<div class=\"tabs tabs-bb clear mb-80\">\n<div class=\"tab-content\">\n<div id=\"tab-description\" class=\"tab-pane fade in woocommerce-Tabs-panel--description active\">\n<p style=\"text-align: center;\">\n<\/div>\n<\/div>\n<\/div>\n<section class=\"up-sells upsells products mb-80\"><\/section>\n<p style=\"text-align: left;\">K\u00f3d produktu: A3705<\/p>","protected":false},"excerpt":{"rendered":"<p>Botki Kowbojki Na P\u0142askim Obcasie Z \u0141a\u0144cuszkiem Czarne Modne damskie botki wykonane z zamszowej sk\u00f3ry ekologicznej w\u00a0czarnym kolorze.\u00a0Prezentowane botki zaopatrzono w ukryty koturn mierz\u0105cy oko\u0142o 7 cm.\u00a0Obcas w niezauwa\u017calny spos\u00f3b dodaje centymetr\u00f3w i wysmukla figur\u0119.\u00a0Wn\u0119trze oraz wk\u0142adka zosta\u0142y lekko ocieplone futerkiem- botki mo\u017cna nosi\u0107 r\u00f3wnie\u017c podczas ch\u0142odniejszych dni.\u00a0Te buty s\u0105 wsuwane. Na cholewce umieszczono charakterystyczne<\/p>\n<div class=\"klb-readmore post-buttons\"><a class=\"button black outline size-sm\" href=\"https:\/\/madelinefashion.pl\/sk\/botki-kowbojki-na-plaskim-obcasie-z-lancuszkiem-czarne\/\">\u010c\u00edta\u0165 \u010falej <i class=\"klbth-icon-right-arrow\"><\/i><\/a><\/div>","protected":false},"featured_media":30370,"template":"","meta":[],"product_brand":[],"product_cat":[400,395],"product_tag":[492],"class_list":{"0":"post-30391","1":"product","2":"type-product","3":"status-publish","4":"has-post-thumbnail","6":"product_cat-buty","7":"product_cat-nowosci","8":"product_tag-botki","10":"first","11":"instock","12":"sale","13":"purchasable","14":"product-type-variable"},"_links":{"self":[{"href":"https:\/\/madelinefashion.pl\/sk\/wp-json\/wp\/v2\/product\/30391","targetHints":{"allow":["GET"]}}],"collection":[{"href":"https:\/\/madelinefashion.pl\/sk\/wp-json\/wp\/v2\/product"}],"about":[{"href":"https:\/\/madelinefashion.pl\/sk\/wp-json\/wp\/v2\/types\/product"}],"wp:featuredmedia":[{"embeddable":true,"href":"https:\/\/madelinefashion.pl\/sk\/wp-json\/wp\/v2\/media\/30370"}],"wp:attachment":[{"href":"https:\/\/madelinefashion.pl\/sk\/wp-json\/wp\/v2\/media?parent=30391"}],"wp:term":[{"taxonomy":"product_brand","embeddable":true,"href":"https:\/\/madelinefashion.pl\/sk\/wp-json\/wp\/v2\/product_brand?post=30391"},{"taxonomy":"product_cat","embeddable":true,"href":"https:\/\/madelinefashion.pl\/sk\/wp-json\/wp\/v2\/product_cat?post=30391"},{"taxonomy":"product_tag","embeddable":true,"href":"https:\/\/madelinefashion.pl\/sk\/wp-json\/wp\/v2\/product_tag?post=30391"}],"curies":[{"name":"pracovn\u00fd list","href":"https:\/\/api.w.org\/{rel}","templated":true}]}}