{"id":30571,"date":"2022-03-03T14:26:42","date_gmt":"2022-03-03T13:26:42","guid":{"rendered":"https:\/\/madelinefashion.pl\/?post_type=product&#038;p=30571"},"modified":"2026-01-20T10:34:00","modified_gmt":"2026-01-20T09:34:00","slug":"koszula-mickey-mouse-disney-biala","status":"publish","type":"product","link":"https:\/\/madelinefashion.pl\/sk\/koszula-mickey-mouse-disney-biala\/","title":{"rendered":"Biele tri\u010dko Mickey Mouse Disney"},"content":{"rendered":"<h3 style=\"text-align: center;\">Biele tri\u010dko Mickey Mouse Disney<\/h3>\n<p style=\"text-align: center;\">Vzorovan\u00e1 ko\u0161e\u013ea Mickey Mouse vpredu aj vzadu. Ruk\u00e1vy s mo\u017enos\u0165ou pripojenia na krat\u0161ie. Model je dostupn\u00fd v bielej farbe s farebnou potla\u010dou ikonick\u00fdch post\u00e1v. Strihan\u00e1 ko\u0161e\u013ea\u00a0<b>nadrozmern\u00e9<\/b>, ide\u00e1lne sa hod\u00ed k s\u00faprave d\u017e\u00ednsov vo\u013ene alebo zastr\u010den\u00fdch do nohav\u00edc.<\/p>\n<h3 style=\"text-align: center;\">\u00a0 \u00a0 \u00a0Rozmery:<\/h3>\n<ul style=\"text-align: center;\">\n<li style=\"list-style-type: none;\">\n<ul>\n<li>celkov\u00e1 d\u013a\u017eka: 70 cm<\/li>\n<li>\u0161\u00edrka od pazuchy po pazuchu: 63-65 cm<\/li>\n<li>d\u013a\u017eka ruk\u00e1va od ramena: 44 cm<\/li>\n<li>d\u013a\u017eka ruk\u00e1va od podpazu\u0161ia: 34 cm<\/li>\n<\/ul>\n<p>Rozmery sa m\u00f4\u017eu mierne l\u00ed\u0161i\u0165 od uveden\u00fdch +\/- 2cm. V\u0161etky uveden\u00e9 rozmery s\u00fa meran\u00e9 plo\u0161ne. rozmer x2<\/li>\n<\/ul>\n<table style=\"height: 288px;\" width=\"432\">\n<tbody>\n<tr>\n<td>Meno modela<\/td>\n<td>\n<p style=\"text-align: left;\">Mickey Mouse Disney tri\u010dko<\/p>\n<\/td>\n<\/tr>\n<tr>\n<td>Farba<\/td>\n<td>biely<\/td>\n<\/tr>\n<tr>\n<td>Zbierka<\/td>\n<td>Jar leto jese\u0148 zima<\/td>\n<\/tr>\n<tr>\n<td>Ve\u013ekos\u0165<\/td>\n<td>Univerz\u00e1lny<\/td>\n<\/tr>\n<tr>\n<td>M\u00f3da<\/td>\n<td>nadrozmern\u00e9<\/td>\n<\/tr>\n<tr>\n<td>\u0160tiepenie<\/td>\n<td>V\u00fdstrih do V<\/td>\n<\/tr>\n<tr>\n<td>Zlo\u017eenie materi\u00e1lov<\/td>\n<td>polyester 97%, elastan 3%<\/td>\n<\/tr>\n<\/tbody>\n<\/table>\n<p style=\"text-align: center;\">Model m\u00e1\u00a0<strong>169<\/strong>\u00a0cm vysok\u00fd, nos\u00ed ve\u013ekos\u0165 ka\u017ed\u00fd de\u0148\u00a0<strong>S<\/strong><\/p>\n<p style=\"text-align: center;\">\u0160\u00edrka cez prsia 92 cm<\/p>\n<p style=\"text-align: center;\">\u0160\u00edrka v p\u00e1se 62 cm<\/p>\n<p style=\"text-align: center;\">\u0160\u00edrka v bokoch 94 cm<strong>\u00a0<\/strong><\/p>","protected":false},"excerpt":{"rendered":"<p>Koszula Mickey Mouse Disney Bia\u0142a Koszula ze wzorem Myszki Mickey z przodu i z ty\u0142u. R\u0119kawy z mo\u017cliwo\u015bci\u0105 podpi\u0119cia na kr\u00f3tsze. Model wyst\u0119puje w kolorze bia\u0142ym z kolorowym nadrukiem kultowych postaci. Koszula o kroju\u00a0oversize, idealni sprawdzi si\u0119 w komplecie ze spodniami jeans puszczona lu\u017ano, lub wpuszczona w spodnie. \u00a0 \u00a0 \u00a0Wymiary: d\u0142ugo\u015b\u0107 ca\u0142kowita : 70<\/p>\n<div class=\"klb-readmore post-buttons\"><a class=\"button black outline size-sm\" href=\"https:\/\/madelinefashion.pl\/sk\/koszula-mickey-mouse-disney-biala\/\">\u010c\u00edta\u0165 \u010falej <i class=\"klbth-icon-right-arrow\"><\/i><\/a><\/div>","protected":false},"featured_media":75235,"template":"","meta":[],"product_brand":[],"product_cat":[92,395],"product_tag":[414],"class_list":{"0":"post-30571","1":"product","2":"type-product","3":"status-publish","4":"has-post-thumbnail","6":"product_cat-koszule","7":"product_cat-nowosci","8":"product_tag-koszule","10":"first","11":"outofstock","12":"sale","13":"purchasable","14":"product-type-simple"},"_links":{"self":[{"href":"https:\/\/madelinefashion.pl\/sk\/wp-json\/wp\/v2\/product\/30571","targetHints":{"allow":["GET"]}}],"collection":[{"href":"https:\/\/madelinefashion.pl\/sk\/wp-json\/wp\/v2\/product"}],"about":[{"href":"https:\/\/madelinefashion.pl\/sk\/wp-json\/wp\/v2\/types\/product"}],"wp:featuredmedia":[{"embeddable":true,"href":"https:\/\/madelinefashion.pl\/sk\/wp-json\/wp\/v2\/media\/75235"}],"wp:attachment":[{"href":"https:\/\/madelinefashion.pl\/sk\/wp-json\/wp\/v2\/media?parent=30571"}],"wp:term":[{"taxonomy":"product_brand","embeddable":true,"href":"https:\/\/madelinefashion.pl\/sk\/wp-json\/wp\/v2\/product_brand?post=30571"},{"taxonomy":"product_cat","embeddable":true,"href":"https:\/\/madelinefashion.pl\/sk\/wp-json\/wp\/v2\/product_cat?post=30571"},{"taxonomy":"product_tag","embeddable":true,"href":"https:\/\/madelinefashion.pl\/sk\/wp-json\/wp\/v2\/product_tag?post=30571"}],"curies":[{"name":"pracovn\u00fd list","href":"https:\/\/api.w.org\/{rel}","templated":true}]}}