{"id":30730,"date":"2022-03-05T13:45:46","date_gmt":"2022-03-05T12:45:46","guid":{"rendered":"https:\/\/madelinefashion.pl\/?post_type=product&#038;p=30730"},"modified":"2026-03-28T11:51:25","modified_gmt":"2026-03-28T10:51:25","slug":"szpilki-na-platformie-zapinane-bezowe","status":"publish","type":"product","link":"https:\/\/madelinefashion.pl\/sk\/szpilki-na-platformie-zapinane-bezowe\/","title":{"rendered":"\u0160pendl\u00edky Na Platforme B\u00e9\u017eov\u00e1"},"content":{"rendered":"<h3 style=\"text-align: center;\">Szpilki Na Platformie Zapinane Be\u017cowe<\/h3>\n<p>\u015awietne i eleganckie szpilki w klasycznym wydaniu. Efektowny materia\u0142, z kt\u00f3rego zosta\u0142y wykonane sprawi, \u017ce b\u0119dziesz zachwyca\u0107 ka\u017cdego! O Tw\u00f3j komfort zadba mi\u0119kka wk\u0142adka z eko sk\u00f3ry. Buty, posiadaj\u0105 platform\u0119 dzi\u0119ki czemu nie odczujesz wysokiego obcasa natomiast b\u0119dziesz zachwyca\u0107 wyd\u0142u\u017conymi optycznie nogami bez najmniejszego wysi\u0142ku. Model ten b\u0119dzie pasowa\u0107 do r\u00f3\u017cnych stylizacji, nie tylko do eleganckich sukni, ale tak\u017ce sp\u00f3dnic czy standardowych spodni.\u00a0 <strong>Przy wyborze rozmiaru prosimy kierowa\u0107 si\u0119 tabel\u0105 rozmiar\u00f3w<\/strong><\/p>\n<h3 style=\"text-align: center;\">Cechy charakterystyczne:<\/h3>\n<ul>\n<li style=\"text-align: center;\"><strong>Materia\u0142:<\/strong> sk\u00f3ra ekologiczna zamszowa<\/li>\n<li style=\"text-align: center;\"><strong>Materia\u0142 wk\u0142adki:<\/strong> sk\u00f3ra ekologiczna<\/li>\n<li style=\"text-align: center;\"><strong>Nosek buta:<\/strong> okr\u0105g\u0142y<\/li>\n<li style=\"text-align: center;\"><strong>Rodzaj obcasa:<\/strong> szpilka<\/li>\n<li style=\"text-align: center;\"><strong>Pi\u0119ta zabudowana <\/strong><\/li>\n<li style=\"text-align: center;\"><strong>Platforma:<\/strong> 4,5 cm<\/li>\n<li style=\"text-align: center;\"><strong>Wysoko\u015b\u0107 obcasa [cm]:<\/strong> 14,5 cm<\/li>\n<li style=\"text-align: center;\"><strong>Rodzaj zapi\u0119cia:<\/strong> Wsuwany, sprz\u0105czka<\/li>\n<\/ul>\n<table width=\"540\">\n<thead>\n<tr>\n<td width=\"216\"><strong>Rozmiar EU<\/strong><\/td>\n<td width=\"316\"><strong>D\u0142ugo\u015b\u0107 wk\u0142adki<\/strong><\/td>\n<\/tr>\n<\/thead>\n<tbody>\n<tr>\n<td width=\"216\"><strong>35<\/strong><\/td>\n<td width=\"316\">22 cm<\/td>\n<\/tr>\n<tr>\n<td width=\"216\"><strong>36<\/strong><\/td>\n<td width=\"316\">22,5 cm<\/td>\n<\/tr>\n<tr>\n<td width=\"216\"><strong>37<\/strong><\/td>\n<td width=\"316\">23 cm<\/td>\n<\/tr>\n<tr>\n<td width=\"216\"><strong>38<\/strong><\/td>\n<td width=\"316\">23,5 cm<\/td>\n<\/tr>\n<tr>\n<td width=\"216\"><strong>39<\/strong><\/td>\n<td width=\"316\">24 cm<\/td>\n<\/tr>\n<tr>\n<td width=\"216\"><strong>40<\/strong><\/td>\n<td width=\"316\">24,5 cm<\/td>\n<\/tr>\n<\/tbody>\n<\/table>\n<div class=\"wrap-content\">\n<div class=\"main-container container \">\n<div class=\"row\">\n<section class=\"main-content sidebar-left-false\">\n<div class=\"product-page page\">\n<div class=\"page-content\">\n<div id=\"ProductSizing\" class=\"product-sizing modal fade in\" tabindex=\"-1\" role=\"dialog\" aria-hidden=\"false\">\n<div class=\"modal-dialog\">\n<div class=\"modal-content\">\n<div class=\"widget html_editor\">\n<p>&nbsp;<\/p>\n<\/div>\n<p>&nbsp;<\/p>\n<\/div>\n<\/div>\n<\/div>\n<\/div>\n<\/div>\n<\/section>\n<\/div>\n<\/div>\n<\/div>\n<div class=\"wrap-footer\">\n<footer class=\"\">\n<div class=\"container\">\n<div class=\"footer-newsletter-box\"><\/div>\n<\/div>\n<\/footer>\n<\/div>\n<table>\n<tbody>\n<tr>\n<td width=\"302\">Nazwa Modelu<\/td>\n<td width=\"302\">Szpilki Na Platformie Zapinane<\/td>\n<\/tr>\n<tr>\n<td width=\"302\">Kolor<\/td>\n<td width=\"302\">Be\u017c<\/td>\n<\/tr>\n<tr>\n<td width=\"302\">Rozmiary<\/td>\n<td width=\"302\">35 36\u00a0 37\u00a0 38 39 40<\/td>\n<\/tr>\n<tr>\n<td width=\"302\">Materia\u0142<\/td>\n<td width=\"302\">Sk\u00f3ra ekologiczna zamszowa<\/td>\n<\/tr>\n<tr>\n<td width=\"302\">Ocieplenie<\/td>\n<td width=\"302\">Nie<\/td>\n<\/tr>\n<tr>\n<td width=\"302\">Zapi\u0119cie<\/td>\n<td width=\"302\">Tak<\/td>\n<\/tr>\n<tr>\n<td width=\"302\">Kolekcja<\/td>\n<td width=\"302\">Wiosna\/Jesie\u0144\/Lato<\/td>\n<\/tr>\n<\/tbody>\n<\/table>\n<div class=\"tabs tabs-bb clear mb-80\">\n<div class=\"tab-content\">\n<div id=\"tab-description\" class=\"tab-pane fade in woocommerce-Tabs-panel--description active\">\n<p style=\"text-align: center;\">\n<\/div>\n<\/div>\n<\/div>\n<section class=\"up-sells upsells products mb-80\"><\/section>\n<p style=\"text-align: left;\">\n","protected":false},"excerpt":{"rendered":"<p>Szpilki Na Platformie Zapinane Be\u017cowe \u015awietne i eleganckie szpilki w klasycznym wydaniu. Efektowny materia\u0142, z kt\u00f3rego zosta\u0142y wykonane sprawi, \u017ce b\u0119dziesz zachwyca\u0107 ka\u017cdego! O Tw\u00f3j komfort zadba mi\u0119kka wk\u0142adka z eko sk\u00f3ry. Buty, posiadaj\u0105 platform\u0119 dzi\u0119ki czemu nie odczujesz wysokiego obcasa natomiast b\u0119dziesz zachwyca\u0107 wyd\u0142u\u017conymi optycznie nogami bez najmniejszego wysi\u0142ku. Model ten b\u0119dzie pasowa\u0107 do<\/p>\n<div class=\"klb-readmore post-buttons\"><a class=\"button black outline size-sm\" href=\"https:\/\/madelinefashion.pl\/sk\/szpilki-na-platformie-zapinane-bezowe\/\">\u010c\u00edta\u0165 \u010falej <i class=\"klbth-icon-right-arrow\"><\/i><\/a><\/div>","protected":false},"featured_media":30729,"template":"","meta":[],"product_brand":[],"product_cat":[400,380],"product_tag":[440],"class_list":{"0":"post-30730","1":"product","2":"type-product","3":"status-publish","4":"has-post-thumbnail","6":"product_cat-buty","7":"product_cat-wyprzedaz","8":"product_tag-szpilki","10":"first","11":"outofstock","12":"product-type-variable","13":"has-default-attributes"},"_links":{"self":[{"href":"https:\/\/madelinefashion.pl\/sk\/wp-json\/wp\/v2\/product\/30730","targetHints":{"allow":["GET"]}}],"collection":[{"href":"https:\/\/madelinefashion.pl\/sk\/wp-json\/wp\/v2\/product"}],"about":[{"href":"https:\/\/madelinefashion.pl\/sk\/wp-json\/wp\/v2\/types\/product"}],"wp:featuredmedia":[{"embeddable":true,"href":"https:\/\/madelinefashion.pl\/sk\/wp-json\/wp\/v2\/media\/30729"}],"wp:attachment":[{"href":"https:\/\/madelinefashion.pl\/sk\/wp-json\/wp\/v2\/media?parent=30730"}],"wp:term":[{"taxonomy":"product_brand","embeddable":true,"href":"https:\/\/madelinefashion.pl\/sk\/wp-json\/wp\/v2\/product_brand?post=30730"},{"taxonomy":"product_cat","embeddable":true,"href":"https:\/\/madelinefashion.pl\/sk\/wp-json\/wp\/v2\/product_cat?post=30730"},{"taxonomy":"product_tag","embeddable":true,"href":"https:\/\/madelinefashion.pl\/sk\/wp-json\/wp\/v2\/product_tag?post=30730"}],"curies":[{"name":"pracovn\u00fd list","href":"https:\/\/api.w.org\/{rel}","templated":true}]}}