{"id":30912,"date":"2022-03-09T15:27:31","date_gmt":"2022-03-09T14:27:31","guid":{"rendered":"https:\/\/madelinefashion.pl\/?post_type=product&#038;p=30912"},"modified":"2026-04-03T13:54:30","modified_gmt":"2026-04-03T11:54:30","slug":"ramoneska-czarna-jackson-zlote-napy","status":"publish","type":"product","link":"https:\/\/madelinefashion.pl\/sk\/ramoneska-czarna-jackson-zlote-napy\/","title":{"rendered":"Bunda Ramones Jackson Black Gold Snaps"},"content":{"rendered":"<h3 style=\"text-align: center;\">Bunda Ramones Jackson Black Gold Snaps<\/h3>\n<p style=\"text-align: center;\">Bunda Ramones vyroben\u00e1 z ekologickej ko\u017ee bude dokonal\u00fdm zakon\u010den\u00edm ka\u017edodenn\u00fdch a p\u00e1rty kre\u00e1ci\u00ed. Bunda sa zap\u00edna na zips. Model m\u00e1 vreck\u00e1, ozdobn\u00e9 gomb\u00edky, vol\u00e1ny a vodorovn\u00e9 vsadky, \u010do mu dod\u00e1va charakter.<br \/>\nMimoriadne p\u00f4sobiv\u00fd model je ide\u00e1lny ako sako, ale aj ako peler\u00edna \u010di doplnok celej \u0161tyliz\u00e1cie, ktor\u00fd mu ur\u010dite dod\u00e1 origin\u00e1lny fini\u0161.<\/p>\n<h3 style=\"text-align: center;\">Rozmery Ramoneski:<\/h3>\n<p style=\"text-align: center;\"><strong>36\/S<\/strong><\/p>\n<p style=\"text-align: center;\">Celkov\u00e1 d\u013a\u017eka - 59 cm<br \/>\n\u0160\u00edrka ramien - 38 cm<br \/>\n\u0160\u00edrka od pazuchy po pazuchu - 41 cm<br \/>\n\u0160\u00edrka v spodnej \u010dasti - 37 cm<br \/>\nD\u013a\u017eka ruk\u00e1va od ramena - 56 cm<br \/>\nD\u013a\u017eka ruk\u00e1va od podpazu\u0161ia - 40 cm<br \/>\n\u0160\u00edrka v bicepsoch - 15 cm<\/p>\n<p style=\"text-align: center;\"><strong>38\/M<\/strong><\/p>\n<p style=\"text-align: center;\">Celkov\u00e1 d\u013a\u017eka - 60 cm<br \/>\n\u0160\u00edrka ramien - 39 cm<br \/>\n\u0160\u00edrka od pazuchy po pazuchu - 42 cm<br \/>\n\u0160\u00edrka v spodnej \u010dasti - 38 cm<br \/>\nD\u013a\u017eka ruk\u00e1va od ramena - 57 cm<br \/>\nD\u013a\u017eka ruk\u00e1va od podpazu\u0161ia - 41 cm<br \/>\n\u0160\u00edrka v bicepsoch - 16 cm<br \/>\n<strong>40\/L<br \/>\n<\/strong>Celkov\u00e1 d\u013a\u017eka - 61 cm<br \/>\n\u0160\u00edrka ramien - 42 cm<br \/>\n\u0160\u00edrka od pazuchy po pazuchu - 45 cm<br \/>\n\u0160\u00edrka v spodnej \u010dasti - 39 cm<br \/>\nD\u013a\u017eka ruk\u00e1va od ramena - 58 cm<br \/>\nD\u013a\u017eka ruk\u00e1va od podpazu\u0161ia - 42 cm<br \/>\n\u0160\u00edrka v bicepsoch - 17 cm<\/p>\n<p style=\"text-align: center;\"><strong>42\/XL<br \/>\n<\/strong>Celkov\u00e1 d\u013a\u017eka - 61 cm<br \/>\n\u0160\u00edrka ramien - 46 cm<br \/>\n\u0160\u00edrka od pazuchy po pazuchu - 48 cm<br \/>\n\u0160\u00edrka v spodnej \u010dasti - 41 cm<br \/>\nD\u013a\u017eka ruk\u00e1va od ramena - 59 cm<br \/>\nD\u013a\u017eka ruk\u00e1va od podpazu\u0161ia - 43 cm<br \/>\n\u0160\u00edrka v bicepsoch - 18 cm<\/p>\n<p style=\"text-align: center;\"><strong>44\/XXL<br \/>\n<\/strong>Celkov\u00e1 d\u013a\u017eka - 62 cm<br \/>\n\u0160\u00edrka ramien - 48 cm<br \/>\n\u0160\u00edrka od pazuchy po pazuchu - 53 cm<br \/>\n\u0160\u00edrka v spodnej \u010dasti - 42 cm<br \/>\nD\u013a\u017eka ruk\u00e1va od ramena - 60 cm<br \/>\nD\u013a\u017eka ruk\u00e1va od podpazu\u0161ia - 44 cm<br \/>\n\u0160\u00edrka v bicepsoch - 19 cm<\/p>\n<p style=\"text-align: center;\"><strong>46\/XXXL<br \/>\n<\/strong>Celkov\u00e1 d\u013a\u017eka \u2013 63 cm<br \/>\n\u0160\u00edrka ramien \u2013 50 cm<br \/>\n\u0160\u00edrka od pazuchy k pazuche \u2013 56 cm<br \/>\n\u0160\u00edrka v spodnej \u010dasti \u2013 44 cm<br \/>\nD\u013a\u017eka ruk\u00e1va od ramena \u2013 62 cm<br \/>\nD\u013a\u017eka ruk\u00e1va od podpazu\u0161ia - 46 cm<br \/>\n\u0160\u00edrka v bicepsoch - 22 cm<\/p>\n<p>&nbsp;<\/p>\n<p>&nbsp;<\/p>\n<p style=\"text-align: center;\"><span style=\"font-size: 10pt;\">Rozmery sa m\u00f4\u017eu mierne l\u00ed\u0161i\u0165 od uveden\u00fdch +\/- 2cm. V\u0161etky uveden\u00e9 rozmery s\u00fa meran\u00e9 plo\u0161ne.<\/span><\/p>\n<p>&nbsp;<\/p>\n<table>\n<tbody>\n<tr>\n<td width=\"302\">Meno modela<\/td>\n<td width=\"302\">Bunda Ramones Jackson Black Gold Snaps<\/td>\n<\/tr>\n<tr>\n<td width=\"302\">Farba<\/td>\n<td width=\"302\">\u010dierna<\/td>\n<\/tr>\n<tr>\n<td width=\"302\">ve\u013ekosti<\/td>\n<td width=\"302\">SML XL XXL<\/td>\n<\/tr>\n<tr>\n<td width=\"302\">M\u00f3da<\/td>\n<td width=\"302\">Na mieru<\/td>\n<\/tr>\n<tr>\n<td width=\"302\">Hood<\/td>\n<td width=\"302\">Bez kapucne<\/td>\n<\/tr>\n<tr>\n<td width=\"302\">izolovan\u00e9<\/td>\n<td width=\"302\">jednopl\u00e1\u0161\u0165ov\u00e9<\/td>\n<\/tr>\n<\/tbody>\n<\/table>\n<p style=\"text-align: center;\">","protected":false},"excerpt":{"rendered":"<p>Ramoneska Czarna Jackson Z\u0142ote Napy Kurtka ramoneska wykonana z ekologicznej sk\u00f3ry, b\u0119dzie doskona\u0142ym wyko\u0144czeniem codziennych i imprezowych kreacji. Kurtka zapinana jest na suwak b\u0142yskawiczny. Model posiada\u00a0kieszenie, ozdobne guziki, marszczenia oraz poziome wstawki co nadaje jej charakteru. Niezwykle efektowny model idealnie nadaje si\u0119 jako kurtka ale tak\u017ce jako narzutka lub dodatek do ca\u0142o\u015bci stylizacji, kt\u00f3ry na<\/p>\n<div class=\"klb-readmore post-buttons\"><a class=\"button black outline size-sm\" href=\"https:\/\/madelinefashion.pl\/sk\/ramoneska-czarna-jackson-zlote-napy\/\">\u010c\u00edta\u0165 \u010falej <i class=\"klbth-icon-right-arrow\"><\/i><\/a><\/div>","protected":false},"featured_media":557772,"template":"","meta":[],"product_brand":[],"product_cat":[117,395],"product_tag":[295],"class_list":{"0":"post-30912","1":"product","2":"type-product","3":"status-publish","4":"has-post-thumbnail","6":"product_cat-kurtki","7":"product_cat-nowosci","8":"product_tag-ramoneski","9":"pa_rozmiar-s","10":"pa_rozmiar-m","11":"pa_rozmiar-l","12":"pa_rozmiar-xl","13":"pa_rozmiar-xxl","14":"pa_rozmiar-xxxl-46","16":"first","17":"instock","18":"sale","19":"purchasable","20":"product-type-variable"},"_links":{"self":[{"href":"https:\/\/madelinefashion.pl\/sk\/wp-json\/wp\/v2\/product\/30912","targetHints":{"allow":["GET"]}}],"collection":[{"href":"https:\/\/madelinefashion.pl\/sk\/wp-json\/wp\/v2\/product"}],"about":[{"href":"https:\/\/madelinefashion.pl\/sk\/wp-json\/wp\/v2\/types\/product"}],"wp:featuredmedia":[{"embeddable":true,"href":"https:\/\/madelinefashion.pl\/sk\/wp-json\/wp\/v2\/media\/557772"}],"wp:attachment":[{"href":"https:\/\/madelinefashion.pl\/sk\/wp-json\/wp\/v2\/media?parent=30912"}],"wp:term":[{"taxonomy":"product_brand","embeddable":true,"href":"https:\/\/madelinefashion.pl\/sk\/wp-json\/wp\/v2\/product_brand?post=30912"},{"taxonomy":"product_cat","embeddable":true,"href":"https:\/\/madelinefashion.pl\/sk\/wp-json\/wp\/v2\/product_cat?post=30912"},{"taxonomy":"product_tag","embeddable":true,"href":"https:\/\/madelinefashion.pl\/sk\/wp-json\/wp\/v2\/product_tag?post=30912"}],"curies":[{"name":"pracovn\u00fd list","href":"https:\/\/api.w.org\/{rel}","templated":true}]}}