{"id":31387,"date":"2022-03-16T13:55:02","date_gmt":"2022-03-16T12:55:02","guid":{"rendered":"https:\/\/madelinefashion.pl\/?post_type=product&#038;p=31387"},"modified":"2026-01-20T10:34:00","modified_gmt":"2026-01-20T09:34:00","slug":"bluza-z-kapturem-oversize-czerwona-femme","status":"publish","type":"product","link":"https:\/\/madelinefashion.pl\/sk\/bluza-z-kapturem-oversize-czerwona-femme\/","title":{"rendered":"\u010cerven\u00e1 d\u00e1mska oversize mikina s kapuc\u0148ou"},"content":{"rendered":"<h3 style=\"text-align: center;\">\u010cerven\u00e1 d\u00e1mska oversize mikina s kapuc\u0148ou<\/h3>\n<p style=\"text-align: center;\">Skvel\u00e1 d\u00e1mska mikina s kapuc\u0148ou, vyroben\u00e1 z najkvalitnej\u0161ieho materi\u00e1lu, pohodln\u00e1 na pou\u017e\u00edvanie. Budete sa c\u00edti\u0165 nielen m\u00f3dne, ale aj ve\u013emi pohodlne! Univerz\u00e1lny strih, hod\u00ed sa ku ka\u017ed\u00e9mu \u0161t\u00fdlu vo va\u0161om \u0161atn\u00edku. Ide\u00e1lne pre ka\u017edodenn\u00e9 kombin\u00e1cie s d\u017e\u00ednsami alebo leg\u00ednami. Mikina je v spodnej \u010dasti zakon\u010den\u00e1 hrub\u00fdm lemom rovnako ako ruk\u00e1vy.<br \/>\nJe mimoriadne pr\u00edjemn\u00e1 na dotyk, v\u010faka dokonal\u00e9mu spracovaniu a kvalitn\u00e9mu materi\u00e1lu. Mikina je v oversize \u0161t\u00fdle, \u010di\u017ee bude vyzera\u0165 skvele vo ve\u013ekostiach od XS po XL.<\/p>\n<h3 style=\"text-align: center;\">Rozmery:<\/h3>\n<ul style=\"text-align: center;\">\n<li>CELKOV\u00c1 D\u0139\u017dKA PREDN\u00c1: 74 CM<\/li>\n<li>CELKOV\u00c1 D\u0139\u017dKA CHRBTA: 52 CM<\/li>\n<li>D\u0139\u017dKA RUK\u00c1VU OD PA\u017d\u00cd 47 CM<\/li>\n<li>MAX. POPRSIE: 118 cm<\/li>\n<li>\n<p style=\"margin-top: 0cm; background: white;\">\n<\/li>\n<\/ul>\n<p style=\"text-align: center;\">Rozmery sa m\u00f4\u017eu mierne l\u00ed\u0161i\u0165 od uveden\u00fdch +\/- 2cm. V\u0161etky uveden\u00e9 rozmery s\u00fa meran\u00e9 plo\u0161ne. <strong>rozmer x2<\/strong><\/p>\n<p style=\"text-align: center;\"><span style=\"font-size: 10pt;\">\u00a0<\/span><\/p>\n<p style=\"text-align: center;\"><span style=\"font-size: 10pt;\">\u00a0<\/span><\/p>\n<table style=\"height: 154px;\" width=\"674\">\n<tbody>\n<tr>\n<td width=\"302\">Meno modela<\/td>\n<td width=\"302\">D\u00e1mska oversized mikina s kapuc\u0148ou<\/td>\n<\/tr>\n<tr>\n<td width=\"302\">Farba<\/td>\n<td width=\"302\">\u010cerven\u00e1<\/td>\n<\/tr>\n<tr>\n<td width=\"302\">ve\u013ekosti<\/td>\n<td width=\"302\">Univerz\u00e1lny<\/td>\n<\/tr>\n<tr>\n<td width=\"302\">M\u00f3da<\/td>\n<td width=\"302\">nadrozmern\u00e9<\/td>\n<\/tr>\n<tr>\n<td width=\"302\">Materi\u00e1l<\/td>\n<td width=\"302\">Bavlna 70%, polyester 30%<\/td>\n<\/tr>\n<\/tbody>\n<\/table>\n<p style=\"text-align: center;\"><span style=\"font-size: 10pt;\">\u00a0<\/span><\/p>\n<p style=\"text-align: center;\">\u00a0Model m\u00e1\u00a0<strong>169<\/strong>\u00a0cm vysok\u00fd, nos\u00ed ve\u013ekos\u0165 ka\u017ed\u00fd de\u0148\u00a0<strong>S<\/strong><\/p>\n<p style=\"text-align: center;\">\u0160\u00edrka cez prsia 92 cm<\/p>\n<p style=\"text-align: center;\">\u0160\u00edrka v p\u00e1se 62 cm<\/p>\n<p style=\"text-align: center;\">\u0160\u00edrka v bokoch 94 cm<\/p>\n<p style=\"text-align: center;\"><span style=\"font-size: 10pt;\">\u00a0<\/span><\/p>\n<p style=\"text-align: center;\"><span style=\"font-size: 10pt;\">\u00a0<\/span><\/p>","protected":false},"excerpt":{"rendered":"<p>Bluza Z Kapturem Oversize Czerwona Femme \u015awietna damska bluza z kapturem, uszyta z materia\u0142u najwy\u017cszej jako\u015bci, wygodna w u\u017cytkowaniu. Poczujesz si\u0119 nie tylko modnie, ale te\u017c bardzo komfortowo! Uniwersalny kr\u00f3j, dopasuje si\u0119 do ka\u017cdej stylizacji w Twojej szafie. Idealnie sprawdzi si\u0119 do codziennych po\u0142\u0105cze\u0144 z jeansami lub getrami. Bluza na dole zako\u0144czona jest grubym \u015bci\u0105gaczem<\/p>\n<div class=\"klb-readmore post-buttons\"><a class=\"button black outline size-sm\" href=\"https:\/\/madelinefashion.pl\/sk\/bluza-z-kapturem-oversize-czerwona-femme\/\">\u010c\u00edta\u0165 \u010falej <i class=\"klbth-icon-right-arrow\"><\/i><\/a><\/div>","protected":false},"featured_media":31254,"template":"","meta":[],"product_brand":[],"product_cat":[255,395],"product_tag":[],"class_list":{"0":"post-31387","1":"product","2":"type-product","3":"status-publish","4":"has-post-thumbnail","6":"product_cat-bluzy","7":"product_cat-nowosci","9":"first","10":"instock","11":"sale","12":"purchasable","13":"product-type-simple"},"_links":{"self":[{"href":"https:\/\/madelinefashion.pl\/sk\/wp-json\/wp\/v2\/product\/31387","targetHints":{"allow":["GET"]}}],"collection":[{"href":"https:\/\/madelinefashion.pl\/sk\/wp-json\/wp\/v2\/product"}],"about":[{"href":"https:\/\/madelinefashion.pl\/sk\/wp-json\/wp\/v2\/types\/product"}],"wp:featuredmedia":[{"embeddable":true,"href":"https:\/\/madelinefashion.pl\/sk\/wp-json\/wp\/v2\/media\/31254"}],"wp:attachment":[{"href":"https:\/\/madelinefashion.pl\/sk\/wp-json\/wp\/v2\/media?parent=31387"}],"wp:term":[{"taxonomy":"product_brand","embeddable":true,"href":"https:\/\/madelinefashion.pl\/sk\/wp-json\/wp\/v2\/product_brand?post=31387"},{"taxonomy":"product_cat","embeddable":true,"href":"https:\/\/madelinefashion.pl\/sk\/wp-json\/wp\/v2\/product_cat?post=31387"},{"taxonomy":"product_tag","embeddable":true,"href":"https:\/\/madelinefashion.pl\/sk\/wp-json\/wp\/v2\/product_tag?post=31387"}],"curies":[{"name":"pracovn\u00fd list","href":"https:\/\/api.w.org\/{rel}","templated":true}]}}