{"id":31519,"date":"2022-03-16T15:23:27","date_gmt":"2022-03-16T14:23:27","guid":{"rendered":"https:\/\/madelinefashion.pl\/?post_type=product&#038;p=31519"},"modified":"2025-09-09T10:31:21","modified_gmt":"2025-09-09T08:31:21","slug":"sukienka-hiszpanka-z-falbanami-kaszmir-khaki","status":"publish","type":"product","link":"https:\/\/madelinefashion.pl\/sk\/sukienka-hiszpanka-z-falbanami-kaszmir-khaki\/","title":{"rendered":"\u0160panielske \u0161aty s vol\u00e1nikmi Ka\u0161m\u00edrov\u00e1 khaki"},"content":{"rendered":"<h3 style=\"text-align: center;\">\u0160panielske \u0161aty s vol\u00e1nikmi Ka\u0161m\u00edrov\u00e1 khaki<\/h3>\n<p style=\"text-align: center;\">\u0160aty s\u00fa vyroben\u00e9 z pr\u00edjemn\u00e9ho na dotyk vzdu\u0161n\u00e9ho materi\u00e1lu. Vrch \u0161iat \u0161panielskeho strihu, v p\u00e1se guma, v\u010faka ktorej sa \u0161aty prisp\u00f4sobia postave. <strong>\u0160aty<\/strong> s m\u00f3dnymi, vzdu\u0161n\u00fdmi vol\u00e1nmi. Skvele sa bude hodi\u0165 na letn\u00e9 dni, ale skvele sa bude hodi\u0165 aj na ka\u017ed\u00fd de\u0148 a na p\u00e1rty. Do \u0161koly, do pr\u00e1ce, na rande alebo na stretnutie s priate\u013emi! <strong>Ide\u00e1lne pre ka\u017ed\u00fa pr\u00edle\u017eitos\u0165 a \u010das! Neuverite\u013ene \u017eensk\u00e9, elegantn\u00e9 \u0161aty<\/strong> v s\u00faprave m\u00e1 pod\u0161\u00edvku a elegantn\u00fd opasok. \u0160aty maj\u00fa pod\u0161\u00edvku a dlh\u00e9 ruk\u00e1vy zakon\u010den\u00e9 ozdobn\u00fdm lemom. \u0160aty v univerz\u00e1lnej ve\u013ekosti odpor\u00fa\u010dan\u00e9 od<strong> S a\u017e XL.<\/strong> Dostupn\u00e9 vo viacer\u00fdch farb\u00e1ch. Vzdu\u0161n\u00fd strih zais\u0165uje pohodlie pri pohybe. Ide\u00e1lna ponuka na svadby, svadobn\u00e9 hostiny, rodinn\u00e9 oslavy, bankety.<\/p>\n<h3 style=\"text-align: center;\">Rozmery:<\/h3>\n<ul>\n<li style=\"list-style-type: none;\">\n<ul>\n<li style=\"text-align: center;\">celkov\u00e1 d\u013a\u017eka 87 cm<\/li>\n<li style=\"text-align: center;\">\u0161\u00edrka od pazuchy po pazuchu: 43-50 cm<\/li>\n<li style=\"text-align: center;\">d\u013a\u017eka ruk\u00e1va od ramena: 50 cm<\/li>\n<li style=\"text-align: center;\">d\u013a\u017eka ruk\u00e1va od pazuchy 38 cm<\/li>\n<li style=\"text-align: center;\">\u0161\u00edrka p\u00e1sa: 30-50 cm (elastick\u00fd)<\/li>\n<\/ul>\n<\/li>\n<\/ul>\n<p style=\"text-align: center;\"><span style=\"font-size: 10pt;\">Rozmery sa m\u00f4\u017eu mierne l\u00ed\u0161i\u0165 od uveden\u00fdch +\/- 2cm. V\u0161etky uveden\u00e9 rozmery s\u00fa meran\u00e9 plo\u0161ne.<\/span><\/p>\n<p style=\"text-align: center;\"><span style=\"font-size: 10pt;\">\u00a0<\/span><\/p>\n<table width=\"621\">\n<tbody>\n<tr>\n<td width=\"302\">Meno modela<\/td>\n<td width=\"302\">\u0160panielske \u0161aty s vol\u00e1nikmi z ka\u0161m\u00edru<\/td>\n<\/tr>\n<tr>\n<td width=\"302\">Farba<\/td>\n<td width=\"302\">kaki<\/td>\n<\/tr>\n<tr>\n<td width=\"302\">M\u00f3da<\/td>\n<td width=\"302\">Vzplanul<\/td>\n<\/tr>\n<tr>\n<td width=\"302\">Materi\u00e1l<\/td>\n<td width=\"302\">95 % Polyester 5% Elastan<\/td>\n<\/tr>\n<tr>\n<td width=\"302\">D\u013a\u017eka<\/td>\n<td width=\"302\">Na koleno<\/td>\n<\/tr>\n<\/tbody>\n<\/table>\n<p>&nbsp;<\/p>\n<p style=\"text-align: center;\">\u00a0Model m\u00e1\u00a0<strong>169<\/strong>\u00a0cm vysok\u00fd, nos\u00ed ve\u013ekos\u0165 ka\u017ed\u00fd de\u0148\u00a0<strong>S<\/strong><\/p>\n<p style=\"text-align: center;\">\u0160\u00edrka cez prsia 92 cm<\/p>\n<p style=\"text-align: center;\">\u0160\u00edrka v p\u00e1se 62 cm<\/p>\n<p style=\"text-align: center;\">\u0160\u00edrka v bokoch 94 cm<\/p>\n<div class=\"additional-details\" style=\"text-align: center;\">\n<p style=\"text-align: center;\">\n<\/div>","protected":false},"excerpt":{"rendered":"<p>Sukienka Hiszpanka z Falbanami Kaszmir Khaki Sukienka wykonana jest\u00a0 z przyjemnego w dotyku\u00a0 zwiewnego materia\u0142u. G\u00f3ra sukienki o kroju hiszpanki, w tali gumka, kt\u00f3ra umo\u017cliwia dopasowanie si\u0119 sukienki do sylwetki. Sukienka z modnymi, zwiewnymi falbankami. \u015awietnie sprawdzi si\u0119 w letnie dni ale tak\u017ce b\u0119dzie idealna zar\u00f3wno na co dzie\u0144 jak i na imprezy. Do szko\u0142y,<\/p>\n<div class=\"klb-readmore post-buttons\"><a class=\"button black outline size-sm\" href=\"https:\/\/madelinefashion.pl\/sk\/sukienka-hiszpanka-z-falbanami-kaszmir-khaki\/\">\u010c\u00edta\u0165 \u010falej <i class=\"klbth-icon-right-arrow\"><\/i><\/a><\/div>","protected":false},"featured_media":31298,"template":"","meta":[],"product_brand":[],"product_cat":[125],"product_tag":[],"class_list":{"0":"post-31519","1":"product","2":"type-product","3":"status-publish","4":"has-post-thumbnail","6":"product_cat-sukienki","8":"first","9":"instock","10":"purchasable","11":"product-type-simple"},"_links":{"self":[{"href":"https:\/\/madelinefashion.pl\/sk\/wp-json\/wp\/v2\/product\/31519","targetHints":{"allow":["GET"]}}],"collection":[{"href":"https:\/\/madelinefashion.pl\/sk\/wp-json\/wp\/v2\/product"}],"about":[{"href":"https:\/\/madelinefashion.pl\/sk\/wp-json\/wp\/v2\/types\/product"}],"wp:featuredmedia":[{"embeddable":true,"href":"https:\/\/madelinefashion.pl\/sk\/wp-json\/wp\/v2\/media\/31298"}],"wp:attachment":[{"href":"https:\/\/madelinefashion.pl\/sk\/wp-json\/wp\/v2\/media?parent=31519"}],"wp:term":[{"taxonomy":"product_brand","embeddable":true,"href":"https:\/\/madelinefashion.pl\/sk\/wp-json\/wp\/v2\/product_brand?post=31519"},{"taxonomy":"product_cat","embeddable":true,"href":"https:\/\/madelinefashion.pl\/sk\/wp-json\/wp\/v2\/product_cat?post=31519"},{"taxonomy":"product_tag","embeddable":true,"href":"https:\/\/madelinefashion.pl\/sk\/wp-json\/wp\/v2\/product_tag?post=31519"}],"curies":[{"name":"pracovn\u00fd list","href":"https:\/\/api.w.org\/{rel}","templated":true}]}}