{"id":31564,"date":"2022-03-16T15:41:55","date_gmt":"2022-03-16T14:41:55","guid":{"rendered":"https:\/\/madelinefashion.pl\/?post_type=product&#038;p=31564"},"modified":"2025-10-14T12:11:49","modified_gmt":"2025-10-14T10:11:49","slug":"spodnica-olowkowa-jeansowa-w-gwiazdy-tokio","status":"publish","type":"product","link":"https:\/\/madelinefashion.pl\/sk\/spodnica-olowkowa-jeansowa-w-gwiazdy-tokio\/","title":{"rendered":"Denimov\u00e1 ceruzkov\u00e1 suk\u0148a s tokijsk\u00fdmi hviezdami"},"content":{"rendered":"<h3 style=\"text-align: center;\">Denimov\u00e1 ceruzkov\u00e1 suk\u0148a s tokijsk\u00fdmi hviezdami<\/h3>\n<p style=\"text-align: center;\">M\u00f3dna priliehav\u00e1 suk\u0148a s m\u00f3dnou potla\u010dou\u00a0<strong>hviezdy jej dod\u00e1vaj\u00fa rockov\u00fd charakter.\u00a0<\/strong>Ve\u013emi \u017eensk\u00fd n\u00e1vrh v kombin\u00e1cii s hladk\u00fdm topom sa bude hodi\u0165 na ka\u017ed\u00fd de\u0148. Ceruzkov\u00e1 suk\u0148a kr\u00e1sne zv\u00fdrazn\u00ed \u017eensk\u00e9 tvary, dokonale sa prisp\u00f4sob\u00ed postave a v\u010faka strihu a potla\u010di ju zo\u0161t\u00edh\u013euje. V\u010faka m\u00f3dnemu o\u0161\u00fachaniu a odrenin\u00e1m v spodnej \u010dasti sukne neprejdete \u013eahostajne -\u00a0<strong>mus\u00ed\u0161 to ma\u0165!<\/strong><\/p>\n<p style=\"text-align: center;\">Suk\u0148a je dostupn\u00e1 vo ve\u013ekosti XS SML XL. Pri v\u00fdbere ve\u013ekosti sa ria\u010fte tabu\u013ekou ve\u013ekost\u00ed.<\/p>\n<h3 style=\"text-align: center;\">Rozmery:<\/h3>\n<p style=\"text-align: center;\"><strong>34\/XS<\/strong><\/p>\n<p style=\"text-align: center;\">Celkov\u00e1 predn\u00e1 d\u013a\u017eka: 43 cm<br \/>\n\u0160\u00edrka v p\u00e1se: 37 cm<br \/>\n\u0160\u00edrka v bokoch: 42-44 cm<\/p>\n<p style=\"text-align: center;\"><strong>36\/S<\/strong><\/p>\n<p style=\"text-align: center;\">Celkov\u00e1 predn\u00e1 d\u013a\u017eka: 44 cm<br \/>\n\u0160\u00edrka v p\u00e1se: 38 cm<br \/>\n\u0160\u00edrka v bokoch: 44-46 cm<\/p>\n<p style=\"text-align: center;\"><strong>38\/M<\/strong><\/p>\n<p style=\"text-align: center;\">Celkov\u00e1 predn\u00e1 d\u013a\u017eka: 45 cm<br \/>\n\u0160\u00edrka v p\u00e1se: 39 cm<br \/>\n\u0160\u00edrka v bokoch: 46-48 cm<\/p>\n<p style=\"text-align: center;\"><strong>40\/L<\/strong><\/p>\n<p style=\"text-align: center;\">Celkov\u00e1 predn\u00e1 d\u013a\u017eka: 45 cm<br \/>\n\u0160\u00edrka v p\u00e1se: 41 cm<br \/>\n\u0160\u00edrka v bokoch: 48-50 cm<\/p>\n<p style=\"text-align: center;\"><strong>42\/XL<\/strong><\/p>\n<p style=\"text-align: center;\">Celkov\u00e1 predn\u00e1 d\u013a\u017eka: 45 cm<br \/>\n\u0160\u00edrka v p\u00e1se: 43 cm<br \/>\n\u0160\u00edrka v bokoch: 50-52 cm<\/p>\n<p style=\"text-align: center;\">Rozmery sa m\u00f4\u017eu mierne l\u00ed\u0161i\u0165 od uveden\u00fdch +\/- 2cm. V\u0161etky uveden\u00e9 rozmery s\u00fa\u00a0<strong>meran\u00fd byt<\/strong>.\u00a0<strong>rozmer x2<\/strong><\/p>\n<table>\n<tbody>\n<tr>\n<td width=\"302\">Meno modela<\/td>\n<td width=\"302\">Denimov\u00e1 ceruzkov\u00e1 suk\u0148a s tokijsk\u00fdmi hviezdami<\/td>\n<\/tr>\n<tr>\n<td width=\"302\">Farba<\/td>\n<td width=\"302\">d\u017e\u00ednsy<\/td>\n<\/tr>\n<tr>\n<td width=\"302\">ve\u013ekosti<\/td>\n<td width=\"302\">XS SML XL<\/td>\n<\/tr>\n<tr>\n<td width=\"302\">M\u00f3da<\/td>\n<td width=\"302\">ceruzka<\/td>\n<\/tr>\n<tr>\n<td width=\"302\">Materi\u00e1l<\/td>\n<td width=\"302\">Bavlna 85%, polyester 10%, elastan 5%<\/td>\n<\/tr>\n<\/tbody>\n<\/table>\n<p>&nbsp;<\/p>\n<p style=\"text-align: center;\">\u00a0Model m\u00e1\u00a0<strong>169<\/strong>\u00a0cm vysok\u00fd, nos\u00ed ve\u013ekos\u0165 ka\u017ed\u00fd de\u0148\u00a0<strong>S<\/strong><\/p>\n<p style=\"text-align: center;\">\u0160\u00edrka cez prsia 92 cm<\/p>\n<p style=\"text-align: center;\">\u0160\u00edrka v p\u00e1se 62 cm<\/p>\n<p style=\"text-align: center;\">\u0160\u00edrka v bokoch 94 cm<\/p>","protected":false},"excerpt":{"rendered":"<p>Sp\u00f3dnica O\u0142\u00f3wkowa Jeansowa W Gwiazdy Tokio Modna, dopasowana sp\u00f3dnica w modny print\u00a0gwiazdki dodaje jej rockowego charakteru.\u00a0Bardzo kobieca propozycja w po\u0142\u0105czeniu z g\u0142adkim topem nada si\u0119 ka\u017cdego dnia. Sp\u00f3dnica o kroju o\u0142\u00f3wkowym pi\u0119knie podkre\u015bla kobiece kszta\u0142ty, idealnie dopasowuje si\u0119 do sylwetki i j\u0105 wyszczupla dzi\u0119ki fasonowi oraz nadrukowi. Modne strz\u0119pienia oraz przetarcia na dole sp\u00f3dnicy sprawiaj\u0105<\/p>\n<div class=\"klb-readmore post-buttons\"><a class=\"button black outline size-sm\" href=\"https:\/\/madelinefashion.pl\/sk\/spodnica-olowkowa-jeansowa-w-gwiazdy-tokio\/\">\u010c\u00edta\u0165 \u010falej <i class=\"klbth-icon-right-arrow\"><\/i><\/a><\/div>","protected":false},"featured_media":31324,"template":"","meta":[],"product_brand":[],"product_cat":[121,395],"product_tag":[],"class_list":{"0":"post-31564","1":"product","2":"type-product","3":"status-publish","4":"has-post-thumbnail","6":"product_cat-mini","7":"product_cat-nowosci","8":"pa_rozmiar-34-42-142","9":"pa_rozmiar-34-42-36-2","10":"pa_rozmiar-34-42-38-2","11":"pa_rozmiar-34-42-40-2","12":"pa_rozmiar-34-42-42-2","14":"first","15":"instock","16":"product-type-variable"},"_links":{"self":[{"href":"https:\/\/madelinefashion.pl\/sk\/wp-json\/wp\/v2\/product\/31564","targetHints":{"allow":["GET"]}}],"collection":[{"href":"https:\/\/madelinefashion.pl\/sk\/wp-json\/wp\/v2\/product"}],"about":[{"href":"https:\/\/madelinefashion.pl\/sk\/wp-json\/wp\/v2\/types\/product"}],"wp:featuredmedia":[{"embeddable":true,"href":"https:\/\/madelinefashion.pl\/sk\/wp-json\/wp\/v2\/media\/31324"}],"wp:attachment":[{"href":"https:\/\/madelinefashion.pl\/sk\/wp-json\/wp\/v2\/media?parent=31564"}],"wp:term":[{"taxonomy":"product_brand","embeddable":true,"href":"https:\/\/madelinefashion.pl\/sk\/wp-json\/wp\/v2\/product_brand?post=31564"},{"taxonomy":"product_cat","embeddable":true,"href":"https:\/\/madelinefashion.pl\/sk\/wp-json\/wp\/v2\/product_cat?post=31564"},{"taxonomy":"product_tag","embeddable":true,"href":"https:\/\/madelinefashion.pl\/sk\/wp-json\/wp\/v2\/product_tag?post=31564"}],"curies":[{"name":"pracovn\u00fd list","href":"https:\/\/api.w.org\/{rel}","templated":true}]}}