{"id":31829,"date":"2022-03-18T12:49:34","date_gmt":"2022-03-18T11:49:34","guid":{"rendered":"https:\/\/madelinefashion.pl\/?post_type=product&#038;p=31829"},"modified":"2025-09-09T10:31:20","modified_gmt":"2025-09-09T08:31:20","slug":"sukienka-venezia-hiszpanka-bezowa","status":"publish","type":"product","link":"https:\/\/madelinefashion.pl\/sk\/sukienka-venezia-hiszpanka-bezowa\/","title":{"rendered":"\u0160panielske b\u00e9\u017eov\u00e9 \u0161aty Venezia"},"content":{"rendered":"<h3 style=\"text-align: center;\">\u0160panielske b\u00e9\u017eov\u00e9 \u0161aty Venezia<\/h3>\n<p style=\"text-align: center;\">\u0160aty <strong>Venezia \u0161panielsky<\/strong>\u00a0vyroben\u00e9 z materi\u00e1lu pr\u00edjemn\u00e9ho na dotyk. Ide\u00e1lne ako na ka\u017ed\u00fd de\u0148, tak aj na udalosti. Dokonale sa prisp\u00f4sob\u00ed postave. Ide\u00e1lne do \u0161koly, pr\u00e1ce, na rande alebo na stretnutie s priate\u013emi! <strong>Ide\u00e1lne pre ka\u017ed\u00fa pr\u00edle\u017eitos\u0165 a \u010das! Neuverite\u013ene \u017eensk\u00e9, elegantn\u00e9 \u0161aty<\/strong> . \u0160aty v univerz\u00e1lnej ve\u013ekosti odpor\u00fa\u010dan\u00e9 od<strong> S a\u017e XL.<\/strong> Dostupn\u00e9 vo viacer\u00fdch farb\u00e1ch. Bude dobre fungova\u0165 na dovolenk\u00e1ch, rande, neform\u00e1lnych stretnutiach s priate\u013emi, ako aj na svadb\u00e1ch, rodinn\u00fdch okolnostiach.<\/p>\n<h3 style=\"text-align: center;\">Rozmery:<\/h3>\n<ul style=\"text-align: center;\">\n<li style=\"text-align: center;\"><span style=\"font-size: 10pt;\">\u00a0\u00a0\u00a0\u00a0\u00a0\u00a0\u00a0 celkov\u00e1 predn\u00e1 d\u013a\u017eka: 120<\/span><span style=\"font-size: 10pt;\">\u00a0 cm<\/span><\/li>\n<li>celkov\u00e1 d\u013a\u017eka oblie\u010dky na vank\u00fa\u0161: 80<\/li>\n<li style=\"text-align: center;\"><span style=\"font-size: 10pt;\">\u00a0\u00a0\u00a0\u00a0\u00a0\u00a0\u00a0 \u0161\u00edrka od pazuchy po pazuchu: 37-52 cm<\/span><\/li>\n<li style=\"text-align: center;\"><span style=\"font-size: 10pt;\">\u00a0\u00a0\u00a0\u00a0\u00a0\u00a0\u00a0 d\u013a\u017eka ruk\u00e1va od podpazu\u0161ia: 50 cm<\/span><\/li>\n<li style=\"text-align: center;\"><span style=\"font-size: 10pt;\">\u00a0\u00a0\u00a0\u00a0\u00a0\u00a0\u00a0 d\u013a\u017eka ruk\u00e1va od ramena: 50 cm<\/span><span style=\"font-size: 10pt;\"><br \/>\n<\/span><\/li>\n<li style=\"text-align: center;\"><span style=\"font-size: 10pt;\">\u00a0\u00a0\u00a0\u00a0\u00a0\u00a0\u00a0 \u0161\u00edrka p\u00e1sa: 28-49 cm<\/span><\/li>\n<\/ul>\n<p>&nbsp;<\/p>\n<p style=\"text-align: center;\"><span style=\"font-size: 10pt;\">Rozmery sa m\u00f4\u017eu mierne l\u00ed\u0161i\u0165 od uveden\u00fdch +\/- 2cm. V\u0161etky uveden\u00e9 rozmery s\u00fa meran\u00e9 plo\u0161ne.<\/span><\/p>\n<p style=\"text-align: center;\"><span style=\"font-size: 10pt;\">\u00a0<\/span><\/p>\n<table width=\"621\">\n<tbody>\n<tr>\n<td width=\"302\">Meno modela<\/td>\n<td width=\"302\">\u0160panielske \u0161aty Venezia<\/td>\n<\/tr>\n<tr>\n<td width=\"302\">Farba<\/td>\n<td width=\"302\">Bez<\/td>\n<\/tr>\n<tr>\n<td width=\"302\">M\u00f3da<\/td>\n<td width=\"302\">nadrozmern\u00e9<\/td>\n<\/tr>\n<tr>\n<td width=\"302\">Materi\u00e1l<\/td>\n<td width=\"302\">100 % Polyester<\/td>\n<\/tr>\n<tr>\n<td width=\"302\">D\u013a\u017eka<\/td>\n<td width=\"302\">Na zem<\/td>\n<\/tr>\n<\/tbody>\n<\/table>\n<p>&nbsp;<\/p>\n<p style=\"text-align: center;\">Model m\u00e1\u00a0<strong>169<\/strong>\u00a0cm vysok\u00fd, nos\u00ed ve\u013ekos\u0165 ka\u017ed\u00fd de\u0148\u00a0<strong>S<\/strong><\/p>\n<p style=\"text-align: center;\">\u0160\u00edrka cez prsia 92 cm<\/p>\n<p style=\"text-align: center;\">\u0160\u00edrka v p\u00e1se 62 cm<\/p>\n<p style=\"text-align: center;\">\u0160\u00edrka v bokoch 94 cm<\/p>","protected":false},"excerpt":{"rendered":"<p>Sukienka Venezia Hiszpanka Be\u017cowa Sukienka Venezia Hiszpanka\u00a0wykonana z przyjemnego w dotyku materia\u0142u. Idealna zar\u00f3wno na co dzie\u0144 jak i na imprezy. Idealnie dopasowuje si\u0119 do sylwetki. Idealne do szko\u0142y, do pracy, na randk\u0119 czy spotkanie z przyjaci\u00f3\u0142mi! Idealny na ka\u017cd\u0105 por\u0119 i okazj\u0119! Niesamowicie kobieca, elegancka sukienka . Sukienka w rozmiarze uniwersalnym zalecanym od S<\/p>\n<div class=\"klb-readmore post-buttons\"><a class=\"button black outline size-sm\" href=\"https:\/\/madelinefashion.pl\/sk\/sukienka-venezia-hiszpanka-bezowa\/\">\u010c\u00edta\u0165 \u010falej <i class=\"klbth-icon-right-arrow\"><\/i><\/a><\/div>","protected":false},"featured_media":31590,"template":"","meta":[],"product_brand":[],"product_cat":[125,395],"product_tag":[],"class_list":{"0":"post-31829","1":"product","2":"type-product","3":"status-publish","4":"has-post-thumbnail","6":"product_cat-sukienki","7":"product_cat-nowosci","9":"first","10":"instock","11":"purchasable","12":"product-type-simple"},"_links":{"self":[{"href":"https:\/\/madelinefashion.pl\/sk\/wp-json\/wp\/v2\/product\/31829","targetHints":{"allow":["GET"]}}],"collection":[{"href":"https:\/\/madelinefashion.pl\/sk\/wp-json\/wp\/v2\/product"}],"about":[{"href":"https:\/\/madelinefashion.pl\/sk\/wp-json\/wp\/v2\/types\/product"}],"wp:featuredmedia":[{"embeddable":true,"href":"https:\/\/madelinefashion.pl\/sk\/wp-json\/wp\/v2\/media\/31590"}],"wp:attachment":[{"href":"https:\/\/madelinefashion.pl\/sk\/wp-json\/wp\/v2\/media?parent=31829"}],"wp:term":[{"taxonomy":"product_brand","embeddable":true,"href":"https:\/\/madelinefashion.pl\/sk\/wp-json\/wp\/v2\/product_brand?post=31829"},{"taxonomy":"product_cat","embeddable":true,"href":"https:\/\/madelinefashion.pl\/sk\/wp-json\/wp\/v2\/product_cat?post=31829"},{"taxonomy":"product_tag","embeddable":true,"href":"https:\/\/madelinefashion.pl\/sk\/wp-json\/wp\/v2\/product_tag?post=31829"}],"curies":[{"name":"pracovn\u00fd list","href":"https:\/\/api.w.org\/{rel}","templated":true}]}}