{"id":3194,"date":"2020-11-24T20:50:17","date_gmt":"2020-11-24T19:50:17","guid":{"rendered":"http:\/\/serwer2078743.home.pl\/?post_type=product&#038;p=3194"},"modified":"2026-03-26T12:40:49","modified_gmt":"2026-03-26T11:40:49","slug":"spodnie-brokat-bordowe-moon","status":"publish","type":"product","link":"https:\/\/madelinefashion.pl\/sk\/spodnie-brokat-bordowe-moon\/","title":{"rendered":"Brok\u00e1tov\u00e9 nohavice Moon Burgundy"},"content":{"rendered":"<h3 style=\"text-align: center;\">Brok\u00e1tov\u00e9 nohavice Moon Burgundy<\/h3>\n<p style=\"text-align: center;\">Nohavice <strong>Glitter Black<\/strong> Moon je m\u00f3dny prvok, ktor\u00fd nesmie ch\u00fdba\u0165 vo va\u0161om \u0161atn\u00edku. Nohavice vyroben\u00e9 z\u00a0<strong>kvalitn\u00fd materi\u00e1l s vysok\u00fdm p\u00e1som, <\/strong>\u00a0ktor\u00e9 dokonale modeluj\u00fa postavu. S\u00fa ve\u013emi\u00a0<strong>Univerz\u00e1lny<\/strong> a \u013eahko sa kombinuj\u00fa, \u013eahko sa kombinuj\u00fa s kardig\u00e1nmi, bundami alebo \u013eahk\u00fdmi svetrami. Nemus\u00edte sa b\u00e1\u0165 ani kombin\u00e1ci\u00ed s vysok\u00fdmi op\u00e4tkami, top\u00e1nkami \u010di teniskami. Pon\u00fakame ich z\u00a0<strong>ve\u013ekos\u0165 XS a\u017e XL<\/strong>\u00a0, odpor\u00fa\u010dame\u00a0<strong>presne tak <\/strong><strong>mera\u0165 <\/strong>pod\u013ea ni\u017e\u0161ie uvedenej tabu\u013eky rozmerov. Nev\u00e1hajte a dopl\u0148te svoj \u0161atn\u00edk o tento model. V pr\u00edpade \u010fal\u0161\u00edch ot\u00e1zok k tomuto produktu n\u00e1s nev\u00e1hajte kontaktova\u0165 telefonicky alebo cez Facebook. Sledujte nov\u00e9 trendy s <strong>Madelinefashion.\u00a0<\/strong>V inform\u00e1ci\u00e1ch po zak\u00fapen\u00ed m\u00f4\u017eete posla\u0165 svoje miery, vyberieme pre v\u00e1s ide\u00e1lne nohavice.<\/p>\n<h3 style=\"text-align: center;\">Rozmery nohav\u00edc:<\/h3>\n<p style=\"text-align: center;\"><strong>VE\u013dKOS\u0164 XS 34<\/strong><\/p>\n<ul style=\"text-align: center;\">\n<li>Celkov\u00e1 d\u013a\u017eka: 97 cm<\/li>\n<li>Vn\u00fatorn\u00e1 d\u013a\u017eka nohav\u00edc: 70 cm<\/li>\n<li>\u0160\u00edrka v p\u00e1se: 30-36 cm<\/li>\n<li>p\u00e1s: 25 cm<\/li>\n<\/ul>\n<p style=\"text-align: center;\"><strong>VE\u013dKOS\u0164 S 36<\/strong><\/p>\n<ul style=\"text-align: center;\">\n<li>Celkov\u00e1 d\u013a\u017eka: 98 cm<\/li>\n<li>Vn\u00fatorn\u00e1 d\u013a\u017eka nohav\u00edc: 71 cm<\/li>\n<li>\u0160\u00edrka v p\u00e1se: 33-37 cm<\/li>\n<li>p\u00e1s: 25 cm<\/li>\n<\/ul>\n<p style=\"text-align: center;\"><strong>VE\u013dKOS\u0164 M 38<\/strong><\/p>\n<ul style=\"text-align: center;\">\n<li>Celkov\u00e1 d\u013a\u017eka: 98 cm<\/li>\n<li>Vn\u00fatorn\u00e1 d\u013a\u017eka nohav\u00edc: 71 cm<\/li>\n<li>\u0160\u00edrka v p\u00e1se: 36-40 cm<\/li>\n<li>p\u00e1s: 26 cm<\/li>\n<\/ul>\n<p style=\"text-align: center;\"><strong>VE\u013dKOS\u0164 L 40<\/strong><\/p>\n<ul style=\"text-align: center;\">\n<li>Celkov\u00e1 d\u013a\u017eka: 99 cm<\/li>\n<li>Vn\u00fatorn\u00e1 d\u013a\u017eka nohav\u00edc: 73 cm<\/li>\n<li>\u0160\u00edrka v p\u00e1se: 38-43 cm<\/li>\n<li>p\u00e1s: 26,5 cm<\/li>\n<\/ul>\n<p style=\"text-align: center;\"><strong>Ve\u013ekos\u0165 XL 42<\/strong><\/p>\n<ul style=\"text-align: center;\">\n<li>Celkov\u00e1 d\u013a\u017eka: 100 cm<\/li>\n<li>Vn\u00fatorn\u00e1 d\u013a\u017eka nohav\u00edc: 74 cm<\/li>\n<li>\u0160\u00edrka v p\u00e1se: 39-45 cm<\/li>\n<li>p\u00e1s: 26,5 cm<\/li>\n<\/ul>\n<p style=\"text-align: center;\">Rozmery sa m\u00f4\u017eu mierne l\u00ed\u0161i\u0165 od uveden\u00fdch +\/- 2cm. V\u0161etky uveden\u00e9 rozmery s\u00fa meran\u00e9 plo\u0161ne.<\/p>\n<p style=\"text-align: center;\"><strong>Dokonale sa prisp\u00f4sob\u00ed ka\u017edej postave<\/strong><\/p>\n<p style=\"text-align: center;\"><strong>MODELKA 168 cm - VE\u013dKOS\u0164 S\/M<\/strong><\/p>","protected":false},"excerpt":{"rendered":"<p>Spodnie Brokat Bordowe Moon Spodnie Brokat Czarne Moon to modny element, kt\u00f3rego nie mo\u017ce zabrakn\u0105\u0107 w Twojej garderobie. Spodnie wykonane z\u00a0wysokiej jako\u015bci materia\u0142u z wysokim stanem, \u00a0kt\u00f3re doskonale modeluj\u0105 sylwetk\u0119. S\u0105 bardzo\u00a0uniwersalne i \u0142atwe w \u0142\u0105czeniu, bez problemu mo\u017cna je po\u0142\u0105czy\u0107 z kardiganami, kurtkami czy lekkimi swetrami. Nie musisz ba\u0107 si\u0119 kombinacji ze szpilkami, butami<\/p>\n<div class=\"klb-readmore post-buttons\"><a class=\"button black outline size-sm\" href=\"https:\/\/madelinefashion.pl\/sk\/spodnie-brokat-bordowe-moon\/\">\u010c\u00edta\u0165 \u010falej <i class=\"klbth-icon-right-arrow\"><\/i><\/a><\/div>","protected":false},"featured_media":3181,"template":"","meta":[],"product_brand":[],"product_cat":[83,380],"product_tag":[475],"class_list":{"0":"post-3194","1":"product","2":"type-product","3":"status-publish","4":"has-post-thumbnail","6":"product_cat-spodnie","7":"product_cat-wyprzedaz","8":"product_tag-spodnie-dlugie","9":"pa_rozmiar-34-42-36-2","10":"pa_rozmiar-34-42-38-2","11":"pa_rozmiar-34-42-40-2","12":"pa_rozmiar-34-42-42-2","14":"first","15":"instock","16":"sale","17":"purchasable","18":"product-type-variable"},"_links":{"self":[{"href":"https:\/\/madelinefashion.pl\/sk\/wp-json\/wp\/v2\/product\/3194","targetHints":{"allow":["GET"]}}],"collection":[{"href":"https:\/\/madelinefashion.pl\/sk\/wp-json\/wp\/v2\/product"}],"about":[{"href":"https:\/\/madelinefashion.pl\/sk\/wp-json\/wp\/v2\/types\/product"}],"wp:featuredmedia":[{"embeddable":true,"href":"https:\/\/madelinefashion.pl\/sk\/wp-json\/wp\/v2\/media\/3181"}],"wp:attachment":[{"href":"https:\/\/madelinefashion.pl\/sk\/wp-json\/wp\/v2\/media?parent=3194"}],"wp:term":[{"taxonomy":"product_brand","embeddable":true,"href":"https:\/\/madelinefashion.pl\/sk\/wp-json\/wp\/v2\/product_brand?post=3194"},{"taxonomy":"product_cat","embeddable":true,"href":"https:\/\/madelinefashion.pl\/sk\/wp-json\/wp\/v2\/product_cat?post=3194"},{"taxonomy":"product_tag","embeddable":true,"href":"https:\/\/madelinefashion.pl\/sk\/wp-json\/wp\/v2\/product_tag?post=3194"}],"curies":[{"name":"pracovn\u00fd list","href":"https:\/\/api.w.org\/{rel}","templated":true}]}}