{"id":32005,"date":"2022-03-18T14:49:00","date_gmt":"2022-03-18T13:49:00","guid":{"rendered":"https:\/\/madelinefashion.pl\/?post_type=product&#038;p=32005"},"modified":"2025-10-01T07:34:49","modified_gmt":"2025-10-01T05:34:49","slug":"spodnie-plisowane-albion-bezowe","status":"publish","type":"product","link":"https:\/\/madelinefashion.pl\/sk\/spodnie-plisowane-albion-bezowe\/","title":{"rendered":"B\u00e9\u017eov\u00e9 skladan\u00e9 nohavice Albion"},"content":{"rendered":"<h3 style=\"text-align: center;\">B\u00e9\u017eov\u00e9 skladan\u00e9 nohavice Albion<\/h3>\n<p style=\"text-align: center;\"><strong>Jednoduch\u00fd strih<\/strong>plisovan\u00e9 s v\u0161it\u00fdm elastick\u00fdm p\u00e1som. \u0160irok\u00e9 nohy s\u00fa vracaj\u00facim sa m\u00f3dnym hitom \u2013 tak ne\u010dakajte! Sledujte s nami trendy. Ide\u00e1lny model na kombin\u00e1ciu so \u0161portovou obuvou aj vysok\u00fdmi podp\u00e4tkami. <strong>D\u00e1mske nohavice <\/strong>vo ve\u013ekosti<strong> univerz\u00e1lny <\/strong>\u00a0pre d\u00e1my vo ve\u013e <strong>SML XL<\/strong> ak m\u00e1te na sebe v\u00e4\u010d\u0161iu ve\u013ekos\u0165, pozrite si miery ni\u017e\u0161ie. Dostupn\u00e9 v na\u0161ej predajni v <strong>nieko\u013eko farieb.<\/strong><\/p>\n<h3 style=\"text-align: center;\">Rozmery:<\/h3>\n<ul>\n<li style=\"text-align: center;\">Celkov\u00e1 d\u013a\u017eka: 96 cm<\/li>\n<li style=\"text-align: center;\">Vn\u00fatorn\u00e1 d\u013a\u017eka nohav\u00edc: 66 cm<\/li>\n<li style=\"text-align: center;\">\u0160\u00edrka p\u00e1sa: 34-52 cm (elastick\u00fd)<\/li>\n<li style=\"text-align: center;\">V\u00fd\u0161ka: 32 cm<\/li>\n<li style=\"text-align: center;\"><\/li>\n<\/ul>\n<div class=\"additional-details\" style=\"text-align: center;\">\n<p>Rozmery sa m\u00f4\u017eu mierne l\u00ed\u0161i\u0165 od uveden\u00fdch +\/- 2cm. V\u0161etky uveden\u00e9 rozmery s\u00fa meran\u00e9 plo\u0161ne. rozmer x2<\/p>\n<p>&nbsp;<\/p>\n<\/div>\n<p style=\"text-align: center;\">Zlo\u017eenie: 95% Bavlna 5% Elastan<\/p>\n<p style=\"text-align: center;\">Model m\u00e1\u00a0<strong>169<\/strong>\u00a0cm vysok\u00fd, nos\u00ed ve\u013ekos\u0165 ka\u017ed\u00fd de\u0148\u00a0<strong>S<\/strong><\/p>\n<p style=\"text-align: center;\">\u0160\u00edrka cez prsia 92 cm<\/p>\n<p style=\"text-align: center;\">\u0160\u00edrka v p\u00e1se 62 cm<\/p>\n<p style=\"text-align: center;\">\u0160\u00edrka v bokoch 94 cm<\/p>\n<p>&nbsp;<\/p>\n<p style=\"text-align: center;\">","protected":false},"excerpt":{"rendered":"<p>Skladan\u00e9 nohavice Albion Beige. Jednoduch\u00fd skladan\u00fd dizajn s elastick\u00fdm p\u00e1som. \u0160irok\u00e9 nohavice s\u00fa opakuj\u00facim sa m\u00f3dnym trendom \u2013 tak ne\u010dakajte! Sledujte trendy s nami. Tento model sa perfektne hod\u00ed k tenisk\u00e1m aj k lodi\u010dk\u00e1m. Tieto d\u00e1mske nohavice maj\u00fa univerz\u00e1lny strih pre \u017eeny vo ve\u013ekostiach SML a XL, ak nos\u00edte v\u00e4\u010d\u0161iu ve\u013ekos\u0165.<\/p>\n<div class=\"klb-readmore post-buttons\"><a class=\"button black outline size-sm\" href=\"https:\/\/madelinefashion.pl\/sk\/spodnie-plisowane-albion-bezowe\/\">\u010c\u00edta\u0165 \u010falej <i class=\"klbth-icon-right-arrow\"><\/i><\/a><\/div>","protected":false},"featured_media":31975,"template":"","meta":[],"product_brand":[],"product_cat":[83],"product_tag":[475],"class_list":{"0":"post-32005","1":"product","2":"type-product","3":"status-publish","4":"has-post-thumbnail","6":"product_cat-spodnie","7":"product_tag-spodnie-dlugie","8":"pa_rozmiar-s","9":"pa_rozmiar-m","10":"pa_rozmiar-l","11":"pa_rozmiar-xl","12":"pa_rozmiar-uniwersalny","14":"first","15":"outofstock","16":"purchasable","17":"product-type-simple"},"_links":{"self":[{"href":"https:\/\/madelinefashion.pl\/sk\/wp-json\/wp\/v2\/product\/32005","targetHints":{"allow":["GET"]}}],"collection":[{"href":"https:\/\/madelinefashion.pl\/sk\/wp-json\/wp\/v2\/product"}],"about":[{"href":"https:\/\/madelinefashion.pl\/sk\/wp-json\/wp\/v2\/types\/product"}],"wp:featuredmedia":[{"embeddable":true,"href":"https:\/\/madelinefashion.pl\/sk\/wp-json\/wp\/v2\/media\/31975"}],"wp:attachment":[{"href":"https:\/\/madelinefashion.pl\/sk\/wp-json\/wp\/v2\/media?parent=32005"}],"wp:term":[{"taxonomy":"product_brand","embeddable":true,"href":"https:\/\/madelinefashion.pl\/sk\/wp-json\/wp\/v2\/product_brand?post=32005"},{"taxonomy":"product_cat","embeddable":true,"href":"https:\/\/madelinefashion.pl\/sk\/wp-json\/wp\/v2\/product_cat?post=32005"},{"taxonomy":"product_tag","embeddable":true,"href":"https:\/\/madelinefashion.pl\/sk\/wp-json\/wp\/v2\/product_tag?post=32005"}],"curies":[{"name":"pracovn\u00fd list","href":"https:\/\/api.w.org\/{rel}","templated":true}]}}