{"id":33189,"date":"2022-04-04T10:50:49","date_gmt":"2022-04-04T08:50:49","guid":{"rendered":"https:\/\/madelinefashion.pl\/?post_type=product&#038;p=33189"},"modified":"2026-03-26T12:40:26","modified_gmt":"2026-03-26T11:40:26","slug":"wysokie-trampki-z-kieszonka-bezowe","status":"publish","type":"product","link":"https:\/\/madelinefashion.pl\/sk\/wysokie-trampki-z-kieszonka-bezowe\/","title":{"rendered":"Vysok\u00e9 tenisky s vreckom v b\u00e9\u017eovej farbe"},"content":{"rendered":"<h3 style=\"text-align: center;\">Vysok\u00e9 tenisky s vreckom v b\u00e9\u017eovej farbe<\/h3>\n<p style=\"text-align: center;\"><b>Tenisky <\/b>Na boku maj\u00fa m\u00f3dne vrecko. Bol ozdoben\u00fd jedin\u00fdm vrec\u00fa\u0161kom! Vysok\u00e1 trapperov\u00e1 podr\u00e1\u017eka kra\u013euje, tak\u017ee okolo nich nikto \u013eahostajne neprejde. Top\u00e1nky s\u00fa pred\u013a\u017een\u00e9 - siahaj\u00fa po \u010dlenok, perfektne sa bud\u00fa hodi\u0165 v komplete s vyhrnut\u00fdmi d\u017e\u00ednsami. <strong>Pros\u00edm, ria\u010fte sa svojou ve\u013ekos\u0165ou.<\/strong><\/p>\n<p style=\"text-align: center;\">Bud\u00fa skvelou ozdobou pre ka\u017edodenn\u00e9 \u0161tyliz\u00e1cie.<\/p>\n<table width=\"540\">\n<thead>\n<tr>\n<td width=\"216\"><strong>Ve\u013ekos\u0165 E\u00da<\/strong><\/td>\n<td width=\"316\"><strong>D\u013a\u017eka vlo\u017eky<\/strong><\/td>\n<\/tr>\n<\/thead>\n<tbody>\n<tr>\n<td width=\"216\"><strong>36<\/strong><\/td>\n<td width=\"316\">23,5 cm<\/td>\n<\/tr>\n<tr>\n<td width=\"216\"><strong>37<\/strong><\/td>\n<td width=\"316\">24 cm<\/td>\n<\/tr>\n<tr>\n<td width=\"216\"><strong>38<\/strong><\/td>\n<td width=\"316\">24,5 cm<\/td>\n<\/tr>\n<tr>\n<td width=\"216\"><strong>39<\/strong><\/td>\n<td width=\"316\">25 cm<\/td>\n<\/tr>\n<tr>\n<td width=\"216\"><strong>40<\/strong><\/td>\n<td width=\"316\">25,5 cm<\/td>\n<\/tr>\n<tr>\n<td width=\"216\"><strong>41<\/strong><\/td>\n<td width=\"316\">26 cm<\/td>\n<\/tr>\n<\/tbody>\n<\/table>\n<div class=\"wrap-content\">\n<div class=\"main-container container\">\n<div class=\"row\">\n<section class=\"main-content sidebar-left-false\">\n<div class=\"product-page page\">\n<div class=\"page-content\">\n<div id=\"ProductSizing\" class=\"product-sizing modal fade in\" tabindex=\"-1\" role=\"dialog\" aria-hidden=\"false\">\n<div class=\"modal-dialog\">\n<div class=\"modal-content\">\n<div class=\"widget html_editor\">\n<p>&nbsp;<\/p>\n<\/div>\n<p>&nbsp;<\/p>\n<\/div>\n<\/div>\n<\/div>\n<\/div>\n<\/div>\n<\/section>\n<\/div>\n<\/div>\n<\/div>\n<div class=\"wrap-footer\">\n<footer class=\"\">\n<div class=\"container\">\n<div class=\"footer-newsletter-box\"><\/div>\n<\/div>\n<\/footer>\n<\/div>\n<table>\n<tbody>\n<tr>\n<td width=\"302\">Meno modela<\/td>\n<td width=\"302\">Vysok\u00e9 tenisky s vreckom<\/td>\n<\/tr>\n<tr>\n<td width=\"302\">Farba<\/td>\n<td width=\"302\">Bez<\/td>\n<\/tr>\n<tr>\n<td width=\"302\">ve\u013ekosti<\/td>\n<td width=\"302\">36 37\u00a0 38\u00a0 39 40 41<\/td>\n<\/tr>\n<tr>\n<td width=\"302\">K\u00f3d produktu<\/td>\n<td width=\"302\">AB-885<\/td>\n<\/tr>\n<tr>\n<td width=\"302\">Otep\u013eovanie<\/td>\n<td width=\"302\">Nie<\/td>\n<\/tr>\n<tr>\n<td width=\"302\">Spona<\/td>\n<td width=\"302\">\u010dipkovan\u00fd<\/td>\n<\/tr>\n<tr>\n<td width=\"302\">Zbierka<\/td>\n<td width=\"302\">jese\u0148\/jar\/leto<\/td>\n<\/tr>\n<\/tbody>\n<\/table>\n<div class=\"tabs tabs-bb clear mb-80\">\n<div class=\"tab-content\">\n<div id=\"tab-description\" class=\"tab-pane fade in woocommerce-Tabs-panel--description active\">\n<p style=\"text-align: center;\">\n<\/div>\n<\/div>\n<\/div>\n<section class=\"up-sells upsells products mb-80\"><\/section>\n<p style=\"text-align: center;\">","protected":false},"excerpt":{"rendered":"<p>Wysokie Trampki Z Kieszonk\u0105 Be\u017cowe Trampki posiadaj\u0105 modn\u0105 kieszonk\u0119 na boku. Ozdobione zosta\u0142o pojedyncz\u0105 saszetk\u0105 ! Wysoka traperkowa podeszwa kr\u00f3luje, zatem nikt nie przejdzie obok nich oboj\u0119tnie. Buty s\u0105 przed\u0142u\u017cone- si\u0119gaj\u0105 za kostk\u0119, idealnie sprawdz\u0105 si\u0119 w zestawie z wywini\u0119tymi spodniami typu jeans. Prosimy kierowa\u0107 si\u0119 swoim rozmiarem. B\u0119d\u0105 \u015bwietn\u0105 ozdob\u0105 do codziennych stylizacji. Rozmiar<\/p>\n<div class=\"klb-readmore post-buttons\"><a class=\"button black outline size-sm\" href=\"https:\/\/madelinefashion.pl\/sk\/wysokie-trampki-z-kieszonka-bezowe\/\">\u010c\u00edta\u0165 \u010falej <i class=\"klbth-icon-right-arrow\"><\/i><\/a><\/div>","protected":false},"featured_media":33197,"template":"","meta":[],"product_brand":[],"product_cat":[400,380],"product_tag":[495],"class_list":{"0":"post-33189","1":"product","2":"type-product","3":"status-publish","4":"has-post-thumbnail","6":"product_cat-buty","7":"product_cat-wyprzedaz","8":"product_tag-buty-sportowe","10":"first","11":"instock","12":"sale","13":"purchasable","14":"product-type-variable"},"_links":{"self":[{"href":"https:\/\/madelinefashion.pl\/sk\/wp-json\/wp\/v2\/product\/33189","targetHints":{"allow":["GET"]}}],"collection":[{"href":"https:\/\/madelinefashion.pl\/sk\/wp-json\/wp\/v2\/product"}],"about":[{"href":"https:\/\/madelinefashion.pl\/sk\/wp-json\/wp\/v2\/types\/product"}],"wp:featuredmedia":[{"embeddable":true,"href":"https:\/\/madelinefashion.pl\/sk\/wp-json\/wp\/v2\/media\/33197"}],"wp:attachment":[{"href":"https:\/\/madelinefashion.pl\/sk\/wp-json\/wp\/v2\/media?parent=33189"}],"wp:term":[{"taxonomy":"product_brand","embeddable":true,"href":"https:\/\/madelinefashion.pl\/sk\/wp-json\/wp\/v2\/product_brand?post=33189"},{"taxonomy":"product_cat","embeddable":true,"href":"https:\/\/madelinefashion.pl\/sk\/wp-json\/wp\/v2\/product_cat?post=33189"},{"taxonomy":"product_tag","embeddable":true,"href":"https:\/\/madelinefashion.pl\/sk\/wp-json\/wp\/v2\/product_tag?post=33189"}],"curies":[{"name":"pracovn\u00fd list","href":"https:\/\/api.w.org\/{rel}","templated":true}]}}