{"id":34000,"date":"2022-04-14T11:59:20","date_gmt":"2022-04-14T09:59:20","guid":{"rendered":"https:\/\/madelinefashion.pl\/?post_type=product&#038;p=34000"},"modified":"2026-04-10T15:07:28","modified_gmt":"2026-04-10T13:07:28","slug":"sukienka-tiulowa-mini-z-paskiem-felipina-bezowa","status":"publish","type":"product","link":"https:\/\/madelinefashion.pl\/sk\/sukienka-tiulowa-mini-z-paskiem-felipina-bezowa\/","title":{"rendered":"Tylov\u00e9 mini\u0161aty s opaskom Felipina b\u00e9\u017eov\u00e1"},"content":{"rendered":"<h3 style=\"text-align: center;\">Tylov\u00e9 mini\u0161aty s opaskom Felipina b\u00e9\u017eov\u00e1<\/h3>\n<p style=\"text-align: center;\">P\u00f4sobiv\u00e9 mini \u0161aty <strong>tyl Felipina<\/strong> je n\u00e1vrh vhodn\u00fd pre v\u00fdnimo\u010dn\u00e9 okolnosti. Skvel\u00fd vzdu\u0161n\u00fd roz\u0161\u00edren\u00fd <strong>tylov\u00e9 \u0161aty<\/strong> \u0161panielske \u0161aty previazan\u00e9 v p\u00e1se ozdobn\u00fdm opaskom - dostupn\u00e9 vo viacer\u00fdch ve\u013ekostiach v na\u0161ej predajni <strong>farebn\u00e9 verzie<\/strong>. Tylov\u00e1 aplik\u00e1cia zaru\u010d\u00ed jedine\u010dn\u00fd vzh\u013ead. Jej \u0161t\u00fdl je kr\u00e1sny <strong>odha\u013euje oblas\u0165 ramien<\/strong>. Spodn\u00e1 \u010das\u0165 \u0161iat <strong>mini<\/strong> pozost\u00e1va z roz\u0161\u00edrenej tylovej tkaniny, ktor\u00e1 sa efekt\u00edvne prezentuje v pohybe. Vyroben\u00e9 z tylovej l\u00e1tky s vol\u00e1nmi, ktor\u00e9 jej dod\u00e1vaj\u00fa diev\u010denskos\u0165.<strong> Mini \u0161aty<\/strong> je ide\u00e1lna ponuka pre \u017eeny, ktor\u00e9 si v\u00e1\u017eia samy seba <strong>\u0161ik a elegancia.<\/strong> \u0160aty sa odpor\u00fa\u010daj\u00fa aj na svadbu, 18. a dokonca aj na svadbu. Vyrovnajte sa <a href=\"https:\/\/madelinefashion.pl\/sk\/buty\/\">\u0161tekle<\/a> dostupn\u00e9 aj na na\u0161ej webovej str\u00e1nke a vytv\u00e1raj\u00fa elegantn\u00fd vzh\u013ead. Mus\u00edte ju ma\u0165 vo svojom \u0161atn\u00edku! Univerz\u00e1lna ve\u013ekos\u0165, odpor\u00fa\u010dan\u00e1 pre \u017eeny nosiace XS SML, ak nos\u00edte v\u00e4\u010d\u0161iu ve\u013ekos\u0165, pozrite si rozmery<\/p>\n<h3 style=\"text-align: center;\">Rozmery \u0161iat<\/h3>\n<ul style=\"text-align: center;\">\n<li>celkov\u00e1 d\u013a\u017eka 75 cm<\/li>\n<li>\u0161\u00edrka od pazuchy po pazuchu: 26-52 cm<\/li>\n<li>\u0161\u00edrka p\u00e1sa: 26-45 cm (elastick\u00fd)<\/li>\n<li>d\u013a\u017eka pod\u0161\u00edvky: 65 cm<\/li>\n<li><\/li>\n<\/ul>\n<p style=\"text-align: center;\">Rozmery sa m\u00f4\u017eu mierne l\u00ed\u0161i\u0165 od uveden\u00fdch +\/- 2cm. V\u0161etky uveden\u00e9 rozmery s\u00fa meran\u00e9 plo\u0161ne. <strong>rozmer x2<\/strong><\/p>\n<p style=\"text-align: center;\"><strong>\u00a0<\/strong><\/p>\n<table style=\"height: 214px;\" width=\"548\">\n<tbody>\n<tr>\n<td width=\"302\">Meno modela<\/td>\n<td width=\"302\">Tylov\u00e9 mini\u0161aty s opaskom Felipina<\/td>\n<\/tr>\n<tr>\n<td width=\"302\">Farba<\/td>\n<td width=\"302\">Bez<\/td>\n<\/tr>\n<tr>\n<td width=\"302\">Zbierka<\/td>\n<td width=\"302\">Jar leto<\/td>\n<\/tr>\n<tr>\n<td width=\"302\">ve\u013ekosti<\/td>\n<td width=\"302\">Univerz\u00e1lny<\/td>\n<\/tr>\n<tr>\n<td width=\"302\">M\u00f3da<\/td>\n<td width=\"302\">Vzplanul<\/td>\n<\/tr>\n<tr>\n<td width=\"302\">Dekor\u00e1cia<\/td>\n<td width=\"302\">Tyl<\/td>\n<\/tr>\n<tr>\n<td width=\"302\">Materi\u00e1l<\/td>\n<td width=\"302\">95 % Polyester 5% Elastan<\/td>\n<\/tr>\n<\/tbody>\n<\/table>\n<section class=\"page-product-box\">\n<div class=\"rte\">\n<p style=\"text-align: center;\">Model m\u00e1\u00a0<strong>169<\/strong>\u00a0cm vysok\u00fd, nos\u00ed ve\u013ekos\u0165 ka\u017ed\u00fd de\u0148\u00a0<strong>S<\/strong><\/p>\n<p style=\"text-align: center;\">\u0160\u00edrka cez prsia 92 cm<\/p>\n<p style=\"text-align: center;\">\u0160\u00edrka v p\u00e1se 62 cm<\/p>\n<p style=\"text-align: center;\">\u0160\u00edrka v bokoch 94 cm<\/p>\n<\/div>\n<\/section>","protected":false},"excerpt":{"rendered":"<p>Sukienka Tiulowa Mini z Paskiem Felipina Be\u017cowa Efektowna sukienka mini tiulowa Felipina to propozycja odpowiednia na wyj\u0105tkowe okoliczno\u015bci. Wspania\u0142a zwiewna rozkloszowana sukienka tiulowa hiszpanka wi\u0105zana w pasie ozdobnym paskiem &#8211; dost\u0119pna w Naszym sklepie w kilku wersjach kolorystycznych.\u00a0 Aplikacja tiulu zagwarantuje niepowtarzalny look. Jej fason przepi\u0119knie wyeksponuje okolice ramion. Dolna cz\u0119\u015b\u0107 sukienki mini sk\u0142ada si\u0119<\/p>\n<div class=\"klb-readmore post-buttons\"><a class=\"button black outline size-sm\" href=\"https:\/\/madelinefashion.pl\/sk\/sukienka-tiulowa-mini-z-paskiem-felipina-bezowa\/\">\u010c\u00edta\u0165 \u010falej <i class=\"klbth-icon-right-arrow\"><\/i><\/a><\/div>","protected":false},"featured_media":33948,"template":"","meta":[],"product_brand":[],"product_cat":[125,561],"product_tag":[212],"class_list":{"0":"post-34000","1":"product","2":"type-product","3":"status-publish","4":"has-post-thumbnail","6":"product_cat-sukienki","7":"product_cat-sukienki-tiulowe","8":"product_tag-sukienki-bezowe","10":"first","11":"instock","12":"sale","13":"purchasable","14":"product-type-simple"},"_links":{"self":[{"href":"https:\/\/madelinefashion.pl\/sk\/wp-json\/wp\/v2\/product\/34000","targetHints":{"allow":["GET"]}}],"collection":[{"href":"https:\/\/madelinefashion.pl\/sk\/wp-json\/wp\/v2\/product"}],"about":[{"href":"https:\/\/madelinefashion.pl\/sk\/wp-json\/wp\/v2\/types\/product"}],"wp:featuredmedia":[{"embeddable":true,"href":"https:\/\/madelinefashion.pl\/sk\/wp-json\/wp\/v2\/media\/33948"}],"wp:attachment":[{"href":"https:\/\/madelinefashion.pl\/sk\/wp-json\/wp\/v2\/media?parent=34000"}],"wp:term":[{"taxonomy":"product_brand","embeddable":true,"href":"https:\/\/madelinefashion.pl\/sk\/wp-json\/wp\/v2\/product_brand?post=34000"},{"taxonomy":"product_cat","embeddable":true,"href":"https:\/\/madelinefashion.pl\/sk\/wp-json\/wp\/v2\/product_cat?post=34000"},{"taxonomy":"product_tag","embeddable":true,"href":"https:\/\/madelinefashion.pl\/sk\/wp-json\/wp\/v2\/product_tag?post=34000"}],"curies":[{"name":"pracovn\u00fd list","href":"https:\/\/api.w.org\/{rel}","templated":true}]}}