{"id":34940,"date":"2022-04-20T09:59:34","date_gmt":"2022-04-20T07:59:34","guid":{"rendered":"https:\/\/madelinefashion.pl\/?post_type=product&#038;p=34940"},"modified":"2026-01-20T10:33:54","modified_gmt":"2026-01-20T09:33:54","slug":"bluzka-asymetryczna-love-honest-limonka-neon","status":"publish","type":"product","link":"https:\/\/madelinefashion.pl\/sk\/bluzka-asymetryczna-love-honest-limonka-neon\/","title":{"rendered":"Love Honest Asymetric Bl\u00fazka Lime Neon"},"content":{"rendered":"<h3 style=\"text-align: center;\">Love Honest Asymetric Bl\u00fazka Lime Neon<\/h3>\n<p style=\"text-align: center;\"><strong>Asymetrick\u00e1 bl\u00fazka s m\u00f3dnymi n\u00e1\u0161ivkami na bokoch.<\/strong> Model <strong>s 3\/4 ruk\u00e1vmi\u00a0 <\/strong>bude sa hodi\u0165 do ka\u017ed\u00e9ho \u0161atn\u00edka<strong>. Nad\u010dasov\u00fd jednoduch\u00fd \u0161t\u00fdl.<\/strong> Bl\u00fazka m\u00e1 ozdobn\u00e9 n\u00e1\u0161ivky - je vyroben\u00e1 z materi\u00e1lu pr\u00edjemn\u00e9ho na dotyk. <strong>Je to ide\u00e1lny model na ka\u017ed\u00fd de\u0148!\u00a0 <\/strong>V pohodlnom vo\u013enom \u0161t\u00fdle bude vyzera\u0165 fantasticky. <strong>Univerz\u00e1lna ve\u013ekos\u0165, odpor\u00fa\u010dan\u00e1 od S po xl<\/strong><\/p>\n<h3 style=\"text-align: center;\">\u00a0 \u00a0 \u00a0Rozmery:<\/h3>\n<ul>\n<li style=\"text-align: center;\">celkov\u00e1 predn\u00e1 d\u013a\u017eka: 67 cm<br \/>\ncelkov\u00e1 d\u013a\u017eka chrbta: 75 cm<\/li>\n<li style=\"text-align: center;\">\u0161\u00edrka od pazuchy po pazuchu: 54cm - 63cm<\/li>\n<li style=\"text-align: center;\">d\u013a\u017eka ruk\u00e1va od ramena: 45 cm<\/li>\n<li style=\"text-align: center;\">d\u013a\u017eka ruk\u00e1va od podpazu\u0161ia: 28 cm<\/li>\n<li style=\"text-align: center;\"><\/li>\n<\/ul>\n<table>\n<tbody>\n<tr>\n<td width=\"302\">Meno modela<\/td>\n<td width=\"302\">Milujte poctiv\u00fa asymetrick\u00fa bl\u00fazku<\/td>\n<\/tr>\n<tr>\n<td width=\"302\">Farba<\/td>\n<td width=\"302\">Limetka<\/td>\n<\/tr>\n<tr>\n<td width=\"302\">ve\u013ekosti<\/td>\n<td width=\"302\">Univerz\u00e1lny<\/td>\n<\/tr>\n<tr>\n<td width=\"302\">M\u00f3da<\/td>\n<td width=\"302\">nadrozmern\u00e9<\/td>\n<\/tr>\n<tr>\n<td width=\"302\">Materi\u00e1l<\/td>\n<td width=\"302\">95 % Bavlna 5lastan<\/td>\n<\/tr>\n<\/tbody>\n<\/table>\n<p>\u00a0<\/p>\n<p style=\"text-align: center;\">Model m\u00e1\u00a0<strong>169<\/strong>\u00a0cm vysok\u00fd, nos\u00ed ve\u013ekos\u0165 ka\u017ed\u00fd de\u0148\u00a0<strong>S<\/strong><\/p>\n<p style=\"text-align: center;\">\u0160\u00edrka cez prsia 92 cm<\/p>\n<p style=\"text-align: center;\">\u0160\u00edrka v p\u00e1se 62 cm<\/p>\n<p style=\"text-align: center;\">\u0160\u00edrka v bokoch 94 cm<\/p>\n<p style=\"text-align: center;\">","protected":false},"excerpt":{"rendered":"<p>Bluzka Asymetryczna Love Honest Limonka Neon Bluzka asymetryczna z modnymi naszykami po bokach. Model z r\u0119kawem 3\/4\u00a0 \u015bwietnie sprawdzi si\u0119 w ka\u017cdej garderobie. Ponadczasowy prosty fason. Bluzka posiada ozdobne naszywki- wykonana jest z przyjemnego w dotyku materia\u0142u. To idealny model na co dzie\u0144!\u00a0 Fantastycznie zaprezentuje si\u0119 w wygodnych, lu\u017anych stylizacjach. Rozmiar uniwersalny zalecany od s<\/p>\n<div class=\"klb-readmore post-buttons\"><a class=\"button black outline size-sm\" href=\"https:\/\/madelinefashion.pl\/sk\/bluzka-asymetryczna-love-honest-limonka-neon\/\">\u010c\u00edta\u0165 \u010falej <i class=\"klbth-icon-right-arrow\"><\/i><\/a><\/div>","protected":false},"featured_media":34866,"template":"","meta":[],"product_brand":[],"product_cat":[77],"product_tag":[],"class_list":{"0":"post-34940","1":"product","2":"type-product","3":"status-publish","4":"has-post-thumbnail","6":"product_cat-bluzki","8":"first","9":"outofstock","10":"sale","11":"purchasable","12":"product-type-simple"},"_links":{"self":[{"href":"https:\/\/madelinefashion.pl\/sk\/wp-json\/wp\/v2\/product\/34940","targetHints":{"allow":["GET"]}}],"collection":[{"href":"https:\/\/madelinefashion.pl\/sk\/wp-json\/wp\/v2\/product"}],"about":[{"href":"https:\/\/madelinefashion.pl\/sk\/wp-json\/wp\/v2\/types\/product"}],"wp:featuredmedia":[{"embeddable":true,"href":"https:\/\/madelinefashion.pl\/sk\/wp-json\/wp\/v2\/media\/34866"}],"wp:attachment":[{"href":"https:\/\/madelinefashion.pl\/sk\/wp-json\/wp\/v2\/media?parent=34940"}],"wp:term":[{"taxonomy":"product_brand","embeddable":true,"href":"https:\/\/madelinefashion.pl\/sk\/wp-json\/wp\/v2\/product_brand?post=34940"},{"taxonomy":"product_cat","embeddable":true,"href":"https:\/\/madelinefashion.pl\/sk\/wp-json\/wp\/v2\/product_cat?post=34940"},{"taxonomy":"product_tag","embeddable":true,"href":"https:\/\/madelinefashion.pl\/sk\/wp-json\/wp\/v2\/product_tag?post=34940"}],"curies":[{"name":"pracovn\u00fd list","href":"https:\/\/api.w.org\/{rel}","templated":true}]}}