{"id":35180,"date":"2022-04-20T16:59:53","date_gmt":"2022-04-20T14:59:53","guid":{"rendered":"https:\/\/madelinefashion.pl\/?post_type=product&#038;p=35180"},"modified":"2025-10-14T12:11:49","modified_gmt":"2025-10-14T10:11:49","slug":"spodniczko-szorty-bolt-czarne","status":"publish","type":"product","link":"https:\/\/madelinefashion.pl\/sk\/spodniczko-szorty-bolt-czarne\/","title":{"rendered":"Bolt Suk\u0148ov\u00e9 \u0161ortky \u010cierne"},"content":{"rendered":"<h3 style=\"text-align: center;\">Bolt Suk\u0148ov\u00e9 \u0161ortky \u010cierne<\/h3>\n<p style=\"text-align: center;\">Sukne-\u0161ortky s vysok\u00fdm p\u00e1som s ozdobn\u00fdmi gomb\u00edkmi na opasku a asymetrick\u00fdm predn\u00fdm dielom.<\/p>\n<p style=\"text-align: center;\">Materi\u00e1l sa nevzd\u00e1va.<\/p>\n<p>&nbsp;<\/p>\n<h3 style=\"text-align: center;\"><span style=\"vertical-align: inherit;\"><span style=\"vertical-align: inherit;\">Rozmery nohav\u00edc:<\/span><\/span><\/h3>\n<p>&nbsp;<\/p>\n<p style=\"text-align: center;\"><strong>VE\u013dKOS\u0164 S 36\u00a0<\/strong><\/p>\n<ul style=\"text-align: center;\">\n<li>\u00a0Celkov\u00e1 d\u013a\u017eka: 40 cm<\/li>\n<li>\u0160\u00edrka v p\u00e1se: 31 cm<\/li>\n<li>V\u00fd\u0161ka: 35 cm<\/li>\n<li>\u0160\u00edrka bokov: 45 cm<\/li>\n<li>\u0160\u00edrka n\u00f4h: 28 cm<\/li>\n<li><\/li>\n<\/ul>\n<p style=\"text-align: center;\"><strong>VE\u013dKOS\u0164 M 38\u00a0<\/strong><\/p>\n<ul style=\"text-align: center;\">\n<li>Celkov\u00e1 d\u013a\u017eka: 40 cm<\/li>\n<li>\u0160\u00edrka v p\u00e1se: 33 cm<\/li>\n<li>V\u00fd\u0161ka: 35 cm<\/li>\n<li>\u0160\u00edrka bokov: 46 cm<\/li>\n<li>\u0160\u00edrka n\u00f4h: 30 cm<\/li>\n<li><\/li>\n<\/ul>\n<p style=\"text-align: center;\"><strong>VE\u013dKOS\u0164 L 40\u00a0<\/strong><\/p>\n<ul style=\"text-align: center;\">\n<li>Celkov\u00e1 d\u013a\u017eka: 40 cm<\/li>\n<li>\u0160\u00edrka v p\u00e1se: 35 cm<\/li>\n<li>V\u00fd\u0161ka: 35 cm<\/li>\n<li>\u0160\u00edrka bokov: 48 cm<\/li>\n<li>\u0160\u00edrka n\u00f4h: 31 cm<\/li>\n<li><\/li>\n<\/ul>\n<p style=\"text-align: center;\"><strong>Ve\u013ekos\u0165 XL 42\u00a0<\/strong><\/p>\n<ul style=\"text-align: center;\">\n<li>Celkov\u00e1 d\u013a\u017eka: 40 cm<\/li>\n<li>\u0160\u00edrka v p\u00e1se: 37 cm<\/li>\n<li>V\u00fd\u0161ka: 35 cm<\/li>\n<li>\u0160\u00edrka bokov: 50 cm<\/li>\n<li>\u0160\u00edrka n\u00f4h: 31 cm<\/li>\n<li><\/li>\n<li><\/li>\n<\/ul>\n<p style=\"text-align: center;\"><span style=\"vertical-align: inherit;\"><span style=\"vertical-align: inherit;\">Rozmery sa m\u00f4\u017eu l\u00ed\u0161i\u0165 od uveden\u00fdch +\/- 2cm. <\/span><span style=\"vertical-align: inherit;\">V\u0161etky uveden\u00e9 rozmery s\u00fa meran\u00e9 plo\u0161ne.<strong> rozmer x2<\/strong><\/span><\/span><\/p>\n<p style=\"text-align: center;\"><strong><span style=\"vertical-align: inherit;\"><span style=\"vertical-align: inherit;\">Dokonale padn\u00fa ka\u017edej postave<\/span><\/span><\/strong><\/p>\n<p style=\"text-align: center;\">Model m\u00e1\u00a0<strong>169<\/strong>\u00a0cm vysok\u00fd, nos\u00ed ve\u013ekos\u0165 ka\u017ed\u00fd de\u0148\u00a0<strong>S<\/strong><\/p>\n<p style=\"text-align: center;\">\u0160\u00edrka cez prsia 92 cm<\/p>\n<p style=\"text-align: center;\">\u0160\u00edrka v p\u00e1se 62 cm<\/p>\n<p style=\"text-align: center;\">\u0160\u00edrka v bokoch 94 cm<\/p>","protected":false},"excerpt":{"rendered":"<p>Sp\u00f3dniczko-Szorty Bolt Czarne Sp\u00f3dnico-spodenki z ozdobnymi guzikami na pasku i asymetrycznym przodem, z wy\u017cszym stanem. Materia\u0142 nie poddaje si\u0119. &nbsp; Wymiary spodni: &nbsp; ROZMIAR S 36\u00a0 \u00a0D\u0142ugo\u015b\u0107 ca\u0142kowita : 40 cm Szeroko\u015b\u0107 w pasie : 31 cm Stan: 35 cm Szeroko\u015b\u0107 biodra: 45 cm Szeroko\u015b\u0107 nogawki: 28 cm ROZMIAR M 38\u00a0 D\u0142ugo\u015b\u0107 ca\u0142kowita : 40<\/p>\n<div class=\"klb-readmore post-buttons\"><a class=\"button black outline size-sm\" href=\"https:\/\/madelinefashion.pl\/sk\/spodniczko-szorty-bolt-czarne\/\">\u010c\u00edta\u0165 \u010falej <i class=\"klbth-icon-right-arrow\"><\/i><\/a><\/div>","protected":false},"featured_media":35175,"template":"","meta":[],"product_brand":[],"product_cat":[107,83],"product_tag":[425],"class_list":{"0":"post-35180","1":"product","2":"type-product","3":"status-publish","4":"has-post-thumbnail","6":"product_cat-spodnice-i-spodniczki","7":"product_cat-spodnie","8":"product_tag-spodenki","9":"pa_rozmiar-34-42-142","10":"pa_rozmiar-34-42-36-2","11":"pa_rozmiar-34-42-38-2","12":"pa_rozmiar-34-42-40-2","13":"pa_rozmiar-34-42-42-2","15":"first","16":"instock","17":"product-type-variable"},"_links":{"self":[{"href":"https:\/\/madelinefashion.pl\/sk\/wp-json\/wp\/v2\/product\/35180","targetHints":{"allow":["GET"]}}],"collection":[{"href":"https:\/\/madelinefashion.pl\/sk\/wp-json\/wp\/v2\/product"}],"about":[{"href":"https:\/\/madelinefashion.pl\/sk\/wp-json\/wp\/v2\/types\/product"}],"wp:featuredmedia":[{"embeddable":true,"href":"https:\/\/madelinefashion.pl\/sk\/wp-json\/wp\/v2\/media\/35175"}],"wp:attachment":[{"href":"https:\/\/madelinefashion.pl\/sk\/wp-json\/wp\/v2\/media?parent=35180"}],"wp:term":[{"taxonomy":"product_brand","embeddable":true,"href":"https:\/\/madelinefashion.pl\/sk\/wp-json\/wp\/v2\/product_brand?post=35180"},{"taxonomy":"product_cat","embeddable":true,"href":"https:\/\/madelinefashion.pl\/sk\/wp-json\/wp\/v2\/product_cat?post=35180"},{"taxonomy":"product_tag","embeddable":true,"href":"https:\/\/madelinefashion.pl\/sk\/wp-json\/wp\/v2\/product_tag?post=35180"}],"curies":[{"name":"pracovn\u00fd list","href":"https:\/\/api.w.org\/{rel}","templated":true}]}}